{"id":8777,"date":"2025-10-30T11:13:49","date_gmt":"2025-10-30T11:13:49","guid":{"rendered":"https:\/\/www.pharmacie-de-la-croisette.fr\/pharmacie\/?post_type=product&#038;p=8777"},"modified":"2025-10-30T12:27:50","modified_gmt":"2025-10-30T12:27:50","slug":"energy-beauty-bar","status":"publish","type":"product","link":"https:\/\/www.pharmacie-de-la-croisette.fr\/pharmacie\/supp\/energy-beauty-bar\/","title":{"rendered":"Energy Beauty Bar"},"content":{"rendered":"<h2 class=\"wp-block-heading\">Qu&rsquo;est-ce que l&rsquo;Energy Beauty Bar et comment fonctionne-t-il ?<\/h2>\n\n\n<p><b>L&rsquo;Energy Beauty Bar<\/b> est un <b>masseur facial de<\/b> pointe qui associe la <em>technologie<\/em> innovante <em>du microcourant<\/em> \u00e0 une action efficace sur la peau. L&rsquo;appareil \u00e9met des vibrations et des impulsions \u00e0 basse fr\u00e9quence qui stimulent efficacement les tissus, ce qui se traduit par de nombreux bienfaits pour la beaut\u00e9.<\/p>\n\n\n<p><strong>L&rsquo;action du masseur<\/strong> est multiple. Une utilisation r\u00e9guli\u00e8re contribue \u00e0 la restauration du collag\u00e8ne et de l&rsquo;\u00e9lastine, ce qui se traduit par une am\u00e9lioration du tonus de la peau. Un \u00e9l\u00e9ment cl\u00e9 de son efficacit\u00e9 est la <b>technologie du microcourant<\/b>, qui soutient les processus naturels de r\u00e9g\u00e9n\u00e9ration, influen\u00e7ant une meilleure absorption des ingr\u00e9dients actifs des produits cosm\u00e9tiques. Les utilisateurs rapportent que la peau devient plus lumineuse et les <b>ridules<\/b> moins visibles.<\/p>\n\n\n<p>En cons\u00e9quence, l&rsquo;<b>Energy Beauty Bar<\/b> gagne en popularit\u00e9 dans l&rsquo;industrie de la beaut\u00e9 en tant qu&rsquo;outil permettant d&rsquo;obtenir une <em>peau<\/em> saine et <em>\u00e9clatante<\/em> gr\u00e2ce \u00e0 des soins r\u00e9guliers. Le caract\u00e8re unique de cette exp\u00e9rience r\u00e9side dans sa simplicit\u00e9 et sa commodit\u00e9 d&rsquo;utilisation.<\/p>\n\n\n<h2 class=\"wp-block-heading\">Energy Beauty Bar &#8211; effets de l&rsquo;application<\/h2>\n\n\n<p>L&rsquo;utilisation r\u00e9guli\u00e8re de l&rsquo;Energy Beauty Bar a un certain nombre d&rsquo;<em>effets d&rsquo;application<\/em> positifs qui peuvent avoir un impact significatif sur l&rsquo;\u00e9tat de la peau. Les utilisateurs remarquent une nette <em>am\u00e9lioration de leur peau<\/em> apr\u00e8s seulement quelques semaines. Les principaux avantages sont les suivants :<\/p>\n\n\n\n<ul class=\"wp-block-list\">\n<li>R\u00e9duire l&rsquo;apparence des <em>rides<\/em>, en particulier autour des yeux et sur le front, ce qui contribue \u00e0 une apparence plus jeune.<\/li>\n\n\n\n<li><b>Raffermissement de la<\/b> peau pouvant atteindre jusqu&rsquo;\u00e0 25 % en cas d&rsquo;utilisation r\u00e9guli\u00e8re.<\/li>\n\n\n\n<li>Acc\u00e9l\u00e9ration de la microcirculation, qui am\u00e9liore l&rsquo;\u00e9lasticit\u00e9 et l&rsquo;hydratation de la peau, jusqu&rsquo;\u00e0 30 %.<\/li>\n\n\n\n<li>Augmentation de la conduction des impulsions gr\u00e2ce aux \u00e9lectrodes en or, ce qui intensifie les effets du massage et l&rsquo;absorption des produits cosm\u00e9tiques.<\/li>\n<\/ul>\n\n\n<p>Les massages effectu\u00e9s avec l&rsquo;appareil stimulent la r\u00e9g\u00e9n\u00e9ration des cellules cutan\u00e9es et l&rsquo;aspect g\u00e9n\u00e9ral de la peau. Les utilisateurs soulignent souvent l&rsquo;am\u00e9lioration de l&rsquo;\u00e9lasticit\u00e9 de la peau et l&rsquo;\u00e9clat de la peau. Des s\u00e9ances r\u00e9guli\u00e8res de 5 \u00e0 10 minutes par jour contribuent \u00e0 un raffermissement durable de la peau.<\/p>\n\n\n\n<blockquote class=\"wp-block-quote is-layout-flow wp-block-quote-is-layout-flow\"><p>90% des personnes satisfaites des effets de l&rsquo;Energy Beauty Bar soulignent son efficacit\u00e9 exceptionnelle. Cela vaut la peine de l&rsquo;int\u00e9grer dans votre routine de soins quotidiens.<\/p>\n<\/blockquote>\n\n\n<h2 class=\"wp-block-heading\">Comment utiliser Energy Beauty Bar ? &#8211; Dosage et recommandations<\/h2>\n\n\n<p>L&rsquo;utilisation de l&rsquo;Energy Beauty Bar donne les meilleurs r\u00e9sultats lorsque les <em>recommandations d&rsquo;utilisation<\/em> correctes sont suivies. Pour profiter de ses effets, il est conseill\u00e9 d&rsquo;utiliser le masseur tous les jours pendant 10 \u00e0 15 minutes. Avant de commencer le traitement, il est recommand\u00e9 de pr\u00e9parer la peau en la nettoyant soigneusement et en appliquant son s\u00e9rum ou son huile pr\u00e9f\u00e9r\u00e9s, qui influencent l&rsquo;efficacit\u00e9 du produit.<\/p>\n\n\n<p>Lors du massage, il est essentiel de guider l&rsquo;Energy Beauty Bar du menton vers la m\u00e2choire. Il est ensuite conseill\u00e9 de d\u00e9placer l&rsquo;appareil le long des joues et du front. La r\u00e9gularit\u00e9 d&rsquo;utilisation est un \u00e9l\u00e9ment important qui contribue \u00e0 des r\u00e9sultats durables. <em>Quant \u00e0 l&rsquo;utilisation de<\/em> l&rsquo;<em>Energy Beauty Bar<\/em>, il convient de souligner que seule une utilisation syst\u00e9matique permet d&rsquo;obtenir les r\u00e9sultats escompt\u00e9s.<\/p>\n\n\n<figure class=\"wp-block-table\"><table class=\"has-fixed-layout\"><tbody><tr><th>\u00c9l\u00e9ment<\/th><th>D\u00e9tails<\/th><\/tr><tr><td>Temps d&rsquo;application recommand\u00e9<\/td><td>10-15 minutes par jour<\/td><\/tr><tr><td>Pr\u00e9paration de la peau<\/td><td>Nettoyage + s\u00e9rum\/huile<\/td><\/tr><tr><td>Direction du massage<\/td><td>Du menton vers la m\u00e2choire<\/td><\/tr><tr><td>Fr\u00e9quence d&rsquo;application<\/td><td>Tous les jours (matin et soir)<\/td><\/tr><\/tbody><\/table><\/figure>\n\n\n<h2 class=\"wp-block-heading\">Energy Beauty Bar &#8211; Avis et critiques &#8211; Que disent les utilisateurs ?<\/h2>\n\n\n<p>L&rsquo;Energy Beauty Bar a \u00e9t\u00e9 reconnu par de nombreux utilisateurs et leurs <em>commentaires<\/em> sont extr\u00eamement positifs. De nombreux commentaires sur Energy Beauty Bar font \u00e9tat d&rsquo;am\u00e9liorations significatives de l&rsquo;apparence et de l&rsquo;\u00e9lasticit\u00e9 de la peau apr\u00e8s une utilisation r\u00e9guli\u00e8re.<\/p>\n\n\n\n<blockquote class=\"wp-block-quote is-layout-flow wp-block-quote-is-layout-flow\"><p>Kasia a d\u00e9clar\u00e9 : \u00ab\u00a0Depuis que j&rsquo;utilise l&rsquo;Energy Beauty Bar, j&rsquo;ai remarqu\u00e9 un \u00e9norme changement dans l&rsquo;aspect de ma peau. Elle est plus souple et l&rsquo;ovale de mon visage est mieux d\u00e9fini. Je l&rsquo;utilise tous les jours avec mon soin du soir et je ne l&rsquo;\u00e9changerais pour rien au monde\u00a0\u00bb.<\/p>\n<\/blockquote>\n\n\n<p>Les <b>commentaires<\/b> positifs sont de plus en plus fr\u00e9quents dans les <em>phrases des utilisateurs<\/em>, indiquant des r\u00e9sultats visibles apr\u00e8s quelques semaines d&rsquo;utilisation. Anna a fait part de ses conclusions : \u00ab\u00a0J&rsquo;\u00e9tais sceptique au d\u00e9but, mais apr\u00e8s quelques semaines, j&rsquo;ai constat\u00e9 des am\u00e9liorations significatives. Ma peau est plus lisse et <b>les rides<\/b> autour de mes yeux se sont consid\u00e9rablement att\u00e9nu\u00e9es. Je ne peux pas imaginer ma routine sans ce produit\u00a0\u00bb.<\/p>\n\n\n\n<blockquote class=\"wp-block-quote is-layout-flow wp-block-quote-is-layout-flow\"><p>Marta a ajout\u00e9 : \u00ab\u00a0Energy Beauty Bar est mon nouveau produit pr\u00e9f\u00e9r\u00e9 ! Je l&rsquo;utilise matin et soir et les r\u00e9sultats sont incroyables. Ma peau se raffermit et para\u00eet plus jeune. C&rsquo;est une excellente alternative aux traitements en institut de beaut\u00e9.<\/p>\n<\/blockquote>\n\n\n<p>Dans l&rsquo;ensemble, les <b>avis sur l&rsquo;Energy Beauty Bar<\/b> prouvent que le produit a gagn\u00e9 en notori\u00e9t\u00e9 aupr\u00e8s des utilisateurs. Une analyse plus large des d\u00e9clarations indique une grande satisfaction et une popularit\u00e9 croissante de cet outil de soin de la peau innovant.<\/p>\n\n\n<h2 class=\"wp-block-heading\">Composition de l&rsquo;Energy Beauty Bar &#8211; Que contient-elle ?<\/h2>\n\n\n<p>Con\u00e7u pour une efficacit\u00e9 maximale, l&rsquo;Energy <b>Beauty<\/b> Bar est bas\u00e9 sur des <em>ingr\u00e9dients actifs<\/em> soigneusement s\u00e9lectionn\u00e9s pour soutenir la sant\u00e9 de la peau. La principale technologie utilis\u00e9e dans le produit est celle des micro-courants, qui stimulent la peau pour en am\u00e9liorer les <em>propri\u00e9t\u00e9s<\/em> et l&rsquo;aspect. Les mat\u00e9riaux respectueux de la peau ne provoquent pas d&rsquo;irritation, ce qui en fait une solution s\u00fbre pour un usage quotidien.<\/p>\n\n\n<figure class=\"wp-block-table\"><table class=\"has-fixed-layout\"><tbody><tr><th>Composante<\/th><th>Propri\u00e9t\u00e9s<\/th><\/tr><tr><td>Vitamine C<\/td><td>Puissant antioxydant, il lutte contre le vieillissement de la peau et prot\u00e8ge contre les rayons UV.<\/td><\/tr><tr><td>Vitamine E<\/td><td>Il a un effet hydratant, rend la peau plus \u00e9lastique et r\u00e9duit l&rsquo;apparence des rides.<\/td><\/tr><tr><td>Collag\u00e8ne<\/td><td>Favorise la production de collag\u00e8ne, am\u00e9liore l&rsquo;\u00e9lasticit\u00e9 et la r\u00e9sistance de la peau.<\/td><\/tr><tr><td>Extrait de th\u00e9 vert<\/td><td>Il poss\u00e8de des <b>propri\u00e9t\u00e9s<\/b> antioxydantes et contribue \u00e0 la sant\u00e9 de la peau et de l&rsquo;organisme en g\u00e9n\u00e9ral.<\/td><\/tr><\/tbody><\/table><\/figure>\n\n\n<p>Certains des ingr\u00e9dients de la formulation de l&rsquo;Energy Beauty Bar, comme les vitamines C et E, sont particuli\u00e8rement importants pour l&rsquo;industrie de la beaut\u00e9, car leur action peut r\u00e9duire l&rsquo;apparence des rides. La course au renforcement utilise \u00e9galement des ingr\u00e9dients naturels pour aider \u00e0 am\u00e9liorer l&rsquo;apparence de la peau, des cheveux et des ongles. Associ\u00e9s \u00e0 la technologie du microcourant, les <em>ingr\u00e9dients actifs<\/em> offrent une approche holistique des soins. Le produit est exempt de produits chimiques, ce qui accro\u00eet son attrait sur le march\u00e9 des cosm\u00e9tiques.<\/p>\n\n\n<h2 class=\"wp-block-heading\">O\u00f9 acheter Energy Beauty Bar &#8211; prix<\/h2>\n\n\n<p>Energy Beauty Bar est disponible exclusivement sur le site officiel du fabricant. L&rsquo;achat sur ce site permet de s&rsquo;assurer de l&rsquo;originalit\u00e9 du produit et d&rsquo;acc\u00e9der \u00e0 des promotions int\u00e9ressantes. Visiter r\u00e9guli\u00e8rement le site officiel du fabricant est un bon moyen de se tenir au courant des offres et des r\u00e9ductions en cours. Ces informations facilitent la d\u00e9cision d&rsquo;achat et garantissent des prix avantageux aux clients.<\/p>\n\n\n<p>En choisissant d&rsquo;acheter sur le site officiel du fabricant, les clients peuvent \u00eatre s\u00fbrs que leur choix est bas\u00e9 sur la meilleure offre disponible sur le march\u00e9.<\/p>\n\n\n<h2 class=\"wp-block-heading\">Energy Beauty Bar &#8211; Effets secondaires et contre-indications &#8211; Est-il s\u00fbr ?<\/h2>\n\n\n<p>L&rsquo;Energy Beauty Bar est un appareil qui, dans l&rsquo;ensemble, est sans danger pour les utilisateurs. Il convient toutefois d&rsquo;\u00eatre prudent. Des <b>effets secondaires<\/b> peuvent survenir chez les personnes \u00e0 la peau sensible, en particulier lorsque l&rsquo;appareil est utilis\u00e9 sur une peau ab\u00eem\u00e9e ou pr\u00e9sentant des affections telles que l&rsquo;acn\u00e9 ou l&rsquo;ecz\u00e9ma.<\/p>\n\n\n<p>Il existe \u00e9galement des <b>contre-indications<\/b> \u00e0 prendre en compte avant l&rsquo;achat. Les femmes enceintes, les porteurs de stimulateurs cardiaques et les personnes souffrant d&rsquo;affections cutan\u00e9es doivent \u00e9viter d&rsquo;utiliser l&rsquo;Energy Beauty Bar. Il est pr\u00e9f\u00e9rable de consulter un dermatologue, qui offre une <b>s\u00e9curit\u00e9<\/b> suppl\u00e9mentaire <b>lors de l&rsquo;utilisation de<\/b> cet appareil innovant et garantit que le processus de soin de la peau est adapt\u00e9 \u00e0 l&rsquo;individu.<\/p>\n\n\n<p>En conclusion, l&rsquo;Energy Beauty Bar se r\u00e9v\u00e9lera un outil efficace pour am\u00e9liorer l&rsquo;\u00e9tat de la peau, mais avant de commencer \u00e0 l&rsquo;utiliser, il convient de s&rsquo;assurer qu&rsquo;il n&rsquo;y a pas de contre-indications et que <b>la s\u00e9curit\u00e9 d&rsquo;utilisation<\/b> est confirm\u00e9e par un sp\u00e9cialiste.<\/p>\n","protected":false},"excerpt":{"rendered":"<p><strong>[date_countdown]<\/strong><\/p>\n<p><img decoding=\"async\" class=\"alignnone wp-image-8427\" src=\"https:\/\/www.pharmacie-de-la-croisette.fr\/pharmacie\/wp-content\/uploads\/2024\/10\/SAFE-PAY-300x88-1.png\" alt=\"SAFE-PAY-300x88\" width=\"164\" height=\"48\" \/><\/p>\n","protected":false},"featured_media":8776,"comment_status":"open","ping_status":"closed","template":"","meta":{"neve_meta_sidebar":"","neve_meta_container":"","neve_meta_enable_content_width":"","neve_meta_content_width":0,"neve_meta_title_alignment":"","neve_meta_author_avatar":"","neve_post_elements_order":"","neve_meta_disable_header":"","neve_meta_disable_footer":"","neve_meta_disable_title":"","neve_meta_reading_time":""},"product_brand":[],"product_cat":[18],"product_tag":[],"class_list":{"0":"post-8777","1":"product","2":"type-product","3":"status-publish","4":"has-post-thumbnail","6":"product_cat-sante","8":"first","9":"instock","10":"sale","11":"shipping-taxable","12":"product-type-external"},"yoast_head":"<!-- This site is optimized with the Yoast SEO plugin v27.4 - https:\/\/yoast.com\/product\/yoast-seo-wordpress\/ -->\n<title>Energy Beauty Bar - Avis, Pharmacie, Forum, Prix, Effets | -50%<\/title>\n<meta name=\"robots\" content=\"index, follow, max-snippet:-1, max-image-preview:large, max-video-preview:-1\" \/>\n<link rel=\"canonical\" href=\"https:\/\/www.pharmacie-de-la-croisette.fr\/pharmacie\/supp\/energy-beauty-bar\/\" \/>\n<meta property=\"og:locale\" content=\"fr_FR\" \/>\n<meta property=\"og:type\" content=\"article\" \/>\n<meta property=\"og:title\" content=\"Energy Beauty Bar - Avis, Pharmacie, Forum, Prix, Effets | -50%\" \/>\n<meta property=\"og:url\" content=\"https:\/\/www.pharmacie-de-la-croisette.fr\/pharmacie\/supp\/energy-beauty-bar\/\" \/>\n<meta property=\"og:site_name\" content=\"Pharmacie de la Croisette\" \/>\n<meta property=\"article:modified_time\" content=\"2025-10-30T12:27:50+00:00\" \/>\n<meta property=\"og:image\" content=\"https:\/\/www.pharmacie-de-la-croisette.fr\/pharmacie\/wp-content\/uploads\/2025\/10\/Energy-Beauty-Bar.jpg\" \/>\n\t<meta property=\"og:image:width\" content=\"768\" \/>\n\t<meta property=\"og:image:height\" content=\"768\" \/>\n\t<meta property=\"og:image:type\" content=\"image\/jpeg\" \/>\n<meta name=\"twitter:card\" content=\"summary_large_image\" \/>\n<meta name=\"twitter:description\" content=\"[date_countdown]\" \/>\n<meta name=\"twitter:label1\" content=\"Dur\u00e9e de lecture estim\u00e9e\" \/>\n\t<meta name=\"twitter:data1\" content=\"1 minute\" \/>\n<script type=\"application\/ld+json\" class=\"yoast-schema-graph\">{\"@context\":\"https:\\\/\\\/schema.org\",\"@graph\":[{\"@type\":\"WebPage\",\"@id\":\"https:\\\/\\\/www.pharmacie-de-la-croisette.fr\\\/pharmacie\\\/supp\\\/energy-beauty-bar\\\/\",\"url\":\"https:\\\/\\\/www.pharmacie-de-la-croisette.fr\\\/pharmacie\\\/supp\\\/energy-beauty-bar\\\/\",\"name\":\"Energy Beauty Bar - Avis, Pharmacie, Forum, Prix, Effets | -50%\",\"isPartOf\":{\"@id\":\"https:\\\/\\\/www.pharmacie-de-la-croisette.fr\\\/pharmacie\\\/#website\"},\"primaryImageOfPage\":{\"@id\":\"https:\\\/\\\/www.pharmacie-de-la-croisette.fr\\\/pharmacie\\\/supp\\\/energy-beauty-bar\\\/#primaryimage\"},\"image\":{\"@id\":\"https:\\\/\\\/www.pharmacie-de-la-croisette.fr\\\/pharmacie\\\/supp\\\/energy-beauty-bar\\\/#primaryimage\"},\"thumbnailUrl\":\"https:\\\/\\\/www.pharmacie-de-la-croisette.fr\\\/pharmacie\\\/wp-content\\\/uploads\\\/2025\\\/10\\\/Energy-Beauty-Bar.jpg\",\"datePublished\":\"2025-10-30T11:13:49+00:00\",\"dateModified\":\"2025-10-30T12:27:50+00:00\",\"breadcrumb\":{\"@id\":\"https:\\\/\\\/www.pharmacie-de-la-croisette.fr\\\/pharmacie\\\/supp\\\/energy-beauty-bar\\\/#breadcrumb\"},\"inLanguage\":\"fr-FR\",\"potentialAction\":[{\"@type\":\"ReadAction\",\"target\":[\"https:\\\/\\\/www.pharmacie-de-la-croisette.fr\\\/pharmacie\\\/supp\\\/energy-beauty-bar\\\/\"]}]},{\"@type\":\"ImageObject\",\"inLanguage\":\"fr-FR\",\"@id\":\"https:\\\/\\\/www.pharmacie-de-la-croisette.fr\\\/pharmacie\\\/supp\\\/energy-beauty-bar\\\/#primaryimage\",\"url\":\"https:\\\/\\\/www.pharmacie-de-la-croisette.fr\\\/pharmacie\\\/wp-content\\\/uploads\\\/2025\\\/10\\\/Energy-Beauty-Bar.jpg\",\"contentUrl\":\"https:\\\/\\\/www.pharmacie-de-la-croisette.fr\\\/pharmacie\\\/wp-content\\\/uploads\\\/2025\\\/10\\\/Energy-Beauty-Bar.jpg\",\"width\":768,\"height\":768},{\"@type\":\"BreadcrumbList\",\"@id\":\"https:\\\/\\\/www.pharmacie-de-la-croisette.fr\\\/pharmacie\\\/supp\\\/energy-beauty-bar\\\/#breadcrumb\",\"itemListElement\":[{\"@type\":\"ListItem\",\"position\":1,\"name\":\"Strona g\u0142\u00f3wna\",\"item\":\"https:\\\/\\\/www.pharmacie-de-la-croisette.fr\\\/pharmacie\\\/\"},{\"@type\":\"ListItem\",\"position\":2,\"name\":\"farmaci\",\"item\":\"https:\\\/\\\/www.pharmacie-de-la-croisette.fr\\\/pharmacie\\\/\"},{\"@type\":\"ListItem\",\"position\":3,\"name\":\"Energy Beauty Bar\"}]},{\"@type\":\"WebSite\",\"@id\":\"https:\\\/\\\/www.pharmacie-de-la-croisette.fr\\\/pharmacie\\\/#website\",\"url\":\"https:\\\/\\\/www.pharmacie-de-la-croisette.fr\\\/pharmacie\\\/\",\"name\":\"Pharmacie de la Croisette\",\"description\":\"\",\"potentialAction\":[{\"@type\":\"SearchAction\",\"target\":{\"@type\":\"EntryPoint\",\"urlTemplate\":\"https:\\\/\\\/www.pharmacie-de-la-croisette.fr\\\/pharmacie\\\/?s={search_term_string}\"},\"query-input\":{\"@type\":\"PropertyValueSpecification\",\"valueRequired\":true,\"valueName\":\"search_term_string\"}}],\"inLanguage\":\"fr-FR\"}]}<\/script>\n<!-- \/ Yoast SEO plugin. -->","yoast_head_json":{"title":"Energy Beauty Bar - Avis, Pharmacie, Forum, Prix, Effets | -50%","robots":{"index":"index","follow":"follow","max-snippet":"max-snippet:-1","max-image-preview":"max-image-preview:large","max-video-preview":"max-video-preview:-1"},"canonical":"https:\/\/www.pharmacie-de-la-croisette.fr\/pharmacie\/supp\/energy-beauty-bar\/","og_locale":"fr_FR","og_type":"article","og_title":"Energy Beauty Bar - Avis, Pharmacie, Forum, Prix, Effets | -50%","og_url":"https:\/\/www.pharmacie-de-la-croisette.fr\/pharmacie\/supp\/energy-beauty-bar\/","og_site_name":"Pharmacie de la Croisette","article_modified_time":"2025-10-30T12:27:50+00:00","og_image":[{"width":768,"height":768,"url":"https:\/\/www.pharmacie-de-la-croisette.fr\/pharmacie\/wp-content\/uploads\/2025\/10\/Energy-Beauty-Bar.jpg","type":"image\/jpeg"}],"twitter_card":"summary_large_image","twitter_description":"[date_countdown]","twitter_misc":{"Dur\u00e9e de lecture estim\u00e9e":"1 minute"},"schema":{"@context":"https:\/\/schema.org","@graph":[{"@type":"WebPage","@id":"https:\/\/www.pharmacie-de-la-croisette.fr\/pharmacie\/supp\/energy-beauty-bar\/","url":"https:\/\/www.pharmacie-de-la-croisette.fr\/pharmacie\/supp\/energy-beauty-bar\/","name":"Energy Beauty Bar - Avis, Pharmacie, Forum, Prix, Effets | -50%","isPartOf":{"@id":"https:\/\/www.pharmacie-de-la-croisette.fr\/pharmacie\/#website"},"primaryImageOfPage":{"@id":"https:\/\/www.pharmacie-de-la-croisette.fr\/pharmacie\/supp\/energy-beauty-bar\/#primaryimage"},"image":{"@id":"https:\/\/www.pharmacie-de-la-croisette.fr\/pharmacie\/supp\/energy-beauty-bar\/#primaryimage"},"thumbnailUrl":"https:\/\/www.pharmacie-de-la-croisette.fr\/pharmacie\/wp-content\/uploads\/2025\/10\/Energy-Beauty-Bar.jpg","datePublished":"2025-10-30T11:13:49+00:00","dateModified":"2025-10-30T12:27:50+00:00","breadcrumb":{"@id":"https:\/\/www.pharmacie-de-la-croisette.fr\/pharmacie\/supp\/energy-beauty-bar\/#breadcrumb"},"inLanguage":"fr-FR","potentialAction":[{"@type":"ReadAction","target":["https:\/\/www.pharmacie-de-la-croisette.fr\/pharmacie\/supp\/energy-beauty-bar\/"]}]},{"@type":"ImageObject","inLanguage":"fr-FR","@id":"https:\/\/www.pharmacie-de-la-croisette.fr\/pharmacie\/supp\/energy-beauty-bar\/#primaryimage","url":"https:\/\/www.pharmacie-de-la-croisette.fr\/pharmacie\/wp-content\/uploads\/2025\/10\/Energy-Beauty-Bar.jpg","contentUrl":"https:\/\/www.pharmacie-de-la-croisette.fr\/pharmacie\/wp-content\/uploads\/2025\/10\/Energy-Beauty-Bar.jpg","width":768,"height":768},{"@type":"BreadcrumbList","@id":"https:\/\/www.pharmacie-de-la-croisette.fr\/pharmacie\/supp\/energy-beauty-bar\/#breadcrumb","itemListElement":[{"@type":"ListItem","position":1,"name":"Strona g\u0142\u00f3wna","item":"https:\/\/www.pharmacie-de-la-croisette.fr\/pharmacie\/"},{"@type":"ListItem","position":2,"name":"farmaci","item":"https:\/\/www.pharmacie-de-la-croisette.fr\/pharmacie\/"},{"@type":"ListItem","position":3,"name":"Energy Beauty Bar"}]},{"@type":"WebSite","@id":"https:\/\/www.pharmacie-de-la-croisette.fr\/pharmacie\/#website","url":"https:\/\/www.pharmacie-de-la-croisette.fr\/pharmacie\/","name":"Pharmacie de la Croisette","description":"","potentialAction":[{"@type":"SearchAction","target":{"@type":"EntryPoint","urlTemplate":"https:\/\/www.pharmacie-de-la-croisette.fr\/pharmacie\/?s={search_term_string}"},"query-input":{"@type":"PropertyValueSpecification","valueRequired":true,"valueName":"search_term_string"}}],"inLanguage":"fr-FR"}]}},"_links":{"self":[{"href":"https:\/\/www.pharmacie-de-la-croisette.fr\/pharmacie\/wp-json\/wp\/v2\/product\/8777","targetHints":{"allow":["GET"]}}],"collection":[{"href":"https:\/\/www.pharmacie-de-la-croisette.fr\/pharmacie\/wp-json\/wp\/v2\/product"}],"about":[{"href":"https:\/\/www.pharmacie-de-la-croisette.fr\/pharmacie\/wp-json\/wp\/v2\/types\/product"}],"replies":[{"embeddable":true,"href":"https:\/\/www.pharmacie-de-la-croisette.fr\/pharmacie\/wp-json\/wp\/v2\/comments?post=8777"}],"wp:featuredmedia":[{"embeddable":true,"href":"https:\/\/www.pharmacie-de-la-croisette.fr\/pharmacie\/wp-json\/wp\/v2\/media\/8776"}],"wp:attachment":[{"href":"https:\/\/www.pharmacie-de-la-croisette.fr\/pharmacie\/wp-json\/wp\/v2\/media?parent=8777"}],"wp:term":[{"taxonomy":"product_brand","embeddable":true,"href":"https:\/\/www.pharmacie-de-la-croisette.fr\/pharmacie\/wp-json\/wp\/v2\/product_brand?post=8777"},{"taxonomy":"product_cat","embeddable":true,"href":"https:\/\/www.pharmacie-de-la-croisette.fr\/pharmacie\/wp-json\/wp\/v2\/product_cat?post=8777"},{"taxonomy":"product_tag","embeddable":true,"href":"https:\/\/www.pharmacie-de-la-croisette.fr\/pharmacie\/wp-json\/wp\/v2\/product_tag?post=8777"}],"curies":[{"name":"wp","href":"https:\/\/api.w.org\/{rel}","templated":true}]}}