{"id":8771,"date":"2025-10-30T11:13:47","date_gmt":"2025-10-30T11:13:47","guid":{"rendered":"https:\/\/www.pharmacie-de-la-croisette.fr\/pharmacie\/?post_type=product&#038;p=8771"},"modified":"2025-10-30T15:19:16","modified_gmt":"2025-10-30T15:19:16","slug":"artroflex-active","status":"publish","type":"product","link":"https:\/\/www.pharmacie-de-la-croisette.fr\/pharmacie\/supp\/artroflex-active\/","title":{"rendered":"Artroflex Active"},"content":{"rendered":"<h2 class=\"wp-block-heading\">Qu&rsquo;est-ce qu&rsquo;Artroflex Active et comment fonctionne-t-il ?<\/h2>\n\n\n<p>Artroflex Active est un <b>compl\u00e9ment articulaire<\/b> innovant qui soutient la <b>sant\u00e9 des articulations<\/b> gr\u00e2ce \u00e0 ses ingr\u00e9dients uniques. L&rsquo;<em>action d&rsquo;Artroflex<\/em> <em>Active <\/em>est bas\u00e9e sur la chondroprotection, ce qui signifie qu&rsquo;il soutient efficacement la r\u00e9g\u00e9n\u00e9ration du cartilage articulaire et r\u00e9duit l&rsquo;inflammation. Les principaux ingr\u00e9dients, tels que la glucosamine, la chondro\u00eftine et le MSM, jouent un r\u00f4le cl\u00e9 dans les processus de r\u00e9g\u00e9n\u00e9ration et de protection du cartilage.<\/p>\n\n\n<p>Une utilisation r\u00e9guli\u00e8re contribue \u00e0 r\u00e9duire l&rsquo;inconfort li\u00e9 aux probl\u00e8mes articulaires et \u00e0 am\u00e9liorer la souplesse des articulations. Des ingr\u00e9dients suppl\u00e9mentaires, tels que le collag\u00e8ne et la vitamine C, apportent un soutien structurel aux articulations et stimulent la production de collag\u00e8ne, ce qui est extr\u00eamement important dans le traitement des affections chroniques.<\/p>\n\n\n<p>Artroflex Active est donc un excellent exemple de <em>compl\u00e9ment alimentaire pour<\/em> les articulations qui peut apporter un soutien pr\u00e9cieux aux personnes souffrant de douleurs articulaires et d&rsquo;affections d\u00e9g\u00e9n\u00e9ratives. Gr\u00e2ce \u00e0 sa formule multi-ingr\u00e9dients, il gagne en efficacit\u00e9, soulageant et am\u00e9liorant la qualit\u00e9 de vie des utilisateurs.<\/p>\n\n\n<h2 class=\"wp-block-heading\">Artroflex Active &#8211; effets<\/h2>\n\n\n<p><b>Les effets d&rsquo;Artroflex<\/b> <strong>Active <\/strong>sont perceptibles apr\u00e8s seulement quelques semaines de suppl\u00e9mentation r\u00e9guli\u00e8re. Les utilisateurs constatent souvent <em>une am\u00e9lioration de leurs articulations<\/em>, ce qui se traduit par une augmentation de leur mobilit\u00e9 et une diminution de leurs douleurs. L <b>&lsquo;action du produit<\/b> repose sur des ingr\u00e9dients soigneusement s\u00e9lectionn\u00e9s qui favorisent la r\u00e9g\u00e9n\u00e9ration du cartilage, contribuant ainsi de mani\u00e8re significative au confort de vie des personnes souffrant d&rsquo;affections articulaires.<\/p>\n\n\n<p>Artroflex Active se distingue par ses propri\u00e9t\u00e9s anti-inflammatoires, qui soulagent efficacement l&rsquo;inflammation des articulations. Cette <b>action de la formule<\/b> permet une plus grande activit\u00e9 physique, ce qui est particuli\u00e8rement important pour les personnes ayant un mode de vie actif. Les ingr\u00e9dients cl\u00e9s et leurs effets sont d\u00e9crits ci-dessous :<\/p>\n\n\n<figure class=\"wp-block-table\"><table class=\"has-fixed-layout\"><tbody><tr><th>Composant<\/th><th>Action<\/th><\/tr><tr><td>Glucosamine<\/td><td>Favorise l&rsquo;hydratation des articulations pour pr\u00e9venir les l\u00e9sions articulaires.<\/td><\/tr><tr><td>Chondro\u00eftine<\/td><td>Augmente la stabilit\u00e9 et la mobilit\u00e9 des articulations en favorisant la production de prot\u00e9oglycanes.<\/td><\/tr><tr><td>MSM<\/td><td>Il a un effet anti-inflammatoire, soulageant les douleurs articulaires.<\/td><\/tr><tr><td>Collag\u00e8ne de poisson (NatiCol)<\/td><td>Il favorise la production naturelle de collag\u00e8ne, ce qui augmente la souplesse des articulations.<\/td><\/tr><tr><td>Boswellia<\/td><td>Il a un fort effet anti-inflammatoire et r\u00e9duit la douleur.<\/td><\/tr><tr><td>Curcumine<\/td><td>Neutralise les radicaux libres, am\u00e9liorant ainsi la sant\u00e9 des tissus.<\/td><\/tr><\/tbody><\/table><\/figure>\n\n\n<p>L&rsquo;<b>utilisation<\/b> r\u00e9guli\u00e8re <b>d&rsquo;Artroflex<\/b> <strong>Active <\/strong>contribue \u00e0 un large \u00e9ventail d&rsquo;effets positifs sur la sant\u00e9, ce qui fait de cette pr\u00e9paration un \u00e9l\u00e9ment essentiel du traitement des personnes souffrant de probl\u00e8mes articulaires.<\/p>\n\n\n<h2 class=\"wp-block-heading\">Comment utiliser Artroflex Active &#8211; Mode d&#8217;emploi et posologie<\/h2>\n\n\n<p>L<b>&lsquo;utilisation d&rsquo;Artroflex<\/b> <strong>Active <\/strong>est claire et repose sur des principes simples. Le fabricant recommande un <b>dosage de<\/b> trois g\u00e9lules d&rsquo;<b>Artroflex<\/b> <strong>Active <\/strong>par jour. Il est pr\u00e9f\u00e9rable de diviser ce dosage en deux : deux g\u00e9lules doivent \u00eatre prises avant le d\u00e9jeuner et une avant le d\u00eener. Les g\u00e9lules doivent \u00eatre aval\u00e9es avec beaucoup d&rsquo;eau pour faciliter l&rsquo;absorption.<\/p>\n\n\n<p>Pour obtenir des effets th\u00e9rapeutiques optimaux, l&rsquo;<b>utilisation d&rsquo;Artroflex<\/b> <strong>Active <\/strong>doit \u00eatre r\u00e9guli\u00e8re, en particulier chez les personnes souffrant de probl\u00e8mes articulaires. En cas d&rsquo;utilisation prolong\u00e9e, il est possible d&rsquo;ajuster la dose en fonction du poids corporel et de la r\u00e9action de l&rsquo;organisme \u00e0 la pr\u00e9paration.<\/p>\n\n\n<p>Le <b>dosage<\/b> correct <b>d&rsquo;Artroflex<\/b> <strong>Active <\/strong>permet de soutenir efficacement la sant\u00e9 des articulations et d&rsquo;am\u00e9liorer la mobilit\u00e9. Les effets th\u00e9rapeutiques sont g\u00e9n\u00e9ralement visibles apr\u00e8s quelques semaines d&rsquo;utilisation r\u00e9guli\u00e8re.<\/p>\n\n\n<h2 class=\"wp-block-heading\">Critiques et opinions sur Artroflex Active<\/h2>\n\n\n<p>Les <b>commentaires sur Artroflex<\/b> <strong>Active <\/strong>sont extr\u00eamement positifs, comme en t\u00e9moignent les nombreux <b>avis d&rsquo;utilisateurs<\/b> qui font part de leur exp\u00e9rience avec le produit. Maria, une personne active \u00e2g\u00e9e de 54 ans, a constat\u00e9 une am\u00e9lioration significative de la mobilit\u00e9 de ses articulations apr\u00e8s plusieurs semaines d&rsquo;utilisation. Elle a acquis la capacit\u00e9 de marcher sans douleur, ce qui a eu un impact significatif sur sa vie quotidienne.<\/p>\n\n\n<p>L&rsquo;athl\u00e8te Janusz a soulign\u00e9 les <b>effets de l&rsquo;utilisation d&rsquo;<\/b> Artroflex Active, affirmant que la pr\u00e9paration l&rsquo;a aid\u00e9 \u00e0 r\u00e9g\u00e9n\u00e9rer ses articulations apr\u00e8s un entra\u00eenement intensif. Selon lui, il s&rsquo;agit d&rsquo;une excellente solution pour les personnes physiquement actives qui cherchent \u00e0 soutenir leurs articulations.<\/p>\n\n\n<p>Sophie, qui souffrait de douleurs articulaires chroniques, a \u00e9galement \u00e9valu\u00e9 positivement l&rsquo;<b>effet d&rsquo;Artroflex<\/b> <strong>Active<\/strong>. Elle a soulign\u00e9 que la pr\u00e9paration avait consid\u00e9rablement am\u00e9lior\u00e9 son confort de vie, lui permettant de reprendre ses activit\u00e9s quotidiennes normales. <b>Les avis sur Artroflex<\/b> <strong>Active <\/strong>montrent \u00e0 quel point un soutien sous la forme d&rsquo;un compl\u00e9ment appropri\u00e9 peut \u00eatre important, en particulier pour les personnes souffrant d&rsquo;affections articulaires.<\/p>\n\n\n<figure class=\"wp-block-table\"><table class=\"has-fixed-layout\"><tbody><tr><th>Personne<\/th><th>L&rsquo;\u00e2ge<\/th><th>L&rsquo;\u00e9valuation<\/th><th>Description de l&rsquo;exp\u00e9rience<\/th><\/tr><tr><td>Maria<\/td><td>54<\/td><td>\u2b50\ufe0f\u2b50\ufe0f\u2b50\ufe0f\u2b50\ufe0f\u2b50\ufe0f<\/td><td>Am\u00e9lioration de la mobilit\u00e9, marche sans douleur.<\/td><\/tr><tr><td>Janusz<\/td><td>&#8211;<\/td><td>\u2b50\ufe0f\u2b50\ufe0f\u2b50\ufe0f\u2b50\ufe0f<\/td><td><b>R\u00e9g\u00e9n\u00e9ration des articulations<\/b> apr\u00e8s l&rsquo;entra\u00eenement, bon soutien pour les athl\u00e8tes.<\/td><\/tr><tr><td>Sophie<\/td><td>&#8211;<\/td><td>\u2b50\ufe0f\u2b50\ufe0f\u2b50\ufe0f\u2b50\ufe0f\u2b50\ufe0f<\/td><td>Am\u00e9lioration significative de la qualit\u00e9 de vie, retour \u00e0 la normale.<\/td><\/tr><\/tbody><\/table><\/figure>\n\n\n<p>Les commentaires et les avis des utilisateurs montrent que <b>les effets d&rsquo;<\/b> Artroflex Active peuvent \u00eatre vari\u00e9s, mais le plus important est que de nombreuses personnes constatent une am\u00e9lioration de leur sant\u00e9 et de leur qualit\u00e9 de vie. L&rsquo;exploration des avantages de ce produit peut apporter un soulagement \u00e0 ceux qui luttent contre les douleurs articulaires. Cela vaut la peine de discuter de ces exp\u00e9riences et d&rsquo;envisager d&rsquo;essayer Artroflex Active soi-m\u00eame.<\/p>\n\n\n<h2 class=\"wp-block-heading\">Composition d&rsquo;Artroflex Active &#8211; Analyse des ingr\u00e9dients<\/h2>\n\n\n<p>Artroflex <em>Active<\/em> se distingue par sa riche <em>composition<\/em>, qui a \u00e9t\u00e9 \u00e9labor\u00e9e en tenant compte de la sant\u00e9 des articulations. Les <em>principes actifs<\/em> fondamentaux sont la glucosamine et la chondro\u00eftine, qui jouent un r\u00f4le essentiel dans la r\u00e9g\u00e9n\u00e9ration du cartilage articulaire. En outre, le MSM apporte le soufre organique n\u00e9cessaire \u00e0 la r\u00e9g\u00e9n\u00e9ration du cartilage.<\/p>\n\n\n<p>Dans la formulation, on trouve \u00e9galement des vitamines C et E, qui agissent comme cofacteurs dans la synth\u00e8se du collag\u00e8ne. Cette synth\u00e8se est d&rsquo;une grande importance pour la souplesse des articulations. En examinant l <em>&lsquo;analyse des ingr\u00e9dients<\/em>, il convient de noter la pr\u00e9sence d&rsquo;extraits naturels de plantes tels que la curcumine. Cet extrait renforce l&rsquo;effet anti-inflammatoire, ce qui est particuli\u00e8rement important pour les chats souffrant de probl\u00e8mes articulaires.<\/p>\n\n\n<figure class=\"wp-block-table\"><table class=\"has-fixed-layout\"><tbody><tr><th>Composant<\/th><th>Contenu par 2 ml<\/th><\/tr><tr><td>Glucosamine<\/td><td>300 mg<\/td><\/tr><tr><td>Sulfate de chondro\u00eftine<\/td><td>110 mg<\/td><\/tr><tr><td>MSM<\/td><td>100 mg<\/td><\/tr><tr><td>Om\u00e9ga 3<\/td><td>100 mg<\/td><\/tr><tr><td>Vitamine C<\/td><td>20 mg<\/td><\/tr><tr><td>Vitamine E<\/td><td>20 mg<\/td><\/tr><tr><td>Mangan\u00e8se<\/td><td>5 mg<\/td><\/tr><\/tbody><\/table><\/figure>\n\n\n<p>Artroflex Active est commercialis\u00e9 depuis pr\u00e8s de 20 ans et est reconnu par les propri\u00e9taires d&rsquo;animaux et les v\u00e9t\u00e9rinaires. Son utilisation est particuli\u00e8rement recommand\u00e9e pour les chats d&rsquo;\u00e2ge moyen et les chats \u00e2g\u00e9s, pour lesquels le risque de probl\u00e8mes articulaires est plus \u00e9lev\u00e9. La formule en gel assure une absorption optimale des <em>ingr\u00e9dients actifs<\/em>, tandis que la saveur et l&rsquo;ar\u00f4me de saumon augmentent l&rsquo;app\u00e9tit des chats pour ce compl\u00e9ment.<\/p>\n\n\n<h2 class=\"wp-block-heading\">O\u00f9 acheter et quel est le prix d&rsquo;Artroflex Active ?<\/h2>\n\n\n<p>Artroflex Active ne peut \u00eatre achet\u00e9 que sur le <em>site officiel du fabricant<\/em>. De cette mani\u00e8re, les utilisateurs peuvent \u00eatre s\u00fbrs qu&rsquo;ils re\u00e7oivent un produit original de la plus haute qualit\u00e9. Il convient de rappeler que <em>le prix d&rsquo;Artroflex<\/em> <em>Active <\/em>peut varier en fonction des promotions ou des offres sp\u00e9ciales en cours. Suivre r\u00e9guli\u00e8rement les offres sur le site permet de trouver les meilleures affaires.<\/p>\n\n\n\n<ul class=\"wp-block-list\">\n<li>Produit original provenant uniquement du fabricant officiel<\/li>\n\n\n\n<li>Disponibilit\u00e9 : uniquement en ligne, non disponible dans les pharmacies stationnaires<\/li>\n\n\n\n<li>Il vaut la peine de consulter les offres promotionnelles<\/li>\n<\/ul>\n\n\n<p>Les utilisateurs trouveront souvent diverses r\u00e9ductions et promotions sur la boutique en ligne <em>o\u00f9 Artroflex<\/em> Active peut \u00eatre trouv\u00e9, ce qui fait de l&rsquo;<em>endroit o\u00f9 acheter Artroflex<\/em> <em>Active <\/em>une question cl\u00e9 pour ceux qui recherchent des compl\u00e9ments alimentaires efficaces. Suivre les prix et la qualit\u00e9 des produits est un excellent moyen de prendre soin de sa sant\u00e9 tout en \u00e9conomisant de l&rsquo;argent. C&rsquo;est pourquoi il faut garder \u00e0 l&rsquo;esprit que <em>le prix d&rsquo;Artroflex<\/em> <em>Active <\/em>n&rsquo;est pas seulement un co\u00fbt, mais aussi un investissement pour un meilleur bien-\u00eatre et une meilleure mobilit\u00e9 articulaire.<\/p>\n\n\n<h2 class=\"wp-block-heading\">Artroflex Active &#8211; Effets secondaires et contre-indications &#8211; S\u00e9curit\u00e9 d&#8217;emploi<\/h2>\n\n\n<p>Artroflex Active est un compl\u00e9ment alimentaire consid\u00e9r\u00e9 comme <strong>s\u00fbr<\/strong> pour la plupart des utilisateurs, cependant, comme tout produit, il peut provoquer des <strong>effets secondaires<\/strong>. Une attention particuli\u00e8re doit \u00eatre port\u00e9e aux personnes allergiques \u00e0 l&rsquo;un des ingr\u00e9dients contenus dans la pr\u00e9paration. Dans ce cas, l&rsquo;utilisation d&rsquo;Artroflex Active doit \u00eatre totalement exclue.<\/p>\n\n\n<p>En cas d&rsquo;effets ind\u00e9sirables, tels que des \u00e9ruptions cutan\u00e9es, des naus\u00e9es ou des maux d&rsquo;estomac, il est recommand\u00e9 d&rsquo;interrompre imm\u00e9diatement l&rsquo;utilisation du produit. Il est toujours conseill\u00e9 de consulter un m\u00e9decin en cas de doute sur la <strong>s\u00e9curit\u00e9 d&rsquo;utilisation<\/strong>. Un avis m\u00e9dical doit \u00eatre demand\u00e9 avant de commencer la suppl\u00e9mentation, en particulier pour les personnes souffrant de maladies chroniques, les femmes enceintes ou celles qui allaitent.<\/p>\n\n\n<p>Il est \u00e9galement conseill\u00e9 d&rsquo;informer votre m\u00e9decin de tout autre m\u00e9dicament ou compl\u00e9ment que vous prenez afin d&rsquo;\u00e9viter les interactions ind\u00e9sirables. Tout en savourant les bienfaits du collag\u00e8ne, il est important de conna\u00eetre les <strong>contre-indications<\/strong> qui peuvent survenir lors d&rsquo;une suppl\u00e9mentation avec Artroflex Active afin de garantir un maximum de s\u00e9curit\u00e9 et de bien-\u00eatre lors de l&rsquo;utilisation du produit.<\/p>\n","protected":false},"excerpt":{"rendered":"<p><strong>[date_countdown]<\/strong><\/p>\n<p><img decoding=\"async\" class=\"alignnone wp-image-8427\" src=\"https:\/\/www.pharmacie-de-la-croisette.fr\/pharmacie\/wp-content\/uploads\/2024\/10\/SAFE-PAY-300x88-1.png\" alt=\"SAFE-PAY-300x88\" width=\"164\" height=\"48\" \/><\/p>\n","protected":false},"featured_media":8770,"comment_status":"open","ping_status":"closed","template":"","meta":{"neve_meta_sidebar":"","neve_meta_container":"","neve_meta_enable_content_width":"","neve_meta_content_width":0,"neve_meta_title_alignment":"","neve_meta_author_avatar":"","neve_post_elements_order":"","neve_meta_disable_header":"","neve_meta_disable_footer":"","neve_meta_disable_title":"","neve_meta_reading_time":""},"product_brand":[],"product_cat":[18],"product_tag":[],"class_list":{"0":"post-8771","1":"product","2":"type-product","3":"status-publish","4":"has-post-thumbnail","6":"product_cat-sante","8":"first","9":"instock","10":"sale","11":"shipping-taxable","12":"product-type-external"},"yoast_head":"<!-- This site is optimized with the Yoast SEO plugin v27.4 - https:\/\/yoast.com\/product\/yoast-seo-wordpress\/ -->\n<title>Artroflex Active - Avis, Pharmacie, Forum, Prix, Effets | -50%<\/title>\n<meta name=\"robots\" content=\"index, follow, max-snippet:-1, max-image-preview:large, max-video-preview:-1\" \/>\n<link rel=\"canonical\" href=\"https:\/\/www.pharmacie-de-la-croisette.fr\/pharmacie\/supp\/artroflex-active\/\" \/>\n<meta property=\"og:locale\" content=\"fr_FR\" \/>\n<meta property=\"og:type\" content=\"article\" \/>\n<meta property=\"og:title\" content=\"Artroflex Active - Avis, Pharmacie, Forum, Prix, Effets | -50%\" \/>\n<meta property=\"og:url\" content=\"https:\/\/www.pharmacie-de-la-croisette.fr\/pharmacie\/supp\/artroflex-active\/\" \/>\n<meta property=\"og:site_name\" content=\"Pharmacie de la Croisette\" \/>\n<meta property=\"article:modified_time\" content=\"2025-10-30T15:19:16+00:00\" \/>\n<meta property=\"og:image\" content=\"https:\/\/www.pharmacie-de-la-croisette.fr\/pharmacie\/wp-content\/uploads\/2025\/10\/ArtroFlex-Active.png\" \/>\n\t<meta property=\"og:image:width\" content=\"768\" \/>\n\t<meta property=\"og:image:height\" content=\"768\" \/>\n\t<meta property=\"og:image:type\" content=\"image\/png\" \/>\n<meta name=\"twitter:card\" content=\"summary_large_image\" \/>\n<meta name=\"twitter:description\" content=\"[date_countdown]\" \/>\n<meta name=\"twitter:label1\" content=\"Dur\u00e9e de lecture estim\u00e9e\" \/>\n\t<meta name=\"twitter:data1\" content=\"1 minute\" \/>\n<script type=\"application\/ld+json\" class=\"yoast-schema-graph\">{\"@context\":\"https:\\\/\\\/schema.org\",\"@graph\":[{\"@type\":\"WebPage\",\"@id\":\"https:\\\/\\\/www.pharmacie-de-la-croisette.fr\\\/pharmacie\\\/supp\\\/artroflex-active\\\/\",\"url\":\"https:\\\/\\\/www.pharmacie-de-la-croisette.fr\\\/pharmacie\\\/supp\\\/artroflex-active\\\/\",\"name\":\"Artroflex Active - Avis, Pharmacie, Forum, Prix, Effets | -50%\",\"isPartOf\":{\"@id\":\"https:\\\/\\\/www.pharmacie-de-la-croisette.fr\\\/pharmacie\\\/#website\"},\"primaryImageOfPage\":{\"@id\":\"https:\\\/\\\/www.pharmacie-de-la-croisette.fr\\\/pharmacie\\\/supp\\\/artroflex-active\\\/#primaryimage\"},\"image\":{\"@id\":\"https:\\\/\\\/www.pharmacie-de-la-croisette.fr\\\/pharmacie\\\/supp\\\/artroflex-active\\\/#primaryimage\"},\"thumbnailUrl\":\"https:\\\/\\\/www.pharmacie-de-la-croisette.fr\\\/pharmacie\\\/wp-content\\\/uploads\\\/2025\\\/10\\\/ArtroFlex-Active.png\",\"datePublished\":\"2025-10-30T11:13:47+00:00\",\"dateModified\":\"2025-10-30T15:19:16+00:00\",\"breadcrumb\":{\"@id\":\"https:\\\/\\\/www.pharmacie-de-la-croisette.fr\\\/pharmacie\\\/supp\\\/artroflex-active\\\/#breadcrumb\"},\"inLanguage\":\"fr-FR\",\"potentialAction\":[{\"@type\":\"ReadAction\",\"target\":[\"https:\\\/\\\/www.pharmacie-de-la-croisette.fr\\\/pharmacie\\\/supp\\\/artroflex-active\\\/\"]}]},{\"@type\":\"ImageObject\",\"inLanguage\":\"fr-FR\",\"@id\":\"https:\\\/\\\/www.pharmacie-de-la-croisette.fr\\\/pharmacie\\\/supp\\\/artroflex-active\\\/#primaryimage\",\"url\":\"https:\\\/\\\/www.pharmacie-de-la-croisette.fr\\\/pharmacie\\\/wp-content\\\/uploads\\\/2025\\\/10\\\/ArtroFlex-Active.png\",\"contentUrl\":\"https:\\\/\\\/www.pharmacie-de-la-croisette.fr\\\/pharmacie\\\/wp-content\\\/uploads\\\/2025\\\/10\\\/ArtroFlex-Active.png\",\"width\":768,\"height\":768},{\"@type\":\"BreadcrumbList\",\"@id\":\"https:\\\/\\\/www.pharmacie-de-la-croisette.fr\\\/pharmacie\\\/supp\\\/artroflex-active\\\/#breadcrumb\",\"itemListElement\":[{\"@type\":\"ListItem\",\"position\":1,\"name\":\"Strona g\u0142\u00f3wna\",\"item\":\"https:\\\/\\\/www.pharmacie-de-la-croisette.fr\\\/pharmacie\\\/\"},{\"@type\":\"ListItem\",\"position\":2,\"name\":\"farmaci\",\"item\":\"https:\\\/\\\/www.pharmacie-de-la-croisette.fr\\\/pharmacie\\\/\"},{\"@type\":\"ListItem\",\"position\":3,\"name\":\"Artroflex Active\"}]},{\"@type\":\"WebSite\",\"@id\":\"https:\\\/\\\/www.pharmacie-de-la-croisette.fr\\\/pharmacie\\\/#website\",\"url\":\"https:\\\/\\\/www.pharmacie-de-la-croisette.fr\\\/pharmacie\\\/\",\"name\":\"Pharmacie de la Croisette\",\"description\":\"\",\"potentialAction\":[{\"@type\":\"SearchAction\",\"target\":{\"@type\":\"EntryPoint\",\"urlTemplate\":\"https:\\\/\\\/www.pharmacie-de-la-croisette.fr\\\/pharmacie\\\/?s={search_term_string}\"},\"query-input\":{\"@type\":\"PropertyValueSpecification\",\"valueRequired\":true,\"valueName\":\"search_term_string\"}}],\"inLanguage\":\"fr-FR\"}]}<\/script>\n<!-- \/ Yoast SEO plugin. -->","yoast_head_json":{"title":"Artroflex Active - Avis, Pharmacie, Forum, Prix, Effets | -50%","robots":{"index":"index","follow":"follow","max-snippet":"max-snippet:-1","max-image-preview":"max-image-preview:large","max-video-preview":"max-video-preview:-1"},"canonical":"https:\/\/www.pharmacie-de-la-croisette.fr\/pharmacie\/supp\/artroflex-active\/","og_locale":"fr_FR","og_type":"article","og_title":"Artroflex Active - Avis, Pharmacie, Forum, Prix, Effets | -50%","og_url":"https:\/\/www.pharmacie-de-la-croisette.fr\/pharmacie\/supp\/artroflex-active\/","og_site_name":"Pharmacie de la Croisette","article_modified_time":"2025-10-30T15:19:16+00:00","og_image":[{"width":768,"height":768,"url":"https:\/\/www.pharmacie-de-la-croisette.fr\/pharmacie\/wp-content\/uploads\/2025\/10\/ArtroFlex-Active.png","type":"image\/png"}],"twitter_card":"summary_large_image","twitter_description":"[date_countdown]","twitter_misc":{"Dur\u00e9e de lecture estim\u00e9e":"1 minute"},"schema":{"@context":"https:\/\/schema.org","@graph":[{"@type":"WebPage","@id":"https:\/\/www.pharmacie-de-la-croisette.fr\/pharmacie\/supp\/artroflex-active\/","url":"https:\/\/www.pharmacie-de-la-croisette.fr\/pharmacie\/supp\/artroflex-active\/","name":"Artroflex Active - Avis, Pharmacie, Forum, Prix, Effets | -50%","isPartOf":{"@id":"https:\/\/www.pharmacie-de-la-croisette.fr\/pharmacie\/#website"},"primaryImageOfPage":{"@id":"https:\/\/www.pharmacie-de-la-croisette.fr\/pharmacie\/supp\/artroflex-active\/#primaryimage"},"image":{"@id":"https:\/\/www.pharmacie-de-la-croisette.fr\/pharmacie\/supp\/artroflex-active\/#primaryimage"},"thumbnailUrl":"https:\/\/www.pharmacie-de-la-croisette.fr\/pharmacie\/wp-content\/uploads\/2025\/10\/ArtroFlex-Active.png","datePublished":"2025-10-30T11:13:47+00:00","dateModified":"2025-10-30T15:19:16+00:00","breadcrumb":{"@id":"https:\/\/www.pharmacie-de-la-croisette.fr\/pharmacie\/supp\/artroflex-active\/#breadcrumb"},"inLanguage":"fr-FR","potentialAction":[{"@type":"ReadAction","target":["https:\/\/www.pharmacie-de-la-croisette.fr\/pharmacie\/supp\/artroflex-active\/"]}]},{"@type":"ImageObject","inLanguage":"fr-FR","@id":"https:\/\/www.pharmacie-de-la-croisette.fr\/pharmacie\/supp\/artroflex-active\/#primaryimage","url":"https:\/\/www.pharmacie-de-la-croisette.fr\/pharmacie\/wp-content\/uploads\/2025\/10\/ArtroFlex-Active.png","contentUrl":"https:\/\/www.pharmacie-de-la-croisette.fr\/pharmacie\/wp-content\/uploads\/2025\/10\/ArtroFlex-Active.png","width":768,"height":768},{"@type":"BreadcrumbList","@id":"https:\/\/www.pharmacie-de-la-croisette.fr\/pharmacie\/supp\/artroflex-active\/#breadcrumb","itemListElement":[{"@type":"ListItem","position":1,"name":"Strona g\u0142\u00f3wna","item":"https:\/\/www.pharmacie-de-la-croisette.fr\/pharmacie\/"},{"@type":"ListItem","position":2,"name":"farmaci","item":"https:\/\/www.pharmacie-de-la-croisette.fr\/pharmacie\/"},{"@type":"ListItem","position":3,"name":"Artroflex Active"}]},{"@type":"WebSite","@id":"https:\/\/www.pharmacie-de-la-croisette.fr\/pharmacie\/#website","url":"https:\/\/www.pharmacie-de-la-croisette.fr\/pharmacie\/","name":"Pharmacie de la Croisette","description":"","potentialAction":[{"@type":"SearchAction","target":{"@type":"EntryPoint","urlTemplate":"https:\/\/www.pharmacie-de-la-croisette.fr\/pharmacie\/?s={search_term_string}"},"query-input":{"@type":"PropertyValueSpecification","valueRequired":true,"valueName":"search_term_string"}}],"inLanguage":"fr-FR"}]}},"_links":{"self":[{"href":"https:\/\/www.pharmacie-de-la-croisette.fr\/pharmacie\/wp-json\/wp\/v2\/product\/8771","targetHints":{"allow":["GET"]}}],"collection":[{"href":"https:\/\/www.pharmacie-de-la-croisette.fr\/pharmacie\/wp-json\/wp\/v2\/product"}],"about":[{"href":"https:\/\/www.pharmacie-de-la-croisette.fr\/pharmacie\/wp-json\/wp\/v2\/types\/product"}],"replies":[{"embeddable":true,"href":"https:\/\/www.pharmacie-de-la-croisette.fr\/pharmacie\/wp-json\/wp\/v2\/comments?post=8771"}],"wp:featuredmedia":[{"embeddable":true,"href":"https:\/\/www.pharmacie-de-la-croisette.fr\/pharmacie\/wp-json\/wp\/v2\/media\/8770"}],"wp:attachment":[{"href":"https:\/\/www.pharmacie-de-la-croisette.fr\/pharmacie\/wp-json\/wp\/v2\/media?parent=8771"}],"wp:term":[{"taxonomy":"product_brand","embeddable":true,"href":"https:\/\/www.pharmacie-de-la-croisette.fr\/pharmacie\/wp-json\/wp\/v2\/product_brand?post=8771"},{"taxonomy":"product_cat","embeddable":true,"href":"https:\/\/www.pharmacie-de-la-croisette.fr\/pharmacie\/wp-json\/wp\/v2\/product_cat?post=8771"},{"taxonomy":"product_tag","embeddable":true,"href":"https:\/\/www.pharmacie-de-la-croisette.fr\/pharmacie\/wp-json\/wp\/v2\/product_tag?post=8771"}],"curies":[{"name":"wp","href":"https:\/\/api.w.org\/{rel}","templated":true}]}}