{"id":8749,"date":"2025-10-30T11:13:39","date_gmt":"2025-10-30T11:13:39","guid":{"rendered":"https:\/\/www.pharmacie-de-la-croisette.fr\/pharmacie\/?post_type=product&#038;p=8749"},"modified":"2025-10-30T14:48:07","modified_gmt":"2025-10-30T14:48:07","slug":"prostatricum","status":"publish","type":"product","link":"https:\/\/www.pharmacie-de-la-croisette.fr\/pharmacie\/supp\/prostatricum\/","title":{"rendered":"Prostatricum"},"content":{"rendered":"<h2 class=\"wp-block-heading\">Qu&rsquo;est-ce que Prostatricum et comment fonctionne-t-il ?<\/h2>\n\n\n<p>Prostatricum est une formule innovante qui se concentre sur la sant\u00e9 de la prostate et le soutien aux hommes. Son <em>action<\/em> repose sur des ingr\u00e9dients v\u00e9g\u00e9taux soigneusement s\u00e9lectionn\u00e9s, tels que l&rsquo;extrait de palmier sabal et les graines de citrouille. L&rsquo;extrait de palmier sabal est connu pour ses propri\u00e9t\u00e9s dans le traitement des probl\u00e8mes de prostate, et une utilisation r\u00e9guli\u00e8re peut conduire \u00e0 une r\u00e9duction des sympt\u00f4mes tels que les mictions fr\u00e9quentes et les douleurs pelviennes.<\/p>\n\n\n<p>Prostatricum agit de plusieurs mani\u00e8res. Premi\u00e8rement, il r\u00e9duit l&rsquo;inflammation de la prostate, ce qui contribue \u00e0 am\u00e9liorer la fonction urinaire. Deuxi\u00e8mement, il am\u00e9liore la circulation pelvienne, ce qui est crucial pour la sant\u00e9 de la prostate. Enfin, il favorise la production d&rsquo;hormones, ce qui peut am\u00e9liorer la libido et la qualit\u00e9 de l&rsquo;\u00e9rection.<\/p>\n\n\n<p>L&rsquo;utilisation r\u00e9guli\u00e8re de Prostatricum peut apporter de nombreux avantages, notamment<\/p>\n\n\n\n<ul class=\"wp-block-list\">\n<li>Att\u00e9nuer les sympt\u00f4mes de la prostatite.<\/li>\n\n\n\n<li>R\u00e9duire l&rsquo;inconfort li\u00e9 aux voies urinaires.<\/li>\n\n\n\n<li>Soutenir la sant\u00e9 urologique.<\/li>\n<\/ul>\n\n\n<p>La prise de Prostatricum pendant au moins un mois est essentielle pour obtenir des effets positifs. Les personnes qui ont choisi de le prendre font souvent \u00e9tat d&rsquo;une am\u00e9lioration de leur \u00e9tat de sant\u00e9 et d&rsquo;un soulagement de leurs probl\u00e8mes de prostate.<\/p>\n\n\n<h2 class=\"wp-block-heading\">Effets de Prostatricum<\/h2>\n\n\n<p><b>Les utilisateurs de<\/b> Prostatricum peuvent constater une <em>am\u00e9lioration<\/em> significative de la <em>sant\u00e9 de la<\/em> prostate en peu de temps. Il s&rsquo;agit d&rsquo;une pr\u00e9paration naturelle dont l&rsquo;<em>action<\/em> vise \u00e0 r\u00e9duire les sympt\u00f4mes associ\u00e9s \u00e0 la prostatite. Une utilisation r\u00e9guli\u00e8re permet de r\u00e9duire les plaintes telles que la douleur et l&rsquo;inconfort.<\/p>\n\n\n<p>Selon une \u00e9tude men\u00e9e par l&rsquo;urologue Aza Kaufman, Prostatricum a un taux de <em>r\u00e9ussite de 98%<\/em> dans le traitement de la prostatite. D\u00e8s les sept premiers jours d&rsquo;utilisation, <b>les ingr\u00e9dients<\/b> contribuent \u00e0 r\u00e9duire la taille de la prostate, ce qui se traduit par un plus grand confort urinaire. Ces <b>effets de Prostatricum<\/b> augmentent de mani\u00e8re significative <em>la qualit\u00e9 de vie des<\/em> utilisateurs, en leur offrant un meilleur bien-\u00eatre physique et \u00e9motionnel.<\/p>\n\n\n\n<ul class=\"wp-block-list\">\n<li><em>Pas d&rsquo;effets secondaires<\/em> &#8211; Prostatricum est sans danger pour la sant\u00e9.<\/li>\n\n\n\n<li>Il aide \u00e0 normaliser les voies urinaires et \u00e0 r\u00e9duire les sympt\u00f4mes de la prostatite.<\/li>\n\n\n\n<li>Soutient la sant\u00e9 gr\u00e2ce \u00e0 des <b>ingr\u00e9dients naturels<\/b> tels que des extraits de plantes.<\/li>\n\n\n\n<li>Posologie : 1 g\u00e9lule 3 fois par jour apr\u00e8s les repas.<\/li>\n<\/ul>\n\n\n<p>Prostatricum est devenu la norme m\u00e9dicale en Isra\u00ebl, ce qui confirme la <em>qualit\u00e9 de vie<\/em> \u00e9lev\u00e9e offerte \u00e0 ses utilisateurs. L&rsquo;incidence croissante de la prostatite, qui a augment\u00e9 de 25 % en Europe au cours des derni\u00e8res ann\u00e9es, en t\u00e9moigne \u00e9galement. L&rsquo;utilisation de cette pr\u00e9paration est un pas vers un meilleur bien-\u00eatre et une <em>meilleure sant\u00e9 de la<\/em> prostate.<\/p>\n\n\n<h2 class=\"wp-block-heading\">Prostatricum dosage &#8211; Comment l&rsquo;utiliser ?<\/h2>\n\n\n<p>Prostatricum ne soutient pas seulement la <b>sant\u00e9 de la prostate<\/b>, mais n\u00e9cessite \u00e9galement une approche sp\u00e9cifique lors de sa prise. Le <b>dosage de Prostatricum<\/b> est un \u00e9l\u00e9ment cl\u00e9 de l&rsquo;efficacit\u00e9 du compl\u00e9ment. Il est recommand\u00e9 de prendre <em>deux comprim\u00e9s par jour<\/em>, au cours des repas et avec de l&rsquo;eau. Ce <b>mode d&rsquo;application<\/b> permet une absorption optimale des principes actifs.<\/p>\n\n\n<p>Les points suivants m\u00e9ritent d&rsquo;\u00eatre pris en compte lors de la r\u00e9daction du mode d&#8217;emploi :<\/p>\n\n\n\n<ul class=\"wp-block-list\">\n<li>Prendre deux comprim\u00e9s par jour, de pr\u00e9f\u00e9rence matin et soir.<\/li>\n\n\n\n<li>Sirotez les comprim\u00e9s avec beaucoup d&rsquo;eau pour une meilleure absorption.<\/li>\n\n\n\n<li>Consultez r\u00e9guli\u00e8rement votre m\u00e9decin pour conna\u00eetre la posologie, en particulier pour les groupes \u00e0 risque de maladie de la prostate.<\/li>\n\n\n\n<li>Ne pas d\u00e9passer la dose recommand\u00e9e sans consulter au pr\u00e9alable un professionnel.<\/li>\n<\/ul>\n\n\n<p>Certaines conditions m\u00e9dicales peuvent avoir une incidence sur la posologie et l&rsquo;<b>utilisation<\/b>, qui peuvent devoir \u00eatre modifi\u00e9es. Les <b>utilisateurs<\/b> doivent toujours suivre les instructions de la notice et surveiller leur \u00e9tat de sant\u00e9 afin d&rsquo;obtenir les meilleurs r\u00e9sultats. Du point de vue des hommes souffrant d&rsquo;une pathologie, un suivi m\u00e9dical continu est vital pour une utilisation r\u00e9ussie de Prostatricum.<\/p>\n\n\n<h2 class=\"wp-block-heading\">Prostatricum &#8211; Avis des utilisateurs, forum &#8211; Que disent les utilisateurs ?<\/h2>\n\n\n<p>Il existe de nombreux <em>avis<\/em> int\u00e9ressants <em>sur Prostatricum<\/em> sur les forums en ligne, qui aident \u00e0 comprendre comment le produit fonctionne pour les utilisateurs. De nombreuses personnes partagent leurs <em>exp\u00e9riences<\/em> qui montrent les effets positifs de l&rsquo;utilisation de ce produit. Voici quelques exemples d&rsquo;avis :<\/p>\n\n\n\n<ul class=\"wp-block-list\">\n<li><blockquote><p>\u00ab\u00a0Apr\u00e8s avoir commenc\u00e9 \u00e0 prendre Prostatricum, j&rsquo;ai constat\u00e9 une am\u00e9lioration significative de ma qualit\u00e9 de vie. Les sympt\u00f4mes de la prostatite ont disparu et ma vie sexuelle a repris des couleurs.\u00a0\u00bb &#8211; Michal, 48 ans<\/p><\/blockquote><\/li>\n\n\n\n<li><blockquote><p>\u00ab\u00a0J&rsquo;\u00e9tais sceptique au d\u00e9but, mais apr\u00e8s deux semaines d&rsquo;utilisation, les r\u00e9sultats \u00e9taient perceptibles. Je me sens mieux et j&rsquo;ai plus d&rsquo;\u00e9nergie. &#8211; Andrew, 55 ans<\/p><\/blockquote><\/li>\n\n\n\n<li><blockquote><p>\u00ab\u00a0Prostatricum m&rsquo;a aid\u00e9 \u00e0 combattre des sympt\u00f4mes d\u00e9sagr\u00e9ables. Je le recommande \u00e0 tous ceux qui ont des probl\u00e8mes de prostate. &#8211; Christopher, 60 ans<\/p><\/blockquote><\/li>\n<\/ul>\n\n\n<p>Les <b>utilisateurs<\/b> du <em>forum<\/em> d\u00e9plorent que la disponibilit\u00e9 du produit dans les pharmacies soit limit\u00e9e et que le <b>prix<\/b> soit de 139 livres sterling, soit une r\u00e9duction de 50 % par rapport au prix pr\u00e9c\u00e9dent de 278 livres sterling. La plupart des gens recommandent d&rsquo;utiliser Prostatricum pendant au moins 2 \u00e0 3 mois pour en ressentir tous les <b>effets<\/b>.<\/p>\n\n\n<p>En g\u00e9n\u00e9ral, les <em>avis sur Prostatricum<\/em> sur les forums soulignent qu&rsquo;il s&rsquo;agit d&rsquo;une pr\u00e9paration efficace pour les hommes qui am\u00e9liore significativement la qualit\u00e9 de vie et aide \u00e0 combattre les probl\u00e8mes de prostate.<\/p>\n\n\n<h2 class=\"wp-block-heading\">Prostatricum &#8211; Composition &#8211; Que contient-il ?<\/h2>\n\n\n<p>La pr\u00e9paration Prostatricum se caract\u00e9rise par une composition soigneusement \u00e9labor\u00e9e, \u00e0 base d&rsquo;ingr\u00e9dients naturels connus pour leurs propri\u00e9t\u00e9s b\u00e9n\u00e9fiques pour la sant\u00e9. <b>La composition de Prostatricum<\/b> comprend<\/p>\n\n\n\n<ul class=\"wp-block-list\">\n<li><em>Extrait de palmier sabal<\/em> &#8211; un ingr\u00e9dient anti-inflammatoire qui favorise la <b>sant\u00e9 de la prostate<\/b>.<\/li>\n\n\n\n<li><em>Extrait de graines de citrouille<\/em> &#8211; une riche source de principes actifs qui ont un effet b\u00e9n\u00e9fique sur le fonctionnement des glandes de la prostate.<\/li>\n\n\n\n<li><em>Vitamine E<\/em> et autres antioxydants &#8211; contribuent \u00e0 la sant\u00e9 g\u00e9n\u00e9rale du syst\u00e8me urog\u00e9nital en prot\u00e9geant les cellules du stress oxydatif.<\/li>\n<\/ul>\n\n\n<p><b>Les ingr\u00e9dients naturels<\/b> contenus dans Prostatricum rendent la formule s\u00fbre et efficace pour les hommes aux prises avec des probl\u00e8mes de prostate. <b>Les ingr\u00e9dients actifs<\/b> sont con\u00e7us non seulement pour soulager les sympt\u00f4mes, mais aussi pour soutenir l&rsquo;\u00e9tat g\u00e9n\u00e9ral de l&rsquo;organisme. Les utilisateurs qui prennent la formule r\u00e9guli\u00e8rement remarquent souvent une am\u00e9lioration de la fonction urinaire et une r\u00e9duction de l&rsquo;inconfort associ\u00e9 \u00e0 l&rsquo;hyperplasie b\u00e9nigne de la prostate.<\/p>\n\n\n<h2 class=\"wp-block-heading\">O\u00f9 acheter et combien co\u00fbte Prostatricum &#8211; prix<\/h2>\n\n\n<p>Prostatricum ne peut \u00eatre achet\u00e9 que sur <em>le site officiel du fabricant<\/em>. L&rsquo;achat aupr\u00e8s de cette source garantit l&rsquo;originalit\u00e9 du produit et \u00e9limine le risque d&rsquo;acheter une contrefa\u00e7on, ce qui peut avoir des cons\u00e9quences d\u00e9sagr\u00e9ables pour la sant\u00e9. En consultant r\u00e9guli\u00e8rement l&rsquo;offre sur le site du fabricant, vous pouvez profiter des promotions actuelles, qui peuvent atteindre jusqu&rsquo;\u00e0 <em>50 % de r\u00e9duction sur<\/em> le prix de la pr\u00e9paration.<\/p>\n\n\n<p>D\u00e9cider d&rsquo;acheter Prostatricum aupr\u00e8s d&rsquo;une source officielle est un pas vers la confiance dans la qualit\u00e9 et l&rsquo;efficacit\u00e9 du produit utilis\u00e9. Les remises r\u00e9guli\u00e8res et les commentaires positifs des utilisateurs confirment que l&rsquo;investissement dans ce produit peut apporter des avantages tangibles pour la sant\u00e9 de la prostate.<\/p>\n\n\n<h2 class=\"wp-block-heading\">Effets secondaires potentiels et contre-indications de Prostatricum<\/h2>\n\n\n<p>Prostatricum, bien que consid\u00e9r\u00e9 comme une pr\u00e9paration relativement s\u00fbre, peut \u00eatre associ\u00e9 \u00e0 certains effets secondaires. Des \u00e9tudes ont montr\u00e9 qu&rsquo;environ 30 % des hommes utilisant des compl\u00e9ments alimentaires <b>pour la sant\u00e9 de la prostate<\/b> font \u00e9tat d&rsquo;une l\u00e9g\u00e8re g\u00eane gastrique. Il est important que les utilisateurs soient conscients des effets secondaires potentiels de Prostatricum, qui peuvent \u00e9galement inclure des r\u00e9actions allergiques.<\/p>\n\n\n<p>Les <b>contre-indications<\/b> \u00e0 l&rsquo;utilisation de Prostatricum sont principalement des allergies \u00e0 l&rsquo;un des composants de la pr\u00e9paration. Il est donc conseill\u00e9 de consulter un m\u00e9decin avant de commencer la suppl\u00e9mentation, en particulier pour les personnes souffrant de probl\u00e8mes de sant\u00e9 ou prenant des m\u00e9dicaments, afin de garantir une <b>utilisation s\u00fbre<\/b>. \u00c9tant donn\u00e9 que les probl\u00e8mes de prostate touchent environ 50 % des hommes de plus de 50 ans, il vaut la peine d&rsquo;adopter une approche inform\u00e9e de la suppl\u00e9mentation.<\/p>\n\n\n<p>En cas d&rsquo;effets ind\u00e9sirables, tels qu&rsquo;une augmentation des probl\u00e8mes urinaires, il est conseill\u00e9 d&rsquo;en informer imm\u00e9diatement un sp\u00e9cialiste. Prostatricum est destin\u00e9 \u00e0 soutenir la sant\u00e9 de la prostate et \u00e0 soulager les sympt\u00f4mes associ\u00e9s \u00e0 l&rsquo;hyperplasie b\u00e9nigne de la prostate, mais ne doit pas \u00eatre utilis\u00e9 sans une analyse pr\u00e9alable de l&rsquo;\u00e9tat de sant\u00e9 et des besoins individuels du patient.<\/p>\n","protected":false},"excerpt":{"rendered":"<p><strong>[date_countdown]<\/strong><\/p>\n<p><img decoding=\"async\" class=\"alignnone wp-image-8427\" src=\"https:\/\/www.pharmacie-de-la-croisette.fr\/pharmacie\/wp-content\/uploads\/2024\/10\/SAFE-PAY-300x88-1.png\" alt=\"SAFE-PAY-300x88\" width=\"164\" height=\"48\" \/><\/p>\n","protected":false},"featured_media":8748,"comment_status":"open","ping_status":"closed","template":"","meta":{"neve_meta_sidebar":"","neve_meta_container":"","neve_meta_enable_content_width":"","neve_meta_content_width":0,"neve_meta_title_alignment":"","neve_meta_author_avatar":"","neve_post_elements_order":"","neve_meta_disable_header":"","neve_meta_disable_footer":"","neve_meta_disable_title":"","neve_meta_reading_time":""},"product_brand":[],"product_cat":[18],"product_tag":[],"class_list":{"0":"post-8749","1":"product","2":"type-product","3":"status-publish","4":"has-post-thumbnail","6":"product_cat-sante","8":"first","9":"instock","10":"sale","11":"shipping-taxable","12":"product-type-external"},"yoast_head":"<!-- This site is optimized with the Yoast SEO plugin v27.4 - https:\/\/yoast.com\/product\/yoast-seo-wordpress\/ -->\n<title>Prostatricum - Avis, Pharmacie, Forum, Prix, Effets | -50%<\/title>\n<meta name=\"robots\" content=\"index, follow, max-snippet:-1, max-image-preview:large, max-video-preview:-1\" \/>\n<link rel=\"canonical\" href=\"https:\/\/www.pharmacie-de-la-croisette.fr\/pharmacie\/supp\/prostatricum\/\" \/>\n<meta property=\"og:locale\" content=\"fr_FR\" \/>\n<meta property=\"og:type\" content=\"article\" \/>\n<meta property=\"og:title\" content=\"Prostatricum - Avis, Pharmacie, Forum, Prix, Effets | -50%\" \/>\n<meta property=\"og:url\" content=\"https:\/\/www.pharmacie-de-la-croisette.fr\/pharmacie\/supp\/prostatricum\/\" \/>\n<meta property=\"og:site_name\" content=\"Pharmacie de la Croisette\" \/>\n<meta property=\"article:modified_time\" content=\"2025-10-30T14:48:07+00:00\" \/>\n<meta property=\"og:image\" content=\"https:\/\/www.pharmacie-de-la-croisette.fr\/pharmacie\/wp-content\/uploads\/2025\/10\/Prostatricum.jpg\" \/>\n\t<meta property=\"og:image:width\" content=\"768\" \/>\n\t<meta property=\"og:image:height\" content=\"768\" \/>\n\t<meta property=\"og:image:type\" content=\"image\/jpeg\" \/>\n<meta name=\"twitter:card\" content=\"summary_large_image\" \/>\n<meta name=\"twitter:description\" content=\"[date_countdown]\" \/>\n<meta name=\"twitter:label1\" content=\"Dur\u00e9e de lecture estim\u00e9e\" \/>\n\t<meta name=\"twitter:data1\" content=\"1 minute\" \/>\n<script type=\"application\/ld+json\" class=\"yoast-schema-graph\">{\"@context\":\"https:\\\/\\\/schema.org\",\"@graph\":[{\"@type\":\"WebPage\",\"@id\":\"https:\\\/\\\/www.pharmacie-de-la-croisette.fr\\\/pharmacie\\\/supp\\\/prostatricum\\\/\",\"url\":\"https:\\\/\\\/www.pharmacie-de-la-croisette.fr\\\/pharmacie\\\/supp\\\/prostatricum\\\/\",\"name\":\"Prostatricum - Avis, Pharmacie, Forum, Prix, Effets | -50%\",\"isPartOf\":{\"@id\":\"https:\\\/\\\/www.pharmacie-de-la-croisette.fr\\\/pharmacie\\\/#website\"},\"primaryImageOfPage\":{\"@id\":\"https:\\\/\\\/www.pharmacie-de-la-croisette.fr\\\/pharmacie\\\/supp\\\/prostatricum\\\/#primaryimage\"},\"image\":{\"@id\":\"https:\\\/\\\/www.pharmacie-de-la-croisette.fr\\\/pharmacie\\\/supp\\\/prostatricum\\\/#primaryimage\"},\"thumbnailUrl\":\"https:\\\/\\\/www.pharmacie-de-la-croisette.fr\\\/pharmacie\\\/wp-content\\\/uploads\\\/2025\\\/10\\\/Prostatricum.jpg\",\"datePublished\":\"2025-10-30T11:13:39+00:00\",\"dateModified\":\"2025-10-30T14:48:07+00:00\",\"breadcrumb\":{\"@id\":\"https:\\\/\\\/www.pharmacie-de-la-croisette.fr\\\/pharmacie\\\/supp\\\/prostatricum\\\/#breadcrumb\"},\"inLanguage\":\"fr-FR\",\"potentialAction\":[{\"@type\":\"ReadAction\",\"target\":[\"https:\\\/\\\/www.pharmacie-de-la-croisette.fr\\\/pharmacie\\\/supp\\\/prostatricum\\\/\"]}]},{\"@type\":\"ImageObject\",\"inLanguage\":\"fr-FR\",\"@id\":\"https:\\\/\\\/www.pharmacie-de-la-croisette.fr\\\/pharmacie\\\/supp\\\/prostatricum\\\/#primaryimage\",\"url\":\"https:\\\/\\\/www.pharmacie-de-la-croisette.fr\\\/pharmacie\\\/wp-content\\\/uploads\\\/2025\\\/10\\\/Prostatricum.jpg\",\"contentUrl\":\"https:\\\/\\\/www.pharmacie-de-la-croisette.fr\\\/pharmacie\\\/wp-content\\\/uploads\\\/2025\\\/10\\\/Prostatricum.jpg\",\"width\":768,\"height\":768},{\"@type\":\"BreadcrumbList\",\"@id\":\"https:\\\/\\\/www.pharmacie-de-la-croisette.fr\\\/pharmacie\\\/supp\\\/prostatricum\\\/#breadcrumb\",\"itemListElement\":[{\"@type\":\"ListItem\",\"position\":1,\"name\":\"Strona g\u0142\u00f3wna\",\"item\":\"https:\\\/\\\/www.pharmacie-de-la-croisette.fr\\\/pharmacie\\\/\"},{\"@type\":\"ListItem\",\"position\":2,\"name\":\"farmaci\",\"item\":\"https:\\\/\\\/www.pharmacie-de-la-croisette.fr\\\/pharmacie\\\/\"},{\"@type\":\"ListItem\",\"position\":3,\"name\":\"Prostatricum\"}]},{\"@type\":\"WebSite\",\"@id\":\"https:\\\/\\\/www.pharmacie-de-la-croisette.fr\\\/pharmacie\\\/#website\",\"url\":\"https:\\\/\\\/www.pharmacie-de-la-croisette.fr\\\/pharmacie\\\/\",\"name\":\"Pharmacie de la Croisette\",\"description\":\"\",\"potentialAction\":[{\"@type\":\"SearchAction\",\"target\":{\"@type\":\"EntryPoint\",\"urlTemplate\":\"https:\\\/\\\/www.pharmacie-de-la-croisette.fr\\\/pharmacie\\\/?s={search_term_string}\"},\"query-input\":{\"@type\":\"PropertyValueSpecification\",\"valueRequired\":true,\"valueName\":\"search_term_string\"}}],\"inLanguage\":\"fr-FR\"}]}<\/script>\n<!-- \/ Yoast SEO plugin. -->","yoast_head_json":{"title":"Prostatricum - Avis, Pharmacie, Forum, Prix, Effets | -50%","robots":{"index":"index","follow":"follow","max-snippet":"max-snippet:-1","max-image-preview":"max-image-preview:large","max-video-preview":"max-video-preview:-1"},"canonical":"https:\/\/www.pharmacie-de-la-croisette.fr\/pharmacie\/supp\/prostatricum\/","og_locale":"fr_FR","og_type":"article","og_title":"Prostatricum - Avis, Pharmacie, Forum, Prix, Effets | -50%","og_url":"https:\/\/www.pharmacie-de-la-croisette.fr\/pharmacie\/supp\/prostatricum\/","og_site_name":"Pharmacie de la Croisette","article_modified_time":"2025-10-30T14:48:07+00:00","og_image":[{"width":768,"height":768,"url":"https:\/\/www.pharmacie-de-la-croisette.fr\/pharmacie\/wp-content\/uploads\/2025\/10\/Prostatricum.jpg","type":"image\/jpeg"}],"twitter_card":"summary_large_image","twitter_description":"[date_countdown]","twitter_misc":{"Dur\u00e9e de lecture estim\u00e9e":"1 minute"},"schema":{"@context":"https:\/\/schema.org","@graph":[{"@type":"WebPage","@id":"https:\/\/www.pharmacie-de-la-croisette.fr\/pharmacie\/supp\/prostatricum\/","url":"https:\/\/www.pharmacie-de-la-croisette.fr\/pharmacie\/supp\/prostatricum\/","name":"Prostatricum - Avis, Pharmacie, Forum, Prix, Effets | -50%","isPartOf":{"@id":"https:\/\/www.pharmacie-de-la-croisette.fr\/pharmacie\/#website"},"primaryImageOfPage":{"@id":"https:\/\/www.pharmacie-de-la-croisette.fr\/pharmacie\/supp\/prostatricum\/#primaryimage"},"image":{"@id":"https:\/\/www.pharmacie-de-la-croisette.fr\/pharmacie\/supp\/prostatricum\/#primaryimage"},"thumbnailUrl":"https:\/\/www.pharmacie-de-la-croisette.fr\/pharmacie\/wp-content\/uploads\/2025\/10\/Prostatricum.jpg","datePublished":"2025-10-30T11:13:39+00:00","dateModified":"2025-10-30T14:48:07+00:00","breadcrumb":{"@id":"https:\/\/www.pharmacie-de-la-croisette.fr\/pharmacie\/supp\/prostatricum\/#breadcrumb"},"inLanguage":"fr-FR","potentialAction":[{"@type":"ReadAction","target":["https:\/\/www.pharmacie-de-la-croisette.fr\/pharmacie\/supp\/prostatricum\/"]}]},{"@type":"ImageObject","inLanguage":"fr-FR","@id":"https:\/\/www.pharmacie-de-la-croisette.fr\/pharmacie\/supp\/prostatricum\/#primaryimage","url":"https:\/\/www.pharmacie-de-la-croisette.fr\/pharmacie\/wp-content\/uploads\/2025\/10\/Prostatricum.jpg","contentUrl":"https:\/\/www.pharmacie-de-la-croisette.fr\/pharmacie\/wp-content\/uploads\/2025\/10\/Prostatricum.jpg","width":768,"height":768},{"@type":"BreadcrumbList","@id":"https:\/\/www.pharmacie-de-la-croisette.fr\/pharmacie\/supp\/prostatricum\/#breadcrumb","itemListElement":[{"@type":"ListItem","position":1,"name":"Strona g\u0142\u00f3wna","item":"https:\/\/www.pharmacie-de-la-croisette.fr\/pharmacie\/"},{"@type":"ListItem","position":2,"name":"farmaci","item":"https:\/\/www.pharmacie-de-la-croisette.fr\/pharmacie\/"},{"@type":"ListItem","position":3,"name":"Prostatricum"}]},{"@type":"WebSite","@id":"https:\/\/www.pharmacie-de-la-croisette.fr\/pharmacie\/#website","url":"https:\/\/www.pharmacie-de-la-croisette.fr\/pharmacie\/","name":"Pharmacie de la Croisette","description":"","potentialAction":[{"@type":"SearchAction","target":{"@type":"EntryPoint","urlTemplate":"https:\/\/www.pharmacie-de-la-croisette.fr\/pharmacie\/?s={search_term_string}"},"query-input":{"@type":"PropertyValueSpecification","valueRequired":true,"valueName":"search_term_string"}}],"inLanguage":"fr-FR"}]}},"_links":{"self":[{"href":"https:\/\/www.pharmacie-de-la-croisette.fr\/pharmacie\/wp-json\/wp\/v2\/product\/8749","targetHints":{"allow":["GET"]}}],"collection":[{"href":"https:\/\/www.pharmacie-de-la-croisette.fr\/pharmacie\/wp-json\/wp\/v2\/product"}],"about":[{"href":"https:\/\/www.pharmacie-de-la-croisette.fr\/pharmacie\/wp-json\/wp\/v2\/types\/product"}],"replies":[{"embeddable":true,"href":"https:\/\/www.pharmacie-de-la-croisette.fr\/pharmacie\/wp-json\/wp\/v2\/comments?post=8749"}],"wp:featuredmedia":[{"embeddable":true,"href":"https:\/\/www.pharmacie-de-la-croisette.fr\/pharmacie\/wp-json\/wp\/v2\/media\/8748"}],"wp:attachment":[{"href":"https:\/\/www.pharmacie-de-la-croisette.fr\/pharmacie\/wp-json\/wp\/v2\/media?parent=8749"}],"wp:term":[{"taxonomy":"product_brand","embeddable":true,"href":"https:\/\/www.pharmacie-de-la-croisette.fr\/pharmacie\/wp-json\/wp\/v2\/product_brand?post=8749"},{"taxonomy":"product_cat","embeddable":true,"href":"https:\/\/www.pharmacie-de-la-croisette.fr\/pharmacie\/wp-json\/wp\/v2\/product_cat?post=8749"},{"taxonomy":"product_tag","embeddable":true,"href":"https:\/\/www.pharmacie-de-la-croisette.fr\/pharmacie\/wp-json\/wp\/v2\/product_tag?post=8749"}],"curies":[{"name":"wp","href":"https:\/\/api.w.org\/{rel}","templated":true}]}}