{"id":8683,"date":"2025-10-30T11:13:24","date_gmt":"2025-10-30T11:13:24","guid":{"rendered":"https:\/\/www.pharmacie-de-la-croisette.fr\/pharmacie\/?post_type=product&#038;p=8683"},"modified":"2025-10-30T15:41:44","modified_gmt":"2025-10-30T15:41:44","slug":"endunad","status":"publish","type":"product","link":"https:\/\/www.pharmacie-de-la-croisette.fr\/pharmacie\/supp\/endunad\/","title":{"rendered":"EnduNAD"},"content":{"rendered":"<p>Vous \u00eates-vous d\u00e9j\u00e0 demand\u00e9 comment augmenter naturellement votre <b>niveau d&rsquo;\u00e9nergie<\/b> et am\u00e9liorer vos <b>performances<\/b> pour relever vos d\u00e9fis quotidiens ? <b>EnduNAD<\/b> est un <b>compl\u00e9ment alimentaire<\/b> innovant qui promet de vous donner l&rsquo;\u00e9nergie dont vous avez besoin gr\u00e2ce \u00e0 des ingr\u00e9dients uniques tels que l&rsquo;extrait de graines de fenugrec et la niacine. Dans cette revue et description, nous examinons de plus pr\u00e8s les avantages de ce produit et son mode d&rsquo;action. Voyez si <b>EnduNAD<\/b> peut devenir un \u00e9l\u00e9ment cl\u00e9 de votre style de vie actif !<\/p>\n\n\n<h2 class=\"wp-block-heading\">Qu&rsquo;est-ce que l&rsquo;EnduNAD ?<\/h2>\n\n\n<p><b>EnduNAD<\/b> est un <b>compl\u00e9ment alimentaire<\/b> innovant con\u00e7u pour soutenir les processus m\u00e9taboliques naturels de l&rsquo;organisme. Les ingr\u00e9dients cl\u00e9s qu&rsquo;il contient sont l&rsquo;<em>extrait de graines de fenugrec<\/em>, la <em>niacine<\/em> et l&rsquo;<em>extrait de th\u00e9 vert<\/em>, qui fournissent des vitamines et des min\u00e9raux essentiels. Les propri\u00e9t\u00e9s de ce compl\u00e9ment permettent \u00e0 <strong>EnduNAD<\/strong> d&rsquo;augmenter les niveaux d&rsquo;\u00e9nergie et de soutenir les performances de l&rsquo;organisme tout au long de la journ\u00e9e.<\/p>\n\n\n<p><b>La composition d&rsquo;EnduNAD<\/b> est bas\u00e9e sur des ingr\u00e9dients naturels, ce qui en fait un choix int\u00e9ressant pour ceux qui pr\u00e9f\u00e8rent soutenir l&rsquo;organisme d&rsquo;une mani\u00e8re en accord avec la nature. Gr\u00e2ce \u00e0 sa combinaison unique d&rsquo;ingr\u00e9dients, ce <b>suppl\u00e9ment<\/b> peut \u00eatre un soutien pr\u00e9cieux dans votre routine quotidienne, influen\u00e7ant positivement votre humeur et votre condition physique g\u00e9n\u00e9rale.<\/p>\n\n\n<h2 class=\"wp-block-heading\">Avantages d&rsquo;EnduNAD<\/h2>\n\n\n<p><em>EnduNAD<\/em> pr\u00e9sente de nombreux <em>avantages<\/em> qui se traduisent par une am\u00e9lioration du bien-\u00eatre et des <b>performances<\/b>. Tout d&rsquo;abord, l&rsquo;augmentation des niveaux d&rsquo;\u00e9nergie a un effet positif sur l&rsquo;activit\u00e9 quotidienne et les performances \u00e0 l&rsquo;entra\u00eenement. La <b>suppl\u00e9mentation en<\/b> EnduNAD soutient le processus de r\u00e9g\u00e9n\u00e9ration du corps, ce qui est important pour les personnes menant une vie active.<\/p>\n\n\n<p>De plus, les <em>effets d&rsquo;EnduNAD<\/em> incluent une r\u00e9duction de la sensation de fatigue, ce qui permet des s\u00e9ances d&rsquo;entra\u00eenement plus longues et plus intenses. Gr\u00e2ce aux propri\u00e9t\u00e9s antioxydantes d&rsquo;ingr\u00e9dients tels que le resv\u00e9ratrol, <b>le compl\u00e9ment<\/b> contribue \u00e0 la <em>sant\u00e9<\/em> globale en r\u00e9duisant le stress oxydatif. En outre, la consommation r\u00e9guli\u00e8re d&rsquo;EnduNAD peut am\u00e9liorer la fonction cardiovasculaire en soutenant un m\u00e9tabolisme normal.<\/p>\n\n\n<figure class=\"wp-block-table\"><table class=\"has-fixed-layout\"><tbody><tr><th>Avantages<\/th><th>Effets<\/th><\/tr><tr><td>Augmentation des niveaux d&rsquo;\u00e9nergie<\/td><td>Augmentation des performances pendant l&rsquo;activit\u00e9 physique<\/td><\/tr><tr><td>Soutien au r\u00e9tablissement<\/td><td>R\u00e9duction de la sensation de fatigue<\/td><\/tr><tr><td>Propri\u00e9t\u00e9s antioxydantes<\/td><td>Am\u00e9liorer l&rsquo;\u00e9tat de sant\u00e9 g\u00e9n\u00e9ral<\/td><\/tr><tr><td>Soutien cardiovasculaire<\/td><td>Am\u00e9lioration de la fonction m\u00e9tabolique<\/td><\/tr><\/tbody><\/table><\/figure>\n\n\n<h2 class=\"wp-block-heading\">Avis sur EnduNAD<\/h2>\n\n\n<p>De nombreuses personnes partagent leurs <em>exp\u00e9riences du<\/em> suppl\u00e9ment EnduNAD sur divers <em>forums<\/em>. Les <b>commentaires sur EnduNAD<\/b> se concentrent souvent sur une augmentation notable des niveaux d&rsquo;\u00e9nergie et une am\u00e9lioration des performances physiques. Les utilisateurs soulignent que le <b>suppl\u00e9ment<\/b> a contribu\u00e9 \u00e0 un meilleur sentiment de bien-\u00eatre pendant les s\u00e9ances d&rsquo;entra\u00eenement et les activit\u00e9s quotidiennes.<\/p>\n\n\n<p>De nombreux avis positifs ont \u00e9t\u00e9 publi\u00e9s sur le <em>forum<\/em>, o\u00f9 les utilisateurs font part de leurs observations. Beaucoup ont not\u00e9 une am\u00e9lioration de la concentration et un impact positif sur la <b>sant\u00e9<\/b> en g\u00e9n\u00e9ral. <b>Les avis sur EnduNAD<\/b> dans les premi\u00e8res phases de son utilisation sugg\u00e8rent que le suppl\u00e9ment fonctionne bien pour soutenir un mode de vie actif.<\/p>\n\n\n<p>Les sportifs qui ont utilis\u00e9 EnduNAD soulignent \u00e9galement ses effets en termes de r\u00e9cup\u00e9ration apr\u00e8s un entra\u00eenement intensif. Les <b>exp\u00e9riences<\/b> concernant ce compl\u00e9ment sont unanimes : le renforcement du corps et l&rsquo;augmentation de l&rsquo;\u00e9nergie sont les aspects les plus fr\u00e9quemment mentionn\u00e9s.<\/p>\n\n\n<h2 class=\"wp-block-heading\">Utilisation et dosage d&rsquo;EnduNAD<\/h2>\n\n\n<p>L&rsquo;<b>utilisation d&rsquo;EnduNAD<\/b> est cruciale pour une suppl\u00e9mentation optimale. La <b>posologie<\/b> recommand\u00e9e <b>d&rsquo;EnduNAD<\/b> est de 2 g\u00e9lules par jour. Elles doivent \u00eatre prises au cours d&rsquo;un repas, en buvant beaucoup d&rsquo;eau, ce qui favorise une meilleure absorption des nutriments. Toutes les <b>instructions d&rsquo;<\/b> utilisation doivent \u00eatre suivies \u00e0 la lettre afin d&rsquo;\u00e9viter d&rsquo;\u00e9ventuels effets secondaires.<\/p>\n\n\n<p>Il est essentiel de ne pas d\u00e9passer la dose recommand\u00e9e. Lorsque vous prenez EnduNAD, il vaut \u00e9galement la peine d&rsquo;investir dans un mode de vie sain et une alimentation \u00e9quilibr\u00e9e. Conserver le produit dans son emballage d&rsquo;origine, dans un endroit frais et \u00e0 l&rsquo;abri de la lumi\u00e8re, garantit sa dur\u00e9e de conservation et sa qualit\u00e9. Le respect r\u00e9gulier de ces principes permettra au suppl\u00e9ment d&rsquo;atteindre son plein potentiel.<\/p>\n\n\n<h2 class=\"wp-block-heading\">Prix d&rsquo;EnduNAD et o\u00f9 l&rsquo;acheter ?<\/h2>\n\n\n<p><b>Le prix d&rsquo;EnduNAD<\/b> d\u00e9pend des promotions actuelles propos\u00e9es par le fabricant officiel. L&rsquo;achat directement sur leur site web permet d&rsquo;acc\u00e9der aux meilleures offres et aux derni\u00e8res informations sur le produit. Les clients peuvent trouver les d\u00e9tails de la disponibilit\u00e9 et les r\u00e9ductions suppl\u00e9mentaires qui peuvent \u00eatre disponibles sur le site Web.<\/p>\n\n\n<p>Il convient de noter qu&rsquo;EnduNAD n&rsquo;est pas disponible dans les pharmacies locales, ce qui fait de l&rsquo;achat en ligne la seule option. Cela permet aux clients de commander le produit depuis leur domicile et de profiter des avantages qu&rsquo;il offre. Il est utile de consulter r\u00e9guli\u00e8rement l&rsquo;offre pour ne pas manquer des promotions avantageuses.<\/p>\n\n\n<h2 class=\"wp-block-heading\">Effets secondaires et contre-indications d&rsquo;EnduNAD<\/h2>\n\n\n<p>Bien qu&rsquo;EnduNAD soit consid\u00e9r\u00e9 comme un suppl\u00e9ment relativement s\u00fbr, il existe certaines <strong>contre-indications<\/strong> \u00e0 son utilisation. Les personnes souffrant de maladies r\u00e9nales, ainsi que les femmes enceintes et les m\u00e8res qui allaitent, devraient \u00e9viter ce produit. Dans ces cas, le risque d&rsquo;effets n\u00e9gatifs sur la sant\u00e9 peut \u00eatre plus \u00e9lev\u00e9, il convient donc de faire preuve de prudence.<\/p>\n\n\n<p>Les <strong>effets secondaires d&rsquo;EnduNAD<\/strong> peuvent inclure des r\u00e9actions allergiques ainsi que des interactions avec d&rsquo;autres m\u00e9dicaments. Par cons\u00e9quent, il est toujours conseill\u00e9 de consulter votre m\u00e9decin avant de commencer la suppl\u00e9mentation. Une telle consultation garantira une approche ad\u00e9quate de la suppl\u00e9mentation et permettra d&rsquo;\u00e9viter des complications potentielles.<\/p>\n\n\n<p>En termes de <strong>s\u00e9curit\u00e9 d&rsquo;utilisation<\/strong>, il est tr\u00e8s important que les personnes qui prennent EnduNAD soient conscientes de leurs propres besoins en mati\u00e8re de sant\u00e9 et des m\u00e9dicaments qu&rsquo;elles prennent. Des contr\u00f4les de sant\u00e9 r\u00e9guliers et l&rsquo;ouverture au dialogue avec un m\u00e9decin peuvent augmenter de mani\u00e8re significative la <b>s\u00e9curit\u00e9 de<\/b> ce compl\u00e9ment.<\/p>\n","protected":false},"excerpt":{"rendered":"<p><strong>[date_countdown]<\/strong><\/p>\n<p><img decoding=\"async\" class=\"alignnone wp-image-8427\" src=\"https:\/\/www.pharmacie-de-la-croisette.fr\/pharmacie\/wp-content\/uploads\/2024\/10\/SAFE-PAY-300x88-1.png\" alt=\"SAFE-PAY-300x88\" width=\"164\" height=\"48\" \/><\/p>\n","protected":false},"featured_media":8682,"comment_status":"open","ping_status":"closed","template":"","meta":{"neve_meta_sidebar":"","neve_meta_container":"","neve_meta_enable_content_width":"","neve_meta_content_width":0,"neve_meta_title_alignment":"","neve_meta_author_avatar":"","neve_post_elements_order":"","neve_meta_disable_header":"","neve_meta_disable_footer":"","neve_meta_disable_title":"","neve_meta_reading_time":""},"product_brand":[],"product_cat":[18],"product_tag":[],"class_list":{"0":"post-8683","1":"product","2":"type-product","3":"status-publish","4":"has-post-thumbnail","6":"product_cat-sante","8":"first","9":"instock","10":"sale","11":"shipping-taxable","12":"product-type-external"},"yoast_head":"<!-- This site is optimized with the Yoast SEO plugin v27.4 - https:\/\/yoast.com\/product\/yoast-seo-wordpress\/ -->\n<title>EnduNAD - Avis, Pharmacie, Forum, Prix, Effets | -50%<\/title>\n<meta name=\"robots\" content=\"index, follow, max-snippet:-1, max-image-preview:large, max-video-preview:-1\" \/>\n<link rel=\"canonical\" href=\"https:\/\/www.pharmacie-de-la-croisette.fr\/pharmacie\/supp\/endunad\/\" \/>\n<meta property=\"og:locale\" content=\"fr_FR\" \/>\n<meta property=\"og:type\" content=\"article\" \/>\n<meta property=\"og:title\" content=\"EnduNAD - Avis, Pharmacie, Forum, Prix, Effets | -50%\" \/>\n<meta property=\"og:url\" content=\"https:\/\/www.pharmacie-de-la-croisette.fr\/pharmacie\/supp\/endunad\/\" \/>\n<meta property=\"og:site_name\" content=\"Pharmacie de la Croisette\" \/>\n<meta property=\"article:modified_time\" content=\"2025-10-30T15:41:44+00:00\" \/>\n<meta property=\"og:image\" content=\"https:\/\/www.pharmacie-de-la-croisette.fr\/pharmacie\/wp-content\/uploads\/2025\/10\/EnduNAD.png\" \/>\n\t<meta property=\"og:image:width\" content=\"768\" \/>\n\t<meta property=\"og:image:height\" content=\"768\" \/>\n\t<meta property=\"og:image:type\" content=\"image\/png\" \/>\n<meta name=\"twitter:card\" content=\"summary_large_image\" \/>\n<meta name=\"twitter:description\" content=\"[date_countdown]\" \/>\n<meta name=\"twitter:label1\" content=\"Dur\u00e9e de lecture estim\u00e9e\" \/>\n\t<meta name=\"twitter:data1\" content=\"1 minute\" \/>\n<script type=\"application\/ld+json\" class=\"yoast-schema-graph\">{\"@context\":\"https:\\\/\\\/schema.org\",\"@graph\":[{\"@type\":\"WebPage\",\"@id\":\"https:\\\/\\\/www.pharmacie-de-la-croisette.fr\\\/pharmacie\\\/supp\\\/endunad\\\/\",\"url\":\"https:\\\/\\\/www.pharmacie-de-la-croisette.fr\\\/pharmacie\\\/supp\\\/endunad\\\/\",\"name\":\"EnduNAD - Avis, Pharmacie, Forum, Prix, Effets | -50%\",\"isPartOf\":{\"@id\":\"https:\\\/\\\/www.pharmacie-de-la-croisette.fr\\\/pharmacie\\\/#website\"},\"primaryImageOfPage\":{\"@id\":\"https:\\\/\\\/www.pharmacie-de-la-croisette.fr\\\/pharmacie\\\/supp\\\/endunad\\\/#primaryimage\"},\"image\":{\"@id\":\"https:\\\/\\\/www.pharmacie-de-la-croisette.fr\\\/pharmacie\\\/supp\\\/endunad\\\/#primaryimage\"},\"thumbnailUrl\":\"https:\\\/\\\/www.pharmacie-de-la-croisette.fr\\\/pharmacie\\\/wp-content\\\/uploads\\\/2025\\\/10\\\/EnduNAD.png\",\"datePublished\":\"2025-10-30T11:13:24+00:00\",\"dateModified\":\"2025-10-30T15:41:44+00:00\",\"breadcrumb\":{\"@id\":\"https:\\\/\\\/www.pharmacie-de-la-croisette.fr\\\/pharmacie\\\/supp\\\/endunad\\\/#breadcrumb\"},\"inLanguage\":\"fr-FR\",\"potentialAction\":[{\"@type\":\"ReadAction\",\"target\":[\"https:\\\/\\\/www.pharmacie-de-la-croisette.fr\\\/pharmacie\\\/supp\\\/endunad\\\/\"]}]},{\"@type\":\"ImageObject\",\"inLanguage\":\"fr-FR\",\"@id\":\"https:\\\/\\\/www.pharmacie-de-la-croisette.fr\\\/pharmacie\\\/supp\\\/endunad\\\/#primaryimage\",\"url\":\"https:\\\/\\\/www.pharmacie-de-la-croisette.fr\\\/pharmacie\\\/wp-content\\\/uploads\\\/2025\\\/10\\\/EnduNAD.png\",\"contentUrl\":\"https:\\\/\\\/www.pharmacie-de-la-croisette.fr\\\/pharmacie\\\/wp-content\\\/uploads\\\/2025\\\/10\\\/EnduNAD.png\",\"width\":768,\"height\":768},{\"@type\":\"BreadcrumbList\",\"@id\":\"https:\\\/\\\/www.pharmacie-de-la-croisette.fr\\\/pharmacie\\\/supp\\\/endunad\\\/#breadcrumb\",\"itemListElement\":[{\"@type\":\"ListItem\",\"position\":1,\"name\":\"Strona g\u0142\u00f3wna\",\"item\":\"https:\\\/\\\/www.pharmacie-de-la-croisette.fr\\\/pharmacie\\\/\"},{\"@type\":\"ListItem\",\"position\":2,\"name\":\"farmaci\",\"item\":\"https:\\\/\\\/www.pharmacie-de-la-croisette.fr\\\/pharmacie\\\/\"},{\"@type\":\"ListItem\",\"position\":3,\"name\":\"EnduNAD\"}]},{\"@type\":\"WebSite\",\"@id\":\"https:\\\/\\\/www.pharmacie-de-la-croisette.fr\\\/pharmacie\\\/#website\",\"url\":\"https:\\\/\\\/www.pharmacie-de-la-croisette.fr\\\/pharmacie\\\/\",\"name\":\"Pharmacie de la Croisette\",\"description\":\"\",\"potentialAction\":[{\"@type\":\"SearchAction\",\"target\":{\"@type\":\"EntryPoint\",\"urlTemplate\":\"https:\\\/\\\/www.pharmacie-de-la-croisette.fr\\\/pharmacie\\\/?s={search_term_string}\"},\"query-input\":{\"@type\":\"PropertyValueSpecification\",\"valueRequired\":true,\"valueName\":\"search_term_string\"}}],\"inLanguage\":\"fr-FR\"}]}<\/script>\n<!-- \/ Yoast SEO plugin. -->","yoast_head_json":{"title":"EnduNAD - Avis, Pharmacie, Forum, Prix, Effets | -50%","robots":{"index":"index","follow":"follow","max-snippet":"max-snippet:-1","max-image-preview":"max-image-preview:large","max-video-preview":"max-video-preview:-1"},"canonical":"https:\/\/www.pharmacie-de-la-croisette.fr\/pharmacie\/supp\/endunad\/","og_locale":"fr_FR","og_type":"article","og_title":"EnduNAD - Avis, Pharmacie, Forum, Prix, Effets | -50%","og_url":"https:\/\/www.pharmacie-de-la-croisette.fr\/pharmacie\/supp\/endunad\/","og_site_name":"Pharmacie de la Croisette","article_modified_time":"2025-10-30T15:41:44+00:00","og_image":[{"width":768,"height":768,"url":"https:\/\/www.pharmacie-de-la-croisette.fr\/pharmacie\/wp-content\/uploads\/2025\/10\/EnduNAD.png","type":"image\/png"}],"twitter_card":"summary_large_image","twitter_description":"[date_countdown]","twitter_misc":{"Dur\u00e9e de lecture estim\u00e9e":"1 minute"},"schema":{"@context":"https:\/\/schema.org","@graph":[{"@type":"WebPage","@id":"https:\/\/www.pharmacie-de-la-croisette.fr\/pharmacie\/supp\/endunad\/","url":"https:\/\/www.pharmacie-de-la-croisette.fr\/pharmacie\/supp\/endunad\/","name":"EnduNAD - Avis, Pharmacie, Forum, Prix, Effets | -50%","isPartOf":{"@id":"https:\/\/www.pharmacie-de-la-croisette.fr\/pharmacie\/#website"},"primaryImageOfPage":{"@id":"https:\/\/www.pharmacie-de-la-croisette.fr\/pharmacie\/supp\/endunad\/#primaryimage"},"image":{"@id":"https:\/\/www.pharmacie-de-la-croisette.fr\/pharmacie\/supp\/endunad\/#primaryimage"},"thumbnailUrl":"https:\/\/www.pharmacie-de-la-croisette.fr\/pharmacie\/wp-content\/uploads\/2025\/10\/EnduNAD.png","datePublished":"2025-10-30T11:13:24+00:00","dateModified":"2025-10-30T15:41:44+00:00","breadcrumb":{"@id":"https:\/\/www.pharmacie-de-la-croisette.fr\/pharmacie\/supp\/endunad\/#breadcrumb"},"inLanguage":"fr-FR","potentialAction":[{"@type":"ReadAction","target":["https:\/\/www.pharmacie-de-la-croisette.fr\/pharmacie\/supp\/endunad\/"]}]},{"@type":"ImageObject","inLanguage":"fr-FR","@id":"https:\/\/www.pharmacie-de-la-croisette.fr\/pharmacie\/supp\/endunad\/#primaryimage","url":"https:\/\/www.pharmacie-de-la-croisette.fr\/pharmacie\/wp-content\/uploads\/2025\/10\/EnduNAD.png","contentUrl":"https:\/\/www.pharmacie-de-la-croisette.fr\/pharmacie\/wp-content\/uploads\/2025\/10\/EnduNAD.png","width":768,"height":768},{"@type":"BreadcrumbList","@id":"https:\/\/www.pharmacie-de-la-croisette.fr\/pharmacie\/supp\/endunad\/#breadcrumb","itemListElement":[{"@type":"ListItem","position":1,"name":"Strona g\u0142\u00f3wna","item":"https:\/\/www.pharmacie-de-la-croisette.fr\/pharmacie\/"},{"@type":"ListItem","position":2,"name":"farmaci","item":"https:\/\/www.pharmacie-de-la-croisette.fr\/pharmacie\/"},{"@type":"ListItem","position":3,"name":"EnduNAD"}]},{"@type":"WebSite","@id":"https:\/\/www.pharmacie-de-la-croisette.fr\/pharmacie\/#website","url":"https:\/\/www.pharmacie-de-la-croisette.fr\/pharmacie\/","name":"Pharmacie de la Croisette","description":"","potentialAction":[{"@type":"SearchAction","target":{"@type":"EntryPoint","urlTemplate":"https:\/\/www.pharmacie-de-la-croisette.fr\/pharmacie\/?s={search_term_string}"},"query-input":{"@type":"PropertyValueSpecification","valueRequired":true,"valueName":"search_term_string"}}],"inLanguage":"fr-FR"}]}},"_links":{"self":[{"href":"https:\/\/www.pharmacie-de-la-croisette.fr\/pharmacie\/wp-json\/wp\/v2\/product\/8683","targetHints":{"allow":["GET"]}}],"collection":[{"href":"https:\/\/www.pharmacie-de-la-croisette.fr\/pharmacie\/wp-json\/wp\/v2\/product"}],"about":[{"href":"https:\/\/www.pharmacie-de-la-croisette.fr\/pharmacie\/wp-json\/wp\/v2\/types\/product"}],"replies":[{"embeddable":true,"href":"https:\/\/www.pharmacie-de-la-croisette.fr\/pharmacie\/wp-json\/wp\/v2\/comments?post=8683"}],"wp:featuredmedia":[{"embeddable":true,"href":"https:\/\/www.pharmacie-de-la-croisette.fr\/pharmacie\/wp-json\/wp\/v2\/media\/8682"}],"wp:attachment":[{"href":"https:\/\/www.pharmacie-de-la-croisette.fr\/pharmacie\/wp-json\/wp\/v2\/media?parent=8683"}],"wp:term":[{"taxonomy":"product_brand","embeddable":true,"href":"https:\/\/www.pharmacie-de-la-croisette.fr\/pharmacie\/wp-json\/wp\/v2\/product_brand?post=8683"},{"taxonomy":"product_cat","embeddable":true,"href":"https:\/\/www.pharmacie-de-la-croisette.fr\/pharmacie\/wp-json\/wp\/v2\/product_cat?post=8683"},{"taxonomy":"product_tag","embeddable":true,"href":"https:\/\/www.pharmacie-de-la-croisette.fr\/pharmacie\/wp-json\/wp\/v2\/product_tag?post=8683"}],"curies":[{"name":"wp","href":"https:\/\/api.w.org\/{rel}","templated":true}]}}