{"id":4653,"date":"2024-10-18T19:46:51","date_gmt":"2024-10-18T19:46:51","guid":{"rendered":"https:\/\/chirurgie-orthopedie-vannes.fr\/pharmacie\/?post_type=product&#038;p=4653"},"modified":"2025-09-03T20:00:48","modified_gmt":"2025-09-03T20:00:48","slug":"foot-trooper","status":"publish","type":"product","link":"https:\/\/www.pharmacie-de-la-croisette.fr\/pharmacie\/supp\/foot-trooper\/","title":{"rendered":"Foot Trooper"},"content":{"rendered":"<h2 class=\"wp-block-heading\">Qu&rsquo;est-ce que Foot Trooper et comment fonctionne-t-il ?<\/h2>\n\n\n<p><b>Foot Trooper<\/b> est un <b>suppl\u00e9ment de<\/b> pointe qui vise \u00e0 lutter contre les mycoses des pieds. Les personnes confront\u00e9es \u00e0 ce probl\u00e8me se demandent souvent <b>ce qu&rsquo;est Foot Trooper<\/b> et quel est l&rsquo;<b>effet<\/b> de ce produit. Ce <b>compl\u00e9ment<\/b> est disponible sous forme de spray, ce qui facilite l&rsquo;application et l&rsquo;absorption rapide des principes actifs.<\/p>\n\n\n<p>L&rsquo;<b>action<\/b> principale de Foot Trooper est d&rsquo;\u00e9liminer les champignons et les bact\u00e9ries qui peuvent conduire \u00e0 une infection. Le compl\u00e9ment est formul\u00e9 \u00e0 partir d&rsquo;extraits naturels de plantes et de substances antifongiques dont l&rsquo;efficacit\u00e9 est prouv\u00e9e contre les mycoses des pieds. Les utilisateurs peuvent ainsi \u00eatre soulag\u00e9s des sympt\u00f4mes tels que les d\u00e9mangeaisons, les br\u00fblures ou les odeurs d\u00e9sagr\u00e9ables.<\/p>\n\n\n<p>Gr\u00e2ce \u00e0 sa formule innovante, Foot Trooper agit rapidement et efficacement, ce qui en fait une solution pr\u00e9cieuse pour les personnes souffrant de probl\u00e8mes de mycoses des pieds. L&rsquo;<b>utilisation<\/b> r\u00e9guli\u00e8re <b>de<\/b> ce compl\u00e9ment peut am\u00e9liorer de mani\u00e8re significative le confort de vos pieds, en leur redonnant leur sant\u00e9 et leur fra\u00eecheur naturelles.<\/p>\n\n\n<h2 class=\"wp-block-heading\">Foot Trooper &#8211; effets de la demande<\/h2>\n\n\n<p>L&rsquo;<b>utilisation<\/b> r\u00e9guli\u00e8re <b>du<\/b> compl\u00e9ment Foot Trooper donne des <b>r\u00e9sultats<\/b> visibles, notamment dans la lutte contre les mycoses des pieds. Les consommateurs remarquent souvent une am\u00e9lioration significative dans la r\u00e9duction des d\u00e9mangeaisons et des br\u00fblures, ce qui a un impact important sur le confort de la vie quotidienne. Les effets se traduisent \u00e9galement par une r\u00e9duction de la visibilit\u00e9 des l\u00e9sions cutan\u00e9es, ce qui suscite la satisfaction des personnes souffrant de probl\u00e8mes dermatologiques.<\/p>\n\n\n<p>Comme Foot Trooper soutient notre peau dans la lutte contre la teigne, il am\u00e9liore \u00e9galement la sant\u00e9 des ongles, qui peuvent \u00eatre endommag\u00e9s par ce probl\u00e8me g\u00eanant. De nombreuses personnes rapportent qu&rsquo;apr\u00e8s quelques semaines de prise du compl\u00e9ment, elles remarquent une diff\u00e9rence fondamentale non seulement en termes d&rsquo;esth\u00e9tique, mais aussi de confort g\u00e9n\u00e9ral de leurs pieds.<\/p>\n\n\n<figure class=\"wp-block-table\"><table class=\"has-fixed-layout\"><tbody><tr><th>Effet<\/th><th>Description<\/th><\/tr><tr><td>R\u00e9duction des d\u00e9mangeaisons<\/td><td>R\u00e9duire la sensation d&rsquo;inconfort sur la peau.<\/td><\/tr><tr><td>R\u00e9duire la combustion<\/td><td>Plus de sensations d\u00e9sagr\u00e9ables au contact des chaussures.<\/td><\/tr><tr><td>Am\u00e9lioration de l&rsquo;aspect des ongles<\/td><td>Am\u00e9liorer l&rsquo;\u00e9tat des ongles sujets aux infections fongiques.<\/td><\/tr><tr><td>Confort accru<\/td><td>Am\u00e9lioration globale du bien-\u00eatre et de la satisfaction \u00e0 l&rsquo;\u00e9gard des pieds.<\/td><\/tr><\/tbody><\/table><\/figure>\n\n\n<h2 class=\"wp-block-heading\">Comment utiliser correctement Foot Trooper &#8211; Dosage<\/h2>\n\n\n<p>L<b>&lsquo;application de<\/b> Foot Trooper est extr\u00eamement simple et ne requiert aucune comp\u00e9tence particuli\u00e8re. Il est recommand\u00e9 d&rsquo;appliquer le spray sur la peau des pieds soigneusement nettoy\u00e9e et s\u00e9ch\u00e9e. Une attention particuli\u00e8re doit \u00eatre port\u00e9e aux zones o\u00f9 les sympt\u00f4mes de la mycose sont les plus visibles.<\/p>\n\n\n<p>Le fabricant du produit conseille de <b>prendre le m\u00e9dicament<\/b> au moins une fois par jour pendant au moins quatre semaines. Il est important de ne pas interrompre le traitement, m\u00eame si les sympt\u00f4mes disparaissent plus t\u00f4t. Seule une utilisation r\u00e9guli\u00e8re de Foot Trooper permet d&rsquo;obtenir les r\u00e9sultats escompt\u00e9s.<\/p>\n\n\n<p>Voici quelques conseils d&rsquo;application :<\/p>\n\n\n\n<ul class=\"wp-block-list\">\n<li>Veillez \u00e0 ce que la peau de votre pied soit propre et s\u00e8che avant l&rsquo;application.<\/li>\n\n\n\n<li>Vaporiser \u00e0 une distance suffisante pour couvrir uniform\u00e9ment la peau.<\/li>\n\n\n\n<li>Utiliser le produit quotidiennement pour minimiser le risque de r\u00e9apparition des sympt\u00f4mes.<\/li>\n\n\n\n<li>Si les sympt\u00f4mes persistent apr\u00e8s quatre semaines, consultez un sp\u00e9cialiste.<\/li>\n<\/ul>\n\n\n<p>Le respect de ces consignes de dosage et d&rsquo;utilisation de Foot Trooper peut faire une diff\u00e9rence significative dans les r\u00e9sultats du traitement.<\/p>\n\n\n<h2 class=\"wp-block-heading\">Critiques et opinions sur Foot Trooper<\/h2>\n\n\n<p>Les <b>commentaires<\/b> sur Foot Trooper sont majoritairement positifs. Les utilisateurs font l&rsquo;\u00e9loge du produit pour son efficacit\u00e9 et sa <b>composition<\/b> naturelle. Les <b>commentaires<\/b> soulignent souvent que l&rsquo;utilisation de Foot Trooper apporte des r\u00e9sultats notables dans la lutte contre les mycoses du pied. De nombreuses personnes sont convaincues de l&rsquo;efficacit\u00e9 du produit apr\u00e8s une courte p\u00e9riode de temps.<\/p>\n\n\n\n<blockquote class=\"wp-block-quote is-layout-flow wp-block-quote-is-layout-flow\"><p><em>Catherine :<\/em> \u00ab\u00a0J&rsquo;ai d\u00e9cid\u00e9 d&rsquo;utiliser Foot Trooper parce que j&rsquo;avais un probl\u00e8me de mycose des pieds depuis plusieurs mois. Apr\u00e8s une semaine d&rsquo;utilisation, j&rsquo;ai remarqu\u00e9 une am\u00e9lioration significative &#8211; les sympt\u00f4mes de d\u00e9mangeaisons ont disparu et la peau est devenue beaucoup plus lisse. Je le recommande sans h\u00e9siter !<\/p>\n<\/blockquote>\n\n\n<p>D&rsquo;autres <b>avis<\/b> confirment \u00e9galement l&rsquo;efficacit\u00e9 de Foot Trooper, ce qui en fait l&rsquo;un des compl\u00e9ments les plus recommand\u00e9s sur le march\u00e9. Les utilisateurs remarquent que leurs pieds se r\u00e9tablissent et que le confort de leurs chaussures s&rsquo;am\u00e9liore consid\u00e9rablement.<\/p>\n\n\n\n<blockquote class=\"wp-block-quote is-layout-flow wp-block-quote-is-layout-flow\"><p><em>Marek :<\/em> \u00ab\u00a0Je cherchais depuis longtemps une solution efficace contre la teigne. Foot Trooper m&rsquo;a s\u00e9duit par sa composition naturelle. Apr\u00e8s deux semaines d&rsquo;utilisation quotidienne, mes pieds sont redevenus sains. C&rsquo;est un excellent produit.<\/p>\n<\/blockquote>\n\n\n<p>Agnieszka ajoute que : <em>\u00ab\u00a0Foot Trooper est le meilleur suppl\u00e9ment que j&rsquo;ai essay\u00e9. Les effets ont \u00e9t\u00e9 visibles imm\u00e9diatement et le plus important est qu&rsquo;il n&rsquo;y a pas d&rsquo;additifs chimiques. Mon pied est redevenu normal et je me sens \u00e0 l&rsquo;aise\u00a0\u00bb.<\/em><\/p>\n\n\n<p>Ces <b>commentaires<\/b> montrent que Foot Trooper est largement appr\u00e9ci\u00e9 par les utilisateurs et encouragent son utilisation dans la lutte contre le tinea pedis. La conclusion de ces commentaires indique la popularit\u00e9 croissante de ce suppl\u00e9ment parmi ceux qui luttent contre la teigne. Les consommateurs constatent de r\u00e9els b\u00e9n\u00e9fices, ce qui d\u00e9montre la polyvalence et l&rsquo;efficacit\u00e9 du produit.<\/p>\n\n\n<h2 class=\"wp-block-heading\">Foot Trooper &#8211; Composition &#8211; Analyse des ingr\u00e9dients<\/h2>\n\n\n<p>Foot Trooper est une pr\u00e9paration qui se distingue par sa composition soigneusement s\u00e9lectionn\u00e9e. Son <em>analyse des ingr\u00e9dients<\/em> r\u00e9v\u00e8le une vari\u00e9t\u00e9 de substances actives con\u00e7ues pour soutenir la lutte contre les mycoses du pied. Parmi les ingr\u00e9dients cl\u00e9s, on trouve des extraits de plantes tels que l&rsquo;huile d&rsquo;arbre \u00e0 th\u00e9 et l&rsquo;extrait de Neem. Ces substances naturelles ont une <b>action<\/b> antifongique et hydratante, ce qui est important pour les probl\u00e8mes de peau des pieds.<\/p>\n\n\n<p>Le fabricant a veill\u00e9 \u00e0 ce que Foot Trooper ne contienne pas de colorants artificiels ni de conservateurs, ce qui le rend sans danger pour les personnes \u00e0 la peau sensible. Une telle composition d&rsquo;ingr\u00e9dients permet au produit d&rsquo;agir efficacement, en contribuant \u00e0 l&rsquo;am\u00e9lioration de l&rsquo;\u00e9tat de la peau et \u00e0 l&rsquo;\u00e9limination des sympt\u00f4mes d\u00e9sagr\u00e9ables du mycosis fongo\u00efde. La vari\u00e9t\u00e9 des ingr\u00e9dients et leur action synergique sont \u00e0 la base de l&rsquo;efficacit\u00e9 de Foot Trooper, qui se traduit par la satisfaction de l&rsquo;utilisateur.<\/p>\n\n\n<h2 class=\"wp-block-heading\">Prix Foot Trooper &#8211; O\u00f9 acheter ?<\/h2>\n\n\n<p><b>Le prix de<\/b> Foot Trooper peut varier en fonction des <em>promotions<\/em> en cours. Pour obtenir les meilleures offres, il vaut la peine de visiter le site <em>officiel du fabricant<\/em>, o\u00f9 les derni\u00e8res informations sur les prix et les r\u00e9ductions disponibles sont disponibles. Ce <b>suppl\u00e9ment contre la mycose du pied<\/b> n&rsquo;est pas disponible dans les pharmacies de ville, ce qui signifie que l&rsquo;achat en ligne est l&rsquo;option la plus pratique.<\/p>\n\n\n<p>Sur le site du fabricant, il est \u00e9galement possible de lire des informations sur <em>Foot Trooper<\/em>, qui peuvent vous aider \u00e0 prendre une d\u00e9cision. Le fait d&rsquo;acheter directement aupr\u00e8s du fabricant permet non seulement de b\u00e9n\u00e9ficier des meilleurs prix, mais aussi de garantir l&rsquo;originalit\u00e9 du produit.<\/p>\n\n\n<h2 class=\"wp-block-heading\">Effets secondaires potentiels et contre-indications de Foot Trooper<\/h2>\n\n\n<p>L&rsquo;utilisation de Foot Trooper est g\u00e9n\u00e9ralement consid\u00e9r\u00e9e comme s\u00fbre, mais comme tout <b>suppl\u00e9ment<\/b>, il peut provoquer des <b>effets secondaires<\/b>. Les plus courants sont l&rsquo;irritation de la peau et les r\u00e9actions allergiques. Les personnes \u00e0 la peau sensible ou qui ont des doutes sur l&rsquo;utilisation du produit doivent demander l&rsquo;avis d&rsquo;un m\u00e9decin avant de commencer le traitement.<\/p>\n\n\n<p>Les <b>contre-indications<\/b> de Foot Trooper comprennent une allergie \u00e0 l&rsquo;un des ingr\u00e9dients du compl\u00e9ment. Il est important de toujours lire attentivement l&rsquo;\u00e9tiquette du produit et de surveiller l&rsquo;apparition de tout sympt\u00f4me inqui\u00e9tant. Si de tels sympt\u00f4mes apparaissent, n&rsquo;h\u00e9sitez pas \u00e0 interrompre l&rsquo;utilisation du produit et \u00e0 contacter votre m\u00e9decin.<\/p>\n\n\n<p>Il convient de noter que chaque organisme est diff\u00e9rent et peut r\u00e9agir diff\u00e9remment \u00e0 chaque suppl\u00e9ment. Par cons\u00e9quent, il est recommand\u00e9 aux personnes ayant d\u00e9j\u00e0 des probl\u00e8mes de sant\u00e9 d&rsquo;examiner attentivement leurs options et de consulter un professionnel avant d&rsquo;utiliser Foot Trooper.<\/p>\n","protected":false},"excerpt":{"rendered":"<p><strong>[date_countdown]<\/strong><\/p>\n<p><img decoding=\"async\" class=\"alignnone  wp-image-8427\" src=\"https:\/\/www.pharmacie-de-la-croisette.fr\/pharmacie\/wp-content\/uploads\/2024\/10\/SAFE-PAY-300x88-1.png\" alt=\"SAFE-PAY-300x88\" width=\"164\" height=\"48\" \/><\/p>\n","protected":false},"featured_media":4237,"comment_status":"open","ping_status":"closed","template":"","meta":{"neve_meta_sidebar":"","neve_meta_container":"","neve_meta_enable_content_width":"","neve_meta_content_width":0,"neve_meta_title_alignment":"","neve_meta_author_avatar":"","neve_post_elements_order":"","neve_meta_disable_header":"","neve_meta_disable_footer":"","neve_meta_disable_title":"","neve_meta_reading_time":""},"product_brand":[],"product_cat":[18],"product_tag":[],"class_list":{"0":"post-4653","1":"product","2":"type-product","3":"status-publish","4":"has-post-thumbnail","6":"product_cat-sante","8":"first","9":"instock","10":"sale","11":"shipping-taxable","12":"product-type-external"},"yoast_head":"<!-- This site is optimized with the Yoast SEO plugin v27.4 - https:\/\/yoast.com\/product\/yoast-seo-wordpress\/ -->\n<title>Foot Trooper - Avis, Pharmacie, Forum, Prix, Effets | -50%<\/title>\n<meta name=\"robots\" content=\"index, follow, max-snippet:-1, max-image-preview:large, max-video-preview:-1\" \/>\n<link rel=\"canonical\" href=\"https:\/\/www.pharmacie-de-la-croisette.fr\/pharmacie\/supp\/foot-trooper\/\" \/>\n<meta property=\"og:locale\" content=\"fr_FR\" \/>\n<meta property=\"og:type\" content=\"article\" \/>\n<meta property=\"og:title\" content=\"Foot Trooper - Avis, Pharmacie, Forum, Prix, Effets | -50%\" \/>\n<meta property=\"og:url\" content=\"https:\/\/www.pharmacie-de-la-croisette.fr\/pharmacie\/supp\/foot-trooper\/\" \/>\n<meta property=\"og:site_name\" content=\"Pharmacie de la Croisette\" \/>\n<meta property=\"article:modified_time\" content=\"2025-09-03T20:00:48+00:00\" \/>\n<meta property=\"og:image\" content=\"https:\/\/www.pharmacie-de-la-croisette.fr\/pharmacie\/wp-content\/uploads\/2024\/10\/Foot-Trooper.jpg\" \/>\n\t<meta property=\"og:image:width\" content=\"768\" \/>\n\t<meta property=\"og:image:height\" content=\"768\" \/>\n\t<meta property=\"og:image:type\" content=\"image\/jpeg\" \/>\n<meta name=\"twitter:card\" content=\"summary_large_image\" \/>\n<meta name=\"twitter:description\" content=\"[date_countdown]\" \/>\n<meta name=\"twitter:label1\" content=\"Dur\u00e9e de lecture estim\u00e9e\" \/>\n\t<meta name=\"twitter:data1\" content=\"7 minutes\" \/>\n<script type=\"application\/ld+json\" class=\"yoast-schema-graph\">{\"@context\":\"https:\\\/\\\/schema.org\",\"@graph\":[{\"@type\":\"WebPage\",\"@id\":\"https:\\\/\\\/www.pharmacie-de-la-croisette.fr\\\/pharmacie\\\/supp\\\/foot-trooper\\\/\",\"url\":\"https:\\\/\\\/www.pharmacie-de-la-croisette.fr\\\/pharmacie\\\/supp\\\/foot-trooper\\\/\",\"name\":\"Foot Trooper - Avis, Pharmacie, Forum, Prix, Effets | -50%\",\"isPartOf\":{\"@id\":\"https:\\\/\\\/www.pharmacie-de-la-croisette.fr\\\/pharmacie\\\/#website\"},\"primaryImageOfPage\":{\"@id\":\"https:\\\/\\\/www.pharmacie-de-la-croisette.fr\\\/pharmacie\\\/supp\\\/foot-trooper\\\/#primaryimage\"},\"image\":{\"@id\":\"https:\\\/\\\/www.pharmacie-de-la-croisette.fr\\\/pharmacie\\\/supp\\\/foot-trooper\\\/#primaryimage\"},\"thumbnailUrl\":\"https:\\\/\\\/www.pharmacie-de-la-croisette.fr\\\/pharmacie\\\/wp-content\\\/uploads\\\/2024\\\/10\\\/Foot-Trooper.jpg\",\"datePublished\":\"2024-10-18T19:46:51+00:00\",\"dateModified\":\"2025-09-03T20:00:48+00:00\",\"breadcrumb\":{\"@id\":\"https:\\\/\\\/www.pharmacie-de-la-croisette.fr\\\/pharmacie\\\/supp\\\/foot-trooper\\\/#breadcrumb\"},\"inLanguage\":\"fr-FR\",\"potentialAction\":[{\"@type\":\"ReadAction\",\"target\":[\"https:\\\/\\\/www.pharmacie-de-la-croisette.fr\\\/pharmacie\\\/supp\\\/foot-trooper\\\/\"]}]},{\"@type\":\"ImageObject\",\"inLanguage\":\"fr-FR\",\"@id\":\"https:\\\/\\\/www.pharmacie-de-la-croisette.fr\\\/pharmacie\\\/supp\\\/foot-trooper\\\/#primaryimage\",\"url\":\"https:\\\/\\\/www.pharmacie-de-la-croisette.fr\\\/pharmacie\\\/wp-content\\\/uploads\\\/2024\\\/10\\\/Foot-Trooper.jpg\",\"contentUrl\":\"https:\\\/\\\/www.pharmacie-de-la-croisette.fr\\\/pharmacie\\\/wp-content\\\/uploads\\\/2024\\\/10\\\/Foot-Trooper.jpg\",\"width\":768,\"height\":768},{\"@type\":\"BreadcrumbList\",\"@id\":\"https:\\\/\\\/www.pharmacie-de-la-croisette.fr\\\/pharmacie\\\/supp\\\/foot-trooper\\\/#breadcrumb\",\"itemListElement\":[{\"@type\":\"ListItem\",\"position\":1,\"name\":\"Strona g\u0142\u00f3wna\",\"item\":\"https:\\\/\\\/www.pharmacie-de-la-croisette.fr\\\/pharmacie\\\/\"},{\"@type\":\"ListItem\",\"position\":2,\"name\":\"farmaci\",\"item\":\"https:\\\/\\\/www.pharmacie-de-la-croisette.fr\\\/pharmacie\\\/\"},{\"@type\":\"ListItem\",\"position\":3,\"name\":\"Foot Trooper\"}]},{\"@type\":\"WebSite\",\"@id\":\"https:\\\/\\\/www.pharmacie-de-la-croisette.fr\\\/pharmacie\\\/#website\",\"url\":\"https:\\\/\\\/www.pharmacie-de-la-croisette.fr\\\/pharmacie\\\/\",\"name\":\"Pharmacie de la Croisette\",\"description\":\"\",\"potentialAction\":[{\"@type\":\"SearchAction\",\"target\":{\"@type\":\"EntryPoint\",\"urlTemplate\":\"https:\\\/\\\/www.pharmacie-de-la-croisette.fr\\\/pharmacie\\\/?s={search_term_string}\"},\"query-input\":{\"@type\":\"PropertyValueSpecification\",\"valueRequired\":true,\"valueName\":\"search_term_string\"}}],\"inLanguage\":\"fr-FR\"}]}<\/script>\n<!-- \/ Yoast SEO plugin. -->","yoast_head_json":{"title":"Foot Trooper - Avis, Pharmacie, Forum, Prix, Effets | -50%","robots":{"index":"index","follow":"follow","max-snippet":"max-snippet:-1","max-image-preview":"max-image-preview:large","max-video-preview":"max-video-preview:-1"},"canonical":"https:\/\/www.pharmacie-de-la-croisette.fr\/pharmacie\/supp\/foot-trooper\/","og_locale":"fr_FR","og_type":"article","og_title":"Foot Trooper - Avis, Pharmacie, Forum, Prix, Effets | -50%","og_url":"https:\/\/www.pharmacie-de-la-croisette.fr\/pharmacie\/supp\/foot-trooper\/","og_site_name":"Pharmacie de la Croisette","article_modified_time":"2025-09-03T20:00:48+00:00","og_image":[{"width":768,"height":768,"url":"https:\/\/www.pharmacie-de-la-croisette.fr\/pharmacie\/wp-content\/uploads\/2024\/10\/Foot-Trooper.jpg","type":"image\/jpeg"}],"twitter_card":"summary_large_image","twitter_description":"[date_countdown]","twitter_misc":{"Dur\u00e9e de lecture estim\u00e9e":"7 minutes"},"schema":{"@context":"https:\/\/schema.org","@graph":[{"@type":"WebPage","@id":"https:\/\/www.pharmacie-de-la-croisette.fr\/pharmacie\/supp\/foot-trooper\/","url":"https:\/\/www.pharmacie-de-la-croisette.fr\/pharmacie\/supp\/foot-trooper\/","name":"Foot Trooper - Avis, Pharmacie, Forum, Prix, Effets | -50%","isPartOf":{"@id":"https:\/\/www.pharmacie-de-la-croisette.fr\/pharmacie\/#website"},"primaryImageOfPage":{"@id":"https:\/\/www.pharmacie-de-la-croisette.fr\/pharmacie\/supp\/foot-trooper\/#primaryimage"},"image":{"@id":"https:\/\/www.pharmacie-de-la-croisette.fr\/pharmacie\/supp\/foot-trooper\/#primaryimage"},"thumbnailUrl":"https:\/\/www.pharmacie-de-la-croisette.fr\/pharmacie\/wp-content\/uploads\/2024\/10\/Foot-Trooper.jpg","datePublished":"2024-10-18T19:46:51+00:00","dateModified":"2025-09-03T20:00:48+00:00","breadcrumb":{"@id":"https:\/\/www.pharmacie-de-la-croisette.fr\/pharmacie\/supp\/foot-trooper\/#breadcrumb"},"inLanguage":"fr-FR","potentialAction":[{"@type":"ReadAction","target":["https:\/\/www.pharmacie-de-la-croisette.fr\/pharmacie\/supp\/foot-trooper\/"]}]},{"@type":"ImageObject","inLanguage":"fr-FR","@id":"https:\/\/www.pharmacie-de-la-croisette.fr\/pharmacie\/supp\/foot-trooper\/#primaryimage","url":"https:\/\/www.pharmacie-de-la-croisette.fr\/pharmacie\/wp-content\/uploads\/2024\/10\/Foot-Trooper.jpg","contentUrl":"https:\/\/www.pharmacie-de-la-croisette.fr\/pharmacie\/wp-content\/uploads\/2024\/10\/Foot-Trooper.jpg","width":768,"height":768},{"@type":"BreadcrumbList","@id":"https:\/\/www.pharmacie-de-la-croisette.fr\/pharmacie\/supp\/foot-trooper\/#breadcrumb","itemListElement":[{"@type":"ListItem","position":1,"name":"Strona g\u0142\u00f3wna","item":"https:\/\/www.pharmacie-de-la-croisette.fr\/pharmacie\/"},{"@type":"ListItem","position":2,"name":"farmaci","item":"https:\/\/www.pharmacie-de-la-croisette.fr\/pharmacie\/"},{"@type":"ListItem","position":3,"name":"Foot Trooper"}]},{"@type":"WebSite","@id":"https:\/\/www.pharmacie-de-la-croisette.fr\/pharmacie\/#website","url":"https:\/\/www.pharmacie-de-la-croisette.fr\/pharmacie\/","name":"Pharmacie de la Croisette","description":"","potentialAction":[{"@type":"SearchAction","target":{"@type":"EntryPoint","urlTemplate":"https:\/\/www.pharmacie-de-la-croisette.fr\/pharmacie\/?s={search_term_string}"},"query-input":{"@type":"PropertyValueSpecification","valueRequired":true,"valueName":"search_term_string"}}],"inLanguage":"fr-FR"}]}},"_links":{"self":[{"href":"https:\/\/www.pharmacie-de-la-croisette.fr\/pharmacie\/wp-json\/wp\/v2\/product\/4653","targetHints":{"allow":["GET"]}}],"collection":[{"href":"https:\/\/www.pharmacie-de-la-croisette.fr\/pharmacie\/wp-json\/wp\/v2\/product"}],"about":[{"href":"https:\/\/www.pharmacie-de-la-croisette.fr\/pharmacie\/wp-json\/wp\/v2\/types\/product"}],"replies":[{"embeddable":true,"href":"https:\/\/www.pharmacie-de-la-croisette.fr\/pharmacie\/wp-json\/wp\/v2\/comments?post=4653"}],"wp:featuredmedia":[{"embeddable":true,"href":"https:\/\/www.pharmacie-de-la-croisette.fr\/pharmacie\/wp-json\/wp\/v2\/media\/4237"}],"wp:attachment":[{"href":"https:\/\/www.pharmacie-de-la-croisette.fr\/pharmacie\/wp-json\/wp\/v2\/media?parent=4653"}],"wp:term":[{"taxonomy":"product_brand","embeddable":true,"href":"https:\/\/www.pharmacie-de-la-croisette.fr\/pharmacie\/wp-json\/wp\/v2\/product_brand?post=4653"},{"taxonomy":"product_cat","embeddable":true,"href":"https:\/\/www.pharmacie-de-la-croisette.fr\/pharmacie\/wp-json\/wp\/v2\/product_cat?post=4653"},{"taxonomy":"product_tag","embeddable":true,"href":"https:\/\/www.pharmacie-de-la-croisette.fr\/pharmacie\/wp-json\/wp\/v2\/product_tag?post=4653"}],"curies":[{"name":"wp","href":"https:\/\/api.w.org\/{rel}","templated":true}]}}