{"id":4646,"date":"2024-10-18T19:46:51","date_gmt":"2024-10-18T19:46:51","guid":{"rendered":"https:\/\/chirurgie-orthopedie-vannes.fr\/pharmacie\/?post_type=product&#038;p=4646"},"modified":"2025-10-30T15:42:46","modified_gmt":"2025-10-30T15:42:46","slug":"rhinofix","status":"publish","type":"product","link":"https:\/\/www.pharmacie-de-la-croisette.fr\/pharmacie\/supp\/rhinofix\/","title":{"rendered":"Rhinofix"},"content":{"rendered":"<h2 class=\"wp-block-heading\">Qu&rsquo;est-ce que le Rhinofix et comment fonctionne-t-il ?<\/h2>\n\n\n<p><b>Rhinofix<\/b> est un outil innovant qui permet de corriger le nez de mani\u00e8re non invasive. Gr\u00e2ce \u00e0 sa conception, faite de mat\u00e9riaux hypoallerg\u00e9niques, il offre confort et <b>s\u00e9curit\u00e9<\/b> lorsqu&rsquo;il est utilis\u00e9 \u00e0 domicile. Le Rhinofix <b>fonctionne<\/b> en appliquant une l\u00e9g\u00e8re pression sur des zones sp\u00e9cifiques du nez pour en modifier progressivement la forme.<\/p>\n\n\n<p>L&rsquo;utilisation r\u00e9guli\u00e8re <b>de<\/b> cet outil pendant la p\u00e9riode recommand\u00e9e, g\u00e9n\u00e9ralement 1 \u00e0 2 mois, permet d&rsquo;obtenir des r\u00e9sultats visibles en mati\u00e8re de correction du nez. Les utilisateurs peuvent facilement modifier l&rsquo;apparence de leur nez sans avoir recours \u00e0 des m\u00e9thodes chirurgicales plus invasives. Rhinofix se caract\u00e9rise par sa facilit\u00e9 d&rsquo;utilisation, ce qui le rend accessible \u00e0 toute personne souhaitant am\u00e9liorer son apparence.<\/p>\n\n\n<h2 class=\"wp-block-heading\">Avantages de Rhinofix &#8211; Effets<\/h2>\n\n\n<p><b>L&rsquo;utilisation du<\/b> Rhinofix apporte de nombreux <em>avantages<\/em> \u00e0 ceux qui souhaitent am\u00e9liorer l&rsquo;apparence de leur <em>nez<\/em>. Cet outil permet de <em>corriger le nez<\/em>, contribuant ainsi \u00e0 lui donner une forme droite et harmonieuse. Gr\u00e2ce au Rhinofix, il est possible non seulement de simplifier les traits, mais aussi de relever le nez, ce qui contribue \u00e0 \u00e9liminer l&rsquo;asym\u00e9trie.<\/p>\n\n\n<p><b>Les effets de l&rsquo;<\/b> utilisation de Rhinofix sont visibles apr\u00e8s une courte p\u00e9riode, ce qui rend cette m\u00e9thode extr\u00eamement attrayante. Les utilisateurs pourront b\u00e9n\u00e9ficier d&rsquo;une apparence plus esth\u00e9tique, ce qui se r\u00e9percute sur leur confiance en soi et leur bien-\u00eatre. Le caract\u00e8re indolore de cette correction est un avantage non n\u00e9gligeable, car il \u00e9limine les risques de complications li\u00e9s \u00e0 la chirurgie plastique traditionnelle.<\/p>\n\n\n<p>Le <b>nez droit<\/b> obtenu avec Rhinofix influencera certainement la perception de l&rsquo;ensemble du visage. Des <b>effets<\/b> suppl\u00e9mentaires tels que la discr\u00e9tion et le confort de port lors des activit\u00e9s quotidiennes font de Rhinofix le choix pr\u00e9f\u00e9r\u00e9 de nombreuses personnes.<\/p>\n\n\n<h2 class=\"wp-block-heading\">Comment utiliser Rhinofix ? &#8211; Dosage et recommandations<\/h2>\n\n\n<p>Pour obtenir des <b>r\u00e9sultats<\/b> optimaux <b>avec<\/b> Rhinofix, il est important de suivre les instructions de dosage appropri\u00e9es. <b>Il<\/b> est recommand\u00e9 de porter le dispositif pendant 15 \u00e0 30 minutes, deux fois par jour. L&rsquo;utilisateur doit s&rsquo;assurer que <b>le produit<\/b> est port\u00e9 correctement pour garantir le confort et l&rsquo;efficacit\u00e9 de l&rsquo;utilisation.<\/p>\n\n\n<p>La r\u00e9gularit\u00e9 est la cl\u00e9 pour obtenir les r\u00e9sultats souhait\u00e9s. Il vaut donc la peine d&rsquo;utiliser Rhinofix syst\u00e9matiquement pour que les r\u00e9sultats soient visibles. Il est \u00e9galement important de veiller \u00e0 l&rsquo;hygi\u00e8ne du dispositif. \u00c9viter tout contact avec l&rsquo;humidit\u00e9 permet de conserver toute sa fonctionnalit\u00e9. Lisez les instructions d\u00e9taill\u00e9es du fabricant avant la premi\u00e8re utilisation.<\/p>\n\n\n<figure class=\"wp-block-table\"><table class=\"has-fixed-layout\"><tbody><tr><th>Dur\u00e9e d&rsquo;utilisation<\/th><th>Fr\u00e9quence<\/th><th>Remarques importantes<\/th><\/tr><tr><td>15-30 minutes<\/td><td>2 fois par jour<\/td><td>Pour garantir le confort et les r\u00e9sultats, l&rsquo;appareil doit \u00eatre correctement install\u00e9<\/td><\/tr><tr><td>&#8211;<\/td><td>&#8211;<\/td><td>Veiller \u00e0 l&rsquo;hygi\u00e8ne du produit, \u00e9viter le contact avec l&rsquo;humidit\u00e9<\/td><\/tr><\/tbody><\/table><\/figure>\n\n\n<h2 class=\"wp-block-heading\">Rhinofix &#8211; Avis et critiques &#8211; Que disent les utilisateurs ?<\/h2>\n\n\n<p>Les <b>utilisateurs de Rhinofix<\/b> ont fait part de nombreux commentaires positifs sur les effets de l&rsquo;utilisation de cet outil innovant. Cela vaut la peine de jeter un coup d&rsquo;\u0153il \u00e0 leurs exp\u00e9riences, qui peuvent \u00eatre utiles \u00e0 ceux qui envisagent d&rsquo;acheter cet outil.<\/p>\n\n\n<p>Plusieurs avis font \u00e9tat de r\u00e9sultats rapides et visibles. De nombreuses personnes remarquent une am\u00e9lioration significative de la forme de leur nez apr\u00e8s seulement quelques semaines d&rsquo;utilisation. <b>Les utilisateurs de Rhinofix<\/b> soulignent la simplicit\u00e9 d&rsquo;utilisation et le confort que cet outil leur apporte dans leur vie quotidienne.<\/p>\n\n\n<p>Le faible poids du Rhinofix et sa capacit\u00e9 \u00e0 \u00eatre port\u00e9 \u00e0 domicile le rendent accessible \u00e0 tous. Pour beaucoup, cela signifie qu&rsquo;il n&rsquo;est pas n\u00e9cessaire de recourir \u00e0 la chirurgie plastique. <b>Les avis<\/b> montrent que les r\u00e9sultats sont souvent \u00e9tonnamment positifs et qu&rsquo;ils renforcent la confiance des personnes qui choisissent de l&rsquo;utiliser.<\/p>\n\n\n<figure class=\"wp-block-table\"><table class=\"has-fixed-layout\"><tbody><tr><th>Utilisateur<\/th><th>Exp\u00e9riences<\/th><th>Effets<\/th><\/tr><tr><td>Ania<\/td><td>En l&rsquo;espace d&rsquo;un mois, j&rsquo;ai constat\u00e9 une am\u00e9lioration significative de la forme de mon nez.<\/td><td>Des effets \u00e9tonnants<\/td><\/tr><tr><td>Michael<\/td><td>J&rsquo;\u00e9tais sceptique, mais Rhinofix fonctionne vraiment.<\/td><td>Nez sym\u00e9trique<\/td><\/tr><tr><td>Kasia<\/td><td>Sans intervention chirurgicale, j&rsquo;ai obtenu les r\u00e9sultats souhait\u00e9s.<\/td><td>Augmentation de l&rsquo;estime de soi<\/td><\/tr><\/tbody><\/table><\/figure>\n\n\n<p><b>Les avis des<\/b> utilisateurs de Rhinofix soulignent l&rsquo;efficacit\u00e9 et la simplicit\u00e9 de ce dispositif, qui attire un nombre croissant d&rsquo;adeptes. Ils s&rsquo;accordent tous \u00e0 dire qu&rsquo;il s&rsquo;agit d&rsquo;une option qui m\u00e9rite d&rsquo;\u00eatre envisag\u00e9e pour ceux qui souhaitent am\u00e9liorer leur apparence sans recourir \u00e0 des proc\u00e9dures invasives. Ces <b>avis<\/b> encouragent les gens \u00e0 essayer le Rhinofix et \u00e0 d\u00e9couvrir son potentiel par eux-m\u00eames.<\/p>\n\n\n<h2 class=\"wp-block-heading\">Composition du Rhinofix &#8211; Analyse des ingr\u00e9dients<\/h2>\n\n\n<p>Rhinofix est un produit de haute qualit\u00e9 dont la <em>composition<\/em> a \u00e9t\u00e9 soigneusement s\u00e9lectionn\u00e9e pour garantir un maximum de <em>s\u00e9curit\u00e9<\/em> et de confort. Le principal mat\u00e9riau utilis\u00e9 pour sa fabrication est le silicone de qualit\u00e9 m\u00e9dicale. Ce mat\u00e9riau se caract\u00e9rise par son hypoallerg\u00e9nicit\u00e9, ce qui minimise le risque de r\u00e9actions allergiques et d&rsquo;irritation de la peau.<\/p>\n\n\n<p>En outre, Rhinofix utilise de l&rsquo;acier inoxydable, ce qui garantit sa durabilit\u00e9 et sa haute <em>qualit\u00e9 de<\/em> fabrication. L&rsquo;acier inoxydable est un mat\u00e9riau r\u00e9sistant \u00e0 la corrosion qui offre une utilisation durable sans compromettre la qualit\u00e9 du produit. Tous ces <em>mat\u00e9riaux<\/em> contribuent \u00e0 faire de Rhinofix une solution s\u00fbre \u00e0 porter au quotidien.<\/p>\n\n\n<p>En analysant la <b>composition du<\/b> Rhinofix, on constate que la combinaison de composants soigneusement s\u00e9lectionn\u00e9s permet \u00e0 ce <b>produit<\/b> d&rsquo;\u00eatre reconnu par les utilisateurs qui attachent de l&rsquo;importance au confort et \u00e0 la <b>s\u00e9curit\u00e9<\/b>. <b>La qualit\u00e9 des<\/b> mat\u00e9riaux utilis\u00e9s dans le produit contribue sans aucun doute \u00e0 son efficacit\u00e9 et \u00e0 son confort de port.<\/p>\n\n\n<h2 class=\"wp-block-heading\">O\u00f9 acheter Rhinofix &#8211; prix<\/h2>\n\n\n<p>Le Rhinofix n&rsquo;est disponible que sur le site <em>officiel du fabricant<\/em>. Il s&rsquo;agit d&rsquo;un \u00e9l\u00e9ment cl\u00e9 pour garantir l&rsquo;authenticit\u00e9 du produit. L&rsquo;achat aupr\u00e8s d&rsquo;autres sources, y compris les pharmacies stationnaires, fait courir le risque d&rsquo;acqu\u00e9rir une contrefa\u00e7on, ce qui peut entra\u00eener des effets ind\u00e9sirables.<\/p>\n\n\n<p>Les prix de Rhinofix peuvent varier en fonction des promotions et des offres en cours. Pour obtenir les meilleures informations sur les <em>prix<\/em>, il est conseill\u00e9 de consulter r\u00e9guli\u00e8rement le site officiel du fabricant. Il convient de noter que les achats effectu\u00e9s directement sur ce site offrent aux clients la s\u00e9curit\u00e9 et l&rsquo;assurance que le produit r\u00e9pond \u00e0 toutes les normes de qualit\u00e9.<\/p>\n\n\n\n<ul class=\"wp-block-list\">\n<li>Achat s\u00e9curis\u00e9 via le site officiel<\/li>\n\n\n\n<li>Promotions en cours affectant le prix<\/li>\n\n\n\n<li>Mise en garde contre les achats dans des lieux non autoris\u00e9s<\/li>\n<\/ul>\n\n\n<p>Avant de d\u00e9cider <em>o\u00f9 acheter<\/em> un Rhinofix, il est conseill\u00e9 d&rsquo;examiner attentivement les offres disponibles sur le site web du fabricant. Les mises \u00e0 jour r\u00e9guli\u00e8res des prix et les promotions peuvent constituer un avantage suppl\u00e9mentaire pour les acheteurs potentiels.<\/p>\n\n\n<h2 class=\"wp-block-heading\">Rhinofix &#8211; Effets secondaires et contre-indications<\/h2>\n\n\n<p>Le Rhinofix est g\u00e9n\u00e9ralement consid\u00e9r\u00e9 comme un outil s\u00fbr pour le remodelage du nez. Toutefois, comme pour tout produit, certains <b>effets secondaires<\/b> peuvent survenir. Les utilisateurs signalent parfois de br\u00e8ves rougeurs ou une g\u00eane dans la zone nasale apr\u00e8s l&rsquo;utilisation du dispositif. Ces sympt\u00f4mes disparaissent g\u00e9n\u00e9ralement d&rsquo;eux-m\u00eames et ne n\u00e9cessitent pas d&rsquo;intervention, mais il vaut la peine d&rsquo;y \u00eatre attentif.<\/p>\n\n\n<p>Avant d&rsquo;utiliser Rhinofix, il est important de lire la notice du produit et ses contre-indications. Les personnes allergiques aux <b>mat\u00e9riaux du<\/b> Rhinofix doivent \u00e9viter de l&rsquo;utiliser pour ne pas s&rsquo;exposer \u00e0 des r\u00e9actions cutan\u00e9es d\u00e9sagr\u00e9ables. La s\u00e9curit\u00e9 d&rsquo;utilisation est primordiale, c&rsquo;est pourquoi il convient de suivre les instructions du manuel d&rsquo;utilisation.<\/p>\n\n\n<p>N&rsquo;oubliez pas que chaque corps est diff\u00e9rent et qu&rsquo;il est donc conseill\u00e9 de consulter votre m\u00e9decin avant d&rsquo;utiliser Rhinofix, surtout si vous avez des doutes. Prendre soin de votre s\u00e9curit\u00e9 et des r\u00e9actions de votre corps est l&rsquo;\u00e9tape la plus importante pour une utilisation efficace et s\u00fbre de cet outil innovant.<\/p>\n","protected":false},"excerpt":{"rendered":"<p><strong>[date_countdown]<\/strong><\/p>\n<p><img decoding=\"async\" class=\"alignnone wp-image-8427\" src=\"https:\/\/www.pharmacie-de-la-croisette.fr\/pharmacie\/wp-content\/uploads\/2024\/10\/SAFE-PAY-300x88-1.png\" alt=\"SAFE-PAY-300x88\" width=\"164\" height=\"48\" \/><\/p>\n","protected":false},"featured_media":4228,"comment_status":"open","ping_status":"closed","template":"","meta":{"neve_meta_sidebar":"","neve_meta_container":"","neve_meta_enable_content_width":"","neve_meta_content_width":0,"neve_meta_title_alignment":"","neve_meta_author_avatar":"","neve_post_elements_order":"","neve_meta_disable_header":"","neve_meta_disable_footer":"","neve_meta_disable_title":"","neve_meta_reading_time":""},"product_brand":[],"product_cat":[17],"product_tag":[],"class_list":{"0":"post-4646","1":"product","2":"type-product","3":"status-publish","4":"has-post-thumbnail","6":"product_cat-beaute","8":"first","9":"instock","10":"sale","11":"shipping-taxable","12":"product-type-external"},"yoast_head":"<!-- This site is optimized with the Yoast SEO plugin v27.4 - https:\/\/yoast.com\/product\/yoast-seo-wordpress\/ -->\n<title>Rhinofix - Avis, Pharmacie, Forum, Prix, Effets | -50%<\/title>\n<meta name=\"robots\" content=\"index, follow, max-snippet:-1, max-image-preview:large, max-video-preview:-1\" \/>\n<link rel=\"canonical\" href=\"https:\/\/www.pharmacie-de-la-croisette.fr\/pharmacie\/supp\/rhinofix\/\" \/>\n<meta property=\"og:locale\" content=\"fr_FR\" \/>\n<meta property=\"og:type\" content=\"article\" \/>\n<meta property=\"og:title\" content=\"Rhinofix - Avis, Pharmacie, Forum, Prix, Effets | -50%\" \/>\n<meta property=\"og:url\" content=\"https:\/\/www.pharmacie-de-la-croisette.fr\/pharmacie\/supp\/rhinofix\/\" \/>\n<meta property=\"og:site_name\" content=\"Pharmacie de la Croisette\" \/>\n<meta property=\"article:modified_time\" content=\"2025-10-30T15:42:46+00:00\" \/>\n<meta property=\"og:image\" content=\"https:\/\/www.pharmacie-de-la-croisette.fr\/pharmacie\/wp-content\/uploads\/2024\/10\/Rhinofix.jpg\" \/>\n\t<meta property=\"og:image:width\" content=\"768\" \/>\n\t<meta property=\"og:image:height\" content=\"768\" \/>\n\t<meta property=\"og:image:type\" content=\"image\/jpeg\" \/>\n<meta name=\"twitter:card\" content=\"summary_large_image\" \/>\n<meta name=\"twitter:description\" content=\"[date_countdown]\" \/>\n<meta name=\"twitter:label1\" content=\"Dur\u00e9e de lecture estim\u00e9e\" \/>\n\t<meta name=\"twitter:data1\" content=\"1 minute\" \/>\n<script type=\"application\/ld+json\" class=\"yoast-schema-graph\">{\"@context\":\"https:\\\/\\\/schema.org\",\"@graph\":[{\"@type\":\"WebPage\",\"@id\":\"https:\\\/\\\/www.pharmacie-de-la-croisette.fr\\\/pharmacie\\\/supp\\\/rhinofix\\\/\",\"url\":\"https:\\\/\\\/www.pharmacie-de-la-croisette.fr\\\/pharmacie\\\/supp\\\/rhinofix\\\/\",\"name\":\"Rhinofix - Avis, Pharmacie, Forum, Prix, Effets | -50%\",\"isPartOf\":{\"@id\":\"https:\\\/\\\/www.pharmacie-de-la-croisette.fr\\\/pharmacie\\\/#website\"},\"primaryImageOfPage\":{\"@id\":\"https:\\\/\\\/www.pharmacie-de-la-croisette.fr\\\/pharmacie\\\/supp\\\/rhinofix\\\/#primaryimage\"},\"image\":{\"@id\":\"https:\\\/\\\/www.pharmacie-de-la-croisette.fr\\\/pharmacie\\\/supp\\\/rhinofix\\\/#primaryimage\"},\"thumbnailUrl\":\"https:\\\/\\\/www.pharmacie-de-la-croisette.fr\\\/pharmacie\\\/wp-content\\\/uploads\\\/2024\\\/10\\\/Rhinofix.jpg\",\"datePublished\":\"2024-10-18T19:46:51+00:00\",\"dateModified\":\"2025-10-30T15:42:46+00:00\",\"breadcrumb\":{\"@id\":\"https:\\\/\\\/www.pharmacie-de-la-croisette.fr\\\/pharmacie\\\/supp\\\/rhinofix\\\/#breadcrumb\"},\"inLanguage\":\"fr-FR\",\"potentialAction\":[{\"@type\":\"ReadAction\",\"target\":[\"https:\\\/\\\/www.pharmacie-de-la-croisette.fr\\\/pharmacie\\\/supp\\\/rhinofix\\\/\"]}]},{\"@type\":\"ImageObject\",\"inLanguage\":\"fr-FR\",\"@id\":\"https:\\\/\\\/www.pharmacie-de-la-croisette.fr\\\/pharmacie\\\/supp\\\/rhinofix\\\/#primaryimage\",\"url\":\"https:\\\/\\\/www.pharmacie-de-la-croisette.fr\\\/pharmacie\\\/wp-content\\\/uploads\\\/2024\\\/10\\\/Rhinofix.jpg\",\"contentUrl\":\"https:\\\/\\\/www.pharmacie-de-la-croisette.fr\\\/pharmacie\\\/wp-content\\\/uploads\\\/2024\\\/10\\\/Rhinofix.jpg\",\"width\":768,\"height\":768},{\"@type\":\"BreadcrumbList\",\"@id\":\"https:\\\/\\\/www.pharmacie-de-la-croisette.fr\\\/pharmacie\\\/supp\\\/rhinofix\\\/#breadcrumb\",\"itemListElement\":[{\"@type\":\"ListItem\",\"position\":1,\"name\":\"Strona g\u0142\u00f3wna\",\"item\":\"https:\\\/\\\/www.pharmacie-de-la-croisette.fr\\\/pharmacie\\\/\"},{\"@type\":\"ListItem\",\"position\":2,\"name\":\"farmaci\",\"item\":\"https:\\\/\\\/www.pharmacie-de-la-croisette.fr\\\/pharmacie\\\/\"},{\"@type\":\"ListItem\",\"position\":3,\"name\":\"Rhinofix\"}]},{\"@type\":\"WebSite\",\"@id\":\"https:\\\/\\\/www.pharmacie-de-la-croisette.fr\\\/pharmacie\\\/#website\",\"url\":\"https:\\\/\\\/www.pharmacie-de-la-croisette.fr\\\/pharmacie\\\/\",\"name\":\"Pharmacie de la Croisette\",\"description\":\"\",\"potentialAction\":[{\"@type\":\"SearchAction\",\"target\":{\"@type\":\"EntryPoint\",\"urlTemplate\":\"https:\\\/\\\/www.pharmacie-de-la-croisette.fr\\\/pharmacie\\\/?s={search_term_string}\"},\"query-input\":{\"@type\":\"PropertyValueSpecification\",\"valueRequired\":true,\"valueName\":\"search_term_string\"}}],\"inLanguage\":\"fr-FR\"}]}<\/script>\n<!-- \/ Yoast SEO plugin. -->","yoast_head_json":{"title":"Rhinofix - Avis, Pharmacie, Forum, Prix, Effets | -50%","robots":{"index":"index","follow":"follow","max-snippet":"max-snippet:-1","max-image-preview":"max-image-preview:large","max-video-preview":"max-video-preview:-1"},"canonical":"https:\/\/www.pharmacie-de-la-croisette.fr\/pharmacie\/supp\/rhinofix\/","og_locale":"fr_FR","og_type":"article","og_title":"Rhinofix - Avis, Pharmacie, Forum, Prix, Effets | -50%","og_url":"https:\/\/www.pharmacie-de-la-croisette.fr\/pharmacie\/supp\/rhinofix\/","og_site_name":"Pharmacie de la Croisette","article_modified_time":"2025-10-30T15:42:46+00:00","og_image":[{"width":768,"height":768,"url":"https:\/\/www.pharmacie-de-la-croisette.fr\/pharmacie\/wp-content\/uploads\/2024\/10\/Rhinofix.jpg","type":"image\/jpeg"}],"twitter_card":"summary_large_image","twitter_description":"[date_countdown]","twitter_misc":{"Dur\u00e9e de lecture estim\u00e9e":"1 minute"},"schema":{"@context":"https:\/\/schema.org","@graph":[{"@type":"WebPage","@id":"https:\/\/www.pharmacie-de-la-croisette.fr\/pharmacie\/supp\/rhinofix\/","url":"https:\/\/www.pharmacie-de-la-croisette.fr\/pharmacie\/supp\/rhinofix\/","name":"Rhinofix - Avis, Pharmacie, Forum, Prix, Effets | -50%","isPartOf":{"@id":"https:\/\/www.pharmacie-de-la-croisette.fr\/pharmacie\/#website"},"primaryImageOfPage":{"@id":"https:\/\/www.pharmacie-de-la-croisette.fr\/pharmacie\/supp\/rhinofix\/#primaryimage"},"image":{"@id":"https:\/\/www.pharmacie-de-la-croisette.fr\/pharmacie\/supp\/rhinofix\/#primaryimage"},"thumbnailUrl":"https:\/\/www.pharmacie-de-la-croisette.fr\/pharmacie\/wp-content\/uploads\/2024\/10\/Rhinofix.jpg","datePublished":"2024-10-18T19:46:51+00:00","dateModified":"2025-10-30T15:42:46+00:00","breadcrumb":{"@id":"https:\/\/www.pharmacie-de-la-croisette.fr\/pharmacie\/supp\/rhinofix\/#breadcrumb"},"inLanguage":"fr-FR","potentialAction":[{"@type":"ReadAction","target":["https:\/\/www.pharmacie-de-la-croisette.fr\/pharmacie\/supp\/rhinofix\/"]}]},{"@type":"ImageObject","inLanguage":"fr-FR","@id":"https:\/\/www.pharmacie-de-la-croisette.fr\/pharmacie\/supp\/rhinofix\/#primaryimage","url":"https:\/\/www.pharmacie-de-la-croisette.fr\/pharmacie\/wp-content\/uploads\/2024\/10\/Rhinofix.jpg","contentUrl":"https:\/\/www.pharmacie-de-la-croisette.fr\/pharmacie\/wp-content\/uploads\/2024\/10\/Rhinofix.jpg","width":768,"height":768},{"@type":"BreadcrumbList","@id":"https:\/\/www.pharmacie-de-la-croisette.fr\/pharmacie\/supp\/rhinofix\/#breadcrumb","itemListElement":[{"@type":"ListItem","position":1,"name":"Strona g\u0142\u00f3wna","item":"https:\/\/www.pharmacie-de-la-croisette.fr\/pharmacie\/"},{"@type":"ListItem","position":2,"name":"farmaci","item":"https:\/\/www.pharmacie-de-la-croisette.fr\/pharmacie\/"},{"@type":"ListItem","position":3,"name":"Rhinofix"}]},{"@type":"WebSite","@id":"https:\/\/www.pharmacie-de-la-croisette.fr\/pharmacie\/#website","url":"https:\/\/www.pharmacie-de-la-croisette.fr\/pharmacie\/","name":"Pharmacie de la Croisette","description":"","potentialAction":[{"@type":"SearchAction","target":{"@type":"EntryPoint","urlTemplate":"https:\/\/www.pharmacie-de-la-croisette.fr\/pharmacie\/?s={search_term_string}"},"query-input":{"@type":"PropertyValueSpecification","valueRequired":true,"valueName":"search_term_string"}}],"inLanguage":"fr-FR"}]}},"_links":{"self":[{"href":"https:\/\/www.pharmacie-de-la-croisette.fr\/pharmacie\/wp-json\/wp\/v2\/product\/4646","targetHints":{"allow":["GET"]}}],"collection":[{"href":"https:\/\/www.pharmacie-de-la-croisette.fr\/pharmacie\/wp-json\/wp\/v2\/product"}],"about":[{"href":"https:\/\/www.pharmacie-de-la-croisette.fr\/pharmacie\/wp-json\/wp\/v2\/types\/product"}],"replies":[{"embeddable":true,"href":"https:\/\/www.pharmacie-de-la-croisette.fr\/pharmacie\/wp-json\/wp\/v2\/comments?post=4646"}],"wp:featuredmedia":[{"embeddable":true,"href":"https:\/\/www.pharmacie-de-la-croisette.fr\/pharmacie\/wp-json\/wp\/v2\/media\/4228"}],"wp:attachment":[{"href":"https:\/\/www.pharmacie-de-la-croisette.fr\/pharmacie\/wp-json\/wp\/v2\/media?parent=4646"}],"wp:term":[{"taxonomy":"product_brand","embeddable":true,"href":"https:\/\/www.pharmacie-de-la-croisette.fr\/pharmacie\/wp-json\/wp\/v2\/product_brand?post=4646"},{"taxonomy":"product_cat","embeddable":true,"href":"https:\/\/www.pharmacie-de-la-croisette.fr\/pharmacie\/wp-json\/wp\/v2\/product_cat?post=4646"},{"taxonomy":"product_tag","embeddable":true,"href":"https:\/\/www.pharmacie-de-la-croisette.fr\/pharmacie\/wp-json\/wp\/v2\/product_tag?post=4646"}],"curies":[{"name":"wp","href":"https:\/\/api.w.org\/{rel}","templated":true}]}}