{"id":4592,"date":"2024-10-18T19:46:36","date_gmt":"2024-10-18T19:46:36","guid":{"rendered":"https:\/\/chirurgie-orthopedie-vannes.fr\/pharmacie\/?post_type=product&#038;p=4592"},"modified":"2025-10-30T15:47:02","modified_gmt":"2025-10-30T15:47:02","slug":"proflexen","status":"publish","type":"product","link":"https:\/\/www.pharmacie-de-la-croisette.fr\/pharmacie\/supp\/proflexen\/","title":{"rendered":"ProFlexen"},"content":{"rendered":"<h2 class=\"wp-block-heading\">Qu&rsquo;est-ce que ProFlexen et comment fonctionne-t-il ?<\/h2>\n\n\n<p>ProFlexen est un <b>compl\u00e9ment articulaire<\/b> innovant con\u00e7u pour soutenir la sant\u00e9 des articulations. Son action repose sur des ingr\u00e9dients naturels tels que le collag\u00e8ne, la glucosamine, la chondro\u00eftine et l&rsquo;extrait de r\u00e9sine d&rsquo;encens indien. ProFlexen soutient efficacement les processus de r\u00e9g\u00e9n\u00e9ration de l&rsquo;organisme, ce qui est important tant pour les personnes physiquement actives que pour celles qui souffrent de douleurs articulaires chroniques.<\/p>\n\n\n<p><b>Comment fonctionne<\/b> ProFlexen ? Gr\u00e2ce \u00e0 ses ingr\u00e9dients soigneusement s\u00e9lectionn\u00e9s, ProFlexen contribue \u00e0 augmenter la souplesse et la force des articulations. L&rsquo;<b>utilisation<\/b> r\u00e9guli\u00e8re <b>de<\/b> ce compl\u00e9ment aide \u00e0 r\u00e9duire la douleur et l&rsquo;inflammation. Les <b>ingr\u00e9dients de ProFlexen<\/b>, tels que l&rsquo;UC-II\u00ae, sont essentiels car ils ont une efficacit\u00e9 prouv\u00e9e pour faciliter le maintien de la sant\u00e9 des articulations, ce qui a \u00e9t\u00e9 confirm\u00e9 par de nombreuses \u00e9tudes cliniques.<\/p>\n\n\n<p>Il convient \u00e9galement de noter que ProFlexen contient de la vitamine C, essentielle \u00e0 la production naturelle de collag\u00e8ne. Associ\u00e9 au mangan\u00e8se et au zinc, le compl\u00e9ment favorise la sant\u00e9 des os et peut prot\u00e9ger contre l&rsquo;ost\u00e9oporose. ProFlexen est un soutien complet pour la sant\u00e9 des articulations qui est de plus en plus populaire parmi les personnes qui recherchent des solutions efficaces aux probl\u00e8mes articulaires.<\/p>\n\n\n<h2 class=\"wp-block-heading\">Avantages de ProFlexen &#8211; Effets<\/h2>\n\n\n<p>L&rsquo;<b>utilisation<\/b> r\u00e9guli\u00e8re de ProFlexen pr\u00e9sente de nombreux <b>avantages<\/b> importants pour les personnes souffrant de probl\u00e8mes articulaires. Ce <b>compl\u00e9ment pour des articulations saines<\/b> favorise une meilleure mobilit\u00e9 et augmente la flexibilit\u00e9, ce qui vous permet de profiter d&rsquo;un mode de vie actif. Il convient de noter que les <b>effets de ProFlexen<\/b> comprennent \u00e9galement le soulagement de la douleur et de l&rsquo;inflammation, ce qui peut \u00eatre particuli\u00e8rement utile pour les personnes \u00e2g\u00e9es et celles dont la mobilit\u00e9 est limit\u00e9e.<\/p>\n\n\n<p>L&rsquo;un des \u00e9l\u00e9ments cl\u00e9s de ProFlexen est sa composition, qui comprend des substances telles que le collag\u00e8ne, la glucosamine et la chondro\u00eftine. Ces ingr\u00e9dients sont essentiels au maintien de la sant\u00e9 des articulations et du tissu conjonctif, ce qui contribue \u00e0 la pr\u00e9vention des probl\u00e8mes articulaires. Ce compl\u00e9ment favorise \u00e9galement la r\u00e9g\u00e9n\u00e9ration des articulations, ce qui permet un retour plus rapide \u00e0 l&rsquo;activit\u00e9 physique apr\u00e8s une blessure.<\/p>\n\n\n<p>ProFlexen facilite non seulement la reconstruction des tissus articulaires, mais renforce \u00e9galement les os, ce qui est essentiel pour la pr\u00e9vention de l&rsquo;ost\u00e9oporose. En prenant r\u00e9guli\u00e8rement ce compl\u00e9ment, vous constaterez une am\u00e9lioration significative de la sant\u00e9 des articulations, comme le confirment les nombreux adeptes de ProFlexen qui appr\u00e9cient son efficacit\u00e9 et son absence d&rsquo;effets secondaires. ProFlexen est donc le choix optimal pour ceux qui souhaitent prendre soin de leurs articulations et de leur bien-\u00eatre g\u00e9n\u00e9ral.<\/p>\n\n\n<h2 class=\"wp-block-heading\">Comment utiliser ProFlexen &#8211; Mode d&#8217;emploi et posologie<\/h2>\n\n\n<p>Pour des r\u00e9sultats optimaux, ProFlexen doit \u00eatre utilis\u00e9 conform\u00e9ment aux recommandations du fabricant. Il est essentiel de lire attentivement les <em>instructions<\/em> figurant sur l&#8217;emballage, car le <b>dosage de ProFlexen<\/b> peut varier en fonction de la version du produit.<\/p>\n\n\n\n<ul class=\"wp-block-list\">\n<li>La dose recommand\u00e9e est de 2 g\u00e9lules par jour.<\/li>\n\n\n\n<li>Il est pr\u00e9f\u00e9rable de prendre les g\u00e9lules pendant les repas, ce qui augmente l&rsquo;efficacit\u00e9 du compl\u00e9ment.<\/li>\n\n\n\n<li>La r\u00e9gularit\u00e9 de l&rsquo;utilisation est essentielle pour obtenir des r\u00e9sultats notables, qui se font g\u00e9n\u00e9ralement sentir au bout de quelques semaines.<\/li>\n<\/ul>\n\n\n<p>Un paquet contient 60 g\u00e9lules, ce qui est suffisant pour un mois d&rsquo;utilisation. N&rsquo;oubliez pas d&rsquo;utiliser ProFlexen conform\u00e9ment aux <em>instructions pour<\/em> obtenir les meilleurs r\u00e9sultats.<\/p>\n\n\n<h2 class=\"wp-block-heading\">ProFlexen avis &#8211; Que disent les utilisateurs sur les forums ?<\/h2>\n\n\n<p>Dans de nombreux forums en ligne, les <b>utilisateurs<\/b> partagent leurs <em>opinions<\/em> sur ProFlexen, indiquant une vari\u00e9t\u00e9 d&rsquo;exp\u00e9riences avec son utilisation. Parmi les avis positifs, on trouve souvent des d\u00e9clarations de personnes qui ont constat\u00e9 des effets mesurables apr\u00e8s avoir commenc\u00e9 le traitement.<\/p>\n\n\n<p>Par exemple, une utilisatrice a remarqu\u00e9 des am\u00e9liorations significatives dans son fonctionnement quotidien, lui permettant de mener une vie plus active. <b>Les<\/b> sportifs soulignent l&rsquo;effet positif du produit sur la r\u00e9g\u00e9n\u00e9ration des articulations apr\u00e8s un entra\u00eenement intensif. Ces voix se retrouvent sur le <em>forum ProFlexen<\/em>, o\u00f9 beaucoup soulignent que la suppl\u00e9mentation a contribu\u00e9 \u00e0 r\u00e9duire la douleur.<\/p>\n\n\n\n<ul class=\"wp-block-list\">\n<li>Les<b>utilisateurs<\/b> font \u00e9tat d&rsquo;un meilleur confort dans la vie quotidienne gr\u00e2ce \u00e0 ProFlexen.<\/li>\n\n\n\n<li>Les sportifs constatent un meilleur soutien de leurs articulations et une r\u00e9cup\u00e9ration plus rapide.<\/li>\n\n\n\n<li>Le sentiment g\u00e9n\u00e9ral des utilisateurs sur les forums est que le produit est tr\u00e8s efficace.<\/li>\n<\/ul>\n\n\n<p>Les <b>commentaires<\/b> sur ProFlexen montrent que la prise r\u00e9guli\u00e8re du compl\u00e9ment peut \u00eatre <b>b\u00e9n\u00e9fique<\/b> pour r\u00e9duire les raideurs articulaires matinales et am\u00e9liorer la flexibilit\u00e9 des articulations. Les commentaires du <em>forum ProFlexen<\/em> constituent une source d&rsquo;information importante pour les personnes qui envisagent de prendre <em>ProFlexen<\/em>.<\/p>\n\n\n<h2 class=\"wp-block-heading\">ProFlexen &#8211; Composition<\/h2>\n\n\n<p>ProFlexen est un compl\u00e9ment bas\u00e9 sur une <em>formulation ProFlexen<\/em> soigneusement s\u00e9lectionn\u00e9e et contenant un certain nombre d&rsquo;<em>ingr\u00e9dients naturels<\/em>. Leur objectif principal est de soutenir la <em>sant\u00e9<\/em> et le bon fonctionnement des <em>articulations<\/em>. Le produit contient des \u00e9l\u00e9ments importants pour la souplesse et la sant\u00e9 des articulations.<\/p>\n\n\n<p>Le collag\u00e8ne joue un r\u00f4le cl\u00e9 dans le maintien de la solidit\u00e9 du tissu conjonctif. Il favorise la r\u00e9g\u00e9n\u00e9ration, ce qui est particuli\u00e8rement important pour les personnes physiquement actives. La glucosamine, un autre ingr\u00e9dient, soutient non seulement les processus de r\u00e9g\u00e9n\u00e9ration, mais influe \u00e9galement sur le maintien d&rsquo;une structure saine du cartilage articulaire. La chondro\u00eftine, quant \u00e0 elle, prot\u00e8ge le cartilage des l\u00e9sions, ce qui soulage la douleur et la raideur.<\/p>\n\n\n<p>Le fabricant a enrichi la formule avec du Boswellia Serrata, connu pour son action anti-inflammatoire, ce qui fait de ProFlexen un soutien efficace dans la r\u00e9duction des sympt\u00f4mes de l&rsquo;inflammation. En outre, les vitamines et les min\u00e9raux inclus dans la <em>composition de ProFlexen<\/em> d\u00e9terminent son action globale, soutenant non seulement les articulations, mais aussi l&rsquo;ensemble de l&rsquo;organisme.<\/p>\n\n\n<h2 class=\"wp-block-heading\">O\u00f9 acheter ProFlexen &#8211; prix<\/h2>\n\n\n<p>Si vous souhaitez obtenir le produit original ProFlexen \u00e0 un prix int\u00e9ressant, visitez le site officiel du fabricant. Gr\u00e2ce \u00e0 de nombreuses promotions, vous pouvez \u00e9conomiser jusqu&rsquo;\u00e0 50 %, ce qui rend votre achat encore plus int\u00e9ressant.<\/p>\n\n\n<p>Ne cherchez pas ProFlexen dans les pharmacies ou les papeteries &#8211; le produit est uniquement disponible \u00e0 la vente en ligne. Vous \u00eates ainsi assur\u00e9 d&rsquo;obtenir un produit de la plus haute qualit\u00e9.<\/p>\n\n\n<h2 class=\"wp-block-heading\">ProFlexen &#8211; Effets secondaires et contre-indications &#8211; S\u00e9curit\u00e9 d&#8217;emploi<\/h2>\n\n\n<p>ProFlexen, gr\u00e2ce \u00e0 sa formule naturelle, minimise le risque d&rsquo;effets secondaires. Cela en fait un produit consid\u00e9r\u00e9 comme s\u00fbr pour la plupart des utilisateurs. Toutefois, un avis m\u00e9dical est recommand\u00e9 avant de commencer la suppl\u00e9mentation, en particulier si vous souffrez d&rsquo;une maladie existante ou si vous avez des pr\u00e9occupations en mati\u00e8re de sant\u00e9.<\/p>\n\n\n<p>Il convient \u00e9galement de noter les <b>contre-indications<\/b> potentielles de ProFlexen. Les personnes hypersensibles aux ingr\u00e9dients du compl\u00e9ment, les femmes enceintes et les m\u00e8res qui allaitent doivent \u00e9viter ce produit. La lecture de la notice jointe \u00e0 l&#8217;emballage est essentielle pour garantir une utilisation s\u00fbre et \u00e9viter les effets ind\u00e9sirables.<\/p>\n\n\n<p>Dans l&rsquo;ensemble, ProFlexen semble \u00eatre une option s\u00fbre pour ceux qui cherchent \u00e0 am\u00e9liorer la sant\u00e9 de leurs articulations. En \u00e9tant conscients des effets secondaires possibles et en suivant le mode d&#8217;emploi, les utilisateurs peuvent maximiser ses <b>b\u00e9n\u00e9fices pour<\/b> la sant\u00e9.<\/p>\n","protected":false},"excerpt":{"rendered":"<p><strong>[date_countdown]<\/strong><\/p>\n<p><img decoding=\"async\" class=\"alignnone wp-image-8427\" src=\"https:\/\/www.pharmacie-de-la-croisette.fr\/pharmacie\/wp-content\/uploads\/2024\/10\/SAFE-PAY-300x88-1.png\" alt=\"SAFE-PAY-300x88\" width=\"164\" height=\"48\" \/><\/p>\n","protected":false},"featured_media":4399,"comment_status":"open","ping_status":"closed","template":"","meta":{"neve_meta_sidebar":"","neve_meta_container":"","neve_meta_enable_content_width":"","neve_meta_content_width":0,"neve_meta_title_alignment":"","neve_meta_author_avatar":"","neve_post_elements_order":"","neve_meta_disable_header":"","neve_meta_disable_footer":"","neve_meta_disable_title":"","neve_meta_reading_time":""},"product_brand":[],"product_cat":[18],"product_tag":[],"class_list":{"0":"post-4592","1":"product","2":"type-product","3":"status-publish","4":"has-post-thumbnail","6":"product_cat-sante","8":"first","9":"instock","10":"sale","11":"shipping-taxable","12":"product-type-external"},"yoast_head":"<!-- This site is optimized with the Yoast SEO plugin v27.4 - https:\/\/yoast.com\/product\/yoast-seo-wordpress\/ -->\n<title>ProFlexen - Avis, Pharmacie, Forum, Prix, Effets | -50%<\/title>\n<meta name=\"robots\" content=\"index, follow, max-snippet:-1, max-image-preview:large, max-video-preview:-1\" \/>\n<link rel=\"canonical\" href=\"https:\/\/www.pharmacie-de-la-croisette.fr\/pharmacie\/supp\/proflexen\/\" \/>\n<meta property=\"og:locale\" content=\"fr_FR\" \/>\n<meta property=\"og:type\" content=\"article\" \/>\n<meta property=\"og:title\" content=\"ProFlexen - Avis, Pharmacie, Forum, Prix, Effets | -50%\" \/>\n<meta property=\"og:url\" content=\"https:\/\/www.pharmacie-de-la-croisette.fr\/pharmacie\/supp\/proflexen\/\" \/>\n<meta property=\"og:site_name\" content=\"Pharmacie de la Croisette\" \/>\n<meta property=\"article:modified_time\" content=\"2025-10-30T15:47:02+00:00\" \/>\n<meta property=\"og:image\" content=\"https:\/\/www.pharmacie-de-la-croisette.fr\/pharmacie\/wp-content\/uploads\/2024\/10\/ProFlexen.jpg\" \/>\n\t<meta property=\"og:image:width\" content=\"768\" \/>\n\t<meta property=\"og:image:height\" content=\"768\" \/>\n\t<meta property=\"og:image:type\" content=\"image\/jpeg\" \/>\n<meta name=\"twitter:card\" content=\"summary_large_image\" \/>\n<meta name=\"twitter:description\" content=\"[date_countdown]\" \/>\n<meta name=\"twitter:label1\" content=\"Dur\u00e9e de lecture estim\u00e9e\" \/>\n\t<meta name=\"twitter:data1\" content=\"1 minute\" \/>\n<script type=\"application\/ld+json\" class=\"yoast-schema-graph\">{\"@context\":\"https:\\\/\\\/schema.org\",\"@graph\":[{\"@type\":\"WebPage\",\"@id\":\"https:\\\/\\\/www.pharmacie-de-la-croisette.fr\\\/pharmacie\\\/supp\\\/proflexen\\\/\",\"url\":\"https:\\\/\\\/www.pharmacie-de-la-croisette.fr\\\/pharmacie\\\/supp\\\/proflexen\\\/\",\"name\":\"ProFlexen - Avis, Pharmacie, Forum, Prix, Effets | -50%\",\"isPartOf\":{\"@id\":\"https:\\\/\\\/www.pharmacie-de-la-croisette.fr\\\/pharmacie\\\/#website\"},\"primaryImageOfPage\":{\"@id\":\"https:\\\/\\\/www.pharmacie-de-la-croisette.fr\\\/pharmacie\\\/supp\\\/proflexen\\\/#primaryimage\"},\"image\":{\"@id\":\"https:\\\/\\\/www.pharmacie-de-la-croisette.fr\\\/pharmacie\\\/supp\\\/proflexen\\\/#primaryimage\"},\"thumbnailUrl\":\"https:\\\/\\\/www.pharmacie-de-la-croisette.fr\\\/pharmacie\\\/wp-content\\\/uploads\\\/2024\\\/10\\\/ProFlexen.jpg\",\"datePublished\":\"2024-10-18T19:46:36+00:00\",\"dateModified\":\"2025-10-30T15:47:02+00:00\",\"breadcrumb\":{\"@id\":\"https:\\\/\\\/www.pharmacie-de-la-croisette.fr\\\/pharmacie\\\/supp\\\/proflexen\\\/#breadcrumb\"},\"inLanguage\":\"fr-FR\",\"potentialAction\":[{\"@type\":\"ReadAction\",\"target\":[\"https:\\\/\\\/www.pharmacie-de-la-croisette.fr\\\/pharmacie\\\/supp\\\/proflexen\\\/\"]}]},{\"@type\":\"ImageObject\",\"inLanguage\":\"fr-FR\",\"@id\":\"https:\\\/\\\/www.pharmacie-de-la-croisette.fr\\\/pharmacie\\\/supp\\\/proflexen\\\/#primaryimage\",\"url\":\"https:\\\/\\\/www.pharmacie-de-la-croisette.fr\\\/pharmacie\\\/wp-content\\\/uploads\\\/2024\\\/10\\\/ProFlexen.jpg\",\"contentUrl\":\"https:\\\/\\\/www.pharmacie-de-la-croisette.fr\\\/pharmacie\\\/wp-content\\\/uploads\\\/2024\\\/10\\\/ProFlexen.jpg\",\"width\":768,\"height\":768},{\"@type\":\"BreadcrumbList\",\"@id\":\"https:\\\/\\\/www.pharmacie-de-la-croisette.fr\\\/pharmacie\\\/supp\\\/proflexen\\\/#breadcrumb\",\"itemListElement\":[{\"@type\":\"ListItem\",\"position\":1,\"name\":\"Strona g\u0142\u00f3wna\",\"item\":\"https:\\\/\\\/www.pharmacie-de-la-croisette.fr\\\/pharmacie\\\/\"},{\"@type\":\"ListItem\",\"position\":2,\"name\":\"farmaci\",\"item\":\"https:\\\/\\\/www.pharmacie-de-la-croisette.fr\\\/pharmacie\\\/\"},{\"@type\":\"ListItem\",\"position\":3,\"name\":\"ProFlexen\"}]},{\"@type\":\"WebSite\",\"@id\":\"https:\\\/\\\/www.pharmacie-de-la-croisette.fr\\\/pharmacie\\\/#website\",\"url\":\"https:\\\/\\\/www.pharmacie-de-la-croisette.fr\\\/pharmacie\\\/\",\"name\":\"Pharmacie de la Croisette\",\"description\":\"\",\"potentialAction\":[{\"@type\":\"SearchAction\",\"target\":{\"@type\":\"EntryPoint\",\"urlTemplate\":\"https:\\\/\\\/www.pharmacie-de-la-croisette.fr\\\/pharmacie\\\/?s={search_term_string}\"},\"query-input\":{\"@type\":\"PropertyValueSpecification\",\"valueRequired\":true,\"valueName\":\"search_term_string\"}}],\"inLanguage\":\"fr-FR\"}]}<\/script>\n<!-- \/ Yoast SEO plugin. -->","yoast_head_json":{"title":"ProFlexen - Avis, Pharmacie, Forum, Prix, Effets | -50%","robots":{"index":"index","follow":"follow","max-snippet":"max-snippet:-1","max-image-preview":"max-image-preview:large","max-video-preview":"max-video-preview:-1"},"canonical":"https:\/\/www.pharmacie-de-la-croisette.fr\/pharmacie\/supp\/proflexen\/","og_locale":"fr_FR","og_type":"article","og_title":"ProFlexen - Avis, Pharmacie, Forum, Prix, Effets | -50%","og_url":"https:\/\/www.pharmacie-de-la-croisette.fr\/pharmacie\/supp\/proflexen\/","og_site_name":"Pharmacie de la Croisette","article_modified_time":"2025-10-30T15:47:02+00:00","og_image":[{"width":768,"height":768,"url":"https:\/\/www.pharmacie-de-la-croisette.fr\/pharmacie\/wp-content\/uploads\/2024\/10\/ProFlexen.jpg","type":"image\/jpeg"}],"twitter_card":"summary_large_image","twitter_description":"[date_countdown]","twitter_misc":{"Dur\u00e9e de lecture estim\u00e9e":"1 minute"},"schema":{"@context":"https:\/\/schema.org","@graph":[{"@type":"WebPage","@id":"https:\/\/www.pharmacie-de-la-croisette.fr\/pharmacie\/supp\/proflexen\/","url":"https:\/\/www.pharmacie-de-la-croisette.fr\/pharmacie\/supp\/proflexen\/","name":"ProFlexen - Avis, Pharmacie, Forum, Prix, Effets | -50%","isPartOf":{"@id":"https:\/\/www.pharmacie-de-la-croisette.fr\/pharmacie\/#website"},"primaryImageOfPage":{"@id":"https:\/\/www.pharmacie-de-la-croisette.fr\/pharmacie\/supp\/proflexen\/#primaryimage"},"image":{"@id":"https:\/\/www.pharmacie-de-la-croisette.fr\/pharmacie\/supp\/proflexen\/#primaryimage"},"thumbnailUrl":"https:\/\/www.pharmacie-de-la-croisette.fr\/pharmacie\/wp-content\/uploads\/2024\/10\/ProFlexen.jpg","datePublished":"2024-10-18T19:46:36+00:00","dateModified":"2025-10-30T15:47:02+00:00","breadcrumb":{"@id":"https:\/\/www.pharmacie-de-la-croisette.fr\/pharmacie\/supp\/proflexen\/#breadcrumb"},"inLanguage":"fr-FR","potentialAction":[{"@type":"ReadAction","target":["https:\/\/www.pharmacie-de-la-croisette.fr\/pharmacie\/supp\/proflexen\/"]}]},{"@type":"ImageObject","inLanguage":"fr-FR","@id":"https:\/\/www.pharmacie-de-la-croisette.fr\/pharmacie\/supp\/proflexen\/#primaryimage","url":"https:\/\/www.pharmacie-de-la-croisette.fr\/pharmacie\/wp-content\/uploads\/2024\/10\/ProFlexen.jpg","contentUrl":"https:\/\/www.pharmacie-de-la-croisette.fr\/pharmacie\/wp-content\/uploads\/2024\/10\/ProFlexen.jpg","width":768,"height":768},{"@type":"BreadcrumbList","@id":"https:\/\/www.pharmacie-de-la-croisette.fr\/pharmacie\/supp\/proflexen\/#breadcrumb","itemListElement":[{"@type":"ListItem","position":1,"name":"Strona g\u0142\u00f3wna","item":"https:\/\/www.pharmacie-de-la-croisette.fr\/pharmacie\/"},{"@type":"ListItem","position":2,"name":"farmaci","item":"https:\/\/www.pharmacie-de-la-croisette.fr\/pharmacie\/"},{"@type":"ListItem","position":3,"name":"ProFlexen"}]},{"@type":"WebSite","@id":"https:\/\/www.pharmacie-de-la-croisette.fr\/pharmacie\/#website","url":"https:\/\/www.pharmacie-de-la-croisette.fr\/pharmacie\/","name":"Pharmacie de la Croisette","description":"","potentialAction":[{"@type":"SearchAction","target":{"@type":"EntryPoint","urlTemplate":"https:\/\/www.pharmacie-de-la-croisette.fr\/pharmacie\/?s={search_term_string}"},"query-input":{"@type":"PropertyValueSpecification","valueRequired":true,"valueName":"search_term_string"}}],"inLanguage":"fr-FR"}]}},"_links":{"self":[{"href":"https:\/\/www.pharmacie-de-la-croisette.fr\/pharmacie\/wp-json\/wp\/v2\/product\/4592","targetHints":{"allow":["GET"]}}],"collection":[{"href":"https:\/\/www.pharmacie-de-la-croisette.fr\/pharmacie\/wp-json\/wp\/v2\/product"}],"about":[{"href":"https:\/\/www.pharmacie-de-la-croisette.fr\/pharmacie\/wp-json\/wp\/v2\/types\/product"}],"replies":[{"embeddable":true,"href":"https:\/\/www.pharmacie-de-la-croisette.fr\/pharmacie\/wp-json\/wp\/v2\/comments?post=4592"}],"wp:featuredmedia":[{"embeddable":true,"href":"https:\/\/www.pharmacie-de-la-croisette.fr\/pharmacie\/wp-json\/wp\/v2\/media\/4399"}],"wp:attachment":[{"href":"https:\/\/www.pharmacie-de-la-croisette.fr\/pharmacie\/wp-json\/wp\/v2\/media?parent=4592"}],"wp:term":[{"taxonomy":"product_brand","embeddable":true,"href":"https:\/\/www.pharmacie-de-la-croisette.fr\/pharmacie\/wp-json\/wp\/v2\/product_brand?post=4592"},{"taxonomy":"product_cat","embeddable":true,"href":"https:\/\/www.pharmacie-de-la-croisette.fr\/pharmacie\/wp-json\/wp\/v2\/product_cat?post=4592"},{"taxonomy":"product_tag","embeddable":true,"href":"https:\/\/www.pharmacie-de-la-croisette.fr\/pharmacie\/wp-json\/wp\/v2\/product_tag?post=4592"}],"curies":[{"name":"wp","href":"https:\/\/api.w.org\/{rel}","templated":true}]}}