{"id":4588,"date":"2024-10-18T19:46:36","date_gmt":"2024-10-18T19:46:36","guid":{"rendered":"https:\/\/chirurgie-orthopedie-vannes.fr\/pharmacie\/?post_type=product&#038;p=4588"},"modified":"2025-10-30T15:10:24","modified_gmt":"2025-10-30T15:10:24","slug":"nuvialab-sugar-control","status":"publish","type":"product","link":"https:\/\/www.pharmacie-de-la-croisette.fr\/pharmacie\/supp\/nuvialab-sugar-control\/","title":{"rendered":"NuviaLab Sugar Control"},"content":{"rendered":"<h2 class=\"wp-block-heading\">Qu&rsquo;est-ce que NuviaLab Sugar Control et comment fonctionne-t-il ?<\/h2>\n\n\n<p>NuviaLab Sugar Control est un <b>compl\u00e9ment<\/b> innovant d\u00e9velopp\u00e9 pour les personnes souhaitant soutenir le contr\u00f4le du sucre. Son <b>action<\/b> repose sur une combinaison unique de 9 ingr\u00e9dients actifs qui r\u00e9gulent efficacement la glyc\u00e9mie. Des ingr\u00e9dients cl\u00e9s tels que l&rsquo;extrait de m\u00fbrier blanc, la cannelle et les feuilles de th\u00e9 vert favorisent le m\u00e9tabolisme des hydrates de carbone, ce qui contribue \u00e0 la stabilisation du taux de sucre.<\/p>\n\n\n<p>L&rsquo;<b>utilisation<\/b> r\u00e9guli\u00e8re <b>de<\/b> NuviaLab Sugar Control peut entra\u00eener non seulement une am\u00e9lioration de la sensibilit\u00e9 \u00e0 l&rsquo;insuline, mais aussi une r\u00e9duction de la sensation de fatigue, qui affecte le bien-\u00eatre au quotidien. Le <b>compl\u00e9ment<\/b> favorise la r\u00e9gulation de l&rsquo;activit\u00e9 hormonale, qui est d&rsquo;une grande importance pour de nombreux processus m\u00e9taboliques dans l&rsquo;organisme.<\/p>\n\n\n<p><b>Il<\/b> contient \u00e9galement des micronutriments extr\u00eamement importants tels que le chrome et la vitamine B6 pour soutenir le contr\u00f4le quotidien du sucre. NuviaLab Sugar Control est un excellent choix pour ceux qui ont un mode de vie sain et qui essaient de maintenir des niveaux de glucose stables dans l&rsquo;organisme.<\/p>\n\n\n<h2 class=\"wp-block-heading\">Avantages de NuviaLab Sugar Control &#8211; Effets<\/h2>\n\n\n<p>Les <b>avantages de l&rsquo;<\/b> utilisation de NuviaLab Sugar Control sont extr\u00eamement importants, en particulier pour les personnes souffrant de probl\u00e8mes de glyc\u00e9mie. L&rsquo;<b>utilisation<\/b> r\u00e9guli\u00e8re <b>du<\/b> compl\u00e9ment contribue \u00e0 la <em>normalisation des niveaux de glucose<\/em>, ce qui a un impact positif sur la <b>sant\u00e9<\/b> et le bien-\u00eatre en g\u00e9n\u00e9ral. Gr\u00e2ce \u00e0 des ingr\u00e9dients tels que l&rsquo;extrait de feuille de m\u00fbrier blanc et le chrome, NuviaLab Sugar Control favorise le <em>contr\u00f4le du sucre<\/em> dans l&rsquo;organisme et stabilise son absorption par le tractus gastro-intestinal.<\/p>\n\n\n<p><b>Les effets de ce<\/b> compl\u00e9ment comprennent \u00e9galement une am\u00e9lioration de la sensibilit\u00e9 des tissus \u00e0 l&rsquo;insuline. Cette r\u00e9gulation est cruciale pour les personnes pr\u00e9sentant une r\u00e9sistance \u00e0 l&rsquo;insuline, ce qui r\u00e9duit le risque de complications diab\u00e9tiques telles que la neuropathie et la r\u00e9tinopathie. <b>Les utilisateurs<\/b> rapportent que la prise r\u00e9guli\u00e8re de NuviaLab Sugar Control entra\u00eene une augmentation de l&rsquo;\u00e9nergie et une diminution de la fatigue, ce qui les aide dans leurs activit\u00e9s quotidiennes.<\/p>\n\n\n<p>La stabilisation de la glyc\u00e9mie n&rsquo;est pas seulement une question de sant\u00e9. NuviaLab Sugar Control peut \u00e9galement contribuer \u00e0 r\u00e9duire les envies de sucreries, ce qui prend de l&rsquo;importance lorsqu&rsquo;il s&rsquo;agit de contr\u00f4ler le poids corporel. La diminution de l&rsquo;app\u00e9tit et de l&rsquo;apport calorique sont des <b>effets<\/b> qui attirent l&rsquo;attention des personnes soucieuses de leur tour de taille et de leur bien-\u00eatre g\u00e9n\u00e9ral. Comprendre comment NuviaLab Sugar Control affecte la <em>sant\u00e9<\/em> et les performances de l&rsquo;organisme en fait un choix appr\u00e9ci\u00e9 par de nombreux adultes d\u00e9sireux d&rsquo;am\u00e9liorer leur qualit\u00e9 de vie.<\/p>\n\n\n<h2 class=\"wp-block-heading\">Comment utiliser NuviaLab Sugar Control ? &#8211; Dosage et recommandations<\/h2>\n\n\n<p>L<b>&lsquo;utilisation de<\/b> NuviaLab Sugar Control est simple et abordable. Le fabricant recommande de <b>prendre<\/b> <em>une capsule par jour<\/em>, de pr\u00e9f\u00e9rence au cours d&rsquo;un repas. Ce mode de prise favorise une bonne absorption des principes actifs contenus dans ce compl\u00e9ment. La cl\u00e9 pour obtenir des r\u00e9sultats optimaux est l&rsquo;utilisation r\u00e9guli\u00e8re du produit et l&rsquo;adaptation de sa prise aux besoins individuels de l&rsquo;organisme.<\/p>\n\n\n<p>Il est conseill\u00e9 de lire la notice avant de commencer la suppl\u00e9mentation et de consulter votre m\u00e9decin en cas de doute sur le dosage. Il convient de rappeler que NuviaLab Sugar Control contient des ingr\u00e9dients naturels, ce qui minimise le risque d&rsquo;effets secondaires. Le produit est disponible sans ordonnance dans certaines pharmacies et sur le site internet du fabricant.<\/p>\n\n\n<p>Pour les personnes souffrant de probl\u00e8mes m\u00e9taboliques, la prise r\u00e9guli\u00e8re de NuviaLab Sugar Control peut aider \u00e0 stabiliser les niveaux de sucre dans le sang. Un <b>dosage<\/b> et une utilisation corrects de ce compl\u00e9ment peuvent favoriser un fonctionnement sain de l&rsquo;organisme et un contr\u00f4le de la glyc\u00e9mie.<\/p>\n\n\n<h2 class=\"wp-block-heading\">NuviaLab Sugar Control &#8211; Avis des utilisateurs, forum &#8211; Que disent les utilisateurs ?<\/h2>\n\n\n<p><b>Les utilisateurs de<\/b> NuviaLab Sugar Control partagent activement leurs opinions sur divers forums en ligne. Nombre d&rsquo;entre eux soulignent les effets positifs de l&rsquo;utilisation du compl\u00e9ment, en particulier dans le contexte de la stabilisation des niveaux de sucre dans le sang. L&rsquo;utilisation r\u00e9guli\u00e8re de NuviaLab Sugar Control a clairement contribu\u00e9 \u00e0 am\u00e9liorer le sentiment de bien-\u00eatre et \u00e0 augmenter les niveaux d&rsquo;\u00e9nergie de nombreuses personnes.<\/p>\n\n\n<p>Le <b>forum<\/b> contient de nombreux commentaires dans lesquels les utilisateurs d\u00e9crivent leurs exp\u00e9riences personnelles. Certains ont remarqu\u00e9 une r\u00e9duction de la fatigue et une am\u00e9lioration de leur \u00e9tat de sant\u00e9 g\u00e9n\u00e9ral. Beaucoup confirment que le compl\u00e9ment est devenu un \u00e9l\u00e9ment important de leur r\u00e9gime alimentaire quotidien, les aidant \u00e0 mieux g\u00e9rer leur glyc\u00e9mie.<\/p>\n\n\n<p>Les <b>commentaires des<\/b> utilisateurs de NuviaLab Sugar Control apparaissent souvent dans le contexte de sa composition naturelle. On note souvent la pr\u00e9sence d&rsquo;ingr\u00e9dients tels que l&rsquo;extrait de feuille de m\u00fbrier blanc, l&rsquo;acide alpha-lipo\u00efque et le chrome, qui sont connus pour avoir un effet positif sur le m\u00e9tabolisme du glucose. Gr\u00e2ce \u00e0 ces ingr\u00e9dients, les utilisateurs ont l&rsquo;impression de mieux contr\u00f4ler leur niveau d&rsquo;\u00e9nergie et leur app\u00e9tit.<\/p>\n\n\n<p>Chaque client ayant utilis\u00e9 NuviaLab Sugar Control a ressenti des effets diff\u00e9rents, ce qui est mis en \u00e9vidence par la diversit\u00e9 des avis. Il vaut donc la peine de consulter les forums pour voir l&rsquo;\u00e9ventail complet des exp\u00e9riences des autres utilisateurs, ce qui peut vous aider \u00e0 prendre une d\u00e9cision d&rsquo;achat.<\/p>\n\n\n<h2 class=\"wp-block-heading\">NuviaLab Sugar Control &#8211; Composition &#8211; Que contient ce produit ?<\/h2>\n\n\n<p>NuviaLab Sugar Control est un <b>compl\u00e9ment alimentaire<\/b> qui contient neuf ingr\u00e9dients soigneusement s\u00e9lectionn\u00e9s pour soutenir le contr\u00f4le de la glyc\u00e9mie. Sa <em>composition<\/em> inclut des <em>extraits naturels<\/em> certifi\u00e9s ainsi que des vitamines et des min\u00e9raux qui ont un effet positif sur le m\u00e9tabolisme et la r\u00e9gulation du glucose. Gr\u00e2ce \u00e0 l&rsquo;origine naturelle des <em>ingr\u00e9dients<\/em>, l&rsquo;utilisation de ce compl\u00e9ment minimise le risque d&rsquo;effets secondaires, ce qui le rend s\u00fbr pour les utilisateurs.<\/p>\n\n\n<figure class=\"wp-block-table\"><table class=\"has-fixed-layout\"><tbody><tr><th>Composant<\/th><th>Description<\/th><th>Avantages<\/th><\/tr><tr><td>Extrait de melon amer<\/td><td>Contient de la momordicine<\/td><td>Favorise la sensibilit\u00e9 \u00e0 l&rsquo;insuline<\/td><\/tr><tr><td>Extrait de cannelle<\/td><td>R\u00e9gule les niveaux de glucose<\/td><td>Am\u00e9liore le m\u00e9tabolisme<\/td><\/tr><tr><td>Chrome<\/td><td>Min\u00e9raux<\/td><td>Soutien \u00e0 la r\u00e9glementation du sucre<\/td><\/tr><tr><td>Extrait de berb\u00e9rine<\/td><td>Ingr\u00e9dient naturel<\/td><td>R\u00e9duit la sensation de fatigue<\/td><\/tr><tr><td>Vitamine D<\/td><td>Soutient le syst\u00e8me immunitaire<\/td><td><b>B\u00e9n\u00e9fices<\/b> pour la sant\u00e9 g\u00e9n\u00e9rale<\/td><\/tr><\/tbody><\/table><\/figure>\n\n\n<p>L&rsquo;utilisation r\u00e9guli\u00e8re de NuviaLab Sugar Control peut aider \u00e0 stabiliser le poids et \u00e0 pr\u00e9venir les pics de sucre d\u00e9favorables apr\u00e8s les repas. Gr\u00e2ce \u00e0 l&rsquo;action synergique des diff\u00e9rents <em>ingr\u00e9dients<\/em>, ce produit devient un soutien efficace pour ceux qui souhaitent contr\u00f4ler leur <b>sant\u00e9<\/b> et leur bien-\u00eatre.<\/p>\n\n\n<h2 class=\"wp-block-heading\">O\u00f9 acheter et quel est le prix de NuviaLab Sugar Control ?<\/h2>\n\n\n<p>NuviaLab Sugar Control est uniquement disponible sur le site <em>officiel du fabricant<\/em>. En choisissant d&rsquo;acheter le produit ici, vous \u00eates assur\u00e9 de l&rsquo;originalit\u00e9 et de la haute qualit\u00e9 du suppl\u00e9ment.<\/p>\n\n\n<p><b>Le prix de<\/b> NuviaLab Sugar Control varie en fonction des promotions en cours. Il est donc recommand\u00e9 de consulter r\u00e9guli\u00e8rement l&rsquo;offre du fabricant afin de b\u00e9n\u00e9ficier des meilleures conditions d&rsquo;achat. Il convient de noter que ce compl\u00e9ment n&rsquo;est pas disponible dans les pharmacies stationnaires ni sur les portails de commerce \u00e9lectronique les plus populaires.<\/p>\n\n\n<p>Les utilisateurs peuvent compter sur une livraison internationale rapide et s\u00fbre. L&#8217;emballage contient 60 g\u00e9lules et la dose journali\u00e8re sugg\u00e9r\u00e9e est de 2 g\u00e9lules, ce qui correspond \u00e0 au moins 30 jours de suppl\u00e9mentation.<\/p>\n\n\n<p>En choisissant d&rsquo;acheter NuviaLab Sugar Control, les clients peuvent \u00eatre assur\u00e9s de la grande efficacit\u00e9 et des avantages de son utilisation pour soutenir le contr\u00f4le de la glyc\u00e9mie.<\/p>\n\n\n<h2 class=\"wp-block-heading\">NuviaLab Sugar Control &#8211; Effets secondaires et contre-indications<\/h2>\n\n\n<p>NuviaLab Sugar Control, comme tout <b>compl\u00e9ment alimentaire<\/b>, peut \u00eatre associ\u00e9 \u00e0 certains effets secondaires, bien que ceux-ci soient rares. Les utilisateurs doivent \u00eatre particuli\u00e8rement prudents et conscients des r\u00e9actions allergiques possibles aux ingr\u00e9dients contenus dans le produit. Les effets secondaires les plus fr\u00e9quemment signal\u00e9s sont des \u00e9ruptions cutan\u00e9es, des d\u00e9mangeaisons ou des gonflements, ce qui m\u00e9rite d&rsquo;\u00eatre pris en compte avant de commencer la suppl\u00e9mentation.<\/p>\n\n\n<p>Il est important de comprendre les contre-indications associ\u00e9es \u00e0 NuviaLab Sugar Control. Les personnes souffrant d&rsquo;hypersensibilit\u00e9 \u00e0 l&rsquo;un des ingr\u00e9dients ne doivent pas utiliser ce compl\u00e9ment. Les femmes enceintes et les femmes qui allaitent sont \u00e9galement \u00e0 surveiller. Il est recommand\u00e9 de consulter un m\u00e9decin avant d&rsquo;introduire un suppl\u00e9ment.<\/p>\n\n\n<p>La <b>s\u00e9curit\u00e9 de<\/b> NuviaLab Sugar Control est une consid\u00e9ration importante, c&rsquo;est pourquoi il est toujours conseill\u00e9 de lire l&rsquo;\u00e9tiquette et la documentation du produit. Bien que le compl\u00e9ment puisse \u00eatre un soutien efficace pour stabiliser les niveaux de glucose dans le sang, une approche responsable de son utilisation est cruciale pour la sant\u00e9 et le bien-\u00eatre.<\/p>\n","protected":false},"excerpt":{"rendered":"<p><strong>[date_countdown]<\/strong><\/p>\n<p><img decoding=\"async\" class=\"alignnone wp-image-8427\" src=\"https:\/\/www.pharmacie-de-la-croisette.fr\/pharmacie\/wp-content\/uploads\/2024\/10\/SAFE-PAY-300x88-1.png\" alt=\"SAFE-PAY-300x88\" width=\"164\" height=\"48\" \/><\/p>\n","protected":false},"featured_media":4031,"comment_status":"open","ping_status":"closed","template":"","meta":{"neve_meta_sidebar":"","neve_meta_container":"","neve_meta_enable_content_width":"","neve_meta_content_width":0,"neve_meta_title_alignment":"","neve_meta_author_avatar":"","neve_post_elements_order":"","neve_meta_disable_header":"","neve_meta_disable_footer":"","neve_meta_disable_title":"","neve_meta_reading_time":""},"product_brand":[],"product_cat":[18],"product_tag":[],"class_list":{"0":"post-4588","1":"product","2":"type-product","3":"status-publish","4":"has-post-thumbnail","6":"product_cat-sante","8":"first","9":"instock","10":"sale","11":"shipping-taxable","12":"product-type-external"},"yoast_head":"<!-- This site is optimized with the Yoast SEO plugin v27.4 - https:\/\/yoast.com\/product\/yoast-seo-wordpress\/ -->\n<title>NuviaLab Sugar Control - Avis, Pharmacie, Forum, Prix, Effets | -50%<\/title>\n<meta name=\"robots\" content=\"index, follow, max-snippet:-1, max-image-preview:large, max-video-preview:-1\" \/>\n<link rel=\"canonical\" href=\"https:\/\/www.pharmacie-de-la-croisette.fr\/pharmacie\/supp\/nuvialab-sugar-control\/\" \/>\n<meta property=\"og:locale\" content=\"fr_FR\" \/>\n<meta property=\"og:type\" content=\"article\" \/>\n<meta property=\"og:title\" content=\"NuviaLab Sugar Control - Avis, Pharmacie, Forum, Prix, Effets | -50%\" \/>\n<meta property=\"og:url\" content=\"https:\/\/www.pharmacie-de-la-croisette.fr\/pharmacie\/supp\/nuvialab-sugar-control\/\" \/>\n<meta property=\"og:site_name\" content=\"Pharmacie de la Croisette\" \/>\n<meta property=\"article:modified_time\" content=\"2025-10-30T15:10:24+00:00\" \/>\n<meta property=\"og:image\" content=\"https:\/\/www.pharmacie-de-la-croisette.fr\/pharmacie\/wp-content\/uploads\/2024\/10\/NuviaLab-Sugar-Control.jpg\" \/>\n\t<meta property=\"og:image:width\" content=\"768\" \/>\n\t<meta property=\"og:image:height\" content=\"768\" \/>\n\t<meta property=\"og:image:type\" content=\"image\/jpeg\" \/>\n<meta name=\"twitter:card\" content=\"summary_large_image\" \/>\n<meta name=\"twitter:description\" content=\"[date_countdown]\" \/>\n<meta name=\"twitter:label1\" content=\"Dur\u00e9e de lecture estim\u00e9e\" \/>\n\t<meta name=\"twitter:data1\" content=\"1 minute\" \/>\n<script type=\"application\/ld+json\" class=\"yoast-schema-graph\">{\"@context\":\"https:\\\/\\\/schema.org\",\"@graph\":[{\"@type\":\"WebPage\",\"@id\":\"https:\\\/\\\/www.pharmacie-de-la-croisette.fr\\\/pharmacie\\\/supp\\\/nuvialab-sugar-control\\\/\",\"url\":\"https:\\\/\\\/www.pharmacie-de-la-croisette.fr\\\/pharmacie\\\/supp\\\/nuvialab-sugar-control\\\/\",\"name\":\"NuviaLab Sugar Control - Avis, Pharmacie, Forum, Prix, Effets | -50%\",\"isPartOf\":{\"@id\":\"https:\\\/\\\/www.pharmacie-de-la-croisette.fr\\\/pharmacie\\\/#website\"},\"primaryImageOfPage\":{\"@id\":\"https:\\\/\\\/www.pharmacie-de-la-croisette.fr\\\/pharmacie\\\/supp\\\/nuvialab-sugar-control\\\/#primaryimage\"},\"image\":{\"@id\":\"https:\\\/\\\/www.pharmacie-de-la-croisette.fr\\\/pharmacie\\\/supp\\\/nuvialab-sugar-control\\\/#primaryimage\"},\"thumbnailUrl\":\"https:\\\/\\\/www.pharmacie-de-la-croisette.fr\\\/pharmacie\\\/wp-content\\\/uploads\\\/2024\\\/10\\\/NuviaLab-Sugar-Control.jpg\",\"datePublished\":\"2024-10-18T19:46:36+00:00\",\"dateModified\":\"2025-10-30T15:10:24+00:00\",\"breadcrumb\":{\"@id\":\"https:\\\/\\\/www.pharmacie-de-la-croisette.fr\\\/pharmacie\\\/supp\\\/nuvialab-sugar-control\\\/#breadcrumb\"},\"inLanguage\":\"fr-FR\",\"potentialAction\":[{\"@type\":\"ReadAction\",\"target\":[\"https:\\\/\\\/www.pharmacie-de-la-croisette.fr\\\/pharmacie\\\/supp\\\/nuvialab-sugar-control\\\/\"]}]},{\"@type\":\"ImageObject\",\"inLanguage\":\"fr-FR\",\"@id\":\"https:\\\/\\\/www.pharmacie-de-la-croisette.fr\\\/pharmacie\\\/supp\\\/nuvialab-sugar-control\\\/#primaryimage\",\"url\":\"https:\\\/\\\/www.pharmacie-de-la-croisette.fr\\\/pharmacie\\\/wp-content\\\/uploads\\\/2024\\\/10\\\/NuviaLab-Sugar-Control.jpg\",\"contentUrl\":\"https:\\\/\\\/www.pharmacie-de-la-croisette.fr\\\/pharmacie\\\/wp-content\\\/uploads\\\/2024\\\/10\\\/NuviaLab-Sugar-Control.jpg\",\"width\":768,\"height\":768},{\"@type\":\"BreadcrumbList\",\"@id\":\"https:\\\/\\\/www.pharmacie-de-la-croisette.fr\\\/pharmacie\\\/supp\\\/nuvialab-sugar-control\\\/#breadcrumb\",\"itemListElement\":[{\"@type\":\"ListItem\",\"position\":1,\"name\":\"Strona g\u0142\u00f3wna\",\"item\":\"https:\\\/\\\/www.pharmacie-de-la-croisette.fr\\\/pharmacie\\\/\"},{\"@type\":\"ListItem\",\"position\":2,\"name\":\"farmaci\",\"item\":\"https:\\\/\\\/www.pharmacie-de-la-croisette.fr\\\/pharmacie\\\/\"},{\"@type\":\"ListItem\",\"position\":3,\"name\":\"NuviaLab Sugar Control\"}]},{\"@type\":\"WebSite\",\"@id\":\"https:\\\/\\\/www.pharmacie-de-la-croisette.fr\\\/pharmacie\\\/#website\",\"url\":\"https:\\\/\\\/www.pharmacie-de-la-croisette.fr\\\/pharmacie\\\/\",\"name\":\"Pharmacie de la Croisette\",\"description\":\"\",\"potentialAction\":[{\"@type\":\"SearchAction\",\"target\":{\"@type\":\"EntryPoint\",\"urlTemplate\":\"https:\\\/\\\/www.pharmacie-de-la-croisette.fr\\\/pharmacie\\\/?s={search_term_string}\"},\"query-input\":{\"@type\":\"PropertyValueSpecification\",\"valueRequired\":true,\"valueName\":\"search_term_string\"}}],\"inLanguage\":\"fr-FR\"}]}<\/script>\n<!-- \/ Yoast SEO plugin. -->","yoast_head_json":{"title":"NuviaLab Sugar Control - Avis, Pharmacie, Forum, Prix, Effets | -50%","robots":{"index":"index","follow":"follow","max-snippet":"max-snippet:-1","max-image-preview":"max-image-preview:large","max-video-preview":"max-video-preview:-1"},"canonical":"https:\/\/www.pharmacie-de-la-croisette.fr\/pharmacie\/supp\/nuvialab-sugar-control\/","og_locale":"fr_FR","og_type":"article","og_title":"NuviaLab Sugar Control - Avis, Pharmacie, Forum, Prix, Effets | -50%","og_url":"https:\/\/www.pharmacie-de-la-croisette.fr\/pharmacie\/supp\/nuvialab-sugar-control\/","og_site_name":"Pharmacie de la Croisette","article_modified_time":"2025-10-30T15:10:24+00:00","og_image":[{"width":768,"height":768,"url":"https:\/\/www.pharmacie-de-la-croisette.fr\/pharmacie\/wp-content\/uploads\/2024\/10\/NuviaLab-Sugar-Control.jpg","type":"image\/jpeg"}],"twitter_card":"summary_large_image","twitter_description":"[date_countdown]","twitter_misc":{"Dur\u00e9e de lecture estim\u00e9e":"1 minute"},"schema":{"@context":"https:\/\/schema.org","@graph":[{"@type":"WebPage","@id":"https:\/\/www.pharmacie-de-la-croisette.fr\/pharmacie\/supp\/nuvialab-sugar-control\/","url":"https:\/\/www.pharmacie-de-la-croisette.fr\/pharmacie\/supp\/nuvialab-sugar-control\/","name":"NuviaLab Sugar Control - Avis, Pharmacie, Forum, Prix, Effets | -50%","isPartOf":{"@id":"https:\/\/www.pharmacie-de-la-croisette.fr\/pharmacie\/#website"},"primaryImageOfPage":{"@id":"https:\/\/www.pharmacie-de-la-croisette.fr\/pharmacie\/supp\/nuvialab-sugar-control\/#primaryimage"},"image":{"@id":"https:\/\/www.pharmacie-de-la-croisette.fr\/pharmacie\/supp\/nuvialab-sugar-control\/#primaryimage"},"thumbnailUrl":"https:\/\/www.pharmacie-de-la-croisette.fr\/pharmacie\/wp-content\/uploads\/2024\/10\/NuviaLab-Sugar-Control.jpg","datePublished":"2024-10-18T19:46:36+00:00","dateModified":"2025-10-30T15:10:24+00:00","breadcrumb":{"@id":"https:\/\/www.pharmacie-de-la-croisette.fr\/pharmacie\/supp\/nuvialab-sugar-control\/#breadcrumb"},"inLanguage":"fr-FR","potentialAction":[{"@type":"ReadAction","target":["https:\/\/www.pharmacie-de-la-croisette.fr\/pharmacie\/supp\/nuvialab-sugar-control\/"]}]},{"@type":"ImageObject","inLanguage":"fr-FR","@id":"https:\/\/www.pharmacie-de-la-croisette.fr\/pharmacie\/supp\/nuvialab-sugar-control\/#primaryimage","url":"https:\/\/www.pharmacie-de-la-croisette.fr\/pharmacie\/wp-content\/uploads\/2024\/10\/NuviaLab-Sugar-Control.jpg","contentUrl":"https:\/\/www.pharmacie-de-la-croisette.fr\/pharmacie\/wp-content\/uploads\/2024\/10\/NuviaLab-Sugar-Control.jpg","width":768,"height":768},{"@type":"BreadcrumbList","@id":"https:\/\/www.pharmacie-de-la-croisette.fr\/pharmacie\/supp\/nuvialab-sugar-control\/#breadcrumb","itemListElement":[{"@type":"ListItem","position":1,"name":"Strona g\u0142\u00f3wna","item":"https:\/\/www.pharmacie-de-la-croisette.fr\/pharmacie\/"},{"@type":"ListItem","position":2,"name":"farmaci","item":"https:\/\/www.pharmacie-de-la-croisette.fr\/pharmacie\/"},{"@type":"ListItem","position":3,"name":"NuviaLab Sugar Control"}]},{"@type":"WebSite","@id":"https:\/\/www.pharmacie-de-la-croisette.fr\/pharmacie\/#website","url":"https:\/\/www.pharmacie-de-la-croisette.fr\/pharmacie\/","name":"Pharmacie de la Croisette","description":"","potentialAction":[{"@type":"SearchAction","target":{"@type":"EntryPoint","urlTemplate":"https:\/\/www.pharmacie-de-la-croisette.fr\/pharmacie\/?s={search_term_string}"},"query-input":{"@type":"PropertyValueSpecification","valueRequired":true,"valueName":"search_term_string"}}],"inLanguage":"fr-FR"}]}},"_links":{"self":[{"href":"https:\/\/www.pharmacie-de-la-croisette.fr\/pharmacie\/wp-json\/wp\/v2\/product\/4588","targetHints":{"allow":["GET"]}}],"collection":[{"href":"https:\/\/www.pharmacie-de-la-croisette.fr\/pharmacie\/wp-json\/wp\/v2\/product"}],"about":[{"href":"https:\/\/www.pharmacie-de-la-croisette.fr\/pharmacie\/wp-json\/wp\/v2\/types\/product"}],"replies":[{"embeddable":true,"href":"https:\/\/www.pharmacie-de-la-croisette.fr\/pharmacie\/wp-json\/wp\/v2\/comments?post=4588"}],"wp:featuredmedia":[{"embeddable":true,"href":"https:\/\/www.pharmacie-de-la-croisette.fr\/pharmacie\/wp-json\/wp\/v2\/media\/4031"}],"wp:attachment":[{"href":"https:\/\/www.pharmacie-de-la-croisette.fr\/pharmacie\/wp-json\/wp\/v2\/media?parent=4588"}],"wp:term":[{"taxonomy":"product_brand","embeddable":true,"href":"https:\/\/www.pharmacie-de-la-croisette.fr\/pharmacie\/wp-json\/wp\/v2\/product_brand?post=4588"},{"taxonomy":"product_cat","embeddable":true,"href":"https:\/\/www.pharmacie-de-la-croisette.fr\/pharmacie\/wp-json\/wp\/v2\/product_cat?post=4588"},{"taxonomy":"product_tag","embeddable":true,"href":"https:\/\/www.pharmacie-de-la-croisette.fr\/pharmacie\/wp-json\/wp\/v2\/product_tag?post=4588"}],"curies":[{"name":"wp","href":"https:\/\/api.w.org\/{rel}","templated":true}]}}