{"id":4587,"date":"2024-10-18T19:46:36","date_gmt":"2024-10-18T19:46:36","guid":{"rendered":"https:\/\/chirurgie-orthopedie-vannes.fr\/pharmacie\/?post_type=product&#038;p=4587"},"modified":"2025-10-30T15:47:45","modified_gmt":"2025-10-30T15:47:45","slug":"nuvialab-relax","status":"publish","type":"product","link":"https:\/\/www.pharmacie-de-la-croisette.fr\/pharmacie\/supp\/nuvialab-relax\/","title":{"rendered":"NuviaLab Relax"},"content":{"rendered":"<h2 class=\"wp-block-heading\">Qu&rsquo;est-ce que NuviaLab Relax et comment fonctionne-t-il ?<\/h2>\n\n\n<p><b>NuviaLab Relax<\/b> est un <b>compl\u00e9ment alimentaire<\/b> haut de gamme destin\u00e9 aux personnes qui luttent contre le stress, la fatigue et la mauvaise humeur. <b>L&rsquo;action de<\/b> cette formule repose sur une synergie d&rsquo;ingr\u00e9dients soigneusement s\u00e9lectionn\u00e9s qui aident \u00e0 r\u00e9duire les sympt\u00f4mes du stress. La composition inclut des substances telles que Calmomix\u00ae et Rhodiolife\u00ae, qui soutiennent le fonctionnement du syst\u00e8me nerveux et am\u00e9liorent la qualit\u00e9 du sommeil.<\/p>\n\n\n<p>NuviaLab Relax contient 100% des besoins quotidiens en vitamines B. Il s&rsquo;agit d&rsquo;un soutien essentiel \u00e0 la sant\u00e9 mentale, qui aide \u00e0 maintenir l&rsquo;\u00e9quilibre \u00e9motionnel. Il s&rsquo;agit d&rsquo;un soutien essentiel pour la sant\u00e9 mentale, qui aide \u00e0 maintenir l&rsquo;\u00e9quilibre \u00e9motionnel. Le magn\u00e9sium de l&rsquo;eau de mer augmente la biodisponibilit\u00e9 de cet ingr\u00e9dient, ce qui renforce l&rsquo;<b>effet<\/b> du compl\u00e9ment dans la r\u00e9duction des fluctuations \u00e9motionnelles et de la tension nerveuse. Les personnes qui prennent NuviaLab Relax remarquent une am\u00e9lioration de leur humeur, ce qui se traduit positivement dans leur fonctionnement quotidien.<\/p>\n\n\n<p>Gr\u00e2ce \u00e0 ses propri\u00e9t\u00e9s adaptog\u00e8nes, NuviaLab Relax augmente la r\u00e9sistance au <b>stress<\/b> et soutient les fonctions cognitives telles que la m\u00e9moire et la concentration. <b>Le compl\u00e9ment<\/b> facilite l&rsquo;endormissement et contribue \u00e0 une plus grande tranquillit\u00e9, ce qui favorise un meilleur repos. Les clients qui prennent le compl\u00e9ment r\u00e9guli\u00e8rement font \u00e9tat d&rsquo;une am\u00e9lioration de la qualit\u00e9 du sommeil, ce qui se traduit par plus d&rsquo;\u00e9nergie et de meilleures performances tout au long de la journ\u00e9e. La dose recommand\u00e9e est de deux g\u00e9lules par jour, ce qui garantit l&rsquo;efficacit\u00e9 du compl\u00e9ment NuviaLab Relax.<\/p>\n\n\n<h2 class=\"wp-block-heading\">NuviaLab Relax &#8211; effets de l&rsquo;application<\/h2>\n\n\n<p>Les niveaux \u00e9lev\u00e9s de stress sont devenus un probl\u00e8me courant auquel sont confront\u00e9es de nombreuses personnes dans le monde. NuviaLab Relax a \u00e9t\u00e9 d\u00e9velopp\u00e9 pour les personnes qui souffrent d&rsquo;un stress excessif et de probl\u00e8mes de sommeil. L&rsquo;<b>utilisation<\/b> r\u00e9guli\u00e8re <b>de<\/b> ce compl\u00e9ment a de nombreux effets positifs qui am\u00e9liorent consid\u00e9rablement l&rsquo;<b>humeur<\/b>.<\/p>\n\n\n\n<ul class=\"wp-block-list\">\n<li>Une r\u00e9duction des sentiments de tension et de stress, qui affecte la productivit\u00e9 quotidienne.<\/li>\n\n\n\n<li>Am\u00e9lioration de la qualit\u00e9 du sommeil, y compris une r\u00e9duction du temps n\u00e9cessaire pour s&rsquo;endormir et une augmentation du temps de sommeil profond.<\/li>\n\n\n\n<li>Une plus grande tranquillit\u00e9 d&rsquo;esprit et une meilleure concentration, ce qui se traduit par une plus grande efficacit\u00e9 au travail et dans la vie personnelle.<\/li>\n<\/ul>\n\n\n<p>Il convient de noter que les <b>ingr\u00e9dients de<\/b> NuviaLab Relax, tels que l&rsquo;extrait de m\u00e9lisse et la racine de ginseng, ont des propri\u00e9t\u00e9s relaxantes et calmantes. Ces <b>ingr\u00e9dients<\/b> naturels aident l&rsquo;organisme \u00e0 g\u00e9rer le stress, ce qui minimise le risque d&rsquo;effets secondaires.<\/p>\n\n\n<p>La recherche confirme que NuviaLab Relax a un effet b\u00e9n\u00e9fique sur l&rsquo;\u00e9quilibre \u00e9motionnel, contribuant ainsi \u00e0 l&rsquo;am\u00e9lioration du bien-\u00eatre et \u00e0 la r\u00e9duction du niveau de stress. La prise syst\u00e9matique du produit produit des <b>effets<\/b> qui peuvent \u00eatre remarqu\u00e9s par tous ceux qui aspirent \u00e0 une meilleure qualit\u00e9 de vie.<\/p>\n\n\n<h2 class=\"wp-block-heading\">Comment utiliser correctement NuviaLab Relax &#8211; Posologie<\/h2>\n\n\n<p>Pour obtenir les meilleurs r\u00e9sultats, la <b>posologie de<\/b> NuviaLab Relax doit suivre les recommandations du fabricant. En r\u00e8gle g\u00e9n\u00e9rale, il faut prendre <em>deux g\u00e9lules<\/em> par jour. Il est bon de se rappeler de prendre le compl\u00e9ment avec de la nourriture, ce qui augmente son absorption et son efficacit\u00e9. L&rsquo;utilisation r\u00e9guli\u00e8re <b>du<\/b> produit est la cl\u00e9 pour remarquer les effets positifs, il est donc recommand\u00e9 de le <b>prendre<\/b> pendant au moins <em>30 jours<\/em>.<\/p>\n\n\n<p>Pour les personnes soumises \u00e0 un stress important, la suppl\u00e9mentation peut \u00eatre poursuivie jusqu&rsquo;\u00e0 <em>6 mois<\/em> afin d&rsquo;en maximiser les b\u00e9n\u00e9fices. \u00c9vitez de d\u00e9passer la dose recommand\u00e9e, car cela pourrait affecter n\u00e9gativement l&rsquo;<b>effet de la<\/b> formule. NuviaLab Relax soutient non seulement l&rsquo;organisme contre le stress excessif, mais am\u00e9liore \u00e9galement la qualit\u00e9 du sommeil. Gr\u00e2ce \u00e0 des ingr\u00e9dients innovants tels que la <em>val\u00e9riane<\/em> et la rhodiola <em>rosea<\/em>, un effet relaxant est obtenu d\u00e8s la premi\u00e8re prise.<\/p>\n\n\n<p>Ce compl\u00e9ment est un soutien id\u00e9al pour ceux qui cherchent \u00e0 am\u00e9liorer leur <b>bien-\u00eatre<\/b> et \u00e0 r\u00e9guler les niveaux de stress dans la vie quotidienne. Il est sans danger pour les adultes et ne pr\u00e9sente pas d&rsquo;effets secondaires, ce qui en fait un bon choix pour ceux qui recherchent un soutien en mati\u00e8re de sant\u00e9 mentale.<\/p>\n\n\n<h2 class=\"wp-block-heading\">NuviaLab Relax &#8211; Avis et critiques, Forum<\/h2>\n\n\n<p>Les utilisateurs de NuviaLab Relax partagent leurs <em>avis<\/em> positifs sur les forums en ligne, sugg\u00e9rant que le compl\u00e9ment peut avoir des avantages significatifs dans la r\u00e9duction du stress. De nombreux <em>commentaires<\/em> portent sur l&rsquo;am\u00e9lioration de la qualit\u00e9 du sommeil et le soulagement de la tension \u00e9motionnelle. Ceux qui ont choisi d&rsquo;utiliser NuviaLab Relax soulignent souvent l&rsquo;impact significatif sur leur vie quotidienne.<\/p>\n\n\n<p>Une utilisatrice, Anna, une enseignante de 34 ans, le souligne :<\/p>\n\n\n\n<blockquote class=\"wp-block-quote is-layout-flow wp-block-quote-is-layout-flow\"><p>\u00ab\u00a0NuviaLab Relax est mon alli\u00e9 pour les semaines difficiles. Il m&rsquo;aide \u00e0 me d\u00e9tendre et am\u00e9liore la qualit\u00e9 de mon sommeil. Je me r\u00e9veille repos\u00e9e et pr\u00eate \u00e0 relever de nouveaux d\u00e9fis !\u00a0\u00bb<\/p>\n<\/blockquote>\n\n\n<p>Gregory, un orateur de 45 ans, note :<\/p>\n\n\n\n<blockquote class=\"wp-block-quote is-layout-flow wp-block-quote-is-layout-flow\"><p>\u00ab\u00a0Je me produis souvent en public, ce qui est toujours une source de <b>stress<\/b>. NuviaLab Relax m&rsquo;aide \u00e0 rester calme et concentr\u00e9 pendant un discours. C&rsquo;est un \u00e9l\u00e9ment essentiel de ma routine quotidienne.<\/p>\n<\/blockquote>\n\n\n<p>Un autre avis est celui d&rsquo;Olga, une employ\u00e9e d&rsquo;entreprise de 29 ans, qui d\u00e9clare :<\/p>\n\n\n\n<blockquote class=\"wp-block-quote is-layout-flow wp-block-quote-is-layout-flow\"><p>\u00ab\u00a0Depuis que j&rsquo;utilise NuviaLab Relax, je dors plus profond\u00e9ment et je suis moins stress\u00e9e pendant la journ\u00e9e. Je le recommande aux personnes qui ont des probl\u00e8mes de sommeil !\u00a0\u00bb<\/p>\n<\/blockquote>\n\n\n<p><b>Les avis des<\/b> utilisateurs sur les forums de sant\u00e9 confirment que NuviaLab Relax peut \u00eatre un compl\u00e9ment pr\u00e9cieux au r\u00e9gime alimentaire, en particulier pour ceux qui veulent g\u00e9rer leur stress de mani\u00e8re naturelle et am\u00e9liorer leur qualit\u00e9 de vie. L&rsquo;utilisation r\u00e9guli\u00e8re du compl\u00e9ment peut conduire \u00e0 un changement des sensations de tension et \u00e0 une am\u00e9lioration du bien-\u00eatre mental, comme l&rsquo;indiquent de nombreux <em>avis.<\/em><\/p>\n\n\n<h2 class=\"wp-block-heading\">NuviaLab Relax &#8211; Composition &#8211; Que contient le produit ?<\/h2>\n\n\n<p>La <b>composition de<\/b> NuviaLab Relax est soigneusement \u00e9labor\u00e9e pour favoriser la r\u00e9duction du stress et am\u00e9liorer le bien-\u00eatre g\u00e9n\u00e9ral. Les principaux ingr\u00e9dients sont les suivants :<\/p>\n\n\n\n<ul class=\"wp-block-list\">\n<li><em>Serenzo\u2122<\/em> &#8211; un extrait d&rsquo;\u00e9corce d&rsquo;orange qui favorise l&rsquo;\u00e9quilibre \u00e9motionnel.<\/li>\n\n\n\n<li><em>Rhodiolife\u00ae<\/em> &#8211; extrait de<em>rhodiole<\/em>, qui agit comme un adaptog\u00e8ne, augmentant la r\u00e9sistance au <b>stress<\/b>.<\/li>\n\n\n\n<li><em>Saffr&rsquo;Activ\u00ae<\/em> &#8211; un extrait de safran ayant des effets positifs sur l&rsquo;humeur et la qualit\u00e9 du sommeil.<\/li>\n\n\n\n<li><em>Calmomix\u00ae<\/em> &#8211; un m\u00e9lange de plantes, dont la m\u00e9lisse et la val\u00e9riane, qui favorise la relaxation naturelle.<\/li>\n<\/ul>\n\n\n<p>Ces ingr\u00e9dients agissent ensemble pour att\u00e9nuer les sympt\u00f4mes du stress et am\u00e9liorer la qualit\u00e9 du sommeil, ce qui contribue \u00e0 la sant\u00e9 mentale des utilisateurs.<\/p>\n\n\n<p>NuviaLab Relax fournit \u00e9galement des vitamines B, couvrant ainsi 100 % des besoins quotidiens en ces nutriments. Chaque portion contient non seulement les principes actifs, mais aussi 100 mg de magn\u00e9sium, soit 27 % de l&rsquo;apport de r\u00e9f\u00e9rence.<\/p>\n\n\n<p>Gr\u00e2ce \u00e0 ces ingr\u00e9dients soigneusement s\u00e9lectionn\u00e9s, NuviaLab Relax est compos\u00e9 pour r\u00e9pondre aux besoins des personnes expos\u00e9es au stress quotidien. Une utilisation r\u00e9guli\u00e8re peut conduire \u00e0 des am\u00e9liorations notables du contr\u00f4le \u00e9motionnel et de la qualit\u00e9 du sommeil.<\/p>\n\n\n<h2 class=\"wp-block-heading\">O\u00f9 acheter NuviaLab Relax &#8211; prix<\/h2>\n\n\n<p>Acheter NuviaLab Relax sur le site officiel du fabricant est la seule fa\u00e7on d&rsquo;obtenir le produit original au meilleur prix. Des promotions fr\u00e9quentes vous permettent d&rsquo;\u00e9conomiser jusqu&rsquo;\u00e0 50 %, ce qui rend votre achat plus rentable.<\/p>\n\n\n<p>Ne cherchez pas NuviaLab Relax dans les pharmacies ou les drogueries &#8211; le produit est uniquement disponible en ligne. Ce mod\u00e8le de vente vous permet de contr\u00f4ler la qualit\u00e9 et d&rsquo;\u00e9liminer le risque d&rsquo;acheter des contrefa\u00e7ons.<\/p>\n\n\n<p>Gr\u00e2ce \u00e0 ses ingr\u00e9dients naturels et \u00e0 son prix avantageux, NuviaLab Relax devient un soutien bienvenu pour ceux qui luttent contre le stress quotidien et qui ont besoin d&rsquo;am\u00e9liorer la qualit\u00e9 de leur sommeil. Les utilisateurs remarquent souvent une am\u00e9lioration de l&rsquo;humeur d\u00e8s les premiers jours d&rsquo;utilisation, ce qui est de plus en plus reconnu sur le march\u00e9 des compl\u00e9ments alimentaires.<\/p>\n\n\n<h2 class=\"wp-block-heading\">NuviaLab Relax &#8211; Effets secondaires et contre-indications &#8211; S\u00e9curit\u00e9 d&#8217;emploi<\/h2>\n\n\n<p>NuviaLab Relax est consid\u00e9r\u00e9 comme un <b>compl\u00e9ment alimentaire<\/b> s\u00fbr, \u00e0 base d&rsquo;ingr\u00e9dients naturels, mais comme tout produit, il peut \u00eatre associ\u00e9 \u00e0 certains <strong>effets secondaires.<\/strong> Les sympt\u00f4mes les plus fr\u00e9quemment rapport\u00e9s sont les maux de t\u00eate, les sensations de vertige et les r\u00e9actions allergiques. Il est recommand\u00e9 aux personnes hypersensibles \u00e0 l&rsquo;un des ingr\u00e9dients du produit de consulter un m\u00e9decin avant de commencer \u00e0 l&rsquo;utiliser.<\/p>\n\n\n<p>Il convient \u00e9galement de noter <strong>les contre-indications<\/strong> d&rsquo;utilisation. NuviaLab Relax est d\u00e9conseill\u00e9 aux femmes enceintes et \u00e0 celles qui allaitent, ce qui doit \u00eatre pris en compte par celles qui envisagent de le prendre. La <b>s\u00e9curit\u00e9 du<\/b> compl\u00e9ment peut \u00eatre renforc\u00e9e par la lecture de la notice, qui fournit des informations suppl\u00e9mentaires et le mode d&#8217;emploi.<\/p>\n\n\n<p>Lorsque vous envisagez d&rsquo;inclure NuviaLab Relax dans votre r\u00e9gime alimentaire, vous devez toujours \u00eatre conscient des effets positifs et des <strong>effets secondaires<\/strong> possibles. La prudence et la consultation de votre m\u00e9decin vous aideront \u00e0 obtenir les meilleurs r\u00e9sultats avec ce compl\u00e9ment, tout en garantissant le plus haut niveau de <strong>s\u00e9curit\u00e9<\/strong>.<\/p>\n","protected":false},"excerpt":{"rendered":"<p><strong>[date_countdown]<\/strong><\/p>\n<p><img decoding=\"async\" class=\"alignnone wp-image-8427\" src=\"https:\/\/www.pharmacie-de-la-croisette.fr\/pharmacie\/wp-content\/uploads\/2024\/10\/SAFE-PAY-300x88-1.png\" alt=\"SAFE-PAY-300x88\" width=\"164\" height=\"48\" \/><\/p>\n","protected":false},"featured_media":4396,"comment_status":"open","ping_status":"closed","template":"","meta":{"neve_meta_sidebar":"","neve_meta_container":"","neve_meta_enable_content_width":"","neve_meta_content_width":0,"neve_meta_title_alignment":"","neve_meta_author_avatar":"","neve_post_elements_order":"","neve_meta_disable_header":"","neve_meta_disable_footer":"","neve_meta_disable_title":"","neve_meta_reading_time":""},"product_brand":[],"product_cat":[18],"product_tag":[],"class_list":{"0":"post-4587","1":"product","2":"type-product","3":"status-publish","4":"has-post-thumbnail","6":"product_cat-sante","8":"first","9":"instock","10":"sale","11":"shipping-taxable","12":"product-type-external"},"yoast_head":"<!-- This site is optimized with the Yoast SEO plugin v27.4 - https:\/\/yoast.com\/product\/yoast-seo-wordpress\/ -->\n<title>NuviaLab Relax - Avis, Pharmacie, Forum, Prix, Effets | -50%<\/title>\n<meta name=\"robots\" content=\"index, follow, max-snippet:-1, max-image-preview:large, max-video-preview:-1\" \/>\n<link rel=\"canonical\" href=\"https:\/\/www.pharmacie-de-la-croisette.fr\/pharmacie\/supp\/nuvialab-relax\/\" \/>\n<meta property=\"og:locale\" content=\"fr_FR\" \/>\n<meta property=\"og:type\" content=\"article\" \/>\n<meta property=\"og:title\" content=\"NuviaLab Relax - Avis, Pharmacie, Forum, Prix, Effets | -50%\" \/>\n<meta property=\"og:url\" content=\"https:\/\/www.pharmacie-de-la-croisette.fr\/pharmacie\/supp\/nuvialab-relax\/\" \/>\n<meta property=\"og:site_name\" content=\"Pharmacie de la Croisette\" \/>\n<meta property=\"article:modified_time\" content=\"2025-10-30T15:47:45+00:00\" \/>\n<meta property=\"og:image\" content=\"https:\/\/www.pharmacie-de-la-croisette.fr\/pharmacie\/wp-content\/uploads\/2024\/10\/NuviaLab-Relax.jpg\" \/>\n\t<meta property=\"og:image:width\" content=\"768\" \/>\n\t<meta property=\"og:image:height\" content=\"768\" \/>\n\t<meta property=\"og:image:type\" content=\"image\/jpeg\" \/>\n<meta name=\"twitter:card\" content=\"summary_large_image\" \/>\n<meta name=\"twitter:description\" content=\"[date_countdown]\" \/>\n<meta name=\"twitter:label1\" content=\"Dur\u00e9e de lecture estim\u00e9e\" \/>\n\t<meta name=\"twitter:data1\" content=\"1 minute\" \/>\n<script type=\"application\/ld+json\" class=\"yoast-schema-graph\">{\"@context\":\"https:\\\/\\\/schema.org\",\"@graph\":[{\"@type\":\"WebPage\",\"@id\":\"https:\\\/\\\/www.pharmacie-de-la-croisette.fr\\\/pharmacie\\\/supp\\\/nuvialab-relax\\\/\",\"url\":\"https:\\\/\\\/www.pharmacie-de-la-croisette.fr\\\/pharmacie\\\/supp\\\/nuvialab-relax\\\/\",\"name\":\"NuviaLab Relax - Avis, Pharmacie, Forum, Prix, Effets | -50%\",\"isPartOf\":{\"@id\":\"https:\\\/\\\/www.pharmacie-de-la-croisette.fr\\\/pharmacie\\\/#website\"},\"primaryImageOfPage\":{\"@id\":\"https:\\\/\\\/www.pharmacie-de-la-croisette.fr\\\/pharmacie\\\/supp\\\/nuvialab-relax\\\/#primaryimage\"},\"image\":{\"@id\":\"https:\\\/\\\/www.pharmacie-de-la-croisette.fr\\\/pharmacie\\\/supp\\\/nuvialab-relax\\\/#primaryimage\"},\"thumbnailUrl\":\"https:\\\/\\\/www.pharmacie-de-la-croisette.fr\\\/pharmacie\\\/wp-content\\\/uploads\\\/2024\\\/10\\\/NuviaLab-Relax.jpg\",\"datePublished\":\"2024-10-18T19:46:36+00:00\",\"dateModified\":\"2025-10-30T15:47:45+00:00\",\"breadcrumb\":{\"@id\":\"https:\\\/\\\/www.pharmacie-de-la-croisette.fr\\\/pharmacie\\\/supp\\\/nuvialab-relax\\\/#breadcrumb\"},\"inLanguage\":\"fr-FR\",\"potentialAction\":[{\"@type\":\"ReadAction\",\"target\":[\"https:\\\/\\\/www.pharmacie-de-la-croisette.fr\\\/pharmacie\\\/supp\\\/nuvialab-relax\\\/\"]}]},{\"@type\":\"ImageObject\",\"inLanguage\":\"fr-FR\",\"@id\":\"https:\\\/\\\/www.pharmacie-de-la-croisette.fr\\\/pharmacie\\\/supp\\\/nuvialab-relax\\\/#primaryimage\",\"url\":\"https:\\\/\\\/www.pharmacie-de-la-croisette.fr\\\/pharmacie\\\/wp-content\\\/uploads\\\/2024\\\/10\\\/NuviaLab-Relax.jpg\",\"contentUrl\":\"https:\\\/\\\/www.pharmacie-de-la-croisette.fr\\\/pharmacie\\\/wp-content\\\/uploads\\\/2024\\\/10\\\/NuviaLab-Relax.jpg\",\"width\":768,\"height\":768},{\"@type\":\"BreadcrumbList\",\"@id\":\"https:\\\/\\\/www.pharmacie-de-la-croisette.fr\\\/pharmacie\\\/supp\\\/nuvialab-relax\\\/#breadcrumb\",\"itemListElement\":[{\"@type\":\"ListItem\",\"position\":1,\"name\":\"Strona g\u0142\u00f3wna\",\"item\":\"https:\\\/\\\/www.pharmacie-de-la-croisette.fr\\\/pharmacie\\\/\"},{\"@type\":\"ListItem\",\"position\":2,\"name\":\"farmaci\",\"item\":\"https:\\\/\\\/www.pharmacie-de-la-croisette.fr\\\/pharmacie\\\/\"},{\"@type\":\"ListItem\",\"position\":3,\"name\":\"NuviaLab Relax\"}]},{\"@type\":\"WebSite\",\"@id\":\"https:\\\/\\\/www.pharmacie-de-la-croisette.fr\\\/pharmacie\\\/#website\",\"url\":\"https:\\\/\\\/www.pharmacie-de-la-croisette.fr\\\/pharmacie\\\/\",\"name\":\"Pharmacie de la Croisette\",\"description\":\"\",\"potentialAction\":[{\"@type\":\"SearchAction\",\"target\":{\"@type\":\"EntryPoint\",\"urlTemplate\":\"https:\\\/\\\/www.pharmacie-de-la-croisette.fr\\\/pharmacie\\\/?s={search_term_string}\"},\"query-input\":{\"@type\":\"PropertyValueSpecification\",\"valueRequired\":true,\"valueName\":\"search_term_string\"}}],\"inLanguage\":\"fr-FR\"}]}<\/script>\n<!-- \/ Yoast SEO plugin. -->","yoast_head_json":{"title":"NuviaLab Relax - Avis, Pharmacie, Forum, Prix, Effets | -50%","robots":{"index":"index","follow":"follow","max-snippet":"max-snippet:-1","max-image-preview":"max-image-preview:large","max-video-preview":"max-video-preview:-1"},"canonical":"https:\/\/www.pharmacie-de-la-croisette.fr\/pharmacie\/supp\/nuvialab-relax\/","og_locale":"fr_FR","og_type":"article","og_title":"NuviaLab Relax - Avis, Pharmacie, Forum, Prix, Effets | -50%","og_url":"https:\/\/www.pharmacie-de-la-croisette.fr\/pharmacie\/supp\/nuvialab-relax\/","og_site_name":"Pharmacie de la Croisette","article_modified_time":"2025-10-30T15:47:45+00:00","og_image":[{"width":768,"height":768,"url":"https:\/\/www.pharmacie-de-la-croisette.fr\/pharmacie\/wp-content\/uploads\/2024\/10\/NuviaLab-Relax.jpg","type":"image\/jpeg"}],"twitter_card":"summary_large_image","twitter_description":"[date_countdown]","twitter_misc":{"Dur\u00e9e de lecture estim\u00e9e":"1 minute"},"schema":{"@context":"https:\/\/schema.org","@graph":[{"@type":"WebPage","@id":"https:\/\/www.pharmacie-de-la-croisette.fr\/pharmacie\/supp\/nuvialab-relax\/","url":"https:\/\/www.pharmacie-de-la-croisette.fr\/pharmacie\/supp\/nuvialab-relax\/","name":"NuviaLab Relax - Avis, Pharmacie, Forum, Prix, Effets | -50%","isPartOf":{"@id":"https:\/\/www.pharmacie-de-la-croisette.fr\/pharmacie\/#website"},"primaryImageOfPage":{"@id":"https:\/\/www.pharmacie-de-la-croisette.fr\/pharmacie\/supp\/nuvialab-relax\/#primaryimage"},"image":{"@id":"https:\/\/www.pharmacie-de-la-croisette.fr\/pharmacie\/supp\/nuvialab-relax\/#primaryimage"},"thumbnailUrl":"https:\/\/www.pharmacie-de-la-croisette.fr\/pharmacie\/wp-content\/uploads\/2024\/10\/NuviaLab-Relax.jpg","datePublished":"2024-10-18T19:46:36+00:00","dateModified":"2025-10-30T15:47:45+00:00","breadcrumb":{"@id":"https:\/\/www.pharmacie-de-la-croisette.fr\/pharmacie\/supp\/nuvialab-relax\/#breadcrumb"},"inLanguage":"fr-FR","potentialAction":[{"@type":"ReadAction","target":["https:\/\/www.pharmacie-de-la-croisette.fr\/pharmacie\/supp\/nuvialab-relax\/"]}]},{"@type":"ImageObject","inLanguage":"fr-FR","@id":"https:\/\/www.pharmacie-de-la-croisette.fr\/pharmacie\/supp\/nuvialab-relax\/#primaryimage","url":"https:\/\/www.pharmacie-de-la-croisette.fr\/pharmacie\/wp-content\/uploads\/2024\/10\/NuviaLab-Relax.jpg","contentUrl":"https:\/\/www.pharmacie-de-la-croisette.fr\/pharmacie\/wp-content\/uploads\/2024\/10\/NuviaLab-Relax.jpg","width":768,"height":768},{"@type":"BreadcrumbList","@id":"https:\/\/www.pharmacie-de-la-croisette.fr\/pharmacie\/supp\/nuvialab-relax\/#breadcrumb","itemListElement":[{"@type":"ListItem","position":1,"name":"Strona g\u0142\u00f3wna","item":"https:\/\/www.pharmacie-de-la-croisette.fr\/pharmacie\/"},{"@type":"ListItem","position":2,"name":"farmaci","item":"https:\/\/www.pharmacie-de-la-croisette.fr\/pharmacie\/"},{"@type":"ListItem","position":3,"name":"NuviaLab Relax"}]},{"@type":"WebSite","@id":"https:\/\/www.pharmacie-de-la-croisette.fr\/pharmacie\/#website","url":"https:\/\/www.pharmacie-de-la-croisette.fr\/pharmacie\/","name":"Pharmacie de la Croisette","description":"","potentialAction":[{"@type":"SearchAction","target":{"@type":"EntryPoint","urlTemplate":"https:\/\/www.pharmacie-de-la-croisette.fr\/pharmacie\/?s={search_term_string}"},"query-input":{"@type":"PropertyValueSpecification","valueRequired":true,"valueName":"search_term_string"}}],"inLanguage":"fr-FR"}]}},"_links":{"self":[{"href":"https:\/\/www.pharmacie-de-la-croisette.fr\/pharmacie\/wp-json\/wp\/v2\/product\/4587","targetHints":{"allow":["GET"]}}],"collection":[{"href":"https:\/\/www.pharmacie-de-la-croisette.fr\/pharmacie\/wp-json\/wp\/v2\/product"}],"about":[{"href":"https:\/\/www.pharmacie-de-la-croisette.fr\/pharmacie\/wp-json\/wp\/v2\/types\/product"}],"replies":[{"embeddable":true,"href":"https:\/\/www.pharmacie-de-la-croisette.fr\/pharmacie\/wp-json\/wp\/v2\/comments?post=4587"}],"wp:featuredmedia":[{"embeddable":true,"href":"https:\/\/www.pharmacie-de-la-croisette.fr\/pharmacie\/wp-json\/wp\/v2\/media\/4396"}],"wp:attachment":[{"href":"https:\/\/www.pharmacie-de-la-croisette.fr\/pharmacie\/wp-json\/wp\/v2\/media?parent=4587"}],"wp:term":[{"taxonomy":"product_brand","embeddable":true,"href":"https:\/\/www.pharmacie-de-la-croisette.fr\/pharmacie\/wp-json\/wp\/v2\/product_brand?post=4587"},{"taxonomy":"product_cat","embeddable":true,"href":"https:\/\/www.pharmacie-de-la-croisette.fr\/pharmacie\/wp-json\/wp\/v2\/product_cat?post=4587"},{"taxonomy":"product_tag","embeddable":true,"href":"https:\/\/www.pharmacie-de-la-croisette.fr\/pharmacie\/wp-json\/wp\/v2\/product_tag?post=4587"}],"curies":[{"name":"wp","href":"https:\/\/api.w.org\/{rel}","templated":true}]}}