{"id":4576,"date":"2024-10-18T19:46:36","date_gmt":"2024-10-18T19:46:36","guid":{"rendered":"https:\/\/chirurgie-orthopedie-vannes.fr\/pharmacie\/?post_type=product&#038;p=4576"},"modified":"2025-10-30T14:42:04","modified_gmt":"2025-10-30T14:42:04","slug":"nonacne","status":"publish","type":"product","link":"https:\/\/www.pharmacie-de-la-croisette.fr\/pharmacie\/supp\/nonacne\/","title":{"rendered":"Nonacne"},"content":{"rendered":"<h2 class=\"wp-block-heading\">Qu&rsquo;est-ce que Nonacne et comment fonctionne-t-il ?<\/h2>\n\n\n<p><b>Nonacne<\/b> est un <b>compl\u00e9ment alimentaire<\/b> innovant destin\u00e9 \u00e0 r\u00e9duire les sympt\u00f4mes de l&rsquo;acn\u00e9 hormonale et bact\u00e9rienne. L <b>&lsquo;action de Nonacne<\/b> est bas\u00e9e sur la r\u00e9duction de la s\u00e9cr\u00e9tion de s\u00e9bum et le d\u00e9blocage des pores, ce qui est crucial dans la lutte contre les boutons. Les <b>ingr\u00e9dients<\/b> du produit, tels que le <em>tr\u00e8fle rouge<\/em> et la <em>salsepareille<\/em>, contribuent \u00e0 l&rsquo;\u00e9limination de l&rsquo;inflammation et de l&rsquo;exc\u00e8s de s\u00e9bum, ce qui favorise consid\u00e9rablement la sant\u00e9 de la peau.<\/p>\n\n\n<p>Les ingr\u00e9dients comprennent l&rsquo;<em>extrait de p\u00e9pins de raisin<\/em>, qui fournit des proanthocyanidines oligom\u00e9riques aux effets anti-inflammatoires, et la <em>feuille d&rsquo;ortie<\/em>, qui active la r\u00e9g\u00e9n\u00e9ration de la peau. La <em>vitamine C<\/em> et la <em>vitamine E<\/em> favorisent la reconstruction de la peau et la production de collag\u00e8ne, ce qui est important pour la gu\u00e9rison des points noirs. En outre, la pr\u00e9sence de <em>zinc<\/em> et de <em>cuivre<\/em> a un effet b\u00e9n\u00e9fique sur le teint et aide \u00e0 pr\u00e9venir la formation d&rsquo;acn\u00e9.<\/p>\n\n\n<p><b>Le m\u00e9canisme d&rsquo;action de<\/b> Nonacne repose sur la synergie des ingr\u00e9dients \u00e9num\u00e9r\u00e9s, qui combinent des propri\u00e9t\u00e9s anti-inflammatoires, antibact\u00e9riennes et r\u00e9g\u00e9n\u00e9ratrices. L&rsquo;<b>utilisation<\/b> r\u00e9guli\u00e8re <b>du<\/b> produit contribue \u00e0 am\u00e9liorer l&rsquo;\u00e9tat de la peau, \u00e0 soulager les sympt\u00f4mes de l&rsquo;acn\u00e9 et \u00e0 permettre de retrouver une apparence saine. De bonnes habitudes alimentaires jouent \u00e9galement un r\u00f4le dans les th\u00e9rapies qui soutiennent l&rsquo;<b>action de Nonacne<\/b>, en apportant \u00e0 l&rsquo;organisme des vitamines et des min\u00e9raux essentiels.<\/p>\n\n\n<h2 class=\"wp-block-heading\">Avantages de Nonacne &#8211; Effets<\/h2>\n\n\n<p><b>L&rsquo;utilisation de<\/b> Nonacne apporte un certain nombre d&rsquo;<b>avantages<\/b> dans le traitement de l&rsquo;acn\u00e9. Le produit agit de plusieurs mani\u00e8res qui contribuent en fin de compte \u00e0 am\u00e9liorer l&rsquo;\u00e9tat de la peau. Les principaux avantages sont les suivants<\/p>\n\n\n\n<ul class=\"wp-block-list\">\n<li>R\u00e9duction des imperfections gr\u00e2ce \u00e0 une formule unique d&rsquo;ingr\u00e9dients actifs.<\/li>\n\n\n\n<li>R\u00e9gulation des glandes s\u00e9bac\u00e9es gr\u00e2ce \u00e0 l&rsquo;extrait de tr\u00e8fle rouge, qui r\u00e9duit la peau grasse.<\/li>\n\n\n\n<li>Les propri\u00e9t\u00e9s anti-inflammatoires du zinc, qui aident \u00e0 combattre les bact\u00e9ries responsables de l&rsquo;<b>acn\u00e9<\/b>.<\/li>\n\n\n\n<li>Favoriser la r\u00e9g\u00e9n\u00e9ration de la peau gr\u00e2ce \u00e0 des vitamines telles que C et E, qui r\u00e9duisent l&rsquo;inflammation et am\u00e9liorent l&rsquo;aspect g\u00e9n\u00e9ral du teint.<\/li>\n\n\n\n<li>L&rsquo;action antioxydante de l&rsquo;extrait de p\u00e9pins de raisin prot\u00e8ge la peau des agressions et lui redonne un aspect sain.<\/li>\n<\/ul>\n\n\n<p>Les personnes qui ne souffrent pas d&rsquo;acn\u00e9 remarquent souvent une am\u00e9lioration significative de la clart\u00e9 de la peau et une r\u00e9duction de la pr\u00e9sence de l\u00e9sions acn\u00e9iques douloureuses. Le produit soutient la barri\u00e8re protectrice naturelle de la peau, ce qui affecte sa capacit\u00e9 \u00e0 se r\u00e9g\u00e9n\u00e9rer.<\/p>\n\n\n<p>La combinaison d&rsquo;ingr\u00e9dients botaniques, tels que la salsepareille, qui pr\u00e9sente des propri\u00e9t\u00e9s antifongiques, et la feuille d&rsquo;ortie, qui favorise la d\u00e9sintoxication de l&rsquo;organisme, cr\u00e9e un effet synergique qui \u00e9limine les l\u00e9sions existantes et pr\u00e9vient la formation de nouvelles l\u00e9sions. <b>Les b\u00e9n\u00e9fices de<\/b> l&rsquo;utilisation de Nonacne vont au-del\u00e0 du soulagement des sympt\u00f4mes de l&rsquo;acn\u00e9, favorisant un teint plus sain et plus \u00e9clatant.<\/p>\n\n\n<h2 class=\"wp-block-heading\">Comment utiliser Nonacne ? &#8211; Dosage<\/h2>\n\n\n<p>La <b>posologie<\/b> optimale <b>de<\/b> Nonacne consiste \u00e0 prendre deux g\u00e9lules par jour. Il est recommand\u00e9 de le <b>prendre<\/b> pendant les repas, ce qui favorise une meilleure absorption des principes actifs. Il convient de veiller \u00e0 boire beaucoup d&rsquo;eau non gazeuse pendant la suppl\u00e9mentation. La r\u00e9gularit\u00e9 de la prise est essentielle pour obtenir les r\u00e9sultats souhait\u00e9s.<\/p>\n\n\n<p>Vous pouvez commencer par une dose plus faible, puis augmenter progressivement la dose pour voir comment votre corps r\u00e9agit. <b>Les effets<\/b> peuvent \u00eatre perceptibles d\u00e8s 3 \u00e0 4 semaines, avec des r\u00e9sultats plus significatifs apr\u00e8s 1 \u00e0 2 mois d&rsquo;utilisation. La dur\u00e9e recommand\u00e9e de la suppl\u00e9mentation est d&rsquo;au moins trois mois pour garantir des <b>b\u00e9n\u00e9fices<\/b> durables.<\/p>\n\n\n<p>Il convient \u00e9galement de garder \u00e0 l&rsquo;esprit la possibilit\u00e9 d&rsquo;effets secondaires tels que la s\u00e9cheresse de la peau, en particulier autour de la bouche. Si vous n&rsquo;\u00eates pas s\u00fbr de la posologie ou de la mani\u00e8re de l&rsquo;utiliser, il convient de consulter votre m\u00e9decin ou un professionnel de la sant\u00e9.<\/p>\n\n\n<h2 class=\"wp-block-heading\">Critiques et opinions sur Nonacne<\/h2>\n\n\n<p><b>Les avis sur<\/b> Nonacne montrent que le produit est de plus en plus reconnu par les utilisateurs. De nombreux avis positifs soulignent son <b>efficacit\u00e9<\/b> dans la lutte contre l&rsquo;acn\u00e9 et l&rsquo;am\u00e9lioration de l&rsquo;\u00e9tat de la peau. Voici quelques exemples d&rsquo;exp\u00e9riences d&rsquo;utilisateurs :<\/p>\n\n\n\n<ul class=\"wp-block-list\">\n<li><em>Aga<\/em>: Elle a remarqu\u00e9 une am\u00e9lioration significative de l&rsquo;\u00e9tat de sa peau et une application plus facile du maquillage apr\u00e8s avoir commenc\u00e9 \u00e0 utiliser Nonacne.<\/li>\n\n\n\n<li><em>Anna123<\/em>: Apr\u00e8s quelques mois d&rsquo;utilisation, il a apport\u00e9 une am\u00e9lioration visible de la clart\u00e9 de la peau et une r\u00e9duction des imperfections.<\/li>\n\n\n\n<li><em>Kamil88<\/em>: Son scepticisme initial a \u00e9t\u00e9 dissip\u00e9 et les r\u00e9sultats ont \u00e9t\u00e9 une peau plus lisse et moins d&rsquo;imperfections.<\/li>\n\n\n\n<li><em>Marta22<\/em>: A re\u00e7u des <b>r\u00e9sultats<\/b> positifs, notant une r\u00e9duction visible des cicatrices d&rsquo;acn\u00e9 et la douceur du compl\u00e9ment.<\/li>\n<\/ul>\n\n\n<p>Ces <b>commentaires<\/b> refl\u00e8tent une diversit\u00e9 d&rsquo;exp\u00e9riences d&rsquo;utilisateurs qui peuvent \u00eatre pertinentes pour ceux qui envisagent d&rsquo;essayer Nonacne. Malgr\u00e9 des points de vue diff\u00e9rents, de nombreux avis font \u00e9tat de <b>r\u00e9sultats<\/b> r\u00e9els et d&rsquo;une satisfaction \u00e0 l&rsquo;\u00e9gard du produit.<\/p>\n\n\n<h2 class=\"wp-block-heading\">Nonacne &#8211; Composition &#8211; Que contient-il ?<\/h2>\n\n\n<p>Nonacne est un <b>compl\u00e9ment alimentaire<\/b> qui se distingue par sa <em>composition Nonacne<\/em> sp\u00e9cialement s\u00e9lectionn\u00e9e. Il contient des <b>actifs<\/b> naturels qui soutiennent la sant\u00e9 de la peau et contribuent \u00e0 la lutte contre l&rsquo;acn\u00e9. Parmi ces <em>actifs<\/em>, on trouve le zinc, qui a un effet anti-inflammatoire et aide \u00e0 r\u00e9guler la s\u00e9cr\u00e9tion de s\u00e9bum. Il convient \u00e9galement de mentionner les extraits de plantes soigneusement s\u00e9lectionn\u00e9s qui aident l&rsquo;organisme \u00e0 \u00e9liminer les toxines.<\/p>\n\n\n<p>Voici un r\u00e9sum\u00e9 des ingr\u00e9dients les plus importants de Nonacne :<\/p>\n\n\n<figure class=\"wp-block-table\"><table class=\"has-fixed-layout\"><tbody><tr><th>Composant<\/th><th>Propri\u00e9t\u00e9s<\/th><\/tr><tr><td>Zinc<\/td><td>Action anti-inflammatoire ; r\u00e9gulation de la s\u00e9cr\u00e9tion de s\u00e9bum<\/td><\/tr><tr><td>Extrait de tr\u00e8fle rouge<\/td><td>Isoflavones anti-inflammatoires et antimicrobiennes<\/td><\/tr><tr><td>Extrait d&rsquo;ortie<\/td><td>Purifiant et anti-inflammatoire ; r\u00e9duction de l&rsquo;ecz\u00e9ma<\/td><\/tr><tr><td>Extrait de salsepareille<\/td><td>Favorise les processus de purification de l&rsquo;organisme<\/td><\/tr><tr><td>Extrait de p\u00e9pins de raisin<\/td><td>Effets anti-inflammatoires et antioxydants<\/td><\/tr><tr><td>Vitamines A, C, E, B6<\/td><td>Am\u00e9liorer l&rsquo;\u00e9lasticit\u00e9 et la fermet\u00e9 de la peau<\/td><\/tr><\/tbody><\/table><\/figure>\n\n\n<p>La <em>composition de Nonacne<\/em>, compos\u00e9e de cette mani\u00e8re, fournit un effet synergique qui peut conduire \u00e0 une am\u00e9lioration significative de l&rsquo;\u00e9tat de la peau. Les utilisateurs peuvent sentir la diff\u00e9rence non seulement dans la r\u00e9duction de l&rsquo;acn\u00e9, mais aussi dans l&rsquo;aspect g\u00e9n\u00e9ral de la peau.<\/p>\n\n\n<h2 class=\"wp-block-heading\">Prix Nonacne &#8211; O\u00f9 acheter ?<\/h2>\n\n\n<p>Le produit Nonacne n&rsquo;est pas disponible dans les pharmacies ni sur les plateformes de vente populaires. Le fabricant s&rsquo;est appuy\u00e9 exclusivement sur les ventes par l&rsquo;interm\u00e9diaire de son site web, ce qui lui permet d&rsquo;offrir aux clients des remises exceptionnelles &#8211; jusqu&rsquo;\u00e0 -50 %. Toutefois, en raison du grand int\u00e9r\u00eat suscit\u00e9 par le produit, la disponibilit\u00e9 des kits promotionnels est fortement limit\u00e9e. Si vous \u00eates d\u00e9termin\u00e9 \u00e0 acheter Nonacne, n&rsquo;attendez pas trop longtemps.<\/p>\n\n\n<h2 class=\"wp-block-heading\">Effets secondaires potentiels et contre-indications \u00e0 l&rsquo;utilisation de Nonacne<\/h2>\n\n\n<p>Bien que Nonacne soit g\u00e9n\u00e9ralement consid\u00e9r\u00e9 comme s\u00fbr, certains <b>effets secondaires<\/b> tels que des maux d&rsquo;estomac peuvent survenir. Les utilisateurs rapportent des plaintes telles que des naus\u00e9es, des diarrh\u00e9es ou des br\u00fblures d&rsquo;estomac. Il est donc important de surveiller les r\u00e9actions de votre corps lorsque vous utilisez le compl\u00e9ment et de consulter votre m\u00e9decin si les sympt\u00f4mes persistent.<\/p>\n\n\n<p>Des r\u00e9actions allergiques telles que des d\u00e9mangeaisons, des \u00e9ruptions cutan\u00e9es ou des gonflements sont \u00e9galement des <b>effets secondaires<\/b> possibles, en particulier chez les personnes hypersensibles aux <b>ingr\u00e9dients du<\/b> produit. Les <b>contre-indications<\/b> comprennent la grossesse, l&rsquo;allaitement, ainsi que certaines conditions m\u00e9dicales pr\u00e9existantes, ce qui signifie que les personnes souffrant de conditions m\u00e9dicales doivent \u00eatre particuli\u00e8rement attentives \u00e0 la <b>s\u00e9curit\u00e9 de<\/b> Nonacne.<\/p>\n\n\n<p>Il est conseill\u00e9 aux femmes enceintes et allaitantes de consulter leur m\u00e9decin avant de commencer \u00e0 l&rsquo;utiliser, et les enfants de moins de 12 ans devraient \u00e9viter ce suppl\u00e9ment. Quoi qu&rsquo;il en soit, le fabricant d\u00e9clare que Nonacne ne doit pas remplacer un r\u00e9gime alimentaire \u00e9quilibr\u00e9 et un mode de vie sain, ce qui d\u00e9montre la n\u00e9cessit\u00e9 d&rsquo;aborder la suppl\u00e9mentation avec prudence.<\/p>\n","protected":false},"excerpt":{"rendered":"<p><strong>[date_countdown]<\/strong><\/p>\n<p><img decoding=\"async\" class=\"alignnone wp-image-8427\" src=\"https:\/\/www.pharmacie-de-la-croisette.fr\/pharmacie\/wp-content\/uploads\/2024\/10\/SAFE-PAY-300x88-1.png\" alt=\"SAFE-PAY-300x88\" width=\"164\" height=\"48\" \/><\/p>\n","protected":false},"featured_media":4025,"comment_status":"open","ping_status":"closed","template":"","meta":{"neve_meta_sidebar":"","neve_meta_container":"","neve_meta_enable_content_width":"","neve_meta_content_width":0,"neve_meta_title_alignment":"","neve_meta_author_avatar":"","neve_post_elements_order":"","neve_meta_disable_header":"","neve_meta_disable_footer":"","neve_meta_disable_title":"","neve_meta_reading_time":""},"product_brand":[],"product_cat":[17],"product_tag":[],"class_list":{"0":"post-4576","1":"product","2":"type-product","3":"status-publish","4":"has-post-thumbnail","6":"product_cat-beaute","8":"first","9":"instock","10":"sale","11":"shipping-taxable","12":"product-type-external"},"yoast_head":"<!-- This site is optimized with the Yoast SEO plugin v27.4 - https:\/\/yoast.com\/product\/yoast-seo-wordpress\/ -->\n<title>Nonacne - Avis, Pharmacie, Forum, Prix, Effets | -50%<\/title>\n<meta name=\"robots\" content=\"index, follow, max-snippet:-1, max-image-preview:large, max-video-preview:-1\" \/>\n<link rel=\"canonical\" href=\"https:\/\/www.pharmacie-de-la-croisette.fr\/pharmacie\/supp\/nonacne\/\" \/>\n<meta property=\"og:locale\" content=\"fr_FR\" \/>\n<meta property=\"og:type\" content=\"article\" \/>\n<meta property=\"og:title\" content=\"Nonacne - Avis, Pharmacie, Forum, Prix, Effets | -50%\" \/>\n<meta property=\"og:url\" content=\"https:\/\/www.pharmacie-de-la-croisette.fr\/pharmacie\/supp\/nonacne\/\" \/>\n<meta property=\"og:site_name\" content=\"Pharmacie de la Croisette\" \/>\n<meta property=\"article:modified_time\" content=\"2025-10-30T14:42:04+00:00\" \/>\n<meta property=\"og:image\" content=\"https:\/\/www.pharmacie-de-la-croisette.fr\/pharmacie\/wp-content\/uploads\/2024\/10\/Nonacne.jpg\" \/>\n\t<meta property=\"og:image:width\" content=\"768\" \/>\n\t<meta property=\"og:image:height\" content=\"768\" \/>\n\t<meta property=\"og:image:type\" content=\"image\/jpeg\" \/>\n<meta name=\"twitter:card\" content=\"summary_large_image\" \/>\n<meta name=\"twitter:description\" content=\"[date_countdown]\" \/>\n<meta name=\"twitter:label1\" content=\"Dur\u00e9e de lecture estim\u00e9e\" \/>\n\t<meta name=\"twitter:data1\" content=\"1 minute\" \/>\n<script type=\"application\/ld+json\" class=\"yoast-schema-graph\">{\"@context\":\"https:\\\/\\\/schema.org\",\"@graph\":[{\"@type\":\"WebPage\",\"@id\":\"https:\\\/\\\/www.pharmacie-de-la-croisette.fr\\\/pharmacie\\\/supp\\\/nonacne\\\/\",\"url\":\"https:\\\/\\\/www.pharmacie-de-la-croisette.fr\\\/pharmacie\\\/supp\\\/nonacne\\\/\",\"name\":\"Nonacne - Avis, Pharmacie, Forum, Prix, Effets | -50%\",\"isPartOf\":{\"@id\":\"https:\\\/\\\/www.pharmacie-de-la-croisette.fr\\\/pharmacie\\\/#website\"},\"primaryImageOfPage\":{\"@id\":\"https:\\\/\\\/www.pharmacie-de-la-croisette.fr\\\/pharmacie\\\/supp\\\/nonacne\\\/#primaryimage\"},\"image\":{\"@id\":\"https:\\\/\\\/www.pharmacie-de-la-croisette.fr\\\/pharmacie\\\/supp\\\/nonacne\\\/#primaryimage\"},\"thumbnailUrl\":\"https:\\\/\\\/www.pharmacie-de-la-croisette.fr\\\/pharmacie\\\/wp-content\\\/uploads\\\/2024\\\/10\\\/Nonacne.jpg\",\"datePublished\":\"2024-10-18T19:46:36+00:00\",\"dateModified\":\"2025-10-30T14:42:04+00:00\",\"breadcrumb\":{\"@id\":\"https:\\\/\\\/www.pharmacie-de-la-croisette.fr\\\/pharmacie\\\/supp\\\/nonacne\\\/#breadcrumb\"},\"inLanguage\":\"fr-FR\",\"potentialAction\":[{\"@type\":\"ReadAction\",\"target\":[\"https:\\\/\\\/www.pharmacie-de-la-croisette.fr\\\/pharmacie\\\/supp\\\/nonacne\\\/\"]}]},{\"@type\":\"ImageObject\",\"inLanguage\":\"fr-FR\",\"@id\":\"https:\\\/\\\/www.pharmacie-de-la-croisette.fr\\\/pharmacie\\\/supp\\\/nonacne\\\/#primaryimage\",\"url\":\"https:\\\/\\\/www.pharmacie-de-la-croisette.fr\\\/pharmacie\\\/wp-content\\\/uploads\\\/2024\\\/10\\\/Nonacne.jpg\",\"contentUrl\":\"https:\\\/\\\/www.pharmacie-de-la-croisette.fr\\\/pharmacie\\\/wp-content\\\/uploads\\\/2024\\\/10\\\/Nonacne.jpg\",\"width\":768,\"height\":768},{\"@type\":\"BreadcrumbList\",\"@id\":\"https:\\\/\\\/www.pharmacie-de-la-croisette.fr\\\/pharmacie\\\/supp\\\/nonacne\\\/#breadcrumb\",\"itemListElement\":[{\"@type\":\"ListItem\",\"position\":1,\"name\":\"Strona g\u0142\u00f3wna\",\"item\":\"https:\\\/\\\/www.pharmacie-de-la-croisette.fr\\\/pharmacie\\\/\"},{\"@type\":\"ListItem\",\"position\":2,\"name\":\"farmaci\",\"item\":\"https:\\\/\\\/www.pharmacie-de-la-croisette.fr\\\/pharmacie\\\/\"},{\"@type\":\"ListItem\",\"position\":3,\"name\":\"Nonacne\"}]},{\"@type\":\"WebSite\",\"@id\":\"https:\\\/\\\/www.pharmacie-de-la-croisette.fr\\\/pharmacie\\\/#website\",\"url\":\"https:\\\/\\\/www.pharmacie-de-la-croisette.fr\\\/pharmacie\\\/\",\"name\":\"Pharmacie de la Croisette\",\"description\":\"\",\"potentialAction\":[{\"@type\":\"SearchAction\",\"target\":{\"@type\":\"EntryPoint\",\"urlTemplate\":\"https:\\\/\\\/www.pharmacie-de-la-croisette.fr\\\/pharmacie\\\/?s={search_term_string}\"},\"query-input\":{\"@type\":\"PropertyValueSpecification\",\"valueRequired\":true,\"valueName\":\"search_term_string\"}}],\"inLanguage\":\"fr-FR\"}]}<\/script>\n<!-- \/ Yoast SEO plugin. -->","yoast_head_json":{"title":"Nonacne - Avis, Pharmacie, Forum, Prix, Effets | -50%","robots":{"index":"index","follow":"follow","max-snippet":"max-snippet:-1","max-image-preview":"max-image-preview:large","max-video-preview":"max-video-preview:-1"},"canonical":"https:\/\/www.pharmacie-de-la-croisette.fr\/pharmacie\/supp\/nonacne\/","og_locale":"fr_FR","og_type":"article","og_title":"Nonacne - Avis, Pharmacie, Forum, Prix, Effets | -50%","og_url":"https:\/\/www.pharmacie-de-la-croisette.fr\/pharmacie\/supp\/nonacne\/","og_site_name":"Pharmacie de la Croisette","article_modified_time":"2025-10-30T14:42:04+00:00","og_image":[{"width":768,"height":768,"url":"https:\/\/www.pharmacie-de-la-croisette.fr\/pharmacie\/wp-content\/uploads\/2024\/10\/Nonacne.jpg","type":"image\/jpeg"}],"twitter_card":"summary_large_image","twitter_description":"[date_countdown]","twitter_misc":{"Dur\u00e9e de lecture estim\u00e9e":"1 minute"},"schema":{"@context":"https:\/\/schema.org","@graph":[{"@type":"WebPage","@id":"https:\/\/www.pharmacie-de-la-croisette.fr\/pharmacie\/supp\/nonacne\/","url":"https:\/\/www.pharmacie-de-la-croisette.fr\/pharmacie\/supp\/nonacne\/","name":"Nonacne - Avis, Pharmacie, Forum, Prix, Effets | -50%","isPartOf":{"@id":"https:\/\/www.pharmacie-de-la-croisette.fr\/pharmacie\/#website"},"primaryImageOfPage":{"@id":"https:\/\/www.pharmacie-de-la-croisette.fr\/pharmacie\/supp\/nonacne\/#primaryimage"},"image":{"@id":"https:\/\/www.pharmacie-de-la-croisette.fr\/pharmacie\/supp\/nonacne\/#primaryimage"},"thumbnailUrl":"https:\/\/www.pharmacie-de-la-croisette.fr\/pharmacie\/wp-content\/uploads\/2024\/10\/Nonacne.jpg","datePublished":"2024-10-18T19:46:36+00:00","dateModified":"2025-10-30T14:42:04+00:00","breadcrumb":{"@id":"https:\/\/www.pharmacie-de-la-croisette.fr\/pharmacie\/supp\/nonacne\/#breadcrumb"},"inLanguage":"fr-FR","potentialAction":[{"@type":"ReadAction","target":["https:\/\/www.pharmacie-de-la-croisette.fr\/pharmacie\/supp\/nonacne\/"]}]},{"@type":"ImageObject","inLanguage":"fr-FR","@id":"https:\/\/www.pharmacie-de-la-croisette.fr\/pharmacie\/supp\/nonacne\/#primaryimage","url":"https:\/\/www.pharmacie-de-la-croisette.fr\/pharmacie\/wp-content\/uploads\/2024\/10\/Nonacne.jpg","contentUrl":"https:\/\/www.pharmacie-de-la-croisette.fr\/pharmacie\/wp-content\/uploads\/2024\/10\/Nonacne.jpg","width":768,"height":768},{"@type":"BreadcrumbList","@id":"https:\/\/www.pharmacie-de-la-croisette.fr\/pharmacie\/supp\/nonacne\/#breadcrumb","itemListElement":[{"@type":"ListItem","position":1,"name":"Strona g\u0142\u00f3wna","item":"https:\/\/www.pharmacie-de-la-croisette.fr\/pharmacie\/"},{"@type":"ListItem","position":2,"name":"farmaci","item":"https:\/\/www.pharmacie-de-la-croisette.fr\/pharmacie\/"},{"@type":"ListItem","position":3,"name":"Nonacne"}]},{"@type":"WebSite","@id":"https:\/\/www.pharmacie-de-la-croisette.fr\/pharmacie\/#website","url":"https:\/\/www.pharmacie-de-la-croisette.fr\/pharmacie\/","name":"Pharmacie de la Croisette","description":"","potentialAction":[{"@type":"SearchAction","target":{"@type":"EntryPoint","urlTemplate":"https:\/\/www.pharmacie-de-la-croisette.fr\/pharmacie\/?s={search_term_string}"},"query-input":{"@type":"PropertyValueSpecification","valueRequired":true,"valueName":"search_term_string"}}],"inLanguage":"fr-FR"}]}},"_links":{"self":[{"href":"https:\/\/www.pharmacie-de-la-croisette.fr\/pharmacie\/wp-json\/wp\/v2\/product\/4576","targetHints":{"allow":["GET"]}}],"collection":[{"href":"https:\/\/www.pharmacie-de-la-croisette.fr\/pharmacie\/wp-json\/wp\/v2\/product"}],"about":[{"href":"https:\/\/www.pharmacie-de-la-croisette.fr\/pharmacie\/wp-json\/wp\/v2\/types\/product"}],"replies":[{"embeddable":true,"href":"https:\/\/www.pharmacie-de-la-croisette.fr\/pharmacie\/wp-json\/wp\/v2\/comments?post=4576"}],"wp:featuredmedia":[{"embeddable":true,"href":"https:\/\/www.pharmacie-de-la-croisette.fr\/pharmacie\/wp-json\/wp\/v2\/media\/4025"}],"wp:attachment":[{"href":"https:\/\/www.pharmacie-de-la-croisette.fr\/pharmacie\/wp-json\/wp\/v2\/media?parent=4576"}],"wp:term":[{"taxonomy":"product_brand","embeddable":true,"href":"https:\/\/www.pharmacie-de-la-croisette.fr\/pharmacie\/wp-json\/wp\/v2\/product_brand?post=4576"},{"taxonomy":"product_cat","embeddable":true,"href":"https:\/\/www.pharmacie-de-la-croisette.fr\/pharmacie\/wp-json\/wp\/v2\/product_cat?post=4576"},{"taxonomy":"product_tag","embeddable":true,"href":"https:\/\/www.pharmacie-de-la-croisette.fr\/pharmacie\/wp-json\/wp\/v2\/product_tag?post=4576"}],"curies":[{"name":"wp","href":"https:\/\/api.w.org\/{rel}","templated":true}]}}