{"id":4575,"date":"2024-10-18T19:46:35","date_gmt":"2024-10-18T19:46:35","guid":{"rendered":"https:\/\/chirurgie-orthopedie-vannes.fr\/pharmacie\/?post_type=product&#038;p=4575"},"modified":"2025-10-30T14:22:55","modified_gmt":"2025-10-30T14:22:55","slug":"nutrigo-lab-strength","status":"publish","type":"product","link":"https:\/\/www.pharmacie-de-la-croisette.fr\/pharmacie\/supp\/nutrigo-lab-strength\/","title":{"rendered":"Nutrigo Lab Strength"},"content":{"rendered":"<h2 class=\"wp-block-heading\">Qu&rsquo;est-ce que Nutrigo Lab Strength et comment fonctionne-t-il ?<\/h2>\n\n\n<p><b>Nutrigo Lab Strength<\/b> est un <b>compl\u00e9ment alimentaire<\/b> innovant qui vise \u00e0 soutenir les performances physiques et mentales lors d&rsquo;entra\u00eenements intenses. Son <em>action<\/em> unique est de pr\u00e9parer les muscles \u00e0 des charges \u00e9lev\u00e9es en augmentant l&rsquo;effet de pompe musculaire. <b>La composition de<\/b> ce compl\u00e9ment est enrichie du complexe Strong VASCULAR Booster, qui contribue \u00e0 am\u00e9liorer la circulation et l&rsquo;acheminement des nutriments essentiels vers les cellules musculaires.<\/p>\n\n\n<p>Nutrigo Lab Strength se distingue \u00e9galement par ses propri\u00e9t\u00e9s de r\u00e9duction du stress, qui permettent d&rsquo;am\u00e9liorer les performances pendant l&rsquo;exercice. Les personnes qui utilisent ce compl\u00e9ment peuvent constater une augmentation de leur motivation et de leurs performances, ce qui rend leurs s\u00e9ances d&rsquo;entra\u00eenement plus efficaces. Ces propri\u00e9t\u00e9s font de Nutrigo Lab Strength une option int\u00e9ressante pour tout athl\u00e8te \u00e0 la recherche de moyens \u00e9prouv\u00e9s pour am\u00e9liorer ses performances.<\/p>\n\n\n<h2 class=\"wp-block-heading\">Nutrigo Lab Strength &#8211; effets de l&rsquo;application<\/h2>\n\n\n<p>Les <b>utilisateurs du<\/b> compl\u00e9ment alimentaire Nutrigo Lab Strength remarquent des <b>effets<\/b> significatifs sur leurs entra\u00eenements et leurs performances g\u00e9n\u00e9rales. L&rsquo;augmentation des performances physiques est l&rsquo;un des avantages les plus fr\u00e9quemment rapport\u00e9s, permettant aux personnes de s&rsquo;entra\u00eener plus intens\u00e9ment et plus longtemps.<\/p>\n\n\n<p>L&rsquo;am\u00e9lioration de la concentration pendant l&rsquo;entra\u00eenement est un autre r\u00e9sultat important. Gr\u00e2ce \u00e0 une meilleure concentration, les athl\u00e8tes sont en mesure de tirer le meilleur parti de chaque s\u00e9ance d&rsquo;entra\u00eenement, ce qui leur permet d&rsquo;atteindre leurs objectifs plus rapidement. <b>Les utilisateurs<\/b> soulignent \u00e9galement que <b>le compl\u00e9ment alimentaire<\/b> contribue \u00e0 une r\u00e9cup\u00e9ration plus rapide apr\u00e8s l&rsquo;exercice, ce qui facilite la poursuite du cycle d&rsquo;entra\u00eenement sans pauses prolong\u00e9es.<\/p>\n\n\n<p>Nombreux sont ceux qui soulignent une diminution de la sensation de fatigue, rendant l&rsquo;<b>entra\u00eenement<\/b> plus agr\u00e9able et moins \u00e9prouvant. Ces <b>effets de l&rsquo;utilisation<\/b> ont un impact positif sur les <b>performances<\/b> sportives, ainsi que sur le bien-\u00eatre g\u00e9n\u00e9ral, ce qui est extr\u00eamement important pour les athl\u00e8tes qui visent un d\u00e9veloppement syst\u00e9matique.<\/p>\n\n\n<h2 class=\"wp-block-heading\">Comment utiliser Nutrigo Lab Strength ? &#8211; Dosage et recommandations<\/h2>\n\n\n<p>Nutrigo Lab Strength est un <em>compl\u00e9ment alimentaire<\/em> qui doit \u00eatre utilis\u00e9 conform\u00e9ment aux recommandations du fabricant. Un <em>dosage<\/em> correct est essentiel pour obtenir des r\u00e9sultats optimaux. En r\u00e8gle g\u00e9n\u00e9rale, il est recommand\u00e9 de prendre une dose avant l&rsquo;entra\u00eenement, ce qui permet \u00e0 l&rsquo;organisme de se pr\u00e9parer au mieux \u00e0 l&rsquo;exercice.<\/p>\n\n\n<p>Le compl\u00e9ment peut \u00eatre facilement dissous dans de l&rsquo;eau ou une autre boisson, ce qui facilite grandement sa consommation. Il est bon de se rappeler de suivre les <em>recommandations<\/em> donn\u00e9es dans la notice. Il est important de ne pas d\u00e9passer la dose maximale afin d&rsquo;\u00e9viter les effets secondaires potentiels et de profiter pleinement des avantages de ce produit.<\/p>\n\n\n<h2 class=\"wp-block-heading\">Nutrigo Lab Strength &#8211; Avis des utilisateurs, forum &#8211; Que disent les utilisateurs ?<\/h2>\n\n\n<p><b>Les avis des<\/b> utilisateurs sur nutrigo Lab Strength sont majoritairement positifs. Il s&rsquo;agit d&rsquo;un compl\u00e9ment alimentaire qui attire l&rsquo;attention de nombreuses personnes recherchant activement un soutien lors d&rsquo;entra\u00eenements intensifs. Sur un <b>forum<\/b> d\u00e9di\u00e9 au produit, les <b>utilisateurs<\/b> partagent leurs exp\u00e9riences personnelles et leurs points de vue.<\/p>\n\n\n\n<blockquote class=\"wp-block-quote is-layout-flow wp-block-quote-is-layout-flow\"><p>\u00ab\u00a0Apr\u00e8s avoir utilis\u00e9 Nutrigo Lab Strength pendant quelques semaines, j&rsquo;ai remarqu\u00e9 une augmentation significative de l&rsquo;\u00e9nergie et de l&rsquo;endurance. Les s\u00e9ances d&rsquo;entra\u00eenement sont devenues plus faciles et plus efficaces. Je le recommande \u00e0 tous ceux qui veulent augmenter leurs <b>performances<\/b> athl\u00e9tiques.\u00a0\u00bb &#8211; Kasia<\/p>\n<\/blockquote>\n\n\n<p>De nombreux utilisateurs soulignent que l&rsquo;impact de la suppl\u00e9mentation sur leurs performances sportives ne peut \u00eatre surestim\u00e9. Il convient de noter que de nombreux athl\u00e8tes b\u00e9n\u00e9ficient \u00e9galement de ce produit.<\/p>\n\n\n\n<blockquote class=\"wp-block-quote is-layout-flow wp-block-quote-is-layout-flow\"><p>\u00ab\u00a0Avant de commencer \u00e0 utiliser ce compl\u00e9ment, j&rsquo;avais un probl\u00e8me de motivation pour m&rsquo;entra\u00eener. Gr\u00e2ce \u00e0 Nutrigo Lab Strength, je me sens motiv\u00e9 et pr\u00eat \u00e0 m&rsquo;entra\u00eener pratiquement tous les jours. <b>Les effets<\/b> sont incroyables !\u00a0\u00bb &#8211; Michal<\/p>\n<\/blockquote>\n\n\n<p><b>Les commentaires<\/b> <b>du forum<\/b> soulignent l&rsquo;importance de la r\u00e9gularit\u00e9 de la prise du produit. Les utilisateurs notent que les r\u00e9sultats sont perceptibles lorsque le compl\u00e9ment est pris de mani\u00e8re syst\u00e9matique. Un autre rapport int\u00e9ressant post\u00e9 sur le <b>forum<\/b> provient d&rsquo;une coureuse, qui note l&rsquo;am\u00e9lioration de ses performances :<\/p>\n\n\n\n<blockquote class=\"wp-block-quote is-layout-flow wp-block-quote-is-layout-flow\"><p>\u00ab\u00a0Je suis coureur et Nutrigo Lab Strength m&rsquo;a aid\u00e9 \u00e0 am\u00e9liorer mon temps sur les longues distances. Je peux courir plus longtemps et plus vite et je suis beaucoup moins fatigu\u00e9. Je le recommande sans h\u00e9siter !\u00a0\u00bb &#8211; Ania<\/p>\n<\/blockquote>\n\n\n<p>En r\u00e9sum\u00e9, les <b>commentaires<\/b> du forum attestent de l&rsquo;efficacit\u00e9 de Nutrigo Lab Strength dans l&rsquo;am\u00e9lioration des performances, de l&rsquo;\u00e9nergie et de la motivation pour l&rsquo;entra\u00eenement. Les utilisateurs sont heureux de recommander ce compl\u00e9ment alimentaire \u00e0 leurs amis, ce qui en fait un ajout pr\u00e9cieux \u00e0 leur routine d&rsquo;entra\u00eenement quotidienne.<\/p>\n\n\n<h2 class=\"wp-block-heading\">Composition de Nutrigo Lab Strength &#8211; Que contient-il ?<\/h2>\n\n\n<p>Nutrigo Lab Strength est un compl\u00e9ment alimentaire qui se distingue par <em>sa composition soigneusement s\u00e9lectionn\u00e9e<\/em>. Sa formule contient 18 ingr\u00e9dients cl\u00e9s qui contribuent \u00e0 l&rsquo;efficacit\u00e9 de la formule. Parmi ces ingr\u00e9dients, vous pouvez trouver :<\/p>\n\n\n\n<ul class=\"wp-block-list\">\n<li>Acides amin\u00e9s &#8211; favorisent le d\u00e9veloppement et la r\u00e9g\u00e9n\u00e9ration de la masse musculaire.<\/li>\n\n\n\n<li>Vitamines &#8211; essentielles au bon fonctionnement de l&rsquo;organisme.<\/li>\n\n\n\n<li>Min\u00e9raux &#8211; maintiennent l&rsquo;\u00e9quilibre \u00e9lectrolytique et la fonction enzymatique.<\/li>\n\n\n\n<li>Extraits de plantes &#8211; poss\u00e8dent des propri\u00e9t\u00e9s qui favorisent la performance globale.<\/li>\n<\/ul>\n\n\n<p>Le complexe <em>Strong VASCULAR Booster<\/em> est particuli\u00e8rement remarquable, car il am\u00e9liore l&rsquo;irrigation sanguine des muscles, ce qui se traduit par de meilleures performances pendant l&rsquo;entra\u00eenement. Ce compl\u00e9ment alimentaire ne se contente pas de fournir de l&rsquo;\u00e9nergie, il favorise \u00e9galement la r\u00e9cup\u00e9ration apr\u00e8s une s\u00e9ance d&rsquo;entra\u00eenement intense. Nutrigo Lab Strength est donc id\u00e9al pour les athl\u00e8tes qui cherchent \u00e0 augmenter leurs performances et \u00e0 am\u00e9liorer leur bien-\u00eatre pendant l&rsquo;activit\u00e9 physique.<\/p>\n\n\n<h2 class=\"wp-block-heading\">O\u00f9 acheter Nutrigo Lab Strength &#8211; prix<\/h2>\n\n\n<p>Nutrigo Lab Strength est uniquement disponible sur le site <em>officiel du fabricant<\/em>. Il est primordial d&rsquo;acheter le compl\u00e9ment alimentaire \u00e0 cet endroit, car cela garantit l&rsquo;originalit\u00e9 du produit et l&rsquo;acc\u00e8s aux promotions en cours. Il est \u00e0 noter que <b>le prix<\/b> peut varier en fonction des offres en cours, ce qui donne souvent l&rsquo;occasion d&rsquo;acheter \u00e0 des conditions plus favorables.<\/p>\n\n\n<p>L&rsquo;achat en ligne est pratique et, \u00e9tant donn\u00e9 que ce suppl\u00e9ment n&rsquo;est pas disponible dans les pharmacies de ville, le site officiel du fabricant devient la seule source fiable. En choisissant d&rsquo;acheter directement aupr\u00e8s du fabricant, les utilisateurs peuvent \u00eatre s\u00fbrs de recevoir un produit de la plus haute qualit\u00e9, ce qui est d&rsquo;une importance capitale pour une utilisation efficace. Il est toujours utile de v\u00e9rifier les prix actuels pour choisir la meilleure offre.<\/p>\n\n\n<h2 class=\"wp-block-heading\">Nutrigo Lab Strength &#8211; Effets secondaires et contre-indications<\/h2>\n\n\n<p>Nutrigo Lab Strength est consid\u00e9r\u00e9 comme un compl\u00e9ment alimentaire s\u00fbr pour la plupart des personnes physiquement actives. Cependant, comme tout produit, il peut provoquer des <b>effets secondaires<\/b>, surtout s&rsquo;il n&rsquo;est pas utilis\u00e9 correctement. Les <b>effets secondaires<\/b> les plus fr\u00e9quemment rapport\u00e9s sont des probl\u00e8mes d&rsquo;estomac, ainsi que des r\u00e9actions allergiques, qui peuvent survenir chez les personnes hypersensibles aux ingr\u00e9dients du produit.<\/p>\n\n\n<p>Les <b>contre-indications<\/b> \u00e0 l&rsquo;utilisation de Nutrigo Lab Strength concernent plusieurs groupes de personnes, notamment les moins de 18 ans, les femmes enceintes et les femmes qui allaitent. En outre, les personnes souffrant de maladies cardiaques ou d&rsquo;allergies \u00e0 l&rsquo;un des ingr\u00e9dients doivent \u00e9viter de prendre ce compl\u00e9ment alimentaire. Il convient de rappeler que la sant\u00e9 passe avant tout, et qu&rsquo;il est donc toujours conseill\u00e9 de consulter un m\u00e9decin avant de commencer \u00e0 prendre des compl\u00e9ments alimentaires.<\/p>\n","protected":false},"excerpt":{"rendered":"<p><strong>[date_countdown]<\/strong><\/p>\n<p><img decoding=\"async\" class=\"alignnone wp-image-8427\" src=\"https:\/\/www.pharmacie-de-la-croisette.fr\/pharmacie\/wp-content\/uploads\/2024\/10\/SAFE-PAY-300x88-1.png\" alt=\"SAFE-PAY-300x88\" width=\"164\" height=\"48\" \/><\/p>\n","protected":false},"featured_media":4602,"comment_status":"open","ping_status":"closed","template":"","meta":{"neve_meta_sidebar":"","neve_meta_container":"","neve_meta_enable_content_width":"","neve_meta_content_width":0,"neve_meta_title_alignment":"","neve_meta_author_avatar":"","neve_post_elements_order":"","neve_meta_disable_header":"","neve_meta_disable_footer":"","neve_meta_disable_title":"","neve_meta_reading_time":""},"product_brand":[],"product_cat":[15],"product_tag":[],"class_list":{"0":"post-4575","1":"product","2":"type-product","3":"status-publish","4":"has-post-thumbnail","6":"product_cat-perte-de-poids","8":"first","9":"instock","10":"sale","11":"shipping-taxable","12":"product-type-external"},"yoast_head":"<!-- This site is optimized with the Yoast SEO plugin v27.4 - https:\/\/yoast.com\/product\/yoast-seo-wordpress\/ -->\n<title>Nutrigo Lab Strength - Avis, Pharmacie, Forum, Prix, Effets | -50%<\/title>\n<meta name=\"robots\" content=\"index, follow, max-snippet:-1, max-image-preview:large, max-video-preview:-1\" \/>\n<link rel=\"canonical\" href=\"https:\/\/www.pharmacie-de-la-croisette.fr\/pharmacie\/supp\/nutrigo-lab-strength\/\" \/>\n<meta property=\"og:locale\" content=\"fr_FR\" \/>\n<meta property=\"og:type\" content=\"article\" \/>\n<meta property=\"og:title\" content=\"Nutrigo Lab Strength - Avis, Pharmacie, Forum, Prix, Effets | -50%\" \/>\n<meta property=\"og:url\" content=\"https:\/\/www.pharmacie-de-la-croisette.fr\/pharmacie\/supp\/nutrigo-lab-strength\/\" \/>\n<meta property=\"og:site_name\" content=\"Pharmacie de la Croisette\" \/>\n<meta property=\"article:modified_time\" content=\"2025-10-30T14:22:55+00:00\" \/>\n<meta property=\"og:image\" content=\"https:\/\/www.pharmacie-de-la-croisette.fr\/pharmacie\/wp-content\/uploads\/2024\/10\/Nutrigo-Lab-Strength.jpg\" \/>\n\t<meta property=\"og:image:width\" content=\"768\" \/>\n\t<meta property=\"og:image:height\" content=\"768\" \/>\n\t<meta property=\"og:image:type\" content=\"image\/jpeg\" \/>\n<meta name=\"twitter:card\" content=\"summary_large_image\" \/>\n<meta name=\"twitter:description\" content=\"[date_countdown]\" \/>\n<meta name=\"twitter:label1\" content=\"Dur\u00e9e de lecture estim\u00e9e\" \/>\n\t<meta name=\"twitter:data1\" content=\"1 minute\" \/>\n<script type=\"application\/ld+json\" class=\"yoast-schema-graph\">{\"@context\":\"https:\\\/\\\/schema.org\",\"@graph\":[{\"@type\":\"WebPage\",\"@id\":\"https:\\\/\\\/www.pharmacie-de-la-croisette.fr\\\/pharmacie\\\/supp\\\/nutrigo-lab-strength\\\/\",\"url\":\"https:\\\/\\\/www.pharmacie-de-la-croisette.fr\\\/pharmacie\\\/supp\\\/nutrigo-lab-strength\\\/\",\"name\":\"Nutrigo Lab Strength - Avis, Pharmacie, Forum, Prix, Effets | -50%\",\"isPartOf\":{\"@id\":\"https:\\\/\\\/www.pharmacie-de-la-croisette.fr\\\/pharmacie\\\/#website\"},\"primaryImageOfPage\":{\"@id\":\"https:\\\/\\\/www.pharmacie-de-la-croisette.fr\\\/pharmacie\\\/supp\\\/nutrigo-lab-strength\\\/#primaryimage\"},\"image\":{\"@id\":\"https:\\\/\\\/www.pharmacie-de-la-croisette.fr\\\/pharmacie\\\/supp\\\/nutrigo-lab-strength\\\/#primaryimage\"},\"thumbnailUrl\":\"https:\\\/\\\/www.pharmacie-de-la-croisette.fr\\\/pharmacie\\\/wp-content\\\/uploads\\\/2024\\\/10\\\/Nutrigo-Lab-Strength.jpg\",\"datePublished\":\"2024-10-18T19:46:35+00:00\",\"dateModified\":\"2025-10-30T14:22:55+00:00\",\"breadcrumb\":{\"@id\":\"https:\\\/\\\/www.pharmacie-de-la-croisette.fr\\\/pharmacie\\\/supp\\\/nutrigo-lab-strength\\\/#breadcrumb\"},\"inLanguage\":\"fr-FR\",\"potentialAction\":[{\"@type\":\"ReadAction\",\"target\":[\"https:\\\/\\\/www.pharmacie-de-la-croisette.fr\\\/pharmacie\\\/supp\\\/nutrigo-lab-strength\\\/\"]}]},{\"@type\":\"ImageObject\",\"inLanguage\":\"fr-FR\",\"@id\":\"https:\\\/\\\/www.pharmacie-de-la-croisette.fr\\\/pharmacie\\\/supp\\\/nutrigo-lab-strength\\\/#primaryimage\",\"url\":\"https:\\\/\\\/www.pharmacie-de-la-croisette.fr\\\/pharmacie\\\/wp-content\\\/uploads\\\/2024\\\/10\\\/Nutrigo-Lab-Strength.jpg\",\"contentUrl\":\"https:\\\/\\\/www.pharmacie-de-la-croisette.fr\\\/pharmacie\\\/wp-content\\\/uploads\\\/2024\\\/10\\\/Nutrigo-Lab-Strength.jpg\",\"width\":768,\"height\":768},{\"@type\":\"BreadcrumbList\",\"@id\":\"https:\\\/\\\/www.pharmacie-de-la-croisette.fr\\\/pharmacie\\\/supp\\\/nutrigo-lab-strength\\\/#breadcrumb\",\"itemListElement\":[{\"@type\":\"ListItem\",\"position\":1,\"name\":\"Strona g\u0142\u00f3wna\",\"item\":\"https:\\\/\\\/www.pharmacie-de-la-croisette.fr\\\/pharmacie\\\/\"},{\"@type\":\"ListItem\",\"position\":2,\"name\":\"farmaci\",\"item\":\"https:\\\/\\\/www.pharmacie-de-la-croisette.fr\\\/pharmacie\\\/\"},{\"@type\":\"ListItem\",\"position\":3,\"name\":\"Nutrigo Lab Strength\"}]},{\"@type\":\"WebSite\",\"@id\":\"https:\\\/\\\/www.pharmacie-de-la-croisette.fr\\\/pharmacie\\\/#website\",\"url\":\"https:\\\/\\\/www.pharmacie-de-la-croisette.fr\\\/pharmacie\\\/\",\"name\":\"Pharmacie de la Croisette\",\"description\":\"\",\"potentialAction\":[{\"@type\":\"SearchAction\",\"target\":{\"@type\":\"EntryPoint\",\"urlTemplate\":\"https:\\\/\\\/www.pharmacie-de-la-croisette.fr\\\/pharmacie\\\/?s={search_term_string}\"},\"query-input\":{\"@type\":\"PropertyValueSpecification\",\"valueRequired\":true,\"valueName\":\"search_term_string\"}}],\"inLanguage\":\"fr-FR\"}]}<\/script>\n<!-- \/ Yoast SEO plugin. -->","yoast_head_json":{"title":"Nutrigo Lab Strength - Avis, Pharmacie, Forum, Prix, Effets | -50%","robots":{"index":"index","follow":"follow","max-snippet":"max-snippet:-1","max-image-preview":"max-image-preview:large","max-video-preview":"max-video-preview:-1"},"canonical":"https:\/\/www.pharmacie-de-la-croisette.fr\/pharmacie\/supp\/nutrigo-lab-strength\/","og_locale":"fr_FR","og_type":"article","og_title":"Nutrigo Lab Strength - Avis, Pharmacie, Forum, Prix, Effets | -50%","og_url":"https:\/\/www.pharmacie-de-la-croisette.fr\/pharmacie\/supp\/nutrigo-lab-strength\/","og_site_name":"Pharmacie de la Croisette","article_modified_time":"2025-10-30T14:22:55+00:00","og_image":[{"width":768,"height":768,"url":"https:\/\/www.pharmacie-de-la-croisette.fr\/pharmacie\/wp-content\/uploads\/2024\/10\/Nutrigo-Lab-Strength.jpg","type":"image\/jpeg"}],"twitter_card":"summary_large_image","twitter_description":"[date_countdown]","twitter_misc":{"Dur\u00e9e de lecture estim\u00e9e":"1 minute"},"schema":{"@context":"https:\/\/schema.org","@graph":[{"@type":"WebPage","@id":"https:\/\/www.pharmacie-de-la-croisette.fr\/pharmacie\/supp\/nutrigo-lab-strength\/","url":"https:\/\/www.pharmacie-de-la-croisette.fr\/pharmacie\/supp\/nutrigo-lab-strength\/","name":"Nutrigo Lab Strength - Avis, Pharmacie, Forum, Prix, Effets | -50%","isPartOf":{"@id":"https:\/\/www.pharmacie-de-la-croisette.fr\/pharmacie\/#website"},"primaryImageOfPage":{"@id":"https:\/\/www.pharmacie-de-la-croisette.fr\/pharmacie\/supp\/nutrigo-lab-strength\/#primaryimage"},"image":{"@id":"https:\/\/www.pharmacie-de-la-croisette.fr\/pharmacie\/supp\/nutrigo-lab-strength\/#primaryimage"},"thumbnailUrl":"https:\/\/www.pharmacie-de-la-croisette.fr\/pharmacie\/wp-content\/uploads\/2024\/10\/Nutrigo-Lab-Strength.jpg","datePublished":"2024-10-18T19:46:35+00:00","dateModified":"2025-10-30T14:22:55+00:00","breadcrumb":{"@id":"https:\/\/www.pharmacie-de-la-croisette.fr\/pharmacie\/supp\/nutrigo-lab-strength\/#breadcrumb"},"inLanguage":"fr-FR","potentialAction":[{"@type":"ReadAction","target":["https:\/\/www.pharmacie-de-la-croisette.fr\/pharmacie\/supp\/nutrigo-lab-strength\/"]}]},{"@type":"ImageObject","inLanguage":"fr-FR","@id":"https:\/\/www.pharmacie-de-la-croisette.fr\/pharmacie\/supp\/nutrigo-lab-strength\/#primaryimage","url":"https:\/\/www.pharmacie-de-la-croisette.fr\/pharmacie\/wp-content\/uploads\/2024\/10\/Nutrigo-Lab-Strength.jpg","contentUrl":"https:\/\/www.pharmacie-de-la-croisette.fr\/pharmacie\/wp-content\/uploads\/2024\/10\/Nutrigo-Lab-Strength.jpg","width":768,"height":768},{"@type":"BreadcrumbList","@id":"https:\/\/www.pharmacie-de-la-croisette.fr\/pharmacie\/supp\/nutrigo-lab-strength\/#breadcrumb","itemListElement":[{"@type":"ListItem","position":1,"name":"Strona g\u0142\u00f3wna","item":"https:\/\/www.pharmacie-de-la-croisette.fr\/pharmacie\/"},{"@type":"ListItem","position":2,"name":"farmaci","item":"https:\/\/www.pharmacie-de-la-croisette.fr\/pharmacie\/"},{"@type":"ListItem","position":3,"name":"Nutrigo Lab Strength"}]},{"@type":"WebSite","@id":"https:\/\/www.pharmacie-de-la-croisette.fr\/pharmacie\/#website","url":"https:\/\/www.pharmacie-de-la-croisette.fr\/pharmacie\/","name":"Pharmacie de la Croisette","description":"","potentialAction":[{"@type":"SearchAction","target":{"@type":"EntryPoint","urlTemplate":"https:\/\/www.pharmacie-de-la-croisette.fr\/pharmacie\/?s={search_term_string}"},"query-input":{"@type":"PropertyValueSpecification","valueRequired":true,"valueName":"search_term_string"}}],"inLanguage":"fr-FR"}]}},"_links":{"self":[{"href":"https:\/\/www.pharmacie-de-la-croisette.fr\/pharmacie\/wp-json\/wp\/v2\/product\/4575","targetHints":{"allow":["GET"]}}],"collection":[{"href":"https:\/\/www.pharmacie-de-la-croisette.fr\/pharmacie\/wp-json\/wp\/v2\/product"}],"about":[{"href":"https:\/\/www.pharmacie-de-la-croisette.fr\/pharmacie\/wp-json\/wp\/v2\/types\/product"}],"replies":[{"embeddable":true,"href":"https:\/\/www.pharmacie-de-la-croisette.fr\/pharmacie\/wp-json\/wp\/v2\/comments?post=4575"}],"wp:featuredmedia":[{"embeddable":true,"href":"https:\/\/www.pharmacie-de-la-croisette.fr\/pharmacie\/wp-json\/wp\/v2\/media\/4602"}],"wp:attachment":[{"href":"https:\/\/www.pharmacie-de-la-croisette.fr\/pharmacie\/wp-json\/wp\/v2\/media?parent=4575"}],"wp:term":[{"taxonomy":"product_brand","embeddable":true,"href":"https:\/\/www.pharmacie-de-la-croisette.fr\/pharmacie\/wp-json\/wp\/v2\/product_brand?post=4575"},{"taxonomy":"product_cat","embeddable":true,"href":"https:\/\/www.pharmacie-de-la-croisette.fr\/pharmacie\/wp-json\/wp\/v2\/product_cat?post=4575"},{"taxonomy":"product_tag","embeddable":true,"href":"https:\/\/www.pharmacie-de-la-croisette.fr\/pharmacie\/wp-json\/wp\/v2\/product_tag?post=4575"}],"curies":[{"name":"wp","href":"https:\/\/api.w.org\/{rel}","templated":true}]}}