{"id":4574,"date":"2024-10-18T19:46:35","date_gmt":"2024-10-18T19:46:35","guid":{"rendered":"https:\/\/chirurgie-orthopedie-vannes.fr\/pharmacie\/?post_type=product&#038;p=4574"},"modified":"2025-10-30T15:47:33","modified_gmt":"2025-10-30T15:47:33","slug":"nuvialab-female-fertility","status":"publish","type":"product","link":"https:\/\/www.pharmacie-de-la-croisette.fr\/pharmacie\/supp\/nuvialab-female-fertility\/","title":{"rendered":"NuviaLab Female Fertility"},"content":{"rendered":"<h2 class=\"wp-block-heading\">Qu&rsquo;est-ce que NuviaLab Female Fertility et comment fonctionne-t-il ?<\/h2>\n\n\n<p>NuviaLab Female Fertility est un <em>compl\u00e9ment alimentaire<\/em> qui soutient la <b>fertilit\u00e9<\/b> f\u00e9minine en apportant des nutriments cl\u00e9s. Son <em>action<\/em> est bas\u00e9e sur l&rsquo;am\u00e9lioration de la sant\u00e9 reproductive globale, ainsi que sur le soutien du syst\u00e8me endocrinien. Des ingr\u00e9dients tels que l&rsquo;acide folique, la vitamine D et l&rsquo;extrait d&rsquo;orme blanc visent \u00e0 r\u00e9guler le cycle menstruel et \u00e0 am\u00e9liorer la qualit\u00e9 des ovaires, ce qui peut augmenter les chances de conception naturelle.<\/p>\n\n\n<p>La formule contient 19 ingr\u00e9dients soigneusement s\u00e9lectionn\u00e9s, dont des extraits de plantes, des vitamines et des min\u00e9raux qui soutiennent la sant\u00e9 reproductive. L&rsquo;<b>utilisation<\/b> r\u00e9guli\u00e8re <b>de<\/b> NuviaLab Female Fertility peut apporter des b\u00e9n\u00e9fices significatifs en termes de <em>soutien \u00e0 la fertilit\u00e9<\/em>. Il favorise l&rsquo;\u00e9quilibre hormonal, qui est essentiel au maintien d&rsquo;un cycle menstruel et d&rsquo;une ovulation sains.<\/p>\n\n\n<p>Les ingr\u00e9dients tels que l&rsquo;extrait de racine de maca et la vitamine E, qui agissent comme de puissants antioxydants pour prot\u00e9ger les cellules du stress oxydatif, sont particuli\u00e8rement int\u00e9ressants. Gr\u00e2ce aux propri\u00e9t\u00e9s de l&rsquo;acide folique, on peut s&rsquo;attendre \u00e0 un meilleur d\u00e9veloppement cellulaire, ce qui est essentiel pour planifier une grossesse.<\/p>\n\n\n<p>La dose recommand\u00e9e est d&rsquo;une g\u00e9lule par jour, ce qui permet une utilisation efficace des principes actifs et augmente leur efficacit\u00e9. NuviaLab Female Fertility est consid\u00e9r\u00e9 par de nombreuses femmes comme un soutien naturel qui peut contribuer \u00e0 la r\u00e9alisation de leurs r\u00eaves de maternit\u00e9.<\/p>\n\n\n<h2 class=\"wp-block-heading\">NuviaLab Female Fertility &#8211; effets<\/h2>\n\n\n<p>L&rsquo;<b>utilisation<\/b> r\u00e9guli\u00e8re de NuviaLab Female Fertility a un certain nombre d&rsquo;<em>effets<\/em> positifs qui peuvent avoir un impact significatif sur la <em>fertilit\u00e9<\/em> f\u00e9minine. De nombreuses utilisatrices remarquent une nette <em>am\u00e9lioration de<\/em> leur cycle menstruel et de leur \u00e9tat de sant\u00e9 g\u00e9n\u00e9ral.<\/p>\n\n\n<p>Ce <em>compl\u00e9ment alimentaire<\/em> contribue \u00e0 une meilleure r\u00e9gulation du cycle, ce qui est crucial lorsqu&rsquo;on cherche \u00e0 avoir une descendance. Des substances actives telles que la vitamine E, l&rsquo;acide folique et l&rsquo;extrait de maca peuvent soutenir la qualit\u00e9 des ovules et augmenter les chances de conception. En outre, une <b>utilisation<\/b> r\u00e9guli\u00e8re contribue \u00e0 prot\u00e9ger les cellules du stress oxydatif.<\/p>\n\n\n<p>Il est recommand\u00e9 aux femmes qui souhaitent am\u00e9liorer leur <em>fertilit\u00e9<\/em> d&rsquo;utiliser NuviaLab Female Fertility pendant une p\u00e9riode prolong\u00e9e. Certaines utilisatrices font \u00e9tat d&rsquo;une <em>am\u00e9lioration<\/em> significative de leur libido et d&rsquo;un meilleur \u00e9quilibre hormonal, ce qui se r\u00e9percute \u00e9galement sur leur humeur et leur confiance en elles. Les effets du compl\u00e9ment peuvent \u00eatre perceptibles apr\u00e8s plusieurs mois d&rsquo;utilisation r\u00e9guli\u00e8re, d&rsquo;o\u00f9 l&rsquo;int\u00e9r\u00eat d&rsquo;\u00eatre patient et syst\u00e9matique dans la prise du compl\u00e9ment.<\/p>\n\n\n<h2 class=\"wp-block-heading\">Comment utiliser correctement NuviaLab Female Fertility &#8211; Posologie<\/h2>\n\n\n<p>Pour obtenir les meilleurs r\u00e9sultats avec NuviaLab Female Fertility, le fabricant recommande de suivre les instructions de la notice. Le <b>dosage<\/b> optimal <b>de<\/b> ce compl\u00e9ment est d&rsquo;une g\u00e9lule par jour, \u00e0 prendre au cours d&rsquo;un repas. Cela permet d&rsquo;augmenter l&rsquo;absorption des ingr\u00e9dients actifs.<\/p>\n\n\n<p>Il est important de ne pas d\u00e9passer la dose recommand\u00e9e. En cas de doute ou si vous prenez d&rsquo;autres m\u00e9dicaments, il est conseill\u00e9 de consulter votre m\u00e9decin avant de commencer la suppl\u00e9mentation. L&rsquo;utilisation r\u00e9guli\u00e8re de NuviaLab Female Fertility peut contribuer \u00e0 am\u00e9liorer les possibilit\u00e9s de fertilit\u00e9 et donc \u00e0 soutenir le d\u00e9sir de grossesse.<\/p>\n\n\n<h2 class=\"wp-block-heading\">NuviaLab Female Fertility reviews &#8211; Que disent les utilisateurs dans les forums ?<\/h2>\n\n\n<p>Sur les forums en ligne, on peut trouver de nombreux avis positifs sur NuviaLab Female Fertility. Les utilisateurs partagent souvent leurs exp\u00e9riences, qui t\u00e9moignent de l&rsquo;efficacit\u00e9 de ce compl\u00e9ment. Les t\u00e9moignages des femmes utilisant NuviaLab se concentrent sur l&rsquo;am\u00e9lioration du cycle menstruel et l&rsquo;augmentation des chances de grossesse.<\/p>\n\n\n\n<ul class=\"wp-block-list\">\n<li><blockquote><p>\u00ab\u00a0Apr\u00e8s quelques mois d&rsquo;utilisation de NuviaLab, j&rsquo;ai remarqu\u00e9 une r\u00e9gularit\u00e9 dans mon cycle et apr\u00e8s deux mois suppl\u00e9mentaires, j&rsquo;ai pu tomber enceinte.\u00a0\u00bb &#8211; Anna<\/p><\/blockquote><\/li>\n\n\n\n<li><blockquote><p>\u00ab\u00a0J&rsquo;ai commenc\u00e9 \u00e0 prendre NuviaLab sur la recommandation de mon amie qui a \u00e9galement eu une exp\u00e9rience positive. Je peux honn\u00eatement dire que ma sant\u00e9 s&rsquo;est am\u00e9lior\u00e9e.\u00a0\u00bb &#8211; Catherine<\/p><\/blockquote><\/li>\n\n\n\n<li><blockquote><p>\u00ab\u00a0Il \u00e9tait important pour moi que l&rsquo;inositol soit inclus dans la formulation ; apr\u00e8s avoir utilis\u00e9 NuviaLab, j&rsquo;ai remarqu\u00e9 une am\u00e9lioration significative de la qualit\u00e9 de mes ovaires.\u00a0\u00bb &#8211; Dorothy<\/p><\/blockquote><\/li>\n<\/ul>\n\n\n<p>L&rsquo;<b>exp\u00e9rience des utilisateurs<\/b> confirme que l&rsquo;utilisation r\u00e9guli\u00e8re de NuviaLab Female Fertility a un effet b\u00e9n\u00e9fique sur la sant\u00e9 reproductive des femmes. De nombreuses personnes appr\u00e9cient les ingr\u00e9dients naturels du compl\u00e9ment et sa capacit\u00e9 \u00e0 soutenir le processus naturel de la grossesse.<\/p>\n\n\n<h2 class=\"wp-block-heading\">NuviaLab Female Fertility &#8211; Composition &#8211; Analyse des ingr\u00e9dients<\/h2>\n\n\n<p>NuviaLab Female Fertility contient <em>19 ingr\u00e9dients actifs<\/em> m\u00e9ticuleusement s\u00e9lectionn\u00e9s pour soutenir la sant\u00e9 reproductive f\u00e9minine. La formulation comprend des substances telles que le myo-inositol, qui r\u00e9gule le cycle menstruel, et l&rsquo;extrait de cynorrhodon, qui fournit la vitamine C essentielle pour une immunit\u00e9 saine.<\/p>\n\n\n<p>L&rsquo;importance de l&rsquo;<em>analyse des ingr\u00e9dients contenus dans le<\/em> compl\u00e9ment est cruciale, en particulier pour les femmes qui essaient de tomber enceintes. La prise r\u00e9guli\u00e8re de NuviaLab Female Fertility peut augmenter les chances de conception naturelle, en particulier chez les femmes souffrant de probl\u00e8mes hormonaux tels que le syndrome des ovaires polykystiques (SOPK). De nombreuses utilisatrices constatent une am\u00e9lioration de leur bien-\u00eatre et une stabilisation de leur cycle menstruel dans les 14 \u00e0 21 jours suivant la prise r\u00e9guli\u00e8re.<\/p>\n\n\n<p>D&rsquo;autres ingr\u00e9dients pr\u00e9cieux sont l&rsquo;acide folique et la vitamine B6, qui favorisent le d\u00e9veloppement du f\u0153tus et r\u00e9gulent le cycle menstruel. Sans oublier l&rsquo;extrait de macis, qui aide \u00e0 maintenir l&rsquo;\u00e9quilibre hormonal et soutient la libido. Gr\u00e2ce \u00e0 la pr\u00e9sence d&rsquo;antioxydants tels que l&rsquo;extrait de grenade, NuviaLab Female Fertility assure la protection des ovules.<\/p>\n\n\n<p>La consommation r\u00e9guli\u00e8re du compl\u00e9ment pendant au moins 20 jours peut produire des effets mesurables, tels qu&rsquo;une <b>am\u00e9lioration de l&rsquo;<\/b> \u00e9tat de sant\u00e9 g\u00e9n\u00e9ral et une r\u00e9duction du niveau de stress. Le faible risque d&rsquo;effets secondaires rapport\u00e9 par les utilisateurs contribue \u00e0 renforcer la confiance dans NuviaLab Female Fertility.<\/p>\n\n\n<h2 class=\"wp-block-heading\">O\u00f9 acheter et combien co\u00fbte NuviaLab Female Fertility &#8211; prix<\/h2>\n\n\n<p>NuviaLab Female Fertility est uniquement disponible sur le site officiel du fabricant, ce qui garantit l&rsquo;authenticit\u00e9 du produit. Bien que de nombreux compl\u00e9ments puissent \u00eatre trouv\u00e9s dans les pharmacies stationnaires, ce produit n&rsquo;est pas disponible dans ces endroits. Il vaut la peine de suivre <b>o\u00f9 acheter<\/b> NuviaLab Female Fertility pour se tenir au courant des promotions en cours.<\/p>\n\n\n<p><b>Le prix de<\/b> NuviaLab Female Fertility est comp\u00e9titif par rapport \u00e0 des compl\u00e9ments similaires sur le march\u00e9. Les co\u00fbts peuvent varier en fonction des offres en cours, d&rsquo;o\u00f9 l&rsquo;int\u00e9r\u00eat de consulter r\u00e9guli\u00e8rement le site officiel du fabricant pour trouver des r\u00e9ductions avantageuses. Vous aurez ainsi acc\u00e8s aux meilleurs prix et aux r\u00e9ductions possibles.<\/p>\n\n\n<h2 class=\"wp-block-heading\">Effets secondaires potentiels et contre-indications de NuviaLab Female Fertility<\/h2>\n\n\n<p>NuviaLab Female Fertility, comme tout <b>compl\u00e9ment alimentaire<\/b>, peut provoquer des <b>effets secondaires<\/b>. Les r\u00e9actions les plus fr\u00e9quemment rapport\u00e9es sont celles li\u00e9es aux allergies, telles que des \u00e9ruptions cutan\u00e9es ou des d\u00e9mangeaisons. En outre, certaines utilisatrices peuvent ressentir des troubles gastriques apr\u00e8s avoir pris le compl\u00e9ment. Il est donc essentiel de surveiller les r\u00e9actions de l&rsquo;organisme lors de la prise de NuviaLab Female Fertility.<\/p>\n\n\n<p>Si vous \u00eates enceinte ou si vous allaitez, il est essentiel de consulter votre m\u00e9decin avant de prendre ce compl\u00e9ment. Il convient de tenir compte des contre-indications li\u00e9es \u00e0 d&rsquo;autres m\u00e9dicaments &#8211; si vous prenez des m\u00e9dicaments susceptibles d&rsquo;interagir avec NuviaLab Female Fertility, il est conseill\u00e9 de consulter votre m\u00e9decin. Une approche ad\u00e9quate de la sant\u00e9 est extr\u00eamement importante, en particulier dans le contexte de la planification familiale.<\/p>\n\n\n<p>Bien que le produit soit g\u00e9n\u00e9ralement consid\u00e9r\u00e9 comme s\u00fbr, chaque femme doit aborder la suppl\u00e9mentation avec prudence. Les <b>effets secondaires<\/b> peuvent non seulement \u00eatre d\u00e9sagr\u00e9ables, mais aussi affecter l&rsquo;efficacit\u00e9 du suppl\u00e9ment. Il est donc prioritaire de veiller \u00e0 la sant\u00e9 et au confort de chaque utilisatrice, ce qui peut se faire par la prudence et une consultation m\u00e9dicale appropri\u00e9e.<\/p>\n","protected":false},"excerpt":{"rendered":"<p><strong>[date_countdown]<\/strong><\/p>\n<p><img decoding=\"async\" class=\"alignnone wp-image-8427\" src=\"https:\/\/www.pharmacie-de-la-croisette.fr\/pharmacie\/wp-content\/uploads\/2024\/10\/SAFE-PAY-300x88-1.png\" alt=\"SAFE-PAY-300x88\" width=\"164\" height=\"48\" \/><\/p>\n","protected":false},"featured_media":4376,"comment_status":"open","ping_status":"closed","template":"","meta":{"neve_meta_sidebar":"","neve_meta_container":"","neve_meta_enable_content_width":"","neve_meta_content_width":0,"neve_meta_title_alignment":"","neve_meta_author_avatar":"","neve_post_elements_order":"","neve_meta_disable_header":"","neve_meta_disable_footer":"","neve_meta_disable_title":"","neve_meta_reading_time":""},"product_brand":[],"product_cat":[16],"product_tag":[],"class_list":{"0":"post-4574","1":"product","2":"type-product","3":"status-publish","4":"has-post-thumbnail","6":"product_cat-sante-sexuelle","8":"first","9":"instock","10":"sale","11":"shipping-taxable","12":"product-type-external"},"yoast_head":"<!-- This site is optimized with the Yoast SEO plugin v27.4 - https:\/\/yoast.com\/product\/yoast-seo-wordpress\/ -->\n<title>NuviaLab Female Fertility - Avis, Pharmacie, Forum, Prix, Effets | -50%<\/title>\n<meta name=\"robots\" content=\"index, follow, max-snippet:-1, max-image-preview:large, max-video-preview:-1\" \/>\n<link rel=\"canonical\" href=\"https:\/\/www.pharmacie-de-la-croisette.fr\/pharmacie\/supp\/nuvialab-female-fertility\/\" \/>\n<meta property=\"og:locale\" content=\"fr_FR\" \/>\n<meta property=\"og:type\" content=\"article\" \/>\n<meta property=\"og:title\" content=\"NuviaLab Female Fertility - Avis, Pharmacie, Forum, Prix, Effets | -50%\" \/>\n<meta property=\"og:url\" content=\"https:\/\/www.pharmacie-de-la-croisette.fr\/pharmacie\/supp\/nuvialab-female-fertility\/\" \/>\n<meta property=\"og:site_name\" content=\"Pharmacie de la Croisette\" \/>\n<meta property=\"article:modified_time\" content=\"2025-10-30T15:47:33+00:00\" \/>\n<meta property=\"og:image\" content=\"https:\/\/www.pharmacie-de-la-croisette.fr\/pharmacie\/wp-content\/uploads\/2024\/10\/NuviaLab-Female-Fertility.jpg\" \/>\n\t<meta property=\"og:image:width\" content=\"768\" \/>\n\t<meta property=\"og:image:height\" content=\"768\" \/>\n\t<meta property=\"og:image:type\" content=\"image\/jpeg\" \/>\n<meta name=\"twitter:card\" content=\"summary_large_image\" \/>\n<meta name=\"twitter:description\" content=\"[date_countdown]\" \/>\n<meta name=\"twitter:label1\" content=\"Dur\u00e9e de lecture estim\u00e9e\" \/>\n\t<meta name=\"twitter:data1\" content=\"7 minutes\" \/>\n<script type=\"application\/ld+json\" class=\"yoast-schema-graph\">{\"@context\":\"https:\\\/\\\/schema.org\",\"@graph\":[{\"@type\":\"WebPage\",\"@id\":\"https:\\\/\\\/www.pharmacie-de-la-croisette.fr\\\/pharmacie\\\/supp\\\/nuvialab-female-fertility\\\/\",\"url\":\"https:\\\/\\\/www.pharmacie-de-la-croisette.fr\\\/pharmacie\\\/supp\\\/nuvialab-female-fertility\\\/\",\"name\":\"NuviaLab Female Fertility - Avis, Pharmacie, Forum, Prix, Effets | -50%\",\"isPartOf\":{\"@id\":\"https:\\\/\\\/www.pharmacie-de-la-croisette.fr\\\/pharmacie\\\/#website\"},\"primaryImageOfPage\":{\"@id\":\"https:\\\/\\\/www.pharmacie-de-la-croisette.fr\\\/pharmacie\\\/supp\\\/nuvialab-female-fertility\\\/#primaryimage\"},\"image\":{\"@id\":\"https:\\\/\\\/www.pharmacie-de-la-croisette.fr\\\/pharmacie\\\/supp\\\/nuvialab-female-fertility\\\/#primaryimage\"},\"thumbnailUrl\":\"https:\\\/\\\/www.pharmacie-de-la-croisette.fr\\\/pharmacie\\\/wp-content\\\/uploads\\\/2024\\\/10\\\/NuviaLab-Female-Fertility.jpg\",\"datePublished\":\"2024-10-18T19:46:35+00:00\",\"dateModified\":\"2025-10-30T15:47:33+00:00\",\"breadcrumb\":{\"@id\":\"https:\\\/\\\/www.pharmacie-de-la-croisette.fr\\\/pharmacie\\\/supp\\\/nuvialab-female-fertility\\\/#breadcrumb\"},\"inLanguage\":\"fr-FR\",\"potentialAction\":[{\"@type\":\"ReadAction\",\"target\":[\"https:\\\/\\\/www.pharmacie-de-la-croisette.fr\\\/pharmacie\\\/supp\\\/nuvialab-female-fertility\\\/\"]}]},{\"@type\":\"ImageObject\",\"inLanguage\":\"fr-FR\",\"@id\":\"https:\\\/\\\/www.pharmacie-de-la-croisette.fr\\\/pharmacie\\\/supp\\\/nuvialab-female-fertility\\\/#primaryimage\",\"url\":\"https:\\\/\\\/www.pharmacie-de-la-croisette.fr\\\/pharmacie\\\/wp-content\\\/uploads\\\/2024\\\/10\\\/NuviaLab-Female-Fertility.jpg\",\"contentUrl\":\"https:\\\/\\\/www.pharmacie-de-la-croisette.fr\\\/pharmacie\\\/wp-content\\\/uploads\\\/2024\\\/10\\\/NuviaLab-Female-Fertility.jpg\",\"width\":768,\"height\":768},{\"@type\":\"BreadcrumbList\",\"@id\":\"https:\\\/\\\/www.pharmacie-de-la-croisette.fr\\\/pharmacie\\\/supp\\\/nuvialab-female-fertility\\\/#breadcrumb\",\"itemListElement\":[{\"@type\":\"ListItem\",\"position\":1,\"name\":\"Strona g\u0142\u00f3wna\",\"item\":\"https:\\\/\\\/www.pharmacie-de-la-croisette.fr\\\/pharmacie\\\/\"},{\"@type\":\"ListItem\",\"position\":2,\"name\":\"farmaci\",\"item\":\"https:\\\/\\\/www.pharmacie-de-la-croisette.fr\\\/pharmacie\\\/\"},{\"@type\":\"ListItem\",\"position\":3,\"name\":\"NuviaLab Female Fertility\"}]},{\"@type\":\"WebSite\",\"@id\":\"https:\\\/\\\/www.pharmacie-de-la-croisette.fr\\\/pharmacie\\\/#website\",\"url\":\"https:\\\/\\\/www.pharmacie-de-la-croisette.fr\\\/pharmacie\\\/\",\"name\":\"Pharmacie de la Croisette\",\"description\":\"\",\"potentialAction\":[{\"@type\":\"SearchAction\",\"target\":{\"@type\":\"EntryPoint\",\"urlTemplate\":\"https:\\\/\\\/www.pharmacie-de-la-croisette.fr\\\/pharmacie\\\/?s={search_term_string}\"},\"query-input\":{\"@type\":\"PropertyValueSpecification\",\"valueRequired\":true,\"valueName\":\"search_term_string\"}}],\"inLanguage\":\"fr-FR\"}]}<\/script>\n<!-- \/ Yoast SEO plugin. -->","yoast_head_json":{"title":"NuviaLab Female Fertility - Avis, Pharmacie, Forum, Prix, Effets | -50%","robots":{"index":"index","follow":"follow","max-snippet":"max-snippet:-1","max-image-preview":"max-image-preview:large","max-video-preview":"max-video-preview:-1"},"canonical":"https:\/\/www.pharmacie-de-la-croisette.fr\/pharmacie\/supp\/nuvialab-female-fertility\/","og_locale":"fr_FR","og_type":"article","og_title":"NuviaLab Female Fertility - Avis, Pharmacie, Forum, Prix, Effets | -50%","og_url":"https:\/\/www.pharmacie-de-la-croisette.fr\/pharmacie\/supp\/nuvialab-female-fertility\/","og_site_name":"Pharmacie de la Croisette","article_modified_time":"2025-10-30T15:47:33+00:00","og_image":[{"width":768,"height":768,"url":"https:\/\/www.pharmacie-de-la-croisette.fr\/pharmacie\/wp-content\/uploads\/2024\/10\/NuviaLab-Female-Fertility.jpg","type":"image\/jpeg"}],"twitter_card":"summary_large_image","twitter_description":"[date_countdown]","twitter_misc":{"Dur\u00e9e de lecture estim\u00e9e":"7 minutes"},"schema":{"@context":"https:\/\/schema.org","@graph":[{"@type":"WebPage","@id":"https:\/\/www.pharmacie-de-la-croisette.fr\/pharmacie\/supp\/nuvialab-female-fertility\/","url":"https:\/\/www.pharmacie-de-la-croisette.fr\/pharmacie\/supp\/nuvialab-female-fertility\/","name":"NuviaLab Female Fertility - Avis, Pharmacie, Forum, Prix, Effets | -50%","isPartOf":{"@id":"https:\/\/www.pharmacie-de-la-croisette.fr\/pharmacie\/#website"},"primaryImageOfPage":{"@id":"https:\/\/www.pharmacie-de-la-croisette.fr\/pharmacie\/supp\/nuvialab-female-fertility\/#primaryimage"},"image":{"@id":"https:\/\/www.pharmacie-de-la-croisette.fr\/pharmacie\/supp\/nuvialab-female-fertility\/#primaryimage"},"thumbnailUrl":"https:\/\/www.pharmacie-de-la-croisette.fr\/pharmacie\/wp-content\/uploads\/2024\/10\/NuviaLab-Female-Fertility.jpg","datePublished":"2024-10-18T19:46:35+00:00","dateModified":"2025-10-30T15:47:33+00:00","breadcrumb":{"@id":"https:\/\/www.pharmacie-de-la-croisette.fr\/pharmacie\/supp\/nuvialab-female-fertility\/#breadcrumb"},"inLanguage":"fr-FR","potentialAction":[{"@type":"ReadAction","target":["https:\/\/www.pharmacie-de-la-croisette.fr\/pharmacie\/supp\/nuvialab-female-fertility\/"]}]},{"@type":"ImageObject","inLanguage":"fr-FR","@id":"https:\/\/www.pharmacie-de-la-croisette.fr\/pharmacie\/supp\/nuvialab-female-fertility\/#primaryimage","url":"https:\/\/www.pharmacie-de-la-croisette.fr\/pharmacie\/wp-content\/uploads\/2024\/10\/NuviaLab-Female-Fertility.jpg","contentUrl":"https:\/\/www.pharmacie-de-la-croisette.fr\/pharmacie\/wp-content\/uploads\/2024\/10\/NuviaLab-Female-Fertility.jpg","width":768,"height":768},{"@type":"BreadcrumbList","@id":"https:\/\/www.pharmacie-de-la-croisette.fr\/pharmacie\/supp\/nuvialab-female-fertility\/#breadcrumb","itemListElement":[{"@type":"ListItem","position":1,"name":"Strona g\u0142\u00f3wna","item":"https:\/\/www.pharmacie-de-la-croisette.fr\/pharmacie\/"},{"@type":"ListItem","position":2,"name":"farmaci","item":"https:\/\/www.pharmacie-de-la-croisette.fr\/pharmacie\/"},{"@type":"ListItem","position":3,"name":"NuviaLab Female Fertility"}]},{"@type":"WebSite","@id":"https:\/\/www.pharmacie-de-la-croisette.fr\/pharmacie\/#website","url":"https:\/\/www.pharmacie-de-la-croisette.fr\/pharmacie\/","name":"Pharmacie de la Croisette","description":"","potentialAction":[{"@type":"SearchAction","target":{"@type":"EntryPoint","urlTemplate":"https:\/\/www.pharmacie-de-la-croisette.fr\/pharmacie\/?s={search_term_string}"},"query-input":{"@type":"PropertyValueSpecification","valueRequired":true,"valueName":"search_term_string"}}],"inLanguage":"fr-FR"}]}},"_links":{"self":[{"href":"https:\/\/www.pharmacie-de-la-croisette.fr\/pharmacie\/wp-json\/wp\/v2\/product\/4574","targetHints":{"allow":["GET"]}}],"collection":[{"href":"https:\/\/www.pharmacie-de-la-croisette.fr\/pharmacie\/wp-json\/wp\/v2\/product"}],"about":[{"href":"https:\/\/www.pharmacie-de-la-croisette.fr\/pharmacie\/wp-json\/wp\/v2\/types\/product"}],"replies":[{"embeddable":true,"href":"https:\/\/www.pharmacie-de-la-croisette.fr\/pharmacie\/wp-json\/wp\/v2\/comments?post=4574"}],"wp:featuredmedia":[{"embeddable":true,"href":"https:\/\/www.pharmacie-de-la-croisette.fr\/pharmacie\/wp-json\/wp\/v2\/media\/4376"}],"wp:attachment":[{"href":"https:\/\/www.pharmacie-de-la-croisette.fr\/pharmacie\/wp-json\/wp\/v2\/media?parent=4574"}],"wp:term":[{"taxonomy":"product_brand","embeddable":true,"href":"https:\/\/www.pharmacie-de-la-croisette.fr\/pharmacie\/wp-json\/wp\/v2\/product_brand?post=4574"},{"taxonomy":"product_cat","embeddable":true,"href":"https:\/\/www.pharmacie-de-la-croisette.fr\/pharmacie\/wp-json\/wp\/v2\/product_cat?post=4574"},{"taxonomy":"product_tag","embeddable":true,"href":"https:\/\/www.pharmacie-de-la-croisette.fr\/pharmacie\/wp-json\/wp\/v2\/product_tag?post=4574"}],"curies":[{"name":"wp","href":"https:\/\/api.w.org\/{rel}","templated":true}]}}