{"id":4564,"date":"2024-10-18T19:46:26","date_gmt":"2024-10-18T19:46:26","guid":{"rendered":"https:\/\/chirurgie-orthopedie-vannes.fr\/pharmacie\/?post_type=product&#038;p=4564"},"modified":"2025-10-30T15:55:17","modified_gmt":"2025-10-30T15:55:17","slug":"nutrigo-lab-burner","status":"publish","type":"product","link":"https:\/\/www.pharmacie-de-la-croisette.fr\/pharmacie\/supp\/nutrigo-lab-burner\/","title":{"rendered":"Nutrigo Lab Burner"},"content":{"rendered":"<h2 class=\"wp-block-heading\">Qu&rsquo;est-ce que Nutrigo Lab Burner et comment fonctionne-t-il ?<\/h2>\n\n\n<p><b>Nutrigo Lab Burner<\/b> est un <em>compl\u00e9ment alimentaire<\/em> destin\u00e9 \u00e0 favoriser la perte de poids gr\u00e2ce \u00e0 l&rsquo;utilisation d&rsquo;ingr\u00e9dients actifs naturels. <em>Nutrigo Lab Burner agit<\/em> en augmentant le taux m\u00e9tabolique, ce qui favorise une combustion plus rapide des graisses. Gr\u00e2ce \u00e0 cette formule, le corps peut utiliser efficacement les graisses stock\u00e9es comme source d&rsquo;\u00e9nergie, ce qui est crucial dans le processus de perte de poids.<\/p>\n\n\n<p>Outre l&rsquo;am\u00e9lioration du m\u00e9tabolisme, ce compl\u00e9ment favorise \u00e9galement la r\u00e9gulation de l&rsquo;app\u00e9tit. Cela peut conduire \u00e0 une r\u00e9duction de l&rsquo;apport calorique, ce qui est un \u00e9l\u00e9ment essentiel de tout r\u00e9gime de perte de poids. Si vous vous demandez <em>ce qu&rsquo;est Nutrigo Lab Burner<\/em>, sachez que sa <b>composition<\/b> a \u00e9t\u00e9 soigneusement s\u00e9lectionn\u00e9e pour soutenir les processus de l&rsquo;organisme pendant la perte de poids.<\/p>\n\n\n<h2 class=\"wp-block-heading\">Nutrigo Lab Burner &#8211; effets de l&rsquo;utilisation<\/h2>\n\n\n<p>L&rsquo;utilisation de <b>Nutrigo Lab Burner<\/b> apporte des <b>r\u00e9sultats<\/b> significatifs dans le processus de perte de poids. Gr\u00e2ce \u00e0 sa formule unique, le compl\u00e9ment augmente les niveaux d&rsquo;\u00e9nergie, ce qui permet un mode de vie plus actif. Les utilisateurs signalent souvent des am\u00e9liorations dans la gestion de la glyc\u00e9mie et la fonction m\u00e9tabolique.<\/p>\n\n\n<p>L&rsquo;un des effets les plus remarquables de Nutrigo Lab Burner est la r\u00e9duction du poids. La prise r\u00e9guli\u00e8re du compl\u00e9ment favorise la combustion des graisses et soutient la <b>perte de poids<\/b>, ce qui conduit finalement \u00e0 une am\u00e9lioration du bien-\u00eatre g\u00e9n\u00e9ral. L&rsquo;augmentation de l&rsquo;\u00e9nergie se traduit par une meilleure motivation \u00e0 faire de l&rsquo;exercice, ce qui renforce l&rsquo;<b>efficacit\u00e9 du compl\u00e9ment<\/b>.<\/p>\n\n\n<p>Nutrigo Lab Burner se distingue \u00e9galement par son action de soutien au fonctionnement du syst\u00e8me digestif. L&rsquo;absorption des nutriments s&rsquo;en trouve am\u00e9lior\u00e9e, ce qui a un impact positif sur la sant\u00e9 et la silhouette. Les utilisateurs louent les <b>effets<\/b> positifs, qu&rsquo;ils ressentent non seulement sous la forme d&rsquo;une perte de poids, mais aussi d&rsquo;une augmentation de la vitalit\u00e9 quotidienne.<\/p>\n\n\n<h2 class=\"wp-block-heading\">Dosage de Nutrigo Lab Burner &#8211; Comment l&rsquo;utiliser ?<\/h2>\n\n\n<p>Le <b>dosage<\/b> correct <b>de Nutrigo Lab Burner<\/b> est essentiel pour obtenir les r\u00e9sultats souhait\u00e9s. Il est recommand\u00e9 de prendre deux g\u00e9lules par jour, en buvant beaucoup d&rsquo;eau. L&rsquo;utilisation r\u00e9guli\u00e8re du compl\u00e9ment peut influencer de mani\u00e8re significative le processus de perte de poids.<\/p>\n\n\n<p>Il convient de rappeler que <b>comment utiliser le compl\u00e9ment<\/b> pour obtenir des r\u00e9sultats optimaux ? Un dosage correct doit \u00eatre associ\u00e9 \u00e0 un r\u00e9gime alimentaire sain et \u00e0 une activit\u00e9 physique. Ce n&rsquo;est que de cette mani\u00e8re que le compl\u00e9ment peut aider l&rsquo;organisme \u00e0 r\u00e9duire son poids et \u00e0 am\u00e9liorer sa condition physique g\u00e9n\u00e9rale.<\/p>\n\n\n\n<ul class=\"wp-block-list\">\n<li>Dosage : 2 g\u00e9lules par jour<\/li>\n\n\n\n<li>Mode d&rsquo;administration : avec beaucoup d&rsquo;eau<\/li>\n\n\n\n<li>Optimiser les effets : alimentation saine et activit\u00e9 physique<\/li>\n<\/ul>\n\n\n<p>En suivant r\u00e9guli\u00e8rement les recommandations de dosage de Nutrigo Lab Burner, vous atteindrez vos objectifs et am\u00e9liorerez votre bien-\u00eatre. La suppl\u00e9mentation doit \u00eatre r\u00e9fl\u00e9chie et int\u00e9gr\u00e9e \u00e0 votre mode de vie quotidien.<\/p>\n\n\n<h2 class=\"wp-block-heading\">Nutrigo Lab Burner &#8211; Avis et critiques, Forum<\/h2>\n\n\n<p>Les <b>avis sur<\/b> Nutrigo Lab Burner varient consid\u00e9rablement, les utilisateurs partageant leurs exp\u00e9riences sur les forums en ligne. Vous trouverez ci-dessous quelques avis s\u00e9lectionn\u00e9s qui t\u00e9moignent de la diversit\u00e9 des exp\u00e9riences des utilisateurs.<\/p>\n\n\n\n<blockquote class=\"wp-block-quote is-layout-flow wp-block-quote-is-layout-flow\"><p><em>Anna, 28 ans, a d\u00e9clar\u00e9 : \u00ab\u00a0Nutrigo Lab Burner m&rsquo;a aid\u00e9 \u00e0 perdre 6 kg en un mois :<\/em> \u00ab\u00a0Nutrigo Lab Burner m&rsquo;a aid\u00e9e \u00e0 perdre 6 kg en un mois. Je me sens pleine d&rsquo;\u00e9nergie et mon app\u00e9tit a consid\u00e9rablement diminu\u00e9\u00a0\u00bb.<\/p>\n<\/blockquote>\n\n\n\n<blockquote class=\"wp-block-quote is-layout-flow wp-block-quote-is-layout-flow\"><p><em>Marek, 34 ans, a d\u00e9clar\u00e9 : \u00ab\u00a0J&rsquo;ai longtemps lutt\u00e9 contre le surpoids :<\/em> \u00ab\u00a0J&rsquo;ai longtemps lutt\u00e9 contre le surpoids. Apr\u00e8s avoir utilis\u00e9 Nutrigo Lab Burner, j&rsquo;ai remarqu\u00e9 qu&rsquo;il \u00e9tait plus facile de faire de l&rsquo;exercice et que les r\u00e9sultats \u00e9taient visibles en peu de temps\u00a0\u00bb.<\/p>\n<\/blockquote>\n\n\n\n<blockquote class=\"wp-block-quote is-layout-flow wp-block-quote-is-layout-flow\"><p><em>Kasia, 25 ans, a d\u00e9clar\u00e9 : \u00ab\u00a0J&rsquo;\u00e9tais sceptique, mais apr\u00e8s quelques semaines d&rsquo;utilisation, je constate de r\u00e9els changements :<\/em> \u00ab\u00a0J&rsquo;\u00e9tais sceptique, mais apr\u00e8s quelques semaines d&rsquo;utilisation, je constate de r\u00e9els changements. Ma silhouette s&rsquo;est dessin\u00e9e et mon humeur s&rsquo;est consid\u00e9rablement am\u00e9lior\u00e9e\u00a0\u00bb.<\/p>\n<\/blockquote>\n\n\n<p>D&rsquo;autres avis sur Nutrigo Lab Burner peuvent \u00eatre trouv\u00e9s sur les <b>forums d&rsquo;utilisateurs<\/b>, ce qui permet de mieux comprendre l&rsquo;efficacit\u00e9 de ce compl\u00e9ment. La plupart des avis soulignent les aspects positifs, tels que l&rsquo;augmentation de l&rsquo;\u00e9nergie et la diminution de l&rsquo;app\u00e9tit, ce qui contribue \u00e0 une perte de poids plus rapide.<\/p>\n\n\n<h2 class=\"wp-block-heading\">Nutrigo Lab Burner &#8211; Composition &#8211; Que contient-il ?<\/h2>\n\n\n<p>Nutrigo Lab Burner est un compl\u00e9ment alimentaire qui se distingue par sa composition soigneusement s\u00e9lectionn\u00e9e. L&rsquo;objectif principal du produit est de soutenir le processus de perte de poids et d&rsquo;augmenter l&rsquo;efficacit\u00e9 du m\u00e9tabolisme. Le principal atout de la pr\u00e9paration sont les extraits de plantes aux propri\u00e9t\u00e9s thermog\u00e9niques. Gr\u00e2ce \u00e0 eux, la combustion des graisses devient plus rapide et plus efficace.<\/p>\n\n\n<p><b>Nutrigo Lab Burner<\/b> contient \u00e9galement des ingr\u00e9dients qui favorisent la sant\u00e9 g\u00e9n\u00e9rale de l&rsquo;organisme. Le compl\u00e9ment contient des vitamines et des min\u00e9raux, ce qui en fait un soutien complet pour ceux qui souhaitent r\u00e9duire leur poids corporel. Il convient de noter l&rsquo;origine naturelle des ingr\u00e9dients, ce qui contribue \u00e0 la <b>s\u00e9curit\u00e9 de la<\/b> formule.<\/p>\n\n\n<figure class=\"wp-block-table\"><table class=\"has-fixed-layout\"><tbody><tr><th>Composant<\/th><th>Action<\/th><\/tr><tr><td>Extrait de th\u00e9 vert<\/td><td>Soutien du m\u00e9tabolisme, effet antioxydant<\/td><\/tr><tr><td>Extrait d&rsquo;orange am\u00e8re<\/td><td>Acc\u00e9l\u00e9ration de la combustion des graisses<\/td><\/tr><tr><td>Caf\u00e9ine<\/td><td>Augmentation de l&rsquo;\u00e9nergie, am\u00e9lioration de la concentration<\/td><\/tr><tr><td>Vitamine B6<\/td><td>Soutien m\u00e9tabolique<\/td><\/tr><tr><td>Chrome<\/td><td>R\u00e9gulation de la glyc\u00e9mie<\/td><\/tr><\/tbody><\/table><\/figure>\n\n\n<p>Il vaut donc la peine de pr\u00eater attention \u00e0 la <b>composition de Nutrigo Lab Burner<\/b> afin de mieux comprendre <b>ce que le suppl\u00e9ment contient<\/b> et comment il peut affecter la perte de poids et la sant\u00e9 en g\u00e9n\u00e9ral.<\/p>\n\n\n<h2 class=\"wp-block-heading\">O\u00f9 acheter et combien co\u00fbte Nutrigo Lab Burner &#8211; prix<\/h2>\n\n\n<p>Nutrigo Lab Burner est uniquement disponible sur le site officiel du <em>fabricant<\/em>. Vous pouvez ainsi \u00eatre s\u00fbr que le produit que vous achetez est original et de haute qualit\u00e9. L&rsquo;achat sur le site du fabricant \u00e9limine le risque d&rsquo;acheter des contrefa\u00e7ons, ce qui est particuli\u00e8rement important lorsqu&rsquo;il s&rsquo;agit de compl\u00e9ments alimentaires.<\/p>\n\n\n<p><b>Le prix du compl\u00e9ment<\/b> d\u00e9pend des promotions en cours, il vaut donc la peine de se tenir au courant des offres. Si vous achetez directement aupr\u00e8s du <em>fabricant officiel<\/em>, vous pouvez b\u00e9n\u00e9ficier de remises avantageuses qui vous permettront d&rsquo;\u00e9conomiser de l&rsquo;argent. V\u00e9rifier les offres disponibles est une \u00e9tape cl\u00e9 avant de prendre une d\u00e9cision d&rsquo;achat.<\/p>\n\n\n<p>Le choix du lieu d&rsquo;achat est crucial pour la s\u00e9curit\u00e9 et l&rsquo;efficacit\u00e9 du suppl\u00e9ment utilis\u00e9. Par cons\u00e9quent, pour r\u00e9pondre \u00e0 la question de savoir <b>o\u00f9 acheter Nutrigo Lab Burner<\/b>, il convient de souligner que <em>le fabricant officiel<\/em> est la seule source fiable pour garantir la plus haute qualit\u00e9 du produit.<\/p>\n\n\n<h2 class=\"wp-block-heading\">Nutrigo Lab Burner &#8211; Effets secondaires potentiels et contre-indications d&rsquo;utilisation<\/h2>\n\n\n<p>Nutrigo Lab Burner est consid\u00e9r\u00e9 comme un compl\u00e9ment alimentaire s\u00fbr pour la perte de poids, mais comme tout produit, il peut provoquer des effets secondaires chez certaines personnes. Les effets secondaires potentiels comprennent des probl\u00e8mes d&rsquo;estomac, des maux de t\u00eate et des r\u00e9actions allergiques, qui peuvent r\u00e9sulter de la sensibilit\u00e9 individuelle de l&rsquo;organisme aux ingr\u00e9dients contenus dans le produit.<\/p>\n\n\n<p>Il est important de noter les \u00e9ventuelles <b>contre-indications<\/b> avant de commencer la suppl\u00e9mentation, en particulier si vous prenez des m\u00e9dicaments ou si vous souffrez d&rsquo;une maladie chronique. Nous vous conseillons vivement de consulter votre m\u00e9decin pour vous assurer que l&rsquo;utilisation de Nutrigo Lab Burner est adapt\u00e9e \u00e0 votre \u00e9tat de sant\u00e9. Le souci de la <b>s\u00e9curit\u00e9 du<\/b> compl\u00e9ment vous aidera \u00e0 \u00e9viter les effets secondaires d\u00e9sagr\u00e9ables.<\/p>\n","protected":false},"excerpt":{"rendered":"<p><strong>[date_countdown]<\/strong><\/p>\n<p><img decoding=\"async\" class=\"alignnone wp-image-8427\" src=\"https:\/\/www.pharmacie-de-la-croisette.fr\/pharmacie\/wp-content\/uploads\/2024\/10\/SAFE-PAY-300x88-1.png\" alt=\"SAFE-PAY-300x88\" width=\"164\" height=\"48\" \/><\/p>\n","protected":false},"featured_media":4571,"comment_status":"open","ping_status":"closed","template":"","meta":{"neve_meta_sidebar":"","neve_meta_container":"","neve_meta_enable_content_width":"","neve_meta_content_width":0,"neve_meta_title_alignment":"","neve_meta_author_avatar":"","neve_post_elements_order":"","neve_meta_disable_header":"","neve_meta_disable_footer":"","neve_meta_disable_title":"","neve_meta_reading_time":""},"product_brand":[],"product_cat":[15],"product_tag":[],"class_list":{"0":"post-4564","1":"product","2":"type-product","3":"status-publish","4":"has-post-thumbnail","6":"product_cat-perte-de-poids","8":"first","9":"instock","10":"sale","11":"shipping-taxable","12":"product-type-external"},"yoast_head":"<!-- This site is optimized with the Yoast SEO plugin v27.4 - https:\/\/yoast.com\/product\/yoast-seo-wordpress\/ -->\n<title>Nutrigo Lab Burner - Avis, Pharmacie, Forum, Prix, Effets | -50%<\/title>\n<meta name=\"robots\" content=\"index, follow, max-snippet:-1, max-image-preview:large, max-video-preview:-1\" \/>\n<link rel=\"canonical\" href=\"https:\/\/www.pharmacie-de-la-croisette.fr\/pharmacie\/supp\/nutrigo-lab-burner\/\" \/>\n<meta property=\"og:locale\" content=\"fr_FR\" \/>\n<meta property=\"og:type\" content=\"article\" \/>\n<meta property=\"og:title\" content=\"Nutrigo Lab Burner - Avis, Pharmacie, Forum, Prix, Effets | -50%\" \/>\n<meta property=\"og:url\" content=\"https:\/\/www.pharmacie-de-la-croisette.fr\/pharmacie\/supp\/nutrigo-lab-burner\/\" \/>\n<meta property=\"og:site_name\" content=\"Pharmacie de la Croisette\" \/>\n<meta property=\"article:modified_time\" content=\"2025-10-30T15:55:17+00:00\" \/>\n<meta property=\"og:image\" content=\"https:\/\/www.pharmacie-de-la-croisette.fr\/pharmacie\/wp-content\/uploads\/2024\/10\/Nutrigo-Lab-Burner.jpg\" \/>\n\t<meta property=\"og:image:width\" content=\"768\" \/>\n\t<meta property=\"og:image:height\" content=\"768\" \/>\n\t<meta property=\"og:image:type\" content=\"image\/jpeg\" \/>\n<meta name=\"twitter:card\" content=\"summary_large_image\" \/>\n<meta name=\"twitter:description\" content=\"[date_countdown]\" \/>\n<meta name=\"twitter:label1\" content=\"Dur\u00e9e de lecture estim\u00e9e\" \/>\n\t<meta name=\"twitter:data1\" content=\"1 minute\" \/>\n<script type=\"application\/ld+json\" class=\"yoast-schema-graph\">{\"@context\":\"https:\\\/\\\/schema.org\",\"@graph\":[{\"@type\":\"WebPage\",\"@id\":\"https:\\\/\\\/www.pharmacie-de-la-croisette.fr\\\/pharmacie\\\/supp\\\/nutrigo-lab-burner\\\/\",\"url\":\"https:\\\/\\\/www.pharmacie-de-la-croisette.fr\\\/pharmacie\\\/supp\\\/nutrigo-lab-burner\\\/\",\"name\":\"Nutrigo Lab Burner - Avis, Pharmacie, Forum, Prix, Effets | -50%\",\"isPartOf\":{\"@id\":\"https:\\\/\\\/www.pharmacie-de-la-croisette.fr\\\/pharmacie\\\/#website\"},\"primaryImageOfPage\":{\"@id\":\"https:\\\/\\\/www.pharmacie-de-la-croisette.fr\\\/pharmacie\\\/supp\\\/nutrigo-lab-burner\\\/#primaryimage\"},\"image\":{\"@id\":\"https:\\\/\\\/www.pharmacie-de-la-croisette.fr\\\/pharmacie\\\/supp\\\/nutrigo-lab-burner\\\/#primaryimage\"},\"thumbnailUrl\":\"https:\\\/\\\/www.pharmacie-de-la-croisette.fr\\\/pharmacie\\\/wp-content\\\/uploads\\\/2024\\\/10\\\/Nutrigo-Lab-Burner.jpg\",\"datePublished\":\"2024-10-18T19:46:26+00:00\",\"dateModified\":\"2025-10-30T15:55:17+00:00\",\"breadcrumb\":{\"@id\":\"https:\\\/\\\/www.pharmacie-de-la-croisette.fr\\\/pharmacie\\\/supp\\\/nutrigo-lab-burner\\\/#breadcrumb\"},\"inLanguage\":\"fr-FR\",\"potentialAction\":[{\"@type\":\"ReadAction\",\"target\":[\"https:\\\/\\\/www.pharmacie-de-la-croisette.fr\\\/pharmacie\\\/supp\\\/nutrigo-lab-burner\\\/\"]}]},{\"@type\":\"ImageObject\",\"inLanguage\":\"fr-FR\",\"@id\":\"https:\\\/\\\/www.pharmacie-de-la-croisette.fr\\\/pharmacie\\\/supp\\\/nutrigo-lab-burner\\\/#primaryimage\",\"url\":\"https:\\\/\\\/www.pharmacie-de-la-croisette.fr\\\/pharmacie\\\/wp-content\\\/uploads\\\/2024\\\/10\\\/Nutrigo-Lab-Burner.jpg\",\"contentUrl\":\"https:\\\/\\\/www.pharmacie-de-la-croisette.fr\\\/pharmacie\\\/wp-content\\\/uploads\\\/2024\\\/10\\\/Nutrigo-Lab-Burner.jpg\",\"width\":768,\"height\":768},{\"@type\":\"BreadcrumbList\",\"@id\":\"https:\\\/\\\/www.pharmacie-de-la-croisette.fr\\\/pharmacie\\\/supp\\\/nutrigo-lab-burner\\\/#breadcrumb\",\"itemListElement\":[{\"@type\":\"ListItem\",\"position\":1,\"name\":\"Strona g\u0142\u00f3wna\",\"item\":\"https:\\\/\\\/www.pharmacie-de-la-croisette.fr\\\/pharmacie\\\/\"},{\"@type\":\"ListItem\",\"position\":2,\"name\":\"farmaci\",\"item\":\"https:\\\/\\\/www.pharmacie-de-la-croisette.fr\\\/pharmacie\\\/\"},{\"@type\":\"ListItem\",\"position\":3,\"name\":\"Nutrigo Lab Burner\"}]},{\"@type\":\"WebSite\",\"@id\":\"https:\\\/\\\/www.pharmacie-de-la-croisette.fr\\\/pharmacie\\\/#website\",\"url\":\"https:\\\/\\\/www.pharmacie-de-la-croisette.fr\\\/pharmacie\\\/\",\"name\":\"Pharmacie de la Croisette\",\"description\":\"\",\"potentialAction\":[{\"@type\":\"SearchAction\",\"target\":{\"@type\":\"EntryPoint\",\"urlTemplate\":\"https:\\\/\\\/www.pharmacie-de-la-croisette.fr\\\/pharmacie\\\/?s={search_term_string}\"},\"query-input\":{\"@type\":\"PropertyValueSpecification\",\"valueRequired\":true,\"valueName\":\"search_term_string\"}}],\"inLanguage\":\"fr-FR\"}]}<\/script>\n<!-- \/ Yoast SEO plugin. -->","yoast_head_json":{"title":"Nutrigo Lab Burner - Avis, Pharmacie, Forum, Prix, Effets | -50%","robots":{"index":"index","follow":"follow","max-snippet":"max-snippet:-1","max-image-preview":"max-image-preview:large","max-video-preview":"max-video-preview:-1"},"canonical":"https:\/\/www.pharmacie-de-la-croisette.fr\/pharmacie\/supp\/nutrigo-lab-burner\/","og_locale":"fr_FR","og_type":"article","og_title":"Nutrigo Lab Burner - Avis, Pharmacie, Forum, Prix, Effets | -50%","og_url":"https:\/\/www.pharmacie-de-la-croisette.fr\/pharmacie\/supp\/nutrigo-lab-burner\/","og_site_name":"Pharmacie de la Croisette","article_modified_time":"2025-10-30T15:55:17+00:00","og_image":[{"width":768,"height":768,"url":"https:\/\/www.pharmacie-de-la-croisette.fr\/pharmacie\/wp-content\/uploads\/2024\/10\/Nutrigo-Lab-Burner.jpg","type":"image\/jpeg"}],"twitter_card":"summary_large_image","twitter_description":"[date_countdown]","twitter_misc":{"Dur\u00e9e de lecture estim\u00e9e":"1 minute"},"schema":{"@context":"https:\/\/schema.org","@graph":[{"@type":"WebPage","@id":"https:\/\/www.pharmacie-de-la-croisette.fr\/pharmacie\/supp\/nutrigo-lab-burner\/","url":"https:\/\/www.pharmacie-de-la-croisette.fr\/pharmacie\/supp\/nutrigo-lab-burner\/","name":"Nutrigo Lab Burner - Avis, Pharmacie, Forum, Prix, Effets | -50%","isPartOf":{"@id":"https:\/\/www.pharmacie-de-la-croisette.fr\/pharmacie\/#website"},"primaryImageOfPage":{"@id":"https:\/\/www.pharmacie-de-la-croisette.fr\/pharmacie\/supp\/nutrigo-lab-burner\/#primaryimage"},"image":{"@id":"https:\/\/www.pharmacie-de-la-croisette.fr\/pharmacie\/supp\/nutrigo-lab-burner\/#primaryimage"},"thumbnailUrl":"https:\/\/www.pharmacie-de-la-croisette.fr\/pharmacie\/wp-content\/uploads\/2024\/10\/Nutrigo-Lab-Burner.jpg","datePublished":"2024-10-18T19:46:26+00:00","dateModified":"2025-10-30T15:55:17+00:00","breadcrumb":{"@id":"https:\/\/www.pharmacie-de-la-croisette.fr\/pharmacie\/supp\/nutrigo-lab-burner\/#breadcrumb"},"inLanguage":"fr-FR","potentialAction":[{"@type":"ReadAction","target":["https:\/\/www.pharmacie-de-la-croisette.fr\/pharmacie\/supp\/nutrigo-lab-burner\/"]}]},{"@type":"ImageObject","inLanguage":"fr-FR","@id":"https:\/\/www.pharmacie-de-la-croisette.fr\/pharmacie\/supp\/nutrigo-lab-burner\/#primaryimage","url":"https:\/\/www.pharmacie-de-la-croisette.fr\/pharmacie\/wp-content\/uploads\/2024\/10\/Nutrigo-Lab-Burner.jpg","contentUrl":"https:\/\/www.pharmacie-de-la-croisette.fr\/pharmacie\/wp-content\/uploads\/2024\/10\/Nutrigo-Lab-Burner.jpg","width":768,"height":768},{"@type":"BreadcrumbList","@id":"https:\/\/www.pharmacie-de-la-croisette.fr\/pharmacie\/supp\/nutrigo-lab-burner\/#breadcrumb","itemListElement":[{"@type":"ListItem","position":1,"name":"Strona g\u0142\u00f3wna","item":"https:\/\/www.pharmacie-de-la-croisette.fr\/pharmacie\/"},{"@type":"ListItem","position":2,"name":"farmaci","item":"https:\/\/www.pharmacie-de-la-croisette.fr\/pharmacie\/"},{"@type":"ListItem","position":3,"name":"Nutrigo Lab Burner"}]},{"@type":"WebSite","@id":"https:\/\/www.pharmacie-de-la-croisette.fr\/pharmacie\/#website","url":"https:\/\/www.pharmacie-de-la-croisette.fr\/pharmacie\/","name":"Pharmacie de la Croisette","description":"","potentialAction":[{"@type":"SearchAction","target":{"@type":"EntryPoint","urlTemplate":"https:\/\/www.pharmacie-de-la-croisette.fr\/pharmacie\/?s={search_term_string}"},"query-input":{"@type":"PropertyValueSpecification","valueRequired":true,"valueName":"search_term_string"}}],"inLanguage":"fr-FR"}]}},"_links":{"self":[{"href":"https:\/\/www.pharmacie-de-la-croisette.fr\/pharmacie\/wp-json\/wp\/v2\/product\/4564","targetHints":{"allow":["GET"]}}],"collection":[{"href":"https:\/\/www.pharmacie-de-la-croisette.fr\/pharmacie\/wp-json\/wp\/v2\/product"}],"about":[{"href":"https:\/\/www.pharmacie-de-la-croisette.fr\/pharmacie\/wp-json\/wp\/v2\/types\/product"}],"replies":[{"embeddable":true,"href":"https:\/\/www.pharmacie-de-la-croisette.fr\/pharmacie\/wp-json\/wp\/v2\/comments?post=4564"}],"wp:featuredmedia":[{"embeddable":true,"href":"https:\/\/www.pharmacie-de-la-croisette.fr\/pharmacie\/wp-json\/wp\/v2\/media\/4571"}],"wp:attachment":[{"href":"https:\/\/www.pharmacie-de-la-croisette.fr\/pharmacie\/wp-json\/wp\/v2\/media?parent=4564"}],"wp:term":[{"taxonomy":"product_brand","embeddable":true,"href":"https:\/\/www.pharmacie-de-la-croisette.fr\/pharmacie\/wp-json\/wp\/v2\/product_brand?post=4564"},{"taxonomy":"product_cat","embeddable":true,"href":"https:\/\/www.pharmacie-de-la-croisette.fr\/pharmacie\/wp-json\/wp\/v2\/product_cat?post=4564"},{"taxonomy":"product_tag","embeddable":true,"href":"https:\/\/www.pharmacie-de-la-croisette.fr\/pharmacie\/wp-json\/wp\/v2\/product_tag?post=4564"}],"curies":[{"name":"wp","href":"https:\/\/api.w.org\/{rel}","templated":true}]}}