{"id":4556,"date":"2024-10-18T19:46:26","date_gmt":"2024-10-18T19:46:26","guid":{"rendered":"https:\/\/chirurgie-orthopedie-vannes.fr\/pharmacie\/?post_type=product&#038;p=4556"},"modified":"2025-10-30T15:48:11","modified_gmt":"2025-10-30T15:48:11","slug":"green-barley-plus","status":"publish","type":"product","link":"https:\/\/www.pharmacie-de-la-croisette.fr\/pharmacie\/supp\/green-barley-plus\/","title":{"rendered":"Green Barley Plus"},"content":{"rendered":"<h2 class=\"wp-block-heading\">Qu&rsquo;est-ce que Green Barley Plus et comment fonctionne-t-il ?<\/h2>\n\n\n<p><b>Green Barley Plus<\/b> est un <b>compl\u00e9ment alimentaire<\/b> innovant qui favorise la perte de poids et la purification de l&rsquo;organisme. Le produit contient de l&rsquo;<b>orge vert<\/b> cultiv\u00e9 biologiquement, riche en nutriments essentiels. L <b>&lsquo;action de<\/b> <b>Green Barley Plus<\/b> se concentre sur l&rsquo;acc\u00e9l\u00e9ration du m\u00e9tabolisme, ce qui permet de br\u00fbler plus efficacement les graisses et d&rsquo;augmenter les niveaux d&rsquo;\u00e9nergie.<\/p>\n\n\n<p><b>La composition de<\/b> Green Barley Plus est bas\u00e9e sur des ingr\u00e9dients naturels tels que les vitamines A, C, E, K et des min\u00e9raux comme le fer, le calcium et le magn\u00e9sium. En combinaison avec l&rsquo;extrait de garcinia cambogia, le compl\u00e9ment est extr\u00eamement efficace pour inhiber l&rsquo;accumulation de graisse et r\u00e9duire la sensation de faim. L&rsquo;<b>utilisation<\/b> r\u00e9guli\u00e8re <b>des<\/b> g\u00e9lules peut conduire \u00e0 une r\u00e9duction progressive du poids corporel, surtout si l&rsquo;on pratique une activit\u00e9 physique et que l&rsquo;on suit un r\u00e9gime alimentaire sain.<\/p>\n\n\n<p>Green Barley Plus contient \u00e9galement du b\u00eata-glucane, qui favorise la r\u00e9gulation du taux de cholest\u00e9rol et influence la sensation de sati\u00e9t\u00e9. La caf\u00e9ine pr\u00e9sente dans la formule stimule le syst\u00e8me nerveux, ce qui contribue \u00e0 augmenter le taux de combustion des calories. Le produit est riche en antioxydants, qui peuvent prot\u00e9ger les cellules du stress oxydatif, contribuant ainsi au bien-\u00eatre g\u00e9n\u00e9ral.<\/p>\n\n\n<p>Green Barley Plus est donc un <b>compl\u00e9ment alimentaire<\/b> efficace qui agit \u00e0 plusieurs niveaux pour favoriser non seulement la r\u00e9duction du poids, mais aussi la <b>sant\u00e9<\/b> et le bien-\u00eatre en g\u00e9n\u00e9ral. Une <b>utilisation<\/b> r\u00e9guli\u00e8re contribue \u00e0 des effets notables, comme le confirment de nombreux <b>avis<\/b> positifs <b>d&rsquo;<\/b> utilisateurs.<\/p>\n\n\n<h2 class=\"wp-block-heading\">Quels sont les effets de Green Barley Plus ?<\/h2>\n\n\n<p>Les utilisateurs de Green Barley Plus font \u00e9tat d&rsquo;un certain nombre d&rsquo;<em>effets<\/em> positifs li\u00e9s \u00e0 la <em>perte de poids<\/em>. Parmi ces effets, on note une r\u00e9duction significative du poids pouvant aller jusqu&rsquo;\u00e0 7 kg par mois. La <b>prise<\/b> r\u00e9guli\u00e8re <b>de<\/b> ce <em>compl\u00e9ment alimentaire<\/em> acc\u00e9l\u00e8re les processus de combustion des graisses et am\u00e9liore le m\u00e9tabolisme, ce qui favorise la perte de poids.<\/p>\n\n\n<p><b>Les effets<\/b> ont \u00e9galement pour effet de r\u00e9duire l&rsquo;app\u00e9tit, ce qui permet de mieux contr\u00f4ler l&rsquo;apport calorique. Les premiers effets b\u00e9n\u00e9fiques de l&rsquo;orge vert sont perceptibles apr\u00e8s quelques semaines seulement. Il est recommand\u00e9 d&rsquo;utiliser le compl\u00e9ment jusqu&rsquo;\u00e0 3 mois pour obtenir des r\u00e9sultats optimaux.<\/p>\n\n\n<p>Afin de bien comprendre les <b>effets de<\/b> Green Barley Plus sur l&rsquo;organisme et ses <b>effets<\/b>, le tableau suivant est fourni :<\/p>\n\n\n<figure class=\"wp-block-table\"><table class=\"has-fixed-layout\"><tbody><tr><th>Effet<\/th><th>Description<\/th><\/tr><tr><td>R\u00e9duction du poids<\/td><td>Possibilit\u00e9 de perdre jusqu&rsquo;\u00e0 7 kg par mois.<\/td><\/tr><tr><td>Am\u00e9lioration du m\u00e9tabolisme<\/td><td>Am\u00e9lioration de la combustion des calories et des graisses.<\/td><\/tr><tr><td>R\u00e9duction de l&rsquo;app\u00e9tit<\/td><td>Faciliter le contr\u00f4le de la prise alimentaire.<\/td><\/tr><tr><td><b>Effets<\/b> visibles<\/td><td>Premiers changements apr\u00e8s quelques semaines d&rsquo;utilisation.<\/td><\/tr><\/tbody><\/table><\/figure>\n\n\n<h2 class=\"wp-block-heading\">Comment utiliser correctement Green Barley Plus &#8211; Dosage<\/h2>\n\n\n<p>Pour obtenir des r\u00e9sultats optimaux avec Green Barley Plus, il est essentiel de suivre les instructions de dosage recommand\u00e9es. Il est g\u00e9n\u00e9ralement recommand\u00e9 de prendre 2 g\u00e9lules par jour, ce qui est suffisant pour favoriser la perte de poids et am\u00e9liorer le bien-\u00eatre g\u00e9n\u00e9ral.<\/p>\n\n\n<p>Les g\u00e9lules doivent \u00eatre prises environ 30 minutes avant un repas, ce qui permet une meilleure absorption des principes actifs. Il est indispensable de les avaler avec environ 300 ml d&rsquo;eau, ce qui assure une dissolution optimale du compl\u00e9ment alimentaire dans l&rsquo;organisme.<\/p>\n\n\n<p>L&#8217;emballage contient 60 g\u00e9lules, ce qui est suffisant pour un mois d&rsquo;utilisation r\u00e9guli\u00e8re. Les utilisateurs rapportent qu&rsquo;apr\u00e8s un mois, ils constatent une am\u00e9lioration de leur humeur et de meilleurs r\u00e9sultats en termes de r\u00e9gime alimentaire et d&rsquo;exercice physique. Apr\u00e8s deux mois d&rsquo;utilisation r\u00e9guli\u00e8re, une perte de poids significative et une am\u00e9lioration de l&rsquo;\u00e9tat de la peau sont observ\u00e9es.<\/p>\n\n\n<p>Il convient de rappeler que Green Barley Plus ne convient pas aux enfants, aux femmes enceintes ou \u00e0 celles qui allaitent. Le suppl\u00e9ment peut \u00eatre consomm\u00e9 en toute s\u00e9curit\u00e9 et, selon les commentaires des utilisateurs, il n&rsquo;a pas d&rsquo;effets secondaires. En suivant les instructions et les recommandations, vous pouvez esp\u00e9rer am\u00e9liorer non seulement votre silhouette, mais aussi votre sant\u00e9.<\/p>\n\n\n<h2 class=\"wp-block-heading\">Green Barley Plus &#8211; Avis et critiques, Forum<\/h2>\n\n\n<p>Les <b>avis sur<\/b> Green Barley Plus sont g\u00e9n\u00e9ralement positifs, les utilisateurs partageant activement leurs <em>exp\u00e9riences<\/em> sur de nombreux forums en ligne. De nombreux avis soulignent l&rsquo;efficacit\u00e9 du compl\u00e9ment dans la r\u00e9duction du poids et l&rsquo;am\u00e9lioration du bien-\u00eatre g\u00e9n\u00e9ral. Par exemple, 98% des personnes interrog\u00e9es ont not\u00e9 que le produit renfor\u00e7ait leur corps et acc\u00e9l\u00e9rait leur taux m\u00e9tabolique.<\/p>\n\n\n<p>Les utilisateurs signalent une perte de poids comprise entre 10 et 18 kg dans un d\u00e9lai d&rsquo;un \u00e0 deux mois apr\u00e8s la prise du compl\u00e9ment. Pas moins de 95 % des personnes interrog\u00e9es ont admis avoir plus d&rsquo;\u00e9nergie apr\u00e8s avoir commenc\u00e9 le traitement. <em>Les commentaires<\/em> concernant l&rsquo;absence d&rsquo;effets secondaires sont \u00e9galement encourageants, \u00e9tay\u00e9s par le fait que 90 % des consommateurs jugent Green Barley Plus efficace.<\/p>\n\n\n<p>De nombreux utilisateurs du <b>forum<\/b> soulignent que le compl\u00e9ment les soutient dans leur vie quotidienne, en r\u00e9duisant le besoin de grignoter entre les repas. Le produit pr\u00e9sente \u00e9galement des avantages en termes de d\u00e9sintoxication de l&rsquo;organisme et de renforcement des cheveux et des ongles. En outre, Green Barley Plus ne pr\u00e9sente pas les effets secondaires typiques tels que les douleurs abdominales ou la diarrh\u00e9e, qui sont souvent signal\u00e9s avec d&rsquo;autres suppl\u00e9ments de perte de poids.<\/p>\n\n\n<p>Les <b>avis<\/b> et les <b>t\u00e9moignages<\/b> font \u00e9tat de r\u00e9sultats r\u00e9els obtenus avec Green Barley Plus, ce qui peut \u00eatre un encouragement pour ceux qui envisagent de commencer une suppl\u00e9mentation. Les <b>exp\u00e9riences<\/b> partag\u00e9es <b>des utilisateurs<\/b> disponibles sur les forums peuvent inspirer d&rsquo;autres personnes \u00e0 passer \u00e0 l&rsquo;action et \u00e0 d\u00e9cider d&rsquo;essayer ce produit.<\/p>\n\n\n<h2 class=\"wp-block-heading\">Green Barley Plus &#8211; Composition<\/h2>\n\n\n<p>Green Barley Plus est un <b>compl\u00e9ment alimentaire<\/b> \u00e0 base d&rsquo;ingr\u00e9dients naturels soigneusement s\u00e9lectionn\u00e9s. L&rsquo;\u00e9l\u00e9ment cl\u00e9 est l&rsquo;extrait d&rsquo;orge vert, connu pour sa richesse en vitamines, min\u00e9raux et antioxydants. Ces <em>ingr\u00e9dients naturels<\/em> sont con\u00e7us pour soutenir le m\u00e9tabolisme des graisses et d\u00e9toxifier l&rsquo;organisme, ce qui peut contribuer \u00e0 une perte de poids efficace.<\/p>\n\n\n<p>La consommation r\u00e9guli\u00e8re de ce compl\u00e9ment alimentaire pr\u00e9sente de nombreux avantages pour la sant\u00e9. Des \u00e9tudes montrent que l&rsquo;extrait d&rsquo;orge vert favorise non seulement la r\u00e9duction des graisses, mais am\u00e9liore \u00e9galement l&rsquo;\u00e9tat de la peau, des cheveux et des ongles gr\u00e2ce \u00e0 ses propri\u00e9t\u00e9s antioxydantes. Les utilisateurs soulignent qu&rsquo;apr\u00e8s la prise de Green Barley Plus, ils ressentent une augmentation de la sensation de sati\u00e9t\u00e9, ce qui peut influencer la diminution de l&rsquo;apport calorique tout au long de la journ\u00e9e.<\/p>\n\n\n<p>Il convient de noter que Green Barley Plus est recommand\u00e9 aux adultes et que ses ingr\u00e9dients ne pr\u00e9sentent pas d&rsquo;effets secondaires significatifs. Toutefois, il est toujours conseill\u00e9 de consulter un m\u00e9decin en cas de maladies chroniques ou d&rsquo;allergies aux ingr\u00e9dients. Le compl\u00e9ment alimentaire est un excellent moyen de soutenir l&rsquo;organisme dans sa qu\u00eate d&rsquo;un mode de vie sain.<\/p>\n\n\n<h2 class=\"wp-block-heading\">O\u00f9 acheter et quel est le prix de Green Barley Plus ?<\/h2>\n\n\n<p>Pour vous assurer que vous achetez de l&rsquo;Green Barley Plus authentique, n&rsquo;achetez que sur le site officiel du fabricant. C&rsquo;est l\u00e0 seulement que vous trouverez le produit authentique et des promotions attrayantes qui peuvent r\u00e9duire le prix jusqu&rsquo;\u00e0 50 %, ce qui rend votre achat encore plus int\u00e9ressant.<\/p>\n\n\n<p>Il est inutile de chercher Green Barley Plus dans les pharmacies, les drogueries ou les papeteries. Le produit n&rsquo;y est pas disponible et n&rsquo;est vendu qu&rsquo;en ligne afin de garantir une qualit\u00e9 et une authenticit\u00e9 optimales.<\/p>\n\n\n<p>L&rsquo;utilisation r\u00e9guli\u00e8re de Green Barley Plus peut soutenir les processus de perte de poids, comme le confirment de nombreux avis positifs d&rsquo;utilisateurs qui ont constat\u00e9 une r\u00e9duction significative de leur poids en peu de temps. Il est utile de suivre les offres sur le <em>site officiel du fabricant<\/em> pour se tenir au courant des promotions et de la disponibilit\u00e9 des produits.<\/p>\n\n\n<h2 class=\"wp-block-heading\">Effets secondaires potentiels et contre-indications de Green Barley Plus<\/h2>\n\n\n<p>Green Barley Plus, bien qu&rsquo;il soit consid\u00e9r\u00e9 comme un compl\u00e9ment alimentaire efficace pour la <b>perte de poids<\/b>, n&rsquo;est pas exempt d&rsquo;effets secondaires potentiels. Les utilisateurs peuvent ressentir de l\u00e9gers d\u00e9sagr\u00e9ments tels que des maux de t\u00eate, des naus\u00e9es et des maux d&rsquo;estomac. Il vaut la peine de pr\u00eater attention \u00e0 la fa\u00e7on dont le corps r\u00e9agit au suppl\u00e9ment pour assurer la <b>s\u00e9curit\u00e9<\/b> et la <b>sant\u00e9<\/b> pendant l&rsquo;utilisation.<\/p>\n\n\n<p>Les <b>contre-indications<\/b> \u00e0 l&rsquo;utilisation de Green Barley Plus sont la grossesse, l&rsquo;allaitement et les allergies aux ingr\u00e9dients du produit. Il est donc important de consulter votre m\u00e9decin avant de commencer le traitement afin d&rsquo;\u00e9viter d&rsquo;\u00e9ventuelles complications. La compr\u00e9hension de ces recommandations est la cl\u00e9 de la s\u00e9curit\u00e9 et de l&rsquo;efficacit\u00e9 de la suppl\u00e9mentation.<\/p>\n\n\n<p>Bien que de nombreuses personnes rapportent des effets positifs de la prise de Green Barley Plus, toutes les personnes ne remarqueront pas n\u00e9cessairement les r\u00e9sultats escompt\u00e9s. Il est donc important d&rsquo;\u00eatre conscient de la r\u00e9action de l&rsquo;organisme individuel au suppl\u00e9ment et des effets secondaires \u00e9ventuels, qui peuvent affecter l&rsquo;exp\u00e9rience globale de perte de poids.<\/p>\n","protected":false},"excerpt":{"rendered":"<p><strong>[date_countdown]<\/strong><\/p>\n<p><img decoding=\"async\" class=\"alignnone wp-image-8427\" src=\"https:\/\/www.pharmacie-de-la-croisette.fr\/pharmacie\/wp-content\/uploads\/2024\/10\/SAFE-PAY-300x88-1.png\" alt=\"SAFE-PAY-300x88\" width=\"164\" height=\"48\" \/><\/p>\n","protected":false},"featured_media":3996,"comment_status":"open","ping_status":"closed","template":"","meta":{"neve_meta_sidebar":"","neve_meta_container":"","neve_meta_enable_content_width":"","neve_meta_content_width":0,"neve_meta_title_alignment":"","neve_meta_author_avatar":"","neve_post_elements_order":"","neve_meta_disable_header":"","neve_meta_disable_footer":"","neve_meta_disable_title":"","neve_meta_reading_time":""},"product_brand":[],"product_cat":[15],"product_tag":[],"class_list":{"0":"post-4556","1":"product","2":"type-product","3":"status-publish","4":"has-post-thumbnail","6":"product_cat-perte-de-poids","8":"first","9":"instock","10":"sale","11":"shipping-taxable","12":"product-type-external"},"yoast_head":"<!-- This site is optimized with the Yoast SEO plugin v27.4 - https:\/\/yoast.com\/product\/yoast-seo-wordpress\/ -->\n<title>Green Barley Plus - Avis, Pharmacie, Forum, Prix, Effets | -50%<\/title>\n<meta name=\"robots\" content=\"index, follow, max-snippet:-1, max-image-preview:large, max-video-preview:-1\" \/>\n<link rel=\"canonical\" href=\"https:\/\/www.pharmacie-de-la-croisette.fr\/pharmacie\/supp\/green-barley-plus\/\" \/>\n<meta property=\"og:locale\" content=\"fr_FR\" \/>\n<meta property=\"og:type\" content=\"article\" \/>\n<meta property=\"og:title\" content=\"Green Barley Plus - Avis, Pharmacie, Forum, Prix, Effets | -50%\" \/>\n<meta property=\"og:url\" content=\"https:\/\/www.pharmacie-de-la-croisette.fr\/pharmacie\/supp\/green-barley-plus\/\" \/>\n<meta property=\"og:site_name\" content=\"Pharmacie de la Croisette\" \/>\n<meta property=\"article:modified_time\" content=\"2025-10-30T15:48:11+00:00\" \/>\n<meta property=\"og:image\" content=\"https:\/\/www.pharmacie-de-la-croisette.fr\/pharmacie\/wp-content\/uploads\/2024\/10\/Green-Barley-Plus.jpg\" \/>\n\t<meta property=\"og:image:width\" content=\"768\" \/>\n\t<meta property=\"og:image:height\" content=\"768\" \/>\n\t<meta property=\"og:image:type\" content=\"image\/jpeg\" \/>\n<meta name=\"twitter:card\" content=\"summary_large_image\" \/>\n<meta name=\"twitter:description\" content=\"[date_countdown]\" \/>\n<meta name=\"twitter:label1\" content=\"Dur\u00e9e de lecture estim\u00e9e\" \/>\n\t<meta name=\"twitter:data1\" content=\"1 minute\" \/>\n<script type=\"application\/ld+json\" class=\"yoast-schema-graph\">{\"@context\":\"https:\\\/\\\/schema.org\",\"@graph\":[{\"@type\":\"WebPage\",\"@id\":\"https:\\\/\\\/www.pharmacie-de-la-croisette.fr\\\/pharmacie\\\/supp\\\/green-barley-plus\\\/\",\"url\":\"https:\\\/\\\/www.pharmacie-de-la-croisette.fr\\\/pharmacie\\\/supp\\\/green-barley-plus\\\/\",\"name\":\"Green Barley Plus - Avis, Pharmacie, Forum, Prix, Effets | -50%\",\"isPartOf\":{\"@id\":\"https:\\\/\\\/www.pharmacie-de-la-croisette.fr\\\/pharmacie\\\/#website\"},\"primaryImageOfPage\":{\"@id\":\"https:\\\/\\\/www.pharmacie-de-la-croisette.fr\\\/pharmacie\\\/supp\\\/green-barley-plus\\\/#primaryimage\"},\"image\":{\"@id\":\"https:\\\/\\\/www.pharmacie-de-la-croisette.fr\\\/pharmacie\\\/supp\\\/green-barley-plus\\\/#primaryimage\"},\"thumbnailUrl\":\"https:\\\/\\\/www.pharmacie-de-la-croisette.fr\\\/pharmacie\\\/wp-content\\\/uploads\\\/2024\\\/10\\\/Green-Barley-Plus.jpg\",\"datePublished\":\"2024-10-18T19:46:26+00:00\",\"dateModified\":\"2025-10-30T15:48:11+00:00\",\"breadcrumb\":{\"@id\":\"https:\\\/\\\/www.pharmacie-de-la-croisette.fr\\\/pharmacie\\\/supp\\\/green-barley-plus\\\/#breadcrumb\"},\"inLanguage\":\"fr-FR\",\"potentialAction\":[{\"@type\":\"ReadAction\",\"target\":[\"https:\\\/\\\/www.pharmacie-de-la-croisette.fr\\\/pharmacie\\\/supp\\\/green-barley-plus\\\/\"]}]},{\"@type\":\"ImageObject\",\"inLanguage\":\"fr-FR\",\"@id\":\"https:\\\/\\\/www.pharmacie-de-la-croisette.fr\\\/pharmacie\\\/supp\\\/green-barley-plus\\\/#primaryimage\",\"url\":\"https:\\\/\\\/www.pharmacie-de-la-croisette.fr\\\/pharmacie\\\/wp-content\\\/uploads\\\/2024\\\/10\\\/Green-Barley-Plus.jpg\",\"contentUrl\":\"https:\\\/\\\/www.pharmacie-de-la-croisette.fr\\\/pharmacie\\\/wp-content\\\/uploads\\\/2024\\\/10\\\/Green-Barley-Plus.jpg\",\"width\":768,\"height\":768},{\"@type\":\"BreadcrumbList\",\"@id\":\"https:\\\/\\\/www.pharmacie-de-la-croisette.fr\\\/pharmacie\\\/supp\\\/green-barley-plus\\\/#breadcrumb\",\"itemListElement\":[{\"@type\":\"ListItem\",\"position\":1,\"name\":\"Strona g\u0142\u00f3wna\",\"item\":\"https:\\\/\\\/www.pharmacie-de-la-croisette.fr\\\/pharmacie\\\/\"},{\"@type\":\"ListItem\",\"position\":2,\"name\":\"farmaci\",\"item\":\"https:\\\/\\\/www.pharmacie-de-la-croisette.fr\\\/pharmacie\\\/\"},{\"@type\":\"ListItem\",\"position\":3,\"name\":\"Green Barley Plus\"}]},{\"@type\":\"WebSite\",\"@id\":\"https:\\\/\\\/www.pharmacie-de-la-croisette.fr\\\/pharmacie\\\/#website\",\"url\":\"https:\\\/\\\/www.pharmacie-de-la-croisette.fr\\\/pharmacie\\\/\",\"name\":\"Pharmacie de la Croisette\",\"description\":\"\",\"potentialAction\":[{\"@type\":\"SearchAction\",\"target\":{\"@type\":\"EntryPoint\",\"urlTemplate\":\"https:\\\/\\\/www.pharmacie-de-la-croisette.fr\\\/pharmacie\\\/?s={search_term_string}\"},\"query-input\":{\"@type\":\"PropertyValueSpecification\",\"valueRequired\":true,\"valueName\":\"search_term_string\"}}],\"inLanguage\":\"fr-FR\"}]}<\/script>\n<!-- \/ Yoast SEO plugin. -->","yoast_head_json":{"title":"Green Barley Plus - Avis, Pharmacie, Forum, Prix, Effets | -50%","robots":{"index":"index","follow":"follow","max-snippet":"max-snippet:-1","max-image-preview":"max-image-preview:large","max-video-preview":"max-video-preview:-1"},"canonical":"https:\/\/www.pharmacie-de-la-croisette.fr\/pharmacie\/supp\/green-barley-plus\/","og_locale":"fr_FR","og_type":"article","og_title":"Green Barley Plus - Avis, Pharmacie, Forum, Prix, Effets | -50%","og_url":"https:\/\/www.pharmacie-de-la-croisette.fr\/pharmacie\/supp\/green-barley-plus\/","og_site_name":"Pharmacie de la Croisette","article_modified_time":"2025-10-30T15:48:11+00:00","og_image":[{"width":768,"height":768,"url":"https:\/\/www.pharmacie-de-la-croisette.fr\/pharmacie\/wp-content\/uploads\/2024\/10\/Green-Barley-Plus.jpg","type":"image\/jpeg"}],"twitter_card":"summary_large_image","twitter_description":"[date_countdown]","twitter_misc":{"Dur\u00e9e de lecture estim\u00e9e":"1 minute"},"schema":{"@context":"https:\/\/schema.org","@graph":[{"@type":"WebPage","@id":"https:\/\/www.pharmacie-de-la-croisette.fr\/pharmacie\/supp\/green-barley-plus\/","url":"https:\/\/www.pharmacie-de-la-croisette.fr\/pharmacie\/supp\/green-barley-plus\/","name":"Green Barley Plus - Avis, Pharmacie, Forum, Prix, Effets | -50%","isPartOf":{"@id":"https:\/\/www.pharmacie-de-la-croisette.fr\/pharmacie\/#website"},"primaryImageOfPage":{"@id":"https:\/\/www.pharmacie-de-la-croisette.fr\/pharmacie\/supp\/green-barley-plus\/#primaryimage"},"image":{"@id":"https:\/\/www.pharmacie-de-la-croisette.fr\/pharmacie\/supp\/green-barley-plus\/#primaryimage"},"thumbnailUrl":"https:\/\/www.pharmacie-de-la-croisette.fr\/pharmacie\/wp-content\/uploads\/2024\/10\/Green-Barley-Plus.jpg","datePublished":"2024-10-18T19:46:26+00:00","dateModified":"2025-10-30T15:48:11+00:00","breadcrumb":{"@id":"https:\/\/www.pharmacie-de-la-croisette.fr\/pharmacie\/supp\/green-barley-plus\/#breadcrumb"},"inLanguage":"fr-FR","potentialAction":[{"@type":"ReadAction","target":["https:\/\/www.pharmacie-de-la-croisette.fr\/pharmacie\/supp\/green-barley-plus\/"]}]},{"@type":"ImageObject","inLanguage":"fr-FR","@id":"https:\/\/www.pharmacie-de-la-croisette.fr\/pharmacie\/supp\/green-barley-plus\/#primaryimage","url":"https:\/\/www.pharmacie-de-la-croisette.fr\/pharmacie\/wp-content\/uploads\/2024\/10\/Green-Barley-Plus.jpg","contentUrl":"https:\/\/www.pharmacie-de-la-croisette.fr\/pharmacie\/wp-content\/uploads\/2024\/10\/Green-Barley-Plus.jpg","width":768,"height":768},{"@type":"BreadcrumbList","@id":"https:\/\/www.pharmacie-de-la-croisette.fr\/pharmacie\/supp\/green-barley-plus\/#breadcrumb","itemListElement":[{"@type":"ListItem","position":1,"name":"Strona g\u0142\u00f3wna","item":"https:\/\/www.pharmacie-de-la-croisette.fr\/pharmacie\/"},{"@type":"ListItem","position":2,"name":"farmaci","item":"https:\/\/www.pharmacie-de-la-croisette.fr\/pharmacie\/"},{"@type":"ListItem","position":3,"name":"Green Barley Plus"}]},{"@type":"WebSite","@id":"https:\/\/www.pharmacie-de-la-croisette.fr\/pharmacie\/#website","url":"https:\/\/www.pharmacie-de-la-croisette.fr\/pharmacie\/","name":"Pharmacie de la Croisette","description":"","potentialAction":[{"@type":"SearchAction","target":{"@type":"EntryPoint","urlTemplate":"https:\/\/www.pharmacie-de-la-croisette.fr\/pharmacie\/?s={search_term_string}"},"query-input":{"@type":"PropertyValueSpecification","valueRequired":true,"valueName":"search_term_string"}}],"inLanguage":"fr-FR"}]}},"_links":{"self":[{"href":"https:\/\/www.pharmacie-de-la-croisette.fr\/pharmacie\/wp-json\/wp\/v2\/product\/4556","targetHints":{"allow":["GET"]}}],"collection":[{"href":"https:\/\/www.pharmacie-de-la-croisette.fr\/pharmacie\/wp-json\/wp\/v2\/product"}],"about":[{"href":"https:\/\/www.pharmacie-de-la-croisette.fr\/pharmacie\/wp-json\/wp\/v2\/types\/product"}],"replies":[{"embeddable":true,"href":"https:\/\/www.pharmacie-de-la-croisette.fr\/pharmacie\/wp-json\/wp\/v2\/comments?post=4556"}],"wp:featuredmedia":[{"embeddable":true,"href":"https:\/\/www.pharmacie-de-la-croisette.fr\/pharmacie\/wp-json\/wp\/v2\/media\/3996"}],"wp:attachment":[{"href":"https:\/\/www.pharmacie-de-la-croisette.fr\/pharmacie\/wp-json\/wp\/v2\/media?parent=4556"}],"wp:term":[{"taxonomy":"product_brand","embeddable":true,"href":"https:\/\/www.pharmacie-de-la-croisette.fr\/pharmacie\/wp-json\/wp\/v2\/product_brand?post=4556"},{"taxonomy":"product_cat","embeddable":true,"href":"https:\/\/www.pharmacie-de-la-croisette.fr\/pharmacie\/wp-json\/wp\/v2\/product_cat?post=4556"},{"taxonomy":"product_tag","embeddable":true,"href":"https:\/\/www.pharmacie-de-la-croisette.fr\/pharmacie\/wp-json\/wp\/v2\/product_tag?post=4556"}],"curies":[{"name":"wp","href":"https:\/\/api.w.org\/{rel}","templated":true}]}}