{"id":4555,"date":"2024-10-18T19:46:26","date_gmt":"2024-10-18T19:46:26","guid":{"rendered":"https:\/\/chirurgie-orthopedie-vannes.fr\/pharmacie\/?post_type=product&#038;p=4555"},"modified":"2025-10-30T15:48:30","modified_gmt":"2025-10-30T15:48:30","slug":"green-coffee-5k","status":"publish","type":"product","link":"https:\/\/www.pharmacie-de-la-croisette.fr\/pharmacie\/supp\/green-coffee-5k\/","title":{"rendered":"Green Coffee 5K"},"content":{"rendered":"\n<h2 class=\"wp-block-heading\">Qu&rsquo;est-ce que le Green Coffee 5K et comment fonctionne-t-il ?<\/h2>\n\n\n\n<p>Green Coffee 5K est un <b>compl\u00e9ment alimentaire<\/b> qui contient 5000 mg d&rsquo;extrait de grains de caf\u00e9 vert par portion. Contrairement au caf\u00e9 traditionnel, le caf\u00e9 vert n&rsquo;est pas torr\u00e9fi\u00e9, ce qui lui permet de conserver des concentrations plus \u00e9lev\u00e9es d&rsquo;acide chlorog\u00e9nique. Cet <b>ingr\u00e9dient naturel<\/b> agit comme un puissant antioxydant et contribue \u00e0 am\u00e9liorer le m\u00e9tabolisme du glucose et des lipides.<\/p>\n\n\n\n<p>Le Green Coffee 5K agit en inhibant l&rsquo;absorption du glucose, ce qui peut contribuer \u00e0 maintenir un taux de glyc\u00e9mie stable. L&rsquo;utilisation r\u00e9guli\u00e8re de ce suppl\u00e9ment peut conduire \u00e0 une r\u00e9duction de l&rsquo;app\u00e9tit, ce qui se traduit par une diminution de l&rsquo;apport calorique. Les personnes qui utilisent Green Coffee 5K font souvent \u00e9tat d&rsquo;une perte de poids efficace, et certaines ont perdu jusqu&rsquo;\u00e0 12 kg en trois mois.<\/p>\n\n\n\n<p>L&rsquo;extrait de caf\u00e9 vert contribue \u00e9galement \u00e0 acc\u00e9l\u00e9rer le m\u00e9tabolisme, ce qui peut conduire \u00e0 une combustion efficace des graisses. Une \u00e9tude men\u00e9e \u00e0 l&rsquo;Universit\u00e9 de Pennsylvanie a montr\u00e9 que l &lsquo;utilisation du Green Coffee 5K peut entra\u00eener une perte moyenne de 8 kg en 22 semaines. Il convient de noter qu&rsquo;un paquet contient 60 g\u00e9lules et que le dosage recommand\u00e9 est de deux g\u00e9lules par jour, ce qui augmente les chances d&rsquo;obtenir les bons r\u00e9sultats.<\/p>\n\n\n\n<h2 class=\"wp-block-heading\">Les bienfaits du Green Coffee 5K &#8211; Effets<\/h2>\n\n\n\n<p>Le Green Coffee 5K est un compl\u00e9ment alimentaire qui pr\u00e9sente de nombreux avantages pour les personnes souhaitant r\u00e9duire leur poids et am\u00e9liorer leur bien-\u00eatre. Gr\u00e2ce \u00e0 sa teneur en acide chlorog\u00e9nique, le produit favorise une combustion plus efficace des graisses et r\u00e9duit l&rsquo;absorption des sucres dans l&rsquo;intestin. Des \u00e9tudes cliniques ont montr\u00e9 que le compl\u00e9ment peut r\u00e9guler les niveaux de glucose et le cholest\u00e9rol LDL, avec des avantages suppl\u00e9mentaires pour la sant\u00e9.<\/p>\n\n\n\n<p>Les utilisateurs remarquent souvent une am\u00e9lioration significative du m\u00e9tabolisme, ce qui se traduit par de meilleurs <b>r\u00e9sultats en mati\u00e8re de<\/b> perte de poids. En outre, l&rsquo;<b>utilisation de<\/b> Green Coffee 5K favorise une augmentation de l&rsquo;\u00e9nergie, ce qui permet une plus grande activit\u00e9 physique. La prise r\u00e9guli\u00e8re des capsules peut soutenir l&rsquo;organisme dans la lutte contre l&rsquo;exc\u00e8s de poids, tout en ayant un effet positif sur le bien-\u00eatre g\u00e9n\u00e9ral.<\/p>\n\n\n\n<p>Les principaux avantages du Green Coffee 5K sont d\u00e9crits ci-dessous :<\/p>\n\n\n\n<ul class=\"wp-block-list\">\n<li>Acc\u00e9l\u00e9rer le m\u00e9tabolisme<\/li>\n\n\n\n<li>R\u00e9duction du poids<\/li>\n\n\n\n<li>R\u00e9duction de la glyc\u00e9mie<\/li>\n\n\n\n<li>Am\u00e9liorer le bien-\u00eatre g\u00e9n\u00e9ral<\/li>\n\n\n\n<li>R\u00e9gulation du taux de cholest\u00e9rol LDL<\/li>\n\n\n\n<li>Soutien \u00e0 l&rsquo;augmentation de l&rsquo;\u00e9nergie<\/li>\n<\/ul>\n\n\n\n<p>Les produits contenant de l&rsquo;extrait de caf\u00e9 vert, tels que Green Coffee 5K, contribuent \u00e0 une meilleure perte de poids, ce qui est appr\u00e9ci\u00e9 par de nombreux utilisateurs qui s&rsquo;engagent dans un mode de vie sain.<\/p>\n\n\n\n<h2 class=\"wp-block-heading\">Comment utiliser correctement le Green Coffee 5K &#8211; Dosage<\/h2>\n\n\n\n<p>Le dosage correct du Green Coffee 5K est la cl\u00e9 d&rsquo;une suppl\u00e9mentation efficace. La quantit\u00e9 recommand\u00e9e se situe entre 200 et 600 mg par jour, ce qui se traduit g\u00e9n\u00e9ralement par la prise de deux g\u00e9lules avant les repas. Une telle utilisation permet d&rsquo;obtenir des r\u00e9sultats optimaux sans risque d&rsquo;effets secondaires li\u00e9s \u00e0 un exc\u00e8s de principes actifs.<\/p>\n\n\n\n<p>Les personnes sensibles \u00e0 la caf\u00e9ine doivent pr\u00eater une attention particuli\u00e8re au dosage, en raison de sa pr\u00e9sence dans le caf\u00e9 vert. La suppl\u00e9mentation en Green Coffee 5K seul a un effet positif sur le m\u00e9tabolisme, comme le confirment 98% des personnes interrog\u00e9es qui n&rsquo;ont pas eu faim apr\u00e8s l&rsquo;avoir pris. L &lsquo;effet de ce compl\u00e9ment est de r\u00e9duire l&rsquo;absorption des graisses et des sucres, ce qui est d\u00fb \u00e0 l&rsquo;action de l&rsquo;acide chlorog\u00e9nique.<\/p>\n\n\n\n<p>Il convient de tenir compte de la r\u00e9gularit\u00e9 de l&rsquo;utilisation, car un paquet contient 60 g\u00e9lules et dure un mois, ce qui favorise des effets permanents. Un dosage correct et une utilisation pr\u00e9cise peuvent conduire \u00e0 une perte de poids significative, ce qui a \u00e9t\u00e9 confirm\u00e9 par 96% des participants \u00e0 l&rsquo;\u00e9tude. La suppl\u00e9mentation en Green Coffee 5K devient de plus en plus populaire, ce qui influence certainement les r\u00e9actions positives des utilisateurs.<\/p>\n\n\n\n<h2 class=\"wp-block-heading\">Critiques et opinions sur Green Coffee 5K<\/h2>\n\n\n\n<p>On trouve une grande vari\u00e9t\u00e9 d&rsquo;<b>avis<\/b> parmi les utilisateurs de Green Coffee 5K. De nombreux avis soulignent l&rsquo;<b>exp\u00e9rience<\/b> positive de son utilisation, ce qui explique la popularit\u00e9 croissante de ce compl\u00e9ment alimentaire. Les utilisateurs constatent une am\u00e9lioration de leur bien-\u00eatre et une r\u00e9duction globale de leur poids. Les observations de ceux qui ont combin\u00e9 la suppl\u00e9mentation avec un mode de vie actif et un r\u00e9gime alimentaire \u00e9quilibr\u00e9 sont essentielles.<\/p>\n\n\n\n<p>Par exemple, un avis indique que le Green Coffee 5K augmente les niveaux d&rsquo;\u00e9nergie, ce qui permet de mener plus facilement un mode de vie actif. Les utilisateurs soulignent que la formule soutient les processus de d\u00e9sintoxication de l&rsquo;organisme et r\u00e9gule \u00e9galement le taux de cholest\u00e9rol. Ces \u00e9l\u00e9ments ont un impact positif sur le bien-\u00eatre quotidien et le confort mental.<\/p>\n\n\n\n<p><b>Les avis<\/b> font souvent \u00e9tat d&rsquo;<b>effets<\/b> sous la forme d&rsquo;une r\u00e9duction de la cellulite, ce qui renforce la confiance en soi. En outre, de nombreuses personnes remarquent une am\u00e9lioration des fonctions cognitives, ce qui devrait \u00e9galement \u00eatre consid\u00e9r\u00e9 comme un aspect important. L&rsquo;utilisation r\u00e9guli\u00e8re de Green Coffee 5K produit des r\u00e9sultats notables, comme le confirment de nombreuses <b>exp\u00e9riences d&rsquo;<\/b> utilisateurs.<\/p>\n\n\n\n<figure class=\"wp-block-table\"><table class=\"has-fixed-layout\"><tbody><tr><th>Personne<\/th><th>L&rsquo;\u00e2ge<\/th><th>Description de l&rsquo;exp\u00e9rience<\/th><\/tr><tr><td>Kasia<\/td><td>32<\/td><td>Elle a r\u00e9duit son poids de 5 kg en 4 semaines.<\/td><\/tr><tr><td>Marta<\/td><td>28<\/td><td>Am\u00e9liorer l&rsquo;\u00e9nergie et contr\u00f4ler les crises de faim.<\/td><\/tr><tr><td>Michael<\/td><td>37<\/td><td>Une silhouette plus fine gr\u00e2ce \u00e0 la combinaison d&rsquo;un compl\u00e9ment alimentaire et d&rsquo;un r\u00e9gime.<\/td><\/tr><\/tbody><\/table><\/figure>\n\n\n\n<p>Les avis sur le Green Coffee 5K sont vari\u00e9s, mais beaucoup se concentrent sur les effets positifs, ce qui peut inciter \u00e0 tester le suppl\u00e9ment. Il convient de tenir compte du fait que les r\u00e9sultats peuvent varier en fonction des pr\u00e9dispositions individuelles et du mode de vie.<\/p>\n\n\n\n<h2 class=\"wp-block-heading\">Green Coffee 5K &#8211; Composition &#8211; Analyse des ingr\u00e9dients<\/h2>\n\n\n\n<p>Green Coffee 5K est un <b>compl\u00e9ment alimentaire<\/b> con\u00e7u pour favoriser le m\u00e9tabolisme et la perte de poids. Le composant cl\u00e9 de la formule est l&rsquo;<em>acide chlorog\u00e9nique<\/em>, qui a des propri\u00e9t\u00e9s prouv\u00e9es pour acc\u00e9l\u00e9rer le m\u00e9tabolisme et bloquer l&rsquo;absorption des sucres dans l&rsquo;intestin. Chaque g\u00e9lule contient 50 mg de ce pr\u00e9cieux ingr\u00e9dient, ce qui, en cas d&rsquo;utilisation r\u00e9guli\u00e8re, fournit une dose ad\u00e9quate pour soutenir les processus m\u00e9taboliques.<\/p>\n\n\n\n<p>Le Green Coffee 5K ne manque pas de caf\u00e9ine dans sa composition, qui, bien que pr\u00e9sente en plus petite quantit\u00e9 que dans le caf\u00e9 traditionnel, contribue \u00e0 l&rsquo;am\u00e9lioration des performances physiques et mentales. Le dosage du compl\u00e9ment est recommand\u00e9 entre 200 et 600 mg par jour, g\u00e9n\u00e9ralement r\u00e9partis en 2 ou 3 prises avant les repas. 5000 mg d&rsquo;extrait de grains de caf\u00e9 vert par g\u00e9lule font de ce produit l&rsquo;un des plus puissants de sa cat\u00e9gorie.<\/p>\n\n\n\n<p>Une analyse compl\u00e8te de la formulation confirme les avantages potentiels du Green Coffee 5K. L&rsquo;utilisation r\u00e9guli\u00e8re du compl\u00e9ment peut entra\u00eener une perte de poids notable, les utilisateurs d\u00e9clarant souvent avoir perdu jusqu&rsquo;\u00e0 10 % de leur poids en quelques mois. En outre, la r\u00e9duction de l&rsquo;app\u00e9tit et l&rsquo;acc\u00e9l\u00e9ration du m\u00e9tabolisme font que le produit est tr\u00e8s appr\u00e9ci\u00e9 par les personnes souhaitant am\u00e9liorer leur silhouette.<\/p>\n\n\n\n<h2 class=\"wp-block-heading\">Green Coffee 5K price &#8211; O\u00f9 acheter ?<\/h2>\n\n\n\n<p>Le prix de Green Coffee 5K varie en fonction des promotions en cours et de la quantit\u00e9 de capsules command\u00e9es. Le produit n&rsquo;est propos\u00e9 que par le fabricant officiel, ce qui est important pour en garantir l&rsquo;authenticit\u00e9. L&rsquo;achat sur le site du fabricant permet de se pr\u00e9munir contre les contrefa\u00e7ons qui peuvent ne pas r\u00e9pondre aux attentes des utilisateurs. Le Green Coffee 5K n&rsquo;est pas disponible dans les pharmacies stationnaires, ce qui fait de l&rsquo;achat en ligne la seule option pour les personnes int\u00e9ress\u00e9es par la suppl\u00e9mentation.<\/p>\n\n\n\n<p>Il est int\u00e9ressant de surveiller les prix et les offres disponibles directement sur le site web pour b\u00e9n\u00e9ficier des conditions d&rsquo;achat les plus int\u00e9ressantes. Les promotions propos\u00e9es permettent souvent de r\u00e9aliser d&rsquo;importantes \u00e9conomies, ce qui renforce encore l&rsquo;attrait du produit. Les utilisateurs peuvent compter sur une vari\u00e9t\u00e9 d&rsquo;options de paiement et sur une livraison rapide, ce qui facilite le passage de la commande. Il ne reste plus qu&rsquo;une question : <b>o\u00f9 acheter le<\/b> Green Coffee 5K pour profiter de ses propri\u00e9t\u00e9s b\u00e9n\u00e9fiques pour la sant\u00e9 ?<\/p>\n\n\n\n<h2 class=\"wp-block-heading\">Effets secondaires potentiels et contre-indications du Green Coffee 5K<\/h2>\n\n\n\n<p>L&rsquo;utilisation du Green Coffee 5K peut \u00eatre associ\u00e9e \u00e0 certains effets secondaires potentiels. Parmi les sympt\u00f4mes les plus fr\u00e9quemment signal\u00e9s figurent les maux de t\u00eate, l&rsquo;indigestion, ainsi que les probl\u00e8mes associ\u00e9s \u00e0 une teneur \u00e9lev\u00e9e en caf\u00e9ine, tels que l&rsquo;insomnie et la nervosit\u00e9. Les consommateurs doivent \u00eatre conscients de ces r\u00e9actions corporelles, ce qui est un \u00e9l\u00e9ment important pour garantir la s\u00e9curit\u00e9 de la suppl\u00e9mentation.<\/p>\n\n\n\n<p>Les contre-indications \u00e0 l&rsquo;utilisation du Green Coffee 5K comprennent les personnes souffrant de maladies cardiaques, d&rsquo;hypertension, de probl\u00e8mes d&rsquo;estomac, ainsi que les enfants et les adolescents de moins de 18 ans. Les femmes enceintes et allaitantes devraient \u00e9galement \u00e9viter ce suppl\u00e9ment, car les recherches sur ses effets sur le d\u00e9veloppement du f\u0153tus et la sant\u00e9 de l&rsquo;enfant sont insuffisantes. Il est conseill\u00e9 de demander l&rsquo;avis d&rsquo;un m\u00e9decin avant de commencer la suppl\u00e9mentation.<\/p>\n\n\n\n<p>Si vous avez des inqui\u00e9tudes quant \u00e0 l&rsquo;utilisation du Green Coffee 5K, il est essentiel de comprendre que les compl\u00e9ments alimentaires ne peuvent se substituer \u00e0 un mode de vie sain et \u00e0 une alimentation \u00e9quilibr\u00e9e. Avant de d\u00e9cider de commencer un traitement, il convient d&rsquo;analyser soigneusement les risques et les avantages potentiels afin de faire un choix \u00e9clair\u00e9.<\/p>\n","protected":false},"excerpt":{"rendered":"<p><strong>[date_countdown]<\/strong><\/p>\n<p><img decoding=\"async\" class=\"alignnone wp-image-8427\" src=\"https:\/\/www.pharmacie-de-la-croisette.fr\/pharmacie\/wp-content\/uploads\/2024\/10\/SAFE-PAY-300x88-1.png\" alt=\"SAFE-PAY-300x88\" width=\"164\" height=\"48\" \/><\/p>\n","protected":false},"featured_media":4570,"comment_status":"open","ping_status":"closed","template":"","meta":{"neve_meta_sidebar":"","neve_meta_container":"","neve_meta_enable_content_width":"","neve_meta_content_width":0,"neve_meta_title_alignment":"","neve_meta_author_avatar":"","neve_post_elements_order":"","neve_meta_disable_header":"","neve_meta_disable_footer":"","neve_meta_disable_title":"","neve_meta_reading_time":""},"product_brand":[],"product_cat":[15],"product_tag":[],"class_list":{"0":"post-4555","1":"product","2":"type-product","3":"status-publish","4":"has-post-thumbnail","6":"product_cat-perte-de-poids","8":"first","9":"instock","10":"sale","11":"shipping-taxable","12":"product-type-external"},"yoast_head":"<!-- This site is optimized with the Yoast SEO plugin v27.4 - https:\/\/yoast.com\/product\/yoast-seo-wordpress\/ -->\n<title>Green Coffee 5K - Avis, Pharmacie, Forum, Prix, Effets | -50%<\/title>\n<meta name=\"robots\" content=\"index, follow, max-snippet:-1, max-image-preview:large, max-video-preview:-1\" \/>\n<link rel=\"canonical\" href=\"https:\/\/www.pharmacie-de-la-croisette.fr\/pharmacie\/supp\/green-coffee-5k\/\" \/>\n<meta property=\"og:locale\" content=\"fr_FR\" \/>\n<meta property=\"og:type\" content=\"article\" \/>\n<meta property=\"og:title\" content=\"Green Coffee 5K - Avis, Pharmacie, Forum, Prix, Effets | -50%\" \/>\n<meta property=\"og:url\" content=\"https:\/\/www.pharmacie-de-la-croisette.fr\/pharmacie\/supp\/green-coffee-5k\/\" \/>\n<meta property=\"og:site_name\" content=\"Pharmacie de la Croisette\" \/>\n<meta property=\"article:modified_time\" content=\"2025-10-30T15:48:30+00:00\" \/>\n<meta property=\"og:image\" content=\"https:\/\/www.pharmacie-de-la-croisette.fr\/pharmacie\/wp-content\/uploads\/2024\/10\/Green-Coffee-5K.jpg\" \/>\n\t<meta property=\"og:image:width\" content=\"768\" \/>\n\t<meta property=\"og:image:height\" content=\"768\" \/>\n\t<meta property=\"og:image:type\" content=\"image\/jpeg\" \/>\n<meta name=\"twitter:card\" content=\"summary_large_image\" \/>\n<meta name=\"twitter:description\" content=\"[date_countdown]\" \/>\n<meta name=\"twitter:label1\" content=\"Dur\u00e9e de lecture estim\u00e9e\" \/>\n\t<meta name=\"twitter:data1\" content=\"1 minute\" \/>\n<script type=\"application\/ld+json\" class=\"yoast-schema-graph\">{\"@context\":\"https:\\\/\\\/schema.org\",\"@graph\":[{\"@type\":\"WebPage\",\"@id\":\"https:\\\/\\\/www.pharmacie-de-la-croisette.fr\\\/pharmacie\\\/supp\\\/green-coffee-5k\\\/\",\"url\":\"https:\\\/\\\/www.pharmacie-de-la-croisette.fr\\\/pharmacie\\\/supp\\\/green-coffee-5k\\\/\",\"name\":\"Green Coffee 5K - Avis, Pharmacie, Forum, Prix, Effets | -50%\",\"isPartOf\":{\"@id\":\"https:\\\/\\\/www.pharmacie-de-la-croisette.fr\\\/pharmacie\\\/#website\"},\"primaryImageOfPage\":{\"@id\":\"https:\\\/\\\/www.pharmacie-de-la-croisette.fr\\\/pharmacie\\\/supp\\\/green-coffee-5k\\\/#primaryimage\"},\"image\":{\"@id\":\"https:\\\/\\\/www.pharmacie-de-la-croisette.fr\\\/pharmacie\\\/supp\\\/green-coffee-5k\\\/#primaryimage\"},\"thumbnailUrl\":\"https:\\\/\\\/www.pharmacie-de-la-croisette.fr\\\/pharmacie\\\/wp-content\\\/uploads\\\/2024\\\/10\\\/Green-Coffee-5K.jpg\",\"datePublished\":\"2024-10-18T19:46:26+00:00\",\"dateModified\":\"2025-10-30T15:48:30+00:00\",\"breadcrumb\":{\"@id\":\"https:\\\/\\\/www.pharmacie-de-la-croisette.fr\\\/pharmacie\\\/supp\\\/green-coffee-5k\\\/#breadcrumb\"},\"inLanguage\":\"fr-FR\",\"potentialAction\":[{\"@type\":\"ReadAction\",\"target\":[\"https:\\\/\\\/www.pharmacie-de-la-croisette.fr\\\/pharmacie\\\/supp\\\/green-coffee-5k\\\/\"]}]},{\"@type\":\"ImageObject\",\"inLanguage\":\"fr-FR\",\"@id\":\"https:\\\/\\\/www.pharmacie-de-la-croisette.fr\\\/pharmacie\\\/supp\\\/green-coffee-5k\\\/#primaryimage\",\"url\":\"https:\\\/\\\/www.pharmacie-de-la-croisette.fr\\\/pharmacie\\\/wp-content\\\/uploads\\\/2024\\\/10\\\/Green-Coffee-5K.jpg\",\"contentUrl\":\"https:\\\/\\\/www.pharmacie-de-la-croisette.fr\\\/pharmacie\\\/wp-content\\\/uploads\\\/2024\\\/10\\\/Green-Coffee-5K.jpg\",\"width\":768,\"height\":768},{\"@type\":\"BreadcrumbList\",\"@id\":\"https:\\\/\\\/www.pharmacie-de-la-croisette.fr\\\/pharmacie\\\/supp\\\/green-coffee-5k\\\/#breadcrumb\",\"itemListElement\":[{\"@type\":\"ListItem\",\"position\":1,\"name\":\"Strona g\u0142\u00f3wna\",\"item\":\"https:\\\/\\\/www.pharmacie-de-la-croisette.fr\\\/pharmacie\\\/\"},{\"@type\":\"ListItem\",\"position\":2,\"name\":\"farmaci\",\"item\":\"https:\\\/\\\/www.pharmacie-de-la-croisette.fr\\\/pharmacie\\\/\"},{\"@type\":\"ListItem\",\"position\":3,\"name\":\"Green Coffee 5K\"}]},{\"@type\":\"WebSite\",\"@id\":\"https:\\\/\\\/www.pharmacie-de-la-croisette.fr\\\/pharmacie\\\/#website\",\"url\":\"https:\\\/\\\/www.pharmacie-de-la-croisette.fr\\\/pharmacie\\\/\",\"name\":\"Pharmacie de la Croisette\",\"description\":\"\",\"potentialAction\":[{\"@type\":\"SearchAction\",\"target\":{\"@type\":\"EntryPoint\",\"urlTemplate\":\"https:\\\/\\\/www.pharmacie-de-la-croisette.fr\\\/pharmacie\\\/?s={search_term_string}\"},\"query-input\":{\"@type\":\"PropertyValueSpecification\",\"valueRequired\":true,\"valueName\":\"search_term_string\"}}],\"inLanguage\":\"fr-FR\"}]}<\/script>\n<!-- \/ Yoast SEO plugin. -->","yoast_head_json":{"title":"Green Coffee 5K - Avis, Pharmacie, Forum, Prix, Effets | -50%","robots":{"index":"index","follow":"follow","max-snippet":"max-snippet:-1","max-image-preview":"max-image-preview:large","max-video-preview":"max-video-preview:-1"},"canonical":"https:\/\/www.pharmacie-de-la-croisette.fr\/pharmacie\/supp\/green-coffee-5k\/","og_locale":"fr_FR","og_type":"article","og_title":"Green Coffee 5K - Avis, Pharmacie, Forum, Prix, Effets | -50%","og_url":"https:\/\/www.pharmacie-de-la-croisette.fr\/pharmacie\/supp\/green-coffee-5k\/","og_site_name":"Pharmacie de la Croisette","article_modified_time":"2025-10-30T15:48:30+00:00","og_image":[{"width":768,"height":768,"url":"https:\/\/www.pharmacie-de-la-croisette.fr\/pharmacie\/wp-content\/uploads\/2024\/10\/Green-Coffee-5K.jpg","type":"image\/jpeg"}],"twitter_card":"summary_large_image","twitter_description":"[date_countdown]","twitter_misc":{"Dur\u00e9e de lecture estim\u00e9e":"1 minute"},"schema":{"@context":"https:\/\/schema.org","@graph":[{"@type":"WebPage","@id":"https:\/\/www.pharmacie-de-la-croisette.fr\/pharmacie\/supp\/green-coffee-5k\/","url":"https:\/\/www.pharmacie-de-la-croisette.fr\/pharmacie\/supp\/green-coffee-5k\/","name":"Green Coffee 5K - Avis, Pharmacie, Forum, Prix, Effets | -50%","isPartOf":{"@id":"https:\/\/www.pharmacie-de-la-croisette.fr\/pharmacie\/#website"},"primaryImageOfPage":{"@id":"https:\/\/www.pharmacie-de-la-croisette.fr\/pharmacie\/supp\/green-coffee-5k\/#primaryimage"},"image":{"@id":"https:\/\/www.pharmacie-de-la-croisette.fr\/pharmacie\/supp\/green-coffee-5k\/#primaryimage"},"thumbnailUrl":"https:\/\/www.pharmacie-de-la-croisette.fr\/pharmacie\/wp-content\/uploads\/2024\/10\/Green-Coffee-5K.jpg","datePublished":"2024-10-18T19:46:26+00:00","dateModified":"2025-10-30T15:48:30+00:00","breadcrumb":{"@id":"https:\/\/www.pharmacie-de-la-croisette.fr\/pharmacie\/supp\/green-coffee-5k\/#breadcrumb"},"inLanguage":"fr-FR","potentialAction":[{"@type":"ReadAction","target":["https:\/\/www.pharmacie-de-la-croisette.fr\/pharmacie\/supp\/green-coffee-5k\/"]}]},{"@type":"ImageObject","inLanguage":"fr-FR","@id":"https:\/\/www.pharmacie-de-la-croisette.fr\/pharmacie\/supp\/green-coffee-5k\/#primaryimage","url":"https:\/\/www.pharmacie-de-la-croisette.fr\/pharmacie\/wp-content\/uploads\/2024\/10\/Green-Coffee-5K.jpg","contentUrl":"https:\/\/www.pharmacie-de-la-croisette.fr\/pharmacie\/wp-content\/uploads\/2024\/10\/Green-Coffee-5K.jpg","width":768,"height":768},{"@type":"BreadcrumbList","@id":"https:\/\/www.pharmacie-de-la-croisette.fr\/pharmacie\/supp\/green-coffee-5k\/#breadcrumb","itemListElement":[{"@type":"ListItem","position":1,"name":"Strona g\u0142\u00f3wna","item":"https:\/\/www.pharmacie-de-la-croisette.fr\/pharmacie\/"},{"@type":"ListItem","position":2,"name":"farmaci","item":"https:\/\/www.pharmacie-de-la-croisette.fr\/pharmacie\/"},{"@type":"ListItem","position":3,"name":"Green Coffee 5K"}]},{"@type":"WebSite","@id":"https:\/\/www.pharmacie-de-la-croisette.fr\/pharmacie\/#website","url":"https:\/\/www.pharmacie-de-la-croisette.fr\/pharmacie\/","name":"Pharmacie de la Croisette","description":"","potentialAction":[{"@type":"SearchAction","target":{"@type":"EntryPoint","urlTemplate":"https:\/\/www.pharmacie-de-la-croisette.fr\/pharmacie\/?s={search_term_string}"},"query-input":{"@type":"PropertyValueSpecification","valueRequired":true,"valueName":"search_term_string"}}],"inLanguage":"fr-FR"}]}},"_links":{"self":[{"href":"https:\/\/www.pharmacie-de-la-croisette.fr\/pharmacie\/wp-json\/wp\/v2\/product\/4555","targetHints":{"allow":["GET"]}}],"collection":[{"href":"https:\/\/www.pharmacie-de-la-croisette.fr\/pharmacie\/wp-json\/wp\/v2\/product"}],"about":[{"href":"https:\/\/www.pharmacie-de-la-croisette.fr\/pharmacie\/wp-json\/wp\/v2\/types\/product"}],"replies":[{"embeddable":true,"href":"https:\/\/www.pharmacie-de-la-croisette.fr\/pharmacie\/wp-json\/wp\/v2\/comments?post=4555"}],"wp:featuredmedia":[{"embeddable":true,"href":"https:\/\/www.pharmacie-de-la-croisette.fr\/pharmacie\/wp-json\/wp\/v2\/media\/4570"}],"wp:attachment":[{"href":"https:\/\/www.pharmacie-de-la-croisette.fr\/pharmacie\/wp-json\/wp\/v2\/media?parent=4555"}],"wp:term":[{"taxonomy":"product_brand","embeddable":true,"href":"https:\/\/www.pharmacie-de-la-croisette.fr\/pharmacie\/wp-json\/wp\/v2\/product_brand?post=4555"},{"taxonomy":"product_cat","embeddable":true,"href":"https:\/\/www.pharmacie-de-la-croisette.fr\/pharmacie\/wp-json\/wp\/v2\/product_cat?post=4555"},{"taxonomy":"product_tag","embeddable":true,"href":"https:\/\/www.pharmacie-de-la-croisette.fr\/pharmacie\/wp-json\/wp\/v2\/product_tag?post=4555"}],"curies":[{"name":"wp","href":"https:\/\/api.w.org\/{rel}","templated":true}]}}