{"id":4551,"date":"2024-10-18T19:46:26","date_gmt":"2024-10-18T19:46:26","guid":{"rendered":"https:\/\/chirurgie-orthopedie-vannes.fr\/pharmacie\/?post_type=product&#038;p=4551"},"modified":"2025-09-03T19:59:19","modified_gmt":"2025-09-03T19:59:19","slug":"gigantx","status":"publish","type":"product","link":"https:\/\/www.pharmacie-de-la-croisette.fr\/pharmacie\/supp\/gigantx\/","title":{"rendered":"GigantX"},"content":{"rendered":"<h2 class=\"wp-block-heading\">Qu&rsquo;est-ce que GigantX et comment fonctionne-t-il ?<\/h2>\n\n\n<p><b>GigantX<\/b> est un <b>compl\u00e9ment alimentaire<\/b> destin\u00e9 aux hommes qui recherchent un soutien dans la sph\u00e8re sexuelle. A l&rsquo;aide d&rsquo;ingr\u00e9dients naturels, la formule soutient le syst\u00e8me circulatoire, ce qui a un effet direct sur <em>GigantX<\/em>. En am\u00e9liorant la circulation sanguine, les hommes peuvent avoir des \u00e9rections plus intenses et plus durables.<\/p>\n\n\n<p>La formule de <b>GigantX<\/b> est bas\u00e9e sur des ingr\u00e9dients qui stimulent le flux sanguin vers les organes g\u00e9nitaux. L&rsquo;am\u00e9lioration de la fonction sexuelle peut se traduire par une satisfaction globale de la vie intime. Les hommes qui utilisent ce suppl\u00e9ment remarquent des changements positifs qui peuvent les aider \u00e0 surmonter leurs probl\u00e8mes intimes.<\/p>\n\n\n<p>Savoir <em>ce qu&rsquo;est GigantX<\/em> et comment il fonctionne vous permet de mieux comprendre comment il peut affecter votre vie sexuelle. Le produit est de plus en plus reconnu par ceux qui recherchent des m\u00e9thodes naturelles pour am\u00e9liorer leur sant\u00e9 sexuelle.<\/p>\n\n\n<h2 class=\"wp-block-heading\">Quels sont les effets de GigantX ?<\/h2>\n\n\n<p>L&rsquo;<b>utilisation<\/b> r\u00e9guli\u00e8re de GigantX pr\u00e9sente des avantages significatifs qui ont un impact positif sur la vie sexuelle des hommes. <b>Les effets de GigantX<\/b> comprennent \u00e0 la fois l&rsquo;am\u00e9lioration des \u00e9rections et l&rsquo;<b>augmentation de la libido<\/b>. Le produit agit en intensifiant la circulation sanguine, ce qui conduit \u00e0 une augmentation de la taille du p\u00e9nis et \u00e0 l&rsquo;obtention d&rsquo;\u00e9rections plus fortes et plus longues.<\/p>\n\n\n<p>GigantX contient des ingr\u00e9dients tels que la L-arginine et le ginseng, qui soutiennent consid\u00e9rablement les <b>effets de la<\/b> pr\u00e9paration. Les effets de leur action comprennent non seulement une am\u00e9lioration de la qualit\u00e9 des \u00e9rections, mais aussi une augmentation de l&rsquo;endurance pendant les rapports sexuels.<\/p>\n\n\n<p>En outre, les <b>aphrodisiaques<\/b> naturels contenus dans la formule permettent d&rsquo;augmenter la production de testost\u00e9rone, ce qui a un effet b\u00e9n\u00e9fique sur l&rsquo;<b>augmentation de la libido<\/b> et du d\u00e9sir sexuel. L&rsquo;<b>utilisation<\/b> r\u00e9guli\u00e8re <b>de<\/b> ce compl\u00e9ment peut produire des r\u00e9sultats exceptionnels qui contribueront \u00e0 am\u00e9liorer le bien-\u00eatre g\u00e9n\u00e9ral et la satisfaction dans la vie intime.<\/p>\n\n\n<h2 class=\"wp-block-heading\">Comment utiliser correctement GigantX &#8211; Dosage<\/h2>\n\n\n<p>Afin d&rsquo;obtenir les r\u00e9sultats escompt\u00e9s de GigantX, il est essentiel de suivre les instructions de la notice. Le <b>dosage<\/b> optimal <b>de GigantX<\/b> est d&rsquo;une capsule par jour. Il est recommand\u00e9 de la prendre au cours d&rsquo;un repas, ce qui augmente l&rsquo;absorption des ingr\u00e9dients.<\/p>\n\n\n<p>La r\u00e9gularit\u00e9 de l&rsquo;application est extr\u00eamement importante. Les clients doivent se rappeler de ne pas d\u00e9passer la dose recommand\u00e9e. Le tableau ci-dessous fournit des recommandations aux utilisateurs :<\/p>\n\n\n<figure class=\"wp-block-table\"><table class=\"has-fixed-layout\"><tbody><tr><th>Type de demande<\/th><th>Dosage<\/th><th>Commentaires<\/th><\/tr><tr><td>Capsules<\/td><td>1 g\u00e9lule par jour<\/td><td>A prendre au cours d&rsquo;un repas<\/td><\/tr><tr><td>L&rsquo;eau<\/td><td>Grand nombre<\/td><td>Facilite l&rsquo;absorption<\/td><\/tr><\/tbody><\/table><\/figure>\n\n\n<p>L&rsquo;<b>utilisation de<\/b> GigantX selon ces recommandations vous permettra d&rsquo;obtenir les meilleurs r\u00e9sultats et de maximiser les effets du compl\u00e9ment. La prise r\u00e9guli\u00e8re du compl\u00e9ment contribue \u00e0 son efficacit\u00e9 et \u00e0 la satisfaction des r\u00e9sultats obtenus.<\/p>\n\n\n<h2 class=\"wp-block-heading\">Critiques et opinions sur GigantX<\/h2>\n\n\n<p>Les <b>avis sur GigantX<\/b> sont tr\u00e8s positifs. Les utilisateurs partagent leurs <em>exp\u00e9riences<\/em>, ce qui peut \u00eatre une ressource pr\u00e9cieuse pour les personnes int\u00e9ress\u00e9es par ce compl\u00e9ment alimentaire. De nombreux avis soulignent une am\u00e9lioration significative de la qualit\u00e9 de la vie sexuelle, ce qui est crucial pour les hommes qui recherchent un soutien.<\/p>\n\n\n\n<ul class=\"wp-block-list\">\n<li>Adam : Apr\u00e8s un mois d&rsquo;utilisation, il a remarqu\u00e9 une am\u00e9lioration significative de la qualit\u00e9 de ses \u00e9rections. Il affirme que \u00ab\u00a0je me sens plus confiant et ma vie sexuelle est devenue beaucoup plus satisfaisante\u00a0\u00bb.<\/li>\n\n\n\n<li>Kamil : Son exp\u00e9rience montre une augmentation de la libido apr\u00e8s quelques semaines. Il dit : \u00ab\u00a0Non seulement mon \u00e9rection est devenue plus forte, mais mon d\u00e9sir de faire l&rsquo;amour a \u00e9galement augment\u00e9\u00a0\u00bb.<\/li>\n\n\n\n<li>Michael : Il a appr\u00e9ci\u00e9 la facilit\u00e9 d&rsquo;utilisation des g\u00e9lules et a remarqu\u00e9 des changements de taille. Il souligne que \u00ab\u00a0les g\u00e9lules sont faciles \u00e0 avaler et efficaces. Je les recommanderais sans h\u00e9siter.\u00a0\u00bb<\/li>\n<\/ul>\n\n\n<p>Tous ces <b>avis sur GigantX<\/b> montrent que le compl\u00e9ment produit des effets positifs, et les <b>exp\u00e9riences des utilisateurs<\/b> peuvent inspirer les acheteurs potentiels qui envisagent de commencer \u00e0 l&rsquo;utiliser.<\/p>\n\n\n<h2 class=\"wp-block-heading\">GigantX &#8211; Composition &#8211; Analyse des ingr\u00e9dients<\/h2>\n\n\n<p><b>La composition de GigantX<\/b> est un m\u00e9lange soigneusement s\u00e9lectionn\u00e9 d&rsquo;ingr\u00e9dients naturels con\u00e7us pour soutenir la fonction sexuelle et augmenter la satisfaction au lit. Chaque ingr\u00e9dient a \u00e9t\u00e9 s\u00e9lectionn\u00e9 pour ses propri\u00e9t\u00e9s aphrodisiaques et sa capacit\u00e9 \u00e0 am\u00e9liorer la sant\u00e9 sexuelle.<\/p>\n\n\n<figure class=\"wp-block-table\"><table class=\"has-fixed-layout\"><tbody><tr><th>Composant<\/th><th>Action<\/th><\/tr><tr><td>Extrait de fruit de macis<\/td><td>Il influence la production de testost\u00e9rone et am\u00e9liore la libido.<\/td><\/tr><tr><td>Extrait de ginseng<\/td><td>Il am\u00e9liore la circulation sanguine et augmente l&rsquo;endurance sexuelle.<\/td><\/tr><tr><td>L-arginine<\/td><td>Favorise la production d&rsquo;oxyde nitrique, augmente le flux sanguin vers le p\u00e9nis, ce qui permet de meilleures \u00e9rections.<\/td><\/tr><tr><td>Maca<\/td><td>Augmente la fertilit\u00e9 et l&rsquo;endurance sexuelle.<\/td><\/tr><tr><td>Extrait de poivre noir (Biop\u00e9rine)<\/td><td>Am\u00e9liore l&rsquo;absorption des principes actifs.<\/td><\/tr><\/tbody><\/table><\/figure>\n\n\n<p>L&rsquo;<b>analyse des ingr\u00e9dients<\/b> r\u00e9v\u00e8le leur <b>action<\/b> synergique, qui peut contribuer \u00e0 une am\u00e9lioration significative de la vie sexuelle. <b>Les ingr\u00e9dients naturels<\/b> utilis\u00e9s dans GigantX offrent non seulement un effet aphrodisiaque, mais ont \u00e9galement un effet b\u00e9n\u00e9fique sur la sant\u00e9 globale des utilisateurs. Prendre soin des bons ingr\u00e9dients dans les compl\u00e9ments alimentaires devient crucial pour atteindre les effets d\u00e9sir\u00e9s.<\/p>\n\n\n<h2 class=\"wp-block-heading\">O\u00f9 acheter GigantX &#8211; prix<\/h2>\n\n\n<p>GigantX ne peut \u00eatre achet\u00e9 qu&rsquo;en ligne, ce qui signifie que vous ne le trouverez pas dans les pharmacies stationnaires. La meilleure option est d&rsquo;acheter sur le <em>site officiel du fabricant<\/em>, ce qui vous assure de recevoir un produit original qui r\u00e9pond \u00e0 toutes les normes de qualit\u00e9 n\u00e9cessaires.<\/p>\n\n\n<p>Acheter directement aupr\u00e8s du <em>fabricant officiel<\/em> garantit l&rsquo;acc\u00e8s aux promotions et remises en cours. Vous pouvez ainsi \u00e9conomiser sur le <em>prix<\/em> et \u00e9viter le risque d&rsquo;acheter des contrefa\u00e7ons. Il convient de rappeler que seul le site web officiel permet de trouver des informations v\u00e9rifi\u00e9es sur les produits et des avis d&rsquo;autres utilisateurs.<\/p>\n\n\n\n<ul class=\"wp-block-list\">\n<li>Acheter sur un site officiel, c&rsquo;est s&rsquo;assurer de l&rsquo;origine du produit.<\/li>\n\n\n\n<li>Les promotions ne sont disponibles que pour les commandes en ligne.<\/li>\n\n\n\n<li>Protection contre les vendeurs non autoris\u00e9s et les contrefa\u00e7ons.<\/li>\n<\/ul>\n\n\n<p>Lorsque vous v\u00e9rifiez <em>o\u00f9 acheter GigantX<\/em>, laissez-vous toujours guider par la s\u00e9curit\u00e9 et les avis d&rsquo;autres clients pour faire le meilleur choix.<\/p>\n\n\n<h2 class=\"wp-block-heading\">GigantX &#8211; Effets secondaires et contre-indications &#8211; Est-il s\u00fbr ?<\/h2>\n\n\n<p>GigantX est consid\u00e9r\u00e9 comme un suppl\u00e9ment s\u00fbr pour les hommes en bonne sant\u00e9, cependant, comme tout produit, il peut entra\u00eener des effets secondaires qu&rsquo;il convient de conna\u00eetre. Lors de l&rsquo;utilisation de ce compl\u00e9ment, certains utilisateurs ont pu ressentir de l\u00e9gers d\u00e9sagr\u00e9ments, tels que des maux de t\u00eate ou des probl\u00e8mes d&rsquo;estomac. Il est essentiel que tout utilisateur potentiel soit conscient de ces <b>effets secondaires de GigantX<\/b> et prenne une d\u00e9cision \u00e9clair\u00e9e quant \u00e0 son utilisation.<\/p>\n\n\n<p>Les <b>contre-indications<\/b> \u00e0 l&rsquo;utilisation de GigantX sont \u00e9galement importantes. Les personnes allergiques \u00e0 l&rsquo;un des ingr\u00e9dients de la formule, ainsi que celles qui souffrent de probl\u00e8mes cardiovasculaires ou d&rsquo;affections r\u00e9nales ou h\u00e9patiques graves, doivent s&rsquo;abstenir de prendre des suppl\u00e9ments. Il est toujours conseill\u00e9 de consulter un m\u00e9decin avant de prendre un suppl\u00e9ment, y compris GigantX, surtout si vous souffrez d&rsquo;une maladie chronique ou si vous prenez d&rsquo;autres m\u00e9dicaments en m\u00eame temps.<\/p>\n\n\n<p><b>La s\u00e9curit\u00e9 de<\/b> GigantX doit \u00eatre une priorit\u00e9. Une \u00e9valuation correcte de votre \u00e9tat de sant\u00e9 et la consultation d&rsquo;un sp\u00e9cialiste vous aideront \u00e0 \u00e9viter les effets ind\u00e9sirables et \u00e0 faire en sorte que la suppl\u00e9mentation se fasse de mani\u00e8re s\u00fbre et efficace. Rappelez-vous que prendre soin de sa propre sant\u00e9 est la cl\u00e9 de la r\u00e9ussite dans n&rsquo;importe quelle activit\u00e9.<\/p>\n","protected":false},"excerpt":{"rendered":"<p><strong>[date_countdown]<\/strong><\/p>\n<p><img decoding=\"async\" class=\"alignnone  wp-image-8427\" src=\"https:\/\/www.pharmacie-de-la-croisette.fr\/pharmacie\/wp-content\/uploads\/2024\/10\/SAFE-PAY-300x88-1.png\" alt=\"SAFE-PAY-300x88\" width=\"164\" height=\"48\" \/><\/p>\n","protected":false},"featured_media":3992,"comment_status":"open","ping_status":"closed","template":"","meta":{"neve_meta_sidebar":"","neve_meta_container":"","neve_meta_enable_content_width":"","neve_meta_content_width":0,"neve_meta_title_alignment":"","neve_meta_author_avatar":"","neve_post_elements_order":"","neve_meta_disable_header":"","neve_meta_disable_footer":"","neve_meta_disable_title":"","neve_meta_reading_time":""},"product_brand":[],"product_cat":[16],"product_tag":[],"class_list":{"0":"post-4551","1":"product","2":"type-product","3":"status-publish","4":"has-post-thumbnail","6":"product_cat-sante-sexuelle","8":"first","9":"instock","10":"sale","11":"shipping-taxable","12":"product-type-external"},"yoast_head":"<!-- This site is optimized with the Yoast SEO plugin v27.4 - https:\/\/yoast.com\/product\/yoast-seo-wordpress\/ -->\n<title>GigantX - Avis, Pharmacie, Forum, Prix, Effets | -50%<\/title>\n<meta name=\"robots\" content=\"index, follow, max-snippet:-1, max-image-preview:large, max-video-preview:-1\" \/>\n<link rel=\"canonical\" href=\"https:\/\/www.pharmacie-de-la-croisette.fr\/pharmacie\/supp\/gigantx\/\" \/>\n<meta property=\"og:locale\" content=\"fr_FR\" \/>\n<meta property=\"og:type\" content=\"article\" \/>\n<meta property=\"og:title\" content=\"GigantX - Avis, Pharmacie, Forum, Prix, Effets | -50%\" \/>\n<meta property=\"og:url\" content=\"https:\/\/www.pharmacie-de-la-croisette.fr\/pharmacie\/supp\/gigantx\/\" \/>\n<meta property=\"og:site_name\" content=\"Pharmacie de la Croisette\" \/>\n<meta property=\"article:modified_time\" content=\"2025-09-03T19:59:19+00:00\" \/>\n<meta property=\"og:image\" content=\"https:\/\/www.pharmacie-de-la-croisette.fr\/pharmacie\/wp-content\/uploads\/2024\/10\/GigantX.jpg\" \/>\n\t<meta property=\"og:image:width\" content=\"768\" \/>\n\t<meta property=\"og:image:height\" content=\"768\" \/>\n\t<meta property=\"og:image:type\" content=\"image\/jpeg\" \/>\n<meta name=\"twitter:card\" content=\"summary_large_image\" \/>\n<meta name=\"twitter:description\" content=\"[date_countdown]\" \/>\n<meta name=\"twitter:label1\" content=\"Dur\u00e9e de lecture estim\u00e9e\" \/>\n\t<meta name=\"twitter:data1\" content=\"7 minutes\" \/>\n<script type=\"application\/ld+json\" class=\"yoast-schema-graph\">{\"@context\":\"https:\\\/\\\/schema.org\",\"@graph\":[{\"@type\":\"WebPage\",\"@id\":\"https:\\\/\\\/www.pharmacie-de-la-croisette.fr\\\/pharmacie\\\/supp\\\/gigantx\\\/\",\"url\":\"https:\\\/\\\/www.pharmacie-de-la-croisette.fr\\\/pharmacie\\\/supp\\\/gigantx\\\/\",\"name\":\"GigantX - Avis, Pharmacie, Forum, Prix, Effets | -50%\",\"isPartOf\":{\"@id\":\"https:\\\/\\\/www.pharmacie-de-la-croisette.fr\\\/pharmacie\\\/#website\"},\"primaryImageOfPage\":{\"@id\":\"https:\\\/\\\/www.pharmacie-de-la-croisette.fr\\\/pharmacie\\\/supp\\\/gigantx\\\/#primaryimage\"},\"image\":{\"@id\":\"https:\\\/\\\/www.pharmacie-de-la-croisette.fr\\\/pharmacie\\\/supp\\\/gigantx\\\/#primaryimage\"},\"thumbnailUrl\":\"https:\\\/\\\/www.pharmacie-de-la-croisette.fr\\\/pharmacie\\\/wp-content\\\/uploads\\\/2024\\\/10\\\/GigantX.jpg\",\"datePublished\":\"2024-10-18T19:46:26+00:00\",\"dateModified\":\"2025-09-03T19:59:19+00:00\",\"breadcrumb\":{\"@id\":\"https:\\\/\\\/www.pharmacie-de-la-croisette.fr\\\/pharmacie\\\/supp\\\/gigantx\\\/#breadcrumb\"},\"inLanguage\":\"fr-FR\",\"potentialAction\":[{\"@type\":\"ReadAction\",\"target\":[\"https:\\\/\\\/www.pharmacie-de-la-croisette.fr\\\/pharmacie\\\/supp\\\/gigantx\\\/\"]}]},{\"@type\":\"ImageObject\",\"inLanguage\":\"fr-FR\",\"@id\":\"https:\\\/\\\/www.pharmacie-de-la-croisette.fr\\\/pharmacie\\\/supp\\\/gigantx\\\/#primaryimage\",\"url\":\"https:\\\/\\\/www.pharmacie-de-la-croisette.fr\\\/pharmacie\\\/wp-content\\\/uploads\\\/2024\\\/10\\\/GigantX.jpg\",\"contentUrl\":\"https:\\\/\\\/www.pharmacie-de-la-croisette.fr\\\/pharmacie\\\/wp-content\\\/uploads\\\/2024\\\/10\\\/GigantX.jpg\",\"width\":768,\"height\":768},{\"@type\":\"BreadcrumbList\",\"@id\":\"https:\\\/\\\/www.pharmacie-de-la-croisette.fr\\\/pharmacie\\\/supp\\\/gigantx\\\/#breadcrumb\",\"itemListElement\":[{\"@type\":\"ListItem\",\"position\":1,\"name\":\"Strona g\u0142\u00f3wna\",\"item\":\"https:\\\/\\\/www.pharmacie-de-la-croisette.fr\\\/pharmacie\\\/\"},{\"@type\":\"ListItem\",\"position\":2,\"name\":\"farmaci\",\"item\":\"https:\\\/\\\/www.pharmacie-de-la-croisette.fr\\\/pharmacie\\\/\"},{\"@type\":\"ListItem\",\"position\":3,\"name\":\"GigantX\"}]},{\"@type\":\"WebSite\",\"@id\":\"https:\\\/\\\/www.pharmacie-de-la-croisette.fr\\\/pharmacie\\\/#website\",\"url\":\"https:\\\/\\\/www.pharmacie-de-la-croisette.fr\\\/pharmacie\\\/\",\"name\":\"Pharmacie de la Croisette\",\"description\":\"\",\"potentialAction\":[{\"@type\":\"SearchAction\",\"target\":{\"@type\":\"EntryPoint\",\"urlTemplate\":\"https:\\\/\\\/www.pharmacie-de-la-croisette.fr\\\/pharmacie\\\/?s={search_term_string}\"},\"query-input\":{\"@type\":\"PropertyValueSpecification\",\"valueRequired\":true,\"valueName\":\"search_term_string\"}}],\"inLanguage\":\"fr-FR\"}]}<\/script>\n<!-- \/ Yoast SEO plugin. -->","yoast_head_json":{"title":"GigantX - Avis, Pharmacie, Forum, Prix, Effets | -50%","robots":{"index":"index","follow":"follow","max-snippet":"max-snippet:-1","max-image-preview":"max-image-preview:large","max-video-preview":"max-video-preview:-1"},"canonical":"https:\/\/www.pharmacie-de-la-croisette.fr\/pharmacie\/supp\/gigantx\/","og_locale":"fr_FR","og_type":"article","og_title":"GigantX - Avis, Pharmacie, Forum, Prix, Effets | -50%","og_url":"https:\/\/www.pharmacie-de-la-croisette.fr\/pharmacie\/supp\/gigantx\/","og_site_name":"Pharmacie de la Croisette","article_modified_time":"2025-09-03T19:59:19+00:00","og_image":[{"width":768,"height":768,"url":"https:\/\/www.pharmacie-de-la-croisette.fr\/pharmacie\/wp-content\/uploads\/2024\/10\/GigantX.jpg","type":"image\/jpeg"}],"twitter_card":"summary_large_image","twitter_description":"[date_countdown]","twitter_misc":{"Dur\u00e9e de lecture estim\u00e9e":"7 minutes"},"schema":{"@context":"https:\/\/schema.org","@graph":[{"@type":"WebPage","@id":"https:\/\/www.pharmacie-de-la-croisette.fr\/pharmacie\/supp\/gigantx\/","url":"https:\/\/www.pharmacie-de-la-croisette.fr\/pharmacie\/supp\/gigantx\/","name":"GigantX - Avis, Pharmacie, Forum, Prix, Effets | -50%","isPartOf":{"@id":"https:\/\/www.pharmacie-de-la-croisette.fr\/pharmacie\/#website"},"primaryImageOfPage":{"@id":"https:\/\/www.pharmacie-de-la-croisette.fr\/pharmacie\/supp\/gigantx\/#primaryimage"},"image":{"@id":"https:\/\/www.pharmacie-de-la-croisette.fr\/pharmacie\/supp\/gigantx\/#primaryimage"},"thumbnailUrl":"https:\/\/www.pharmacie-de-la-croisette.fr\/pharmacie\/wp-content\/uploads\/2024\/10\/GigantX.jpg","datePublished":"2024-10-18T19:46:26+00:00","dateModified":"2025-09-03T19:59:19+00:00","breadcrumb":{"@id":"https:\/\/www.pharmacie-de-la-croisette.fr\/pharmacie\/supp\/gigantx\/#breadcrumb"},"inLanguage":"fr-FR","potentialAction":[{"@type":"ReadAction","target":["https:\/\/www.pharmacie-de-la-croisette.fr\/pharmacie\/supp\/gigantx\/"]}]},{"@type":"ImageObject","inLanguage":"fr-FR","@id":"https:\/\/www.pharmacie-de-la-croisette.fr\/pharmacie\/supp\/gigantx\/#primaryimage","url":"https:\/\/www.pharmacie-de-la-croisette.fr\/pharmacie\/wp-content\/uploads\/2024\/10\/GigantX.jpg","contentUrl":"https:\/\/www.pharmacie-de-la-croisette.fr\/pharmacie\/wp-content\/uploads\/2024\/10\/GigantX.jpg","width":768,"height":768},{"@type":"BreadcrumbList","@id":"https:\/\/www.pharmacie-de-la-croisette.fr\/pharmacie\/supp\/gigantx\/#breadcrumb","itemListElement":[{"@type":"ListItem","position":1,"name":"Strona g\u0142\u00f3wna","item":"https:\/\/www.pharmacie-de-la-croisette.fr\/pharmacie\/"},{"@type":"ListItem","position":2,"name":"farmaci","item":"https:\/\/www.pharmacie-de-la-croisette.fr\/pharmacie\/"},{"@type":"ListItem","position":3,"name":"GigantX"}]},{"@type":"WebSite","@id":"https:\/\/www.pharmacie-de-la-croisette.fr\/pharmacie\/#website","url":"https:\/\/www.pharmacie-de-la-croisette.fr\/pharmacie\/","name":"Pharmacie de la Croisette","description":"","potentialAction":[{"@type":"SearchAction","target":{"@type":"EntryPoint","urlTemplate":"https:\/\/www.pharmacie-de-la-croisette.fr\/pharmacie\/?s={search_term_string}"},"query-input":{"@type":"PropertyValueSpecification","valueRequired":true,"valueName":"search_term_string"}}],"inLanguage":"fr-FR"}]}},"_links":{"self":[{"href":"https:\/\/www.pharmacie-de-la-croisette.fr\/pharmacie\/wp-json\/wp\/v2\/product\/4551","targetHints":{"allow":["GET"]}}],"collection":[{"href":"https:\/\/www.pharmacie-de-la-croisette.fr\/pharmacie\/wp-json\/wp\/v2\/product"}],"about":[{"href":"https:\/\/www.pharmacie-de-la-croisette.fr\/pharmacie\/wp-json\/wp\/v2\/types\/product"}],"replies":[{"embeddable":true,"href":"https:\/\/www.pharmacie-de-la-croisette.fr\/pharmacie\/wp-json\/wp\/v2\/comments?post=4551"}],"wp:featuredmedia":[{"embeddable":true,"href":"https:\/\/www.pharmacie-de-la-croisette.fr\/pharmacie\/wp-json\/wp\/v2\/media\/3992"}],"wp:attachment":[{"href":"https:\/\/www.pharmacie-de-la-croisette.fr\/pharmacie\/wp-json\/wp\/v2\/media?parent=4551"}],"wp:term":[{"taxonomy":"product_brand","embeddable":true,"href":"https:\/\/www.pharmacie-de-la-croisette.fr\/pharmacie\/wp-json\/wp\/v2\/product_brand?post=4551"},{"taxonomy":"product_cat","embeddable":true,"href":"https:\/\/www.pharmacie-de-la-croisette.fr\/pharmacie\/wp-json\/wp\/v2\/product_cat?post=4551"},{"taxonomy":"product_tag","embeddable":true,"href":"https:\/\/www.pharmacie-de-la-croisette.fr\/pharmacie\/wp-json\/wp\/v2\/product_tag?post=4551"}],"curies":[{"name":"wp","href":"https:\/\/api.w.org\/{rel}","templated":true}]}}