{"id":4550,"date":"2024-10-18T19:46:26","date_gmt":"2024-10-18T19:46:26","guid":{"rendered":"https:\/\/chirurgie-orthopedie-vannes.fr\/pharmacie\/?post_type=product&#038;p=4550"},"modified":"2025-09-03T20:03:47","modified_gmt":"2025-09-03T20:03:47","slug":"folicerin","status":"publish","type":"product","link":"https:\/\/www.pharmacie-de-la-croisette.fr\/pharmacie\/supp\/folicerin\/","title":{"rendered":"Folicerin"},"content":{"rendered":"<h2 class=\"wp-block-heading\">Qu&rsquo;est-ce que la Folicerin et comment fonctionne-t-elle ?<\/h2>\n\n\n<p>La Folicerin est un <b>compl\u00e9ment alimentaire<\/b> moderne qui peut favoriser la sant\u00e9 des cheveux. Son <b>action<\/b> est bas\u00e9e sur une formule soigneusement s\u00e9lectionn\u00e9e qui vise \u00e0 fournir les nutriments n\u00e9cessaires \u00e0 une bonne croissance des cheveux. Les ingr\u00e9dients cl\u00e9s de Folicerin sont des plantes, des acides amin\u00e9s et des vitamines qui, ensemble, contribuent \u00e0 am\u00e9liorer l&rsquo;\u00e9tat des cheveux et du cuir chevelu.<\/p>\n\n\n<p><b>Le compl\u00e9ment alimentaire<\/b> Folicerin stimule la circulation sanguine dans le cuir chevelu, ce qui permet de mieux nourrir les follicules pileux. Une <b>utilisation<\/b> r\u00e9guli\u00e8re peut se traduire non seulement par une augmentation de la densit\u00e9 des cheveux, mais aussi par une am\u00e9lioration de leur qualit\u00e9. Les principaux effets peuvent \u00eatre une apparence plus saine des cheveux et une plus grande r\u00e9sistance aux dommages.<\/p>\n\n\n<p>En r\u00e9sum\u00e9, la Folicerin agit en synergie avec les processus naturels de l&rsquo;organisme, ce qui en fait un choix efficace pour ceux qui luttent contre la chute des cheveux.<\/p>\n\n\n<h2 class=\"wp-block-heading\">Effets de la Folicerin<\/h2>\n\n\n<p><b>L&rsquo;utilisation de<\/b> Folicerin peut contribuer \u00e0 des effets positifs significatifs dans la lutte contre la calvitie. Les utilisateurs rapportent souvent que le suppl\u00e9ment est efficace pour r\u00e9duire la perte de cheveux, ce qui est particuli\u00e8rement important pour ceux qui luttent contre ce probl\u00e8me. En outre, de nombreuses personnes remarquent un ph\u00e9nom\u00e8ne de repousse des cheveux, ce qui peut indiquer une stimulation efficace des follicules pileux.<\/p>\n\n\n<p>La prise r\u00e9guli\u00e8re de Folicerin am\u00e9liore \u00e9galement la qualit\u00e9 des cheveux. Les clients soulignent souvent que leurs cheveux deviennent plus forts, plus \u00e9lastiques et qu&rsquo;ils acqui\u00e8rent une brillance saine. Ces <b>effets<\/b> sont dus \u00e0 la formule unique du compl\u00e9ment, qui favorise le d\u00e9veloppement sain des cheveux et augmente le nombre de follicules pileux actifs. Les <b>ingr\u00e9dients<\/b> cl\u00e9s de Folicerin ont \u00e9t\u00e9 confirm\u00e9s par des \u00e9tudes cliniques comme ayant un effet positif sur l&rsquo;\u00e9tat des cheveux, comme en t\u00e9moignent les commentaires d&rsquo;utilisateurs satisfaits.<\/p>\n\n\n<h2 class=\"wp-block-heading\">Comment utiliser Folicerin ? &#8211; Dosage et recommandations<\/h2>\n\n\n<p>L<b>&lsquo;utilisation de<\/b> Folicerin n\u00e9cessite le respect des recommandations du fabricant, qui figurent sur la notice accompagnant le produit. La dose standard est d&rsquo;une g\u00e9lule par jour. Il est pr\u00e9f\u00e9rable de la prendre au cours d&rsquo;un repas, ce qui favorise une meilleure absorption des principes actifs. La r\u00e9gularit\u00e9 dans l&rsquo;utilisation de Folicerin est cruciale pour obtenir des r\u00e9sultats satisfaisants.<\/p>\n\n\n<p>En cas de doute sur le dosage, il est conseill\u00e9 de consulter un m\u00e9decin ou un professionnel de la sant\u00e9. Le fait de suivre le bon r\u00e9gime de suppl\u00e9mentation peut faire une diff\u00e9rence significative en termes d&rsquo;efficacit\u00e9 et contribuer \u00e0 am\u00e9liorer la sant\u00e9 des cheveux.<\/p>\n\n\n<h2 class=\"wp-block-heading\">Folicerin &#8211; Avis et critiques &#8211; Que disent les utilisateurs ?<\/h2>\n\n\n<p>Les <b>avis des<\/b> utilisateurs de Folicerin sont extr\u00eamement vari\u00e9s. Les personnes qui utilisent ce compl\u00e9ment partagent souvent leurs exp\u00e9riences sur diverses plateformes en ligne et m\u00e9dias sociaux, ce qui fournit des informations pr\u00e9cieuses aux acheteurs potentiels. Vous trouverez ci-dessous trois <b>avis d&rsquo;<\/b> utilisateurs sp\u00e9cifiques qui d\u00e9montrent les diff\u00e9rentes perspectives et <b>effets de l&rsquo;<\/b> utilisation de Folicerin :<\/p>\n\n\n\n<ul class=\"wp-block-list\">\n<li><br><blockquote><p><em>Marta, 32 ans :<\/em> \u00ab\u00a0Apr\u00e8s plusieurs mois d&rsquo;utilisation de Folicerin, j&rsquo;ai remarqu\u00e9 que mes cheveux ne tombaient plus. En outre, ils sont devenus beaucoup plus \u00e9pais et lisses. C&rsquo;est un changement \u00e9norme pour moi, car je luttais contre la calvitie depuis des ann\u00e9es.\u00a0\u00bb<\/p><\/blockquote><br><\/li>\n\n\n\n<li><br><blockquote><p><em>Christopher, 28 ans, raconte :<\/em> \u00ab\u00a0J&rsquo;ai d\u00e9cid\u00e9 de prendre de la Folicerin parce que j&rsquo;avais de s\u00e9rieux probl\u00e8mes de cheveux clairsem\u00e9s. Apr\u00e8s seulement un mois d&rsquo;utilisation, j&rsquo;ai remarqu\u00e9 que mes cheveux commen\u00e7aient \u00e0 pousser. Je suis tr\u00e8s satisfait des r\u00e9sultats.<\/p><\/blockquote><br><\/li>\n\n\n\n<li><br><blockquote><p><em>Joanna, 40 ans, a d\u00e9clar\u00e9 : \u00ab\u00a0La Folicerin a fait des merveilles pour mes cheveux :<\/em> \u00ab\u00a0La Folicerin a fait des merveilles pour mes cheveux. Apr\u00e8s de nombreux traitements inefficaces, ce suppl\u00e9ment a \u00e9t\u00e9 un succ\u00e8s. Mes cheveux sont maintenant beaucoup plus \u00e9clatants et brillants\u00a0\u00bb.<\/p><\/blockquote><br><\/li>\n<\/ul>\n\n\n<p>Ces <b>avis<\/b> montrent que la Folicerin peut apporter des b\u00e9n\u00e9fices significatifs dans la lutte contre la chute des cheveux. De nombreux utilisateurs confirmant une am\u00e9lioration de l&rsquo;\u00e9tat de leurs cheveux, Folicerin devient de plus en plus populaire parmi ceux qui cherchent \u00e0 prendre soin de leur sant\u00e9 et de leur apparence.<\/p>\n\n\n<h2 class=\"wp-block-heading\">Composition de la Folicerin &#8211; Que contient-elle ?<\/h2>\n\n\n<p>Folicerin est un compl\u00e9ment alimentaire qui associe une s\u00e9rie d&rsquo;ingr\u00e9dients b\u00e9n\u00e9fiques pour la sant\u00e9 des cheveux. Chacun des <em>ingr\u00e9dients de<\/em> Folicerin a \u00e9t\u00e9 soigneusement s\u00e9lectionn\u00e9 pour soutenir non seulement les cheveux, mais aussi le cuir chevelu.<\/p>\n\n\n<p>La <b>composition de<\/b> Folicerin comprend<\/p>\n\n\n\n<ul class=\"wp-block-list\">\n<li>Biotine &#8211; essentielle pour une croissance saine des cheveux.<\/li>\n\n\n\n<li>Acide folique &#8211; favorise la r\u00e9g\u00e9n\u00e9ration des cellules responsables de la croissance des cheveux.<\/li>\n\n\n\n<li>Vitamines B &#8211; impliqu\u00e9es dans le m\u00e9tabolisme des cheveux et la sant\u00e9 en g\u00e9n\u00e9ral.<\/li>\n\n\n\n<li>Zinc &#8211; est important dans la pr\u00e9vention de la chute excessive des cheveux.<\/li>\n\n\n\n<li>Cuivre &#8211; favorise la pigmentation et la sant\u00e9 du cuir chevelu.<\/li>\n<\/ul>\n\n\n<p>Tous ces <em>ingr\u00e9dients<\/em> s&rsquo;associent pour cr\u00e9er la <em>formulation<\/em> unique <em>de<\/em> Folicerin, qui aide \u00e0 conserver des cheveux beaux et forts.<\/p>\n\n\n<figure class=\"wp-block-table\"><table class=\"has-fixed-layout\"><tbody><tr><th>Composant<\/th><th>Fonction<\/th><\/tr><tr><td>Biotine<\/td><td>Am\u00e9liore l&rsquo;\u00e9tat des cheveux et favorise leur croissance.<\/td><\/tr><tr><td>Acide folique<\/td><td>Favorise la r\u00e9g\u00e9n\u00e9ration des cheveux et des tissus.<\/td><\/tr><tr><td>Zinc<\/td><td>Il prot\u00e8ge contre la chute des cheveux et influe sur leur sant\u00e9.<\/td><\/tr><tr><td>Cuivre<\/td><td>Favorise le maintien de la couleur naturelle des cheveux.<\/td><\/tr><\/tbody><\/table><\/figure>\n\n\n<p>En optant pour Folicerin, les utilisateurs peuvent compter sur l&rsquo;<b>action<\/b> synergique <b>d&rsquo;<\/b> <em>ingr\u00e9dients<\/em> s\u00e9lectionn\u00e9s pour soutenir naturellement la sant\u00e9 de leurs cheveux.<\/p>\n\n\n<h2 class=\"wp-block-heading\">O\u00f9 acheter et quel est le prix de Folicerin ?<\/h2>\n\n\n<p>La Folicerin ne peut \u00eatre achet\u00e9e que sur le site officiel du fabricant. Un tel achat garantit non seulement l&rsquo;authenticit\u00e9 du produit, mais aussi la s\u00e9curit\u00e9 de la transaction. Avant de d\u00e9cider d&rsquo;acheter, il est utile de suivre les offres en cours, car <b>le prix de<\/b> Folicerin peut varier en fonction des promotions et des r\u00e9ductions disponibles.<\/p>\n\n\n<p>Si vous achetez aupr\u00e8s de sources non officielles, vous courez le risque d&rsquo;obtenir un faux, ce qui peut \u00eatre dangereux pour votre sant\u00e9. C&rsquo;est pourquoi il est toujours pr\u00e9f\u00e9rable de savoir <b>o\u00f9 acheter de la<\/b> Folicerin pour \u00eatre s\u00fbr de la qualit\u00e9 du compl\u00e9ment. Des promotions r\u00e9guli\u00e8res sur le site officiel du fabricant peuvent \u00eatre financi\u00e8rement avantageuses et faciliter l&rsquo;acc\u00e8s \u00e0 un suppl\u00e9ment de haute qualit\u00e9.<\/p>\n\n\n<p>Lors du choix de l&rsquo;endroit o\u00f9 acheter, il est \u00e9galement utile de tenir compte de l&rsquo;<b>avis des<\/b> autres utilisateurs. Les informations sur les exp\u00e9riences des autres peuvent \u00eatre utiles pour \u00e9valuer l&rsquo;attractivit\u00e9 du prix et la fiabilit\u00e9 de la production. Il vaut la peine d&rsquo;investir dans votre sant\u00e9 en optant pour un produit de qualit\u00e9 \u00e0 un prix raisonnable.<\/p>\n\n\n<h2 class=\"wp-block-heading\">Effets secondaires potentiels et contre-indications de la Folicerin<\/h2>\n\n\n<p>La Folicerin est g\u00e9n\u00e9ralement bien tol\u00e9r\u00e9e par la plupart des utilisateurs, mais comme tout compl\u00e9ment alimentaire, elle peut provoquer certains <b>effets secondaires<\/b>. Parmi les plaintes les plus fr\u00e9quemment rapport\u00e9es figurent les douleurs abdominales, les naus\u00e9es et, dans de rares cas, les r\u00e9actions allergiques chez les personnes sensibles. Il est important d&rsquo;\u00eatre conscient de ces effets secondaires potentiels qui peuvent survenir \u00e0 la suite de l&rsquo;utilisation de Folicerin.<\/p>\n\n\n<p>Les <b>contre-indications<\/b> \u00e0 l&rsquo;utilisation de la Folicerin concernent les personnes souffrant de diverses pathologies, ainsi que celles qui prennent d&rsquo;autres m\u00e9dicaments. C&rsquo;est pourquoi il est toujours conseill\u00e9 de consulter son m\u00e9decin avant de commencer \u00e0 prendre des suppl\u00e9ments afin d&rsquo;\u00e9valuer la s\u00e9curit\u00e9 et les propri\u00e9t\u00e9s nutritionnelles du produit dans le contexte de l&rsquo;\u00e9tat de sant\u00e9 individuel. En outre, les femmes enceintes et allaitantes devraient \u00e9viter de prendre des suppl\u00e9ments sans consultation m\u00e9dicale pr\u00e9alable.<\/p>\n","protected":false},"excerpt":{"rendered":"<p><strong>[date_countdown]<\/strong><\/p>\n<p><img decoding=\"async\" class=\"alignnone  wp-image-8427\" src=\"https:\/\/www.pharmacie-de-la-croisette.fr\/pharmacie\/wp-content\/uploads\/2024\/10\/SAFE-PAY-300x88-1.png\" alt=\"SAFE-PAY-300x88\" width=\"164\" height=\"48\" \/><\/p>\n","protected":false},"featured_media":4371,"comment_status":"open","ping_status":"closed","template":"","meta":{"neve_meta_sidebar":"","neve_meta_container":"","neve_meta_enable_content_width":"","neve_meta_content_width":0,"neve_meta_title_alignment":"","neve_meta_author_avatar":"","neve_post_elements_order":"","neve_meta_disable_header":"","neve_meta_disable_footer":"","neve_meta_disable_title":"","neve_meta_reading_time":""},"product_brand":[],"product_cat":[17],"product_tag":[],"class_list":{"0":"post-4550","1":"product","2":"type-product","3":"status-publish","4":"has-post-thumbnail","6":"product_cat-beaute","8":"first","9":"instock","10":"sale","11":"shipping-taxable","12":"product-type-external"},"yoast_head":"<!-- This site is optimized with the Yoast SEO plugin v27.4 - https:\/\/yoast.com\/product\/yoast-seo-wordpress\/ -->\n<title>Folicerin - Avis, Pharmacie, Forum, Prix, Effets | -50%<\/title>\n<meta name=\"robots\" content=\"index, follow, max-snippet:-1, max-image-preview:large, max-video-preview:-1\" \/>\n<link rel=\"canonical\" href=\"https:\/\/www.pharmacie-de-la-croisette.fr\/pharmacie\/supp\/folicerin\/\" \/>\n<meta property=\"og:locale\" content=\"fr_FR\" \/>\n<meta property=\"og:type\" content=\"article\" \/>\n<meta property=\"og:title\" content=\"Folicerin - Avis, Pharmacie, Forum, Prix, Effets | -50%\" \/>\n<meta property=\"og:url\" content=\"https:\/\/www.pharmacie-de-la-croisette.fr\/pharmacie\/supp\/folicerin\/\" \/>\n<meta property=\"og:site_name\" content=\"Pharmacie de la Croisette\" \/>\n<meta property=\"article:modified_time\" content=\"2025-09-03T20:03:47+00:00\" \/>\n<meta property=\"og:image\" content=\"https:\/\/www.pharmacie-de-la-croisette.fr\/pharmacie\/wp-content\/uploads\/2024\/10\/Folicerin.jpg\" \/>\n\t<meta property=\"og:image:width\" content=\"768\" \/>\n\t<meta property=\"og:image:height\" content=\"768\" \/>\n\t<meta property=\"og:image:type\" content=\"image\/jpeg\" \/>\n<meta name=\"twitter:card\" content=\"summary_large_image\" \/>\n<meta name=\"twitter:description\" content=\"[date_countdown]\" \/>\n<meta name=\"twitter:label1\" content=\"Dur\u00e9e de lecture estim\u00e9e\" \/>\n\t<meta name=\"twitter:data1\" content=\"6 minutes\" \/>\n<script type=\"application\/ld+json\" class=\"yoast-schema-graph\">{\"@context\":\"https:\\\/\\\/schema.org\",\"@graph\":[{\"@type\":\"WebPage\",\"@id\":\"https:\\\/\\\/www.pharmacie-de-la-croisette.fr\\\/pharmacie\\\/supp\\\/folicerin\\\/\",\"url\":\"https:\\\/\\\/www.pharmacie-de-la-croisette.fr\\\/pharmacie\\\/supp\\\/folicerin\\\/\",\"name\":\"Folicerin - Avis, Pharmacie, Forum, Prix, Effets | -50%\",\"isPartOf\":{\"@id\":\"https:\\\/\\\/www.pharmacie-de-la-croisette.fr\\\/pharmacie\\\/#website\"},\"primaryImageOfPage\":{\"@id\":\"https:\\\/\\\/www.pharmacie-de-la-croisette.fr\\\/pharmacie\\\/supp\\\/folicerin\\\/#primaryimage\"},\"image\":{\"@id\":\"https:\\\/\\\/www.pharmacie-de-la-croisette.fr\\\/pharmacie\\\/supp\\\/folicerin\\\/#primaryimage\"},\"thumbnailUrl\":\"https:\\\/\\\/www.pharmacie-de-la-croisette.fr\\\/pharmacie\\\/wp-content\\\/uploads\\\/2024\\\/10\\\/Folicerin.jpg\",\"datePublished\":\"2024-10-18T19:46:26+00:00\",\"dateModified\":\"2025-09-03T20:03:47+00:00\",\"breadcrumb\":{\"@id\":\"https:\\\/\\\/www.pharmacie-de-la-croisette.fr\\\/pharmacie\\\/supp\\\/folicerin\\\/#breadcrumb\"},\"inLanguage\":\"fr-FR\",\"potentialAction\":[{\"@type\":\"ReadAction\",\"target\":[\"https:\\\/\\\/www.pharmacie-de-la-croisette.fr\\\/pharmacie\\\/supp\\\/folicerin\\\/\"]}]},{\"@type\":\"ImageObject\",\"inLanguage\":\"fr-FR\",\"@id\":\"https:\\\/\\\/www.pharmacie-de-la-croisette.fr\\\/pharmacie\\\/supp\\\/folicerin\\\/#primaryimage\",\"url\":\"https:\\\/\\\/www.pharmacie-de-la-croisette.fr\\\/pharmacie\\\/wp-content\\\/uploads\\\/2024\\\/10\\\/Folicerin.jpg\",\"contentUrl\":\"https:\\\/\\\/www.pharmacie-de-la-croisette.fr\\\/pharmacie\\\/wp-content\\\/uploads\\\/2024\\\/10\\\/Folicerin.jpg\",\"width\":768,\"height\":768},{\"@type\":\"BreadcrumbList\",\"@id\":\"https:\\\/\\\/www.pharmacie-de-la-croisette.fr\\\/pharmacie\\\/supp\\\/folicerin\\\/#breadcrumb\",\"itemListElement\":[{\"@type\":\"ListItem\",\"position\":1,\"name\":\"Strona g\u0142\u00f3wna\",\"item\":\"https:\\\/\\\/www.pharmacie-de-la-croisette.fr\\\/pharmacie\\\/\"},{\"@type\":\"ListItem\",\"position\":2,\"name\":\"farmaci\",\"item\":\"https:\\\/\\\/www.pharmacie-de-la-croisette.fr\\\/pharmacie\\\/\"},{\"@type\":\"ListItem\",\"position\":3,\"name\":\"Folicerin\"}]},{\"@type\":\"WebSite\",\"@id\":\"https:\\\/\\\/www.pharmacie-de-la-croisette.fr\\\/pharmacie\\\/#website\",\"url\":\"https:\\\/\\\/www.pharmacie-de-la-croisette.fr\\\/pharmacie\\\/\",\"name\":\"Pharmacie de la Croisette\",\"description\":\"\",\"potentialAction\":[{\"@type\":\"SearchAction\",\"target\":{\"@type\":\"EntryPoint\",\"urlTemplate\":\"https:\\\/\\\/www.pharmacie-de-la-croisette.fr\\\/pharmacie\\\/?s={search_term_string}\"},\"query-input\":{\"@type\":\"PropertyValueSpecification\",\"valueRequired\":true,\"valueName\":\"search_term_string\"}}],\"inLanguage\":\"fr-FR\"}]}<\/script>\n<!-- \/ Yoast SEO plugin. -->","yoast_head_json":{"title":"Folicerin - Avis, Pharmacie, Forum, Prix, Effets | -50%","robots":{"index":"index","follow":"follow","max-snippet":"max-snippet:-1","max-image-preview":"max-image-preview:large","max-video-preview":"max-video-preview:-1"},"canonical":"https:\/\/www.pharmacie-de-la-croisette.fr\/pharmacie\/supp\/folicerin\/","og_locale":"fr_FR","og_type":"article","og_title":"Folicerin - Avis, Pharmacie, Forum, Prix, Effets | -50%","og_url":"https:\/\/www.pharmacie-de-la-croisette.fr\/pharmacie\/supp\/folicerin\/","og_site_name":"Pharmacie de la Croisette","article_modified_time":"2025-09-03T20:03:47+00:00","og_image":[{"width":768,"height":768,"url":"https:\/\/www.pharmacie-de-la-croisette.fr\/pharmacie\/wp-content\/uploads\/2024\/10\/Folicerin.jpg","type":"image\/jpeg"}],"twitter_card":"summary_large_image","twitter_description":"[date_countdown]","twitter_misc":{"Dur\u00e9e de lecture estim\u00e9e":"6 minutes"},"schema":{"@context":"https:\/\/schema.org","@graph":[{"@type":"WebPage","@id":"https:\/\/www.pharmacie-de-la-croisette.fr\/pharmacie\/supp\/folicerin\/","url":"https:\/\/www.pharmacie-de-la-croisette.fr\/pharmacie\/supp\/folicerin\/","name":"Folicerin - Avis, Pharmacie, Forum, Prix, Effets | -50%","isPartOf":{"@id":"https:\/\/www.pharmacie-de-la-croisette.fr\/pharmacie\/#website"},"primaryImageOfPage":{"@id":"https:\/\/www.pharmacie-de-la-croisette.fr\/pharmacie\/supp\/folicerin\/#primaryimage"},"image":{"@id":"https:\/\/www.pharmacie-de-la-croisette.fr\/pharmacie\/supp\/folicerin\/#primaryimage"},"thumbnailUrl":"https:\/\/www.pharmacie-de-la-croisette.fr\/pharmacie\/wp-content\/uploads\/2024\/10\/Folicerin.jpg","datePublished":"2024-10-18T19:46:26+00:00","dateModified":"2025-09-03T20:03:47+00:00","breadcrumb":{"@id":"https:\/\/www.pharmacie-de-la-croisette.fr\/pharmacie\/supp\/folicerin\/#breadcrumb"},"inLanguage":"fr-FR","potentialAction":[{"@type":"ReadAction","target":["https:\/\/www.pharmacie-de-la-croisette.fr\/pharmacie\/supp\/folicerin\/"]}]},{"@type":"ImageObject","inLanguage":"fr-FR","@id":"https:\/\/www.pharmacie-de-la-croisette.fr\/pharmacie\/supp\/folicerin\/#primaryimage","url":"https:\/\/www.pharmacie-de-la-croisette.fr\/pharmacie\/wp-content\/uploads\/2024\/10\/Folicerin.jpg","contentUrl":"https:\/\/www.pharmacie-de-la-croisette.fr\/pharmacie\/wp-content\/uploads\/2024\/10\/Folicerin.jpg","width":768,"height":768},{"@type":"BreadcrumbList","@id":"https:\/\/www.pharmacie-de-la-croisette.fr\/pharmacie\/supp\/folicerin\/#breadcrumb","itemListElement":[{"@type":"ListItem","position":1,"name":"Strona g\u0142\u00f3wna","item":"https:\/\/www.pharmacie-de-la-croisette.fr\/pharmacie\/"},{"@type":"ListItem","position":2,"name":"farmaci","item":"https:\/\/www.pharmacie-de-la-croisette.fr\/pharmacie\/"},{"@type":"ListItem","position":3,"name":"Folicerin"}]},{"@type":"WebSite","@id":"https:\/\/www.pharmacie-de-la-croisette.fr\/pharmacie\/#website","url":"https:\/\/www.pharmacie-de-la-croisette.fr\/pharmacie\/","name":"Pharmacie de la Croisette","description":"","potentialAction":[{"@type":"SearchAction","target":{"@type":"EntryPoint","urlTemplate":"https:\/\/www.pharmacie-de-la-croisette.fr\/pharmacie\/?s={search_term_string}"},"query-input":{"@type":"PropertyValueSpecification","valueRequired":true,"valueName":"search_term_string"}}],"inLanguage":"fr-FR"}]}},"_links":{"self":[{"href":"https:\/\/www.pharmacie-de-la-croisette.fr\/pharmacie\/wp-json\/wp\/v2\/product\/4550","targetHints":{"allow":["GET"]}}],"collection":[{"href":"https:\/\/www.pharmacie-de-la-croisette.fr\/pharmacie\/wp-json\/wp\/v2\/product"}],"about":[{"href":"https:\/\/www.pharmacie-de-la-croisette.fr\/pharmacie\/wp-json\/wp\/v2\/types\/product"}],"replies":[{"embeddable":true,"href":"https:\/\/www.pharmacie-de-la-croisette.fr\/pharmacie\/wp-json\/wp\/v2\/comments?post=4550"}],"wp:featuredmedia":[{"embeddable":true,"href":"https:\/\/www.pharmacie-de-la-croisette.fr\/pharmacie\/wp-json\/wp\/v2\/media\/4371"}],"wp:attachment":[{"href":"https:\/\/www.pharmacie-de-la-croisette.fr\/pharmacie\/wp-json\/wp\/v2\/media?parent=4550"}],"wp:term":[{"taxonomy":"product_brand","embeddable":true,"href":"https:\/\/www.pharmacie-de-la-croisette.fr\/pharmacie\/wp-json\/wp\/v2\/product_brand?post=4550"},{"taxonomy":"product_cat","embeddable":true,"href":"https:\/\/www.pharmacie-de-la-croisette.fr\/pharmacie\/wp-json\/wp\/v2\/product_cat?post=4550"},{"taxonomy":"product_tag","embeddable":true,"href":"https:\/\/www.pharmacie-de-la-croisette.fr\/pharmacie\/wp-json\/wp\/v2\/product_tag?post=4550"}],"curies":[{"name":"wp","href":"https:\/\/api.w.org\/{rel}","templated":true}]}}