{"id":4548,"date":"2024-10-18T19:46:26","date_gmt":"2024-10-18T19:46:26","guid":{"rendered":"https:\/\/chirurgie-orthopedie-vannes.fr\/pharmacie\/?post_type=product&#038;p=4548"},"modified":"2025-10-30T15:48:39","modified_gmt":"2025-10-30T15:48:39","slug":"fibre-select","status":"publish","type":"product","link":"https:\/\/www.pharmacie-de-la-croisette.fr\/pharmacie\/supp\/fibre-select\/","title":{"rendered":"Fibre Select"},"content":{"rendered":"<h2 class=\"wp-block-heading\">Qu&rsquo;est-ce que Fibre Select et comment fonctionne-t-il ?<\/h2>\n\n\n<p>Fibre Select est un <em>compl\u00e9ment alimentaire<\/em> qui apporte \u00e0 l&rsquo;organisme des <em>fibres<\/em> essentielles qui jouent un r\u00f4le cl\u00e9 dans le bon fonctionnement du syst\u00e8me digestif. Gr\u00e2ce \u00e0 ses propri\u00e9t\u00e9s, <em>l&rsquo;action de Fibre Select<\/em> se concentre sur le soutien de la digestion et l&rsquo;\u00e9limination des probl\u00e8mes de constipation. La composition du produit comprend trois sources principales de fibres : le plantain, la banane plantain et le lin, reconnues pour leur efficacit\u00e9 dans l&rsquo;am\u00e9lioration du p\u00e9ristaltisme intestinal.<\/p>\n\n\n<p>Il convient de noter que les <em>fibres de<\/em> pomme contenues dans Fibre Select ont une forte absorption d&rsquo;eau, ce qui favorise une sensation de sati\u00e9t\u00e9 plus longue. La forme micronis\u00e9e des <em>fibres de<\/em> lin contribue \u00e0 nettoyer les intestins et \u00e0 stimuler l&rsquo;excr\u00e9tion, ce qui est extr\u00eamement important, surtout apr\u00e8s l&rsquo;hiver, lorsque le corps peut avoir besoin de se d\u00e9sintoxiquer.<\/p>\n\n\n<p>L&rsquo;inuline et l&rsquo;oligofructose de la racine de chicor\u00e9e am\u00e9liorent le p\u00e9ristaltisme intestinal, tandis que la gomme de guar, un agent \u00e9paississant naturel, contribue \u00e0 maintenir l&rsquo;\u00e9quilibre du pH dans le tube digestif. L&rsquo;<b>utilisation<\/b> r\u00e9guli\u00e8re de Fibre Select est un pas vers une digestion plus saine et un meilleur bien-\u00eatre.<\/p>\n\n\n<h2 class=\"wp-block-heading\">Fibre Select &#8211; effets<\/h2>\n\n\n<p><b>L&rsquo;utilisation de<\/b> Fibre Select pr\u00e9sente un certain nombre d&rsquo;avantages pour la sant\u00e9, appr\u00e9ci\u00e9s par les personnes souhaitant perdre du poids et am\u00e9liorer leur digestion. L&rsquo;ingr\u00e9dient cl\u00e9 est la <b>fibre de<\/b> pomme micronis\u00e9e, qui gonfle lorsqu&rsquo;elle est ing\u00e9r\u00e9e, augmentant ainsi la sensation de sati\u00e9t\u00e9 et contr\u00f4lant l&rsquo;app\u00e9tit. La consommation r\u00e9guli\u00e8re de Fibre Select peut conduire \u00e0 une r\u00e9duction significative du poids et <b>les effets de Fibre Select<\/b> sont perceptibles au bout de quelques semaines.<\/p>\n\n\n<p>Les fibres de graines de psyllium am\u00e9liorent le p\u00e9ristaltisme intestinal, ce qui est <b>b\u00e9n\u00e9fique<\/b> pour lutter contre la constipation et am\u00e9liorer le fonctionnement g\u00e9n\u00e9ral du syst\u00e8me digestif. En outre, la pr\u00e9sence de son de bl\u00e9 contribue \u00e0 r\u00e9guler le taux de cholest\u00e9rol et \u00e0 intensifier les processus m\u00e9taboliques.<\/p>\n\n\n<p>Les propri\u00e9t\u00e9s d\u00e9toxifiantes de Fibre Select m\u00e9ritent d&rsquo;\u00eatre soulign\u00e9es. Le jus d&rsquo;agrumes contenu dans sa formulation, riche en vitamine C et en antioxydants, favorise les processus naturels de nettoyage de l&rsquo;organisme, ce qui contribue \u00e0 une am\u00e9lioration g\u00e9n\u00e9rale du bien-\u00eatre. Les utilisateurs r\u00e9guliers de ce produit se f\u00e9licitent de la r\u00e9duction des inconforts digestifs, tels que les ballonnements et les douleurs abdominales.<\/p>\n\n\n<p>La dose recommand\u00e9e est d&rsquo;une portion (5g) par jour, ce qui permet d&rsquo;int\u00e9grer facilement le compl\u00e9ment dans l&rsquo;alimentation quotidienne. Ces effets sont confirm\u00e9s par les commentaires des utilisateurs, qui obtiennent souvent une note \u00e9lev\u00e9e, proche de 5\/5. Il convient \u00e9galement de noter que 60 % des adultes souffrent de probl\u00e8mes digestifs, de sorte que Fibre Select peut \u00eatre une aide efficace dans la vie quotidienne.<\/p>\n\n\n<h2 class=\"wp-block-heading\">Comment utiliser Fibre Select ? &#8211; Dosage<\/h2>\n\n\n<p>Pour obtenir les meilleurs r\u00e9sultats avec le dosage de Fibre Select, il convient de suivre les instructions exactes du fabricant. <b>En g\u00e9n\u00e9ral,<\/b> il est recommand\u00e9 de prendre une \u00e0 trois portions par jour, soit 5 g de fibres par portion. La poudre doit \u00eatre dissoute dans 150 ml d&rsquo;eau, de lait ou de yaourt. Cette forme d&rsquo;<em>application<\/em> facilite l&rsquo;absorption des nutriments par l&rsquo;organisme.<\/p>\n\n\n<p>L&rsquo;introduction de Fibre Select dans l&rsquo;alimentation doit se faire progressivement afin d&rsquo;\u00e9viter d&rsquo;\u00e9ventuels probl\u00e8mes digestifs. Un dosage r\u00e9gulier, qui peut aller de 15 \u00e0 45 g de fibres par jour, favorise la r\u00e9gulation du taux de sucre dans le sang, ce qui est crucial pour la sant\u00e9 du m\u00e9tabolisme. Les utilisateurs font souvent \u00e9tat d&rsquo;une am\u00e9lioration de l&rsquo;humeur et d&rsquo;un sentiment de sati\u00e9t\u00e9, ce qui favorise la r\u00e9duction des calories. Les <em>instructions de<\/em> dosage bien cibl\u00e9es de Fibre Select permettent d&rsquo;obtenir les effets escompt\u00e9s sur la sant\u00e9.<\/p>\n\n\n<h2 class=\"wp-block-heading\">Fibre Select &#8211; Avis et critiques, Forum<\/h2>\n\n\n<p>De nombreux utilisateurs partagent leurs <em>exp\u00e9riences d&rsquo;<\/em> utilisation de Fibre Select, qui apparaissent de plus en plus souvent sur diff\u00e9rents <em>forums de<\/em> discussion. Le succ\u00e8s du produit est souvent soulign\u00e9 dans les <em>avis<\/em> positifs <em>sur Fibre Select<\/em>. Les personnes qui utilisent ce compl\u00e9ment constatent une nette am\u00e9lioration de la fonction digestive et un sentiment g\u00e9n\u00e9ral de meilleure sant\u00e9.<\/p>\n\n\n<p>Les <em>avis<\/em> abondent sur l&rsquo;efficacit\u00e9 de Fibre Select dans la r\u00e9duction du poids. Les utilisateurs soulignent que la prise r\u00e9guli\u00e8re de ce compl\u00e9ment contribue \u00e0 la sensation de sati\u00e9t\u00e9, ce qui r\u00e9duit l&rsquo;app\u00e9tit. Le taux de satisfaction est tr\u00e8s \u00e9lev\u00e9, avec une note de 4,95 \u00e9toiles sur 5, ce qui t\u00e9moigne de l&rsquo;efficacit\u00e9 du produit.<\/p>\n\n\n<p>Gr\u00e2ce \u00e0 sa formule unique, qui comprend des fibres de pomme et des fibres de graines de psyllium, Fibre Select soutient le processus de nettoyage de l&rsquo;organisme. Les utilisateurs du <em>forum<\/em> partagent leurs exp\u00e9riences et signalent souvent une r\u00e9duction des probl\u00e8mes digestifs tels que les ballonnements ou la constipation. L&rsquo;utilisation r\u00e9guli\u00e8re du produit peut conduire \u00e0 une am\u00e9lioration de la r\u00e9gularit\u00e9 du transit intestinal, ce qui constitue un motif suppl\u00e9mentaire de satisfaction pour les utilisateurs.<\/p>\n\n\n<p>Il est important de rappeler que, malgr\u00e9 les effets positifs, il existe \u00e9galement un risque d&rsquo;effets secondaires, tels que des douleurs abdominales ou une sensation de lourdeur. Il est donc absolument n\u00e9cessaire de consulter votre m\u00e9decin avant de commencer un traitement, surtout si vous avez des probl\u00e8mes de sant\u00e9.<\/p>\n\n\n<h2 class=\"wp-block-heading\">Fibre Select &#8211; Composition<\/h2>\n\n\n<p>Fibre Select est un <b>compl\u00e9ment alimentaire<\/b> qui se distingue par sa <em>composition<\/em> unique, \u00e0 base d&rsquo;<em>ingr\u00e9dients naturels<\/em>. L&rsquo;\u00e9l\u00e9ment principal de ce produit est la <em>fibre<\/em>, issue de diverses sources v\u00e9g\u00e9tales, qui favorise les processus digestifs et la d\u00e9toxification de l&rsquo;organisme.<\/p>\n\n\n<p>Les ingr\u00e9dients comprennent des fibres de psyllium, qui r\u00e9gulent le p\u00e9ristaltisme intestinal, et de l&rsquo;inuline de racine de chicor\u00e9e, qui favorise la sant\u00e9 de la flore intestinale. Gr\u00e2ce \u00e0 son apport \u00e9lev\u00e9 en <em>fibres<\/em>, Fibre Select aide \u00e0 r\u00e9guler la sensation de sati\u00e9t\u00e9, ce qui peut se traduire par une diminution du grignotage et un contr\u00f4le plus facile du poids.<\/p>\n\n\n<p>Nous avons pr\u00e9par\u00e9 un tableau d\u00e9taill\u00e9 pour mieux illustrer les ingr\u00e9dients et leurs effets :<\/p>\n\n\n<figure class=\"wp-block-table\"><table class=\"has-fixed-layout\"><tbody><tr><th>Composant<\/th><th>Description<\/th><th>Action<\/th><\/tr><tr><td>Fibre de psyllium<\/td><td>Fibres naturelles provenant des graines<\/td><td>R\u00e9gule le p\u00e9ristaltisme, am\u00e9liore la <b>digestion<\/b><\/td><\/tr><tr><td>Inuline de racine de chicor\u00e9e<\/td><td>Type de fibre pr\u00e9biotique<\/td><td>Favorise la flore intestinale, lib\u00e8re de l&rsquo;\u00e9nergie<\/td><\/tr><tr><td>Fibre de pomme<\/td><td>Fibres micronis\u00e9es de pommes<\/td><td>Gonfle dans l&rsquo;estomac, procure une sensation de sati\u00e9t\u00e9<\/td><\/tr><tr><td>Gomme de guar<\/td><td>Ingr\u00e9dient \u00e9paississant naturel<\/td><td>R\u00e9gule la faim, facilite la <b>digestion<\/b><\/td><\/tr><tr><td>Oligofructose<\/td><td>Fibre \u00e0 effet pr\u00e9biotique<\/td><td>Favorise la flore intestinale, facilite la <b>digestion<\/b><\/td><\/tr><tr><td>Poudre de jus d&rsquo;agrumes<\/td><td>Poudre de jus d&rsquo;agrumes<\/td><td>Enrichit le produit en vitamine C, favorise la d\u00e9sintoxication<\/td><\/tr><\/tbody><\/table><\/figure>\n\n\n<p>Fibre Select est sans OGM et sans lactose, ce qui le rend sans danger pour les personnes allergiques. La s\u00e9lection d&rsquo;<em>ingr\u00e9dients naturels<\/em> et la bonne combinaison de <em>fibres<\/em> contribuent \u00e0 un meilleur bien-\u00eatre et \u00e0 une meilleure sant\u00e9 intestinale. Une utilisation r\u00e9guli\u00e8re peut aider \u00e0 maintenir un poids sain et \u00e0 soutenir des processus digestifs sains.<\/p>\n\n\n<h2 class=\"wp-block-heading\">O\u00f9 acheter et quel est le prix de Fibre Select ?<\/h2>\n\n\n<p>Vous souhaitez acheter Fibre Select au meilleur prix ? Visitez le site officiel du fabricant, o\u00f9 des promotions sont souvent disponibles et r\u00e9duisent le prix jusqu&rsquo;\u00e0 50 %. Cela rend le produit plus abordable pour tous ceux qui appr\u00e9cient l&rsquo;efficacit\u00e9 et la qualit\u00e9.<\/p>\n\n\n<p>Vous ne trouverez pas Fibre Select dans les pharmacies, les drogueries ou sur les plateformes de commerce \u00e9lectronique. Le fabricant vend exclusivement en ligne, ce qui lui permet d&rsquo;exercer un contr\u00f4le total sur la qualit\u00e9 et la disponibilit\u00e9 du produit.<\/p>\n\n\n<p>L&rsquo;utilisation r\u00e9guli\u00e8re de Fibre Select pr\u00e9sente de nombreux avantages pour la sant\u00e9 et vaut donc la peine d&rsquo;investir dans ce produit. Apr\u00e8s quelques jours seulement, les effets positifs des ingr\u00e9dients se font sentir, ce qui justifie encore davantage la d\u00e9cision d&rsquo;achat.<\/p>\n\n\n<h2 class=\"wp-block-heading\">Effets secondaires potentiels et contre-indications de Fibre Select<\/h2>\n\n\n<p>L&rsquo;utilisation de Fibre Select, malgr\u00e9 ses nombreux avantages pour la sant\u00e9, peut \u00eatre associ\u00e9e \u00e0 certains <strong>effets secondaires<\/strong>. Les personnes sensibles aux fibres peuvent \u00e9prouver des probl\u00e8mes d&rsquo;estomac tels que des ballonnements, des douleurs abdominales et des diarrh\u00e9es, en particulier lorsque la dose est soudainement augment\u00e9e. Il est donc recommand\u00e9 d&rsquo;introduire progressivement le compl\u00e9ment, afin de permettre \u00e0 l&rsquo;organisme de s&rsquo;adapter naturellement \u00e0 l&rsquo;augmentation de l&rsquo;apport en fibres.<\/p>\n\n\n<p>Avant de commencer la suppl\u00e9mentation, il est important de noter <strong>les contre-indications<\/strong>. Fibre Select est d\u00e9conseill\u00e9 aux femmes enceintes ou allaitantes, aux personnes allergiques \u00e0 ses ingr\u00e9dients, aux personnes souffrant de maladies auto-immunes ou de troubles intestinaux tels que la maladie de Crohn. En cas de doute, la consultation d&rsquo;un m\u00e9decin ou d&rsquo;un pharmacien est indispensable.<\/p>\n\n\n<p><b>La s\u00e9curit\u00e9 de<\/b> Fibre Select devrait \u00eatre une priorit\u00e9 pour toute personne envisageant d&rsquo;inclure ce suppl\u00e9ment dans son r\u00e9gime alimentaire. Une utilisation r\u00e9guli\u00e8re, avec un dosage et une hydratation appropri\u00e9s, peut produire des r\u00e9sultats mesurables, mais il vaut toujours la peine d&rsquo;\u00eatre conscient des risques et des effets secondaires potentiels.<\/p>\n","protected":false},"excerpt":{"rendered":"<p><strong>[date_countdown]<\/strong><\/p>\n<p><img decoding=\"async\" class=\"alignnone wp-image-8427\" src=\"https:\/\/www.pharmacie-de-la-croisette.fr\/pharmacie\/wp-content\/uploads\/2024\/10\/SAFE-PAY-300x88-1.png\" alt=\"SAFE-PAY-300x88\" width=\"164\" height=\"48\" \/><\/p>\n","protected":false},"featured_media":4569,"comment_status":"open","ping_status":"closed","template":"","meta":{"neve_meta_sidebar":"","neve_meta_container":"","neve_meta_enable_content_width":"","neve_meta_content_width":0,"neve_meta_title_alignment":"","neve_meta_author_avatar":"","neve_post_elements_order":"","neve_meta_disable_header":"","neve_meta_disable_footer":"","neve_meta_disable_title":"","neve_meta_reading_time":""},"product_brand":[],"product_cat":[18],"product_tag":[],"class_list":{"0":"post-4548","1":"product","2":"type-product","3":"status-publish","4":"has-post-thumbnail","6":"product_cat-sante","8":"first","9":"instock","10":"sale","11":"shipping-taxable","12":"product-type-external"},"yoast_head":"<!-- This site is optimized with the Yoast SEO plugin v27.4 - https:\/\/yoast.com\/product\/yoast-seo-wordpress\/ -->\n<title>Fibre Select - Avis, Pharmacie, Forum, Prix, Effets | -50%<\/title>\n<meta name=\"robots\" content=\"index, follow, max-snippet:-1, max-image-preview:large, max-video-preview:-1\" \/>\n<link rel=\"canonical\" href=\"https:\/\/www.pharmacie-de-la-croisette.fr\/pharmacie\/supp\/fibre-select\/\" \/>\n<meta property=\"og:locale\" content=\"fr_FR\" \/>\n<meta property=\"og:type\" content=\"article\" \/>\n<meta property=\"og:title\" content=\"Fibre Select - Avis, Pharmacie, Forum, Prix, Effets | -50%\" \/>\n<meta property=\"og:url\" content=\"https:\/\/www.pharmacie-de-la-croisette.fr\/pharmacie\/supp\/fibre-select\/\" \/>\n<meta property=\"og:site_name\" content=\"Pharmacie de la Croisette\" \/>\n<meta property=\"article:modified_time\" content=\"2025-10-30T15:48:39+00:00\" \/>\n<meta property=\"og:image\" content=\"https:\/\/www.pharmacie-de-la-croisette.fr\/pharmacie\/wp-content\/uploads\/2024\/10\/Fibre-Select.jpg\" \/>\n\t<meta property=\"og:image:width\" content=\"768\" \/>\n\t<meta property=\"og:image:height\" content=\"768\" \/>\n\t<meta property=\"og:image:type\" content=\"image\/jpeg\" \/>\n<meta name=\"twitter:card\" content=\"summary_large_image\" \/>\n<meta name=\"twitter:description\" content=\"[date_countdown]\" \/>\n<meta name=\"twitter:label1\" content=\"Dur\u00e9e de lecture estim\u00e9e\" \/>\n\t<meta name=\"twitter:data1\" content=\"1 minute\" \/>\n<script type=\"application\/ld+json\" class=\"yoast-schema-graph\">{\"@context\":\"https:\\\/\\\/schema.org\",\"@graph\":[{\"@type\":\"WebPage\",\"@id\":\"https:\\\/\\\/www.pharmacie-de-la-croisette.fr\\\/pharmacie\\\/supp\\\/fibre-select\\\/\",\"url\":\"https:\\\/\\\/www.pharmacie-de-la-croisette.fr\\\/pharmacie\\\/supp\\\/fibre-select\\\/\",\"name\":\"Fibre Select - Avis, Pharmacie, Forum, Prix, Effets | -50%\",\"isPartOf\":{\"@id\":\"https:\\\/\\\/www.pharmacie-de-la-croisette.fr\\\/pharmacie\\\/#website\"},\"primaryImageOfPage\":{\"@id\":\"https:\\\/\\\/www.pharmacie-de-la-croisette.fr\\\/pharmacie\\\/supp\\\/fibre-select\\\/#primaryimage\"},\"image\":{\"@id\":\"https:\\\/\\\/www.pharmacie-de-la-croisette.fr\\\/pharmacie\\\/supp\\\/fibre-select\\\/#primaryimage\"},\"thumbnailUrl\":\"https:\\\/\\\/www.pharmacie-de-la-croisette.fr\\\/pharmacie\\\/wp-content\\\/uploads\\\/2024\\\/10\\\/Fibre-Select.jpg\",\"datePublished\":\"2024-10-18T19:46:26+00:00\",\"dateModified\":\"2025-10-30T15:48:39+00:00\",\"breadcrumb\":{\"@id\":\"https:\\\/\\\/www.pharmacie-de-la-croisette.fr\\\/pharmacie\\\/supp\\\/fibre-select\\\/#breadcrumb\"},\"inLanguage\":\"fr-FR\",\"potentialAction\":[{\"@type\":\"ReadAction\",\"target\":[\"https:\\\/\\\/www.pharmacie-de-la-croisette.fr\\\/pharmacie\\\/supp\\\/fibre-select\\\/\"]}]},{\"@type\":\"ImageObject\",\"inLanguage\":\"fr-FR\",\"@id\":\"https:\\\/\\\/www.pharmacie-de-la-croisette.fr\\\/pharmacie\\\/supp\\\/fibre-select\\\/#primaryimage\",\"url\":\"https:\\\/\\\/www.pharmacie-de-la-croisette.fr\\\/pharmacie\\\/wp-content\\\/uploads\\\/2024\\\/10\\\/Fibre-Select.jpg\",\"contentUrl\":\"https:\\\/\\\/www.pharmacie-de-la-croisette.fr\\\/pharmacie\\\/wp-content\\\/uploads\\\/2024\\\/10\\\/Fibre-Select.jpg\",\"width\":768,\"height\":768},{\"@type\":\"BreadcrumbList\",\"@id\":\"https:\\\/\\\/www.pharmacie-de-la-croisette.fr\\\/pharmacie\\\/supp\\\/fibre-select\\\/#breadcrumb\",\"itemListElement\":[{\"@type\":\"ListItem\",\"position\":1,\"name\":\"Strona g\u0142\u00f3wna\",\"item\":\"https:\\\/\\\/www.pharmacie-de-la-croisette.fr\\\/pharmacie\\\/\"},{\"@type\":\"ListItem\",\"position\":2,\"name\":\"farmaci\",\"item\":\"https:\\\/\\\/www.pharmacie-de-la-croisette.fr\\\/pharmacie\\\/\"},{\"@type\":\"ListItem\",\"position\":3,\"name\":\"Fibre Select\"}]},{\"@type\":\"WebSite\",\"@id\":\"https:\\\/\\\/www.pharmacie-de-la-croisette.fr\\\/pharmacie\\\/#website\",\"url\":\"https:\\\/\\\/www.pharmacie-de-la-croisette.fr\\\/pharmacie\\\/\",\"name\":\"Pharmacie de la Croisette\",\"description\":\"\",\"potentialAction\":[{\"@type\":\"SearchAction\",\"target\":{\"@type\":\"EntryPoint\",\"urlTemplate\":\"https:\\\/\\\/www.pharmacie-de-la-croisette.fr\\\/pharmacie\\\/?s={search_term_string}\"},\"query-input\":{\"@type\":\"PropertyValueSpecification\",\"valueRequired\":true,\"valueName\":\"search_term_string\"}}],\"inLanguage\":\"fr-FR\"}]}<\/script>\n<!-- \/ Yoast SEO plugin. -->","yoast_head_json":{"title":"Fibre Select - Avis, Pharmacie, Forum, Prix, Effets | -50%","robots":{"index":"index","follow":"follow","max-snippet":"max-snippet:-1","max-image-preview":"max-image-preview:large","max-video-preview":"max-video-preview:-1"},"canonical":"https:\/\/www.pharmacie-de-la-croisette.fr\/pharmacie\/supp\/fibre-select\/","og_locale":"fr_FR","og_type":"article","og_title":"Fibre Select - Avis, Pharmacie, Forum, Prix, Effets | -50%","og_url":"https:\/\/www.pharmacie-de-la-croisette.fr\/pharmacie\/supp\/fibre-select\/","og_site_name":"Pharmacie de la Croisette","article_modified_time":"2025-10-30T15:48:39+00:00","og_image":[{"width":768,"height":768,"url":"https:\/\/www.pharmacie-de-la-croisette.fr\/pharmacie\/wp-content\/uploads\/2024\/10\/Fibre-Select.jpg","type":"image\/jpeg"}],"twitter_card":"summary_large_image","twitter_description":"[date_countdown]","twitter_misc":{"Dur\u00e9e de lecture estim\u00e9e":"1 minute"},"schema":{"@context":"https:\/\/schema.org","@graph":[{"@type":"WebPage","@id":"https:\/\/www.pharmacie-de-la-croisette.fr\/pharmacie\/supp\/fibre-select\/","url":"https:\/\/www.pharmacie-de-la-croisette.fr\/pharmacie\/supp\/fibre-select\/","name":"Fibre Select - Avis, Pharmacie, Forum, Prix, Effets | -50%","isPartOf":{"@id":"https:\/\/www.pharmacie-de-la-croisette.fr\/pharmacie\/#website"},"primaryImageOfPage":{"@id":"https:\/\/www.pharmacie-de-la-croisette.fr\/pharmacie\/supp\/fibre-select\/#primaryimage"},"image":{"@id":"https:\/\/www.pharmacie-de-la-croisette.fr\/pharmacie\/supp\/fibre-select\/#primaryimage"},"thumbnailUrl":"https:\/\/www.pharmacie-de-la-croisette.fr\/pharmacie\/wp-content\/uploads\/2024\/10\/Fibre-Select.jpg","datePublished":"2024-10-18T19:46:26+00:00","dateModified":"2025-10-30T15:48:39+00:00","breadcrumb":{"@id":"https:\/\/www.pharmacie-de-la-croisette.fr\/pharmacie\/supp\/fibre-select\/#breadcrumb"},"inLanguage":"fr-FR","potentialAction":[{"@type":"ReadAction","target":["https:\/\/www.pharmacie-de-la-croisette.fr\/pharmacie\/supp\/fibre-select\/"]}]},{"@type":"ImageObject","inLanguage":"fr-FR","@id":"https:\/\/www.pharmacie-de-la-croisette.fr\/pharmacie\/supp\/fibre-select\/#primaryimage","url":"https:\/\/www.pharmacie-de-la-croisette.fr\/pharmacie\/wp-content\/uploads\/2024\/10\/Fibre-Select.jpg","contentUrl":"https:\/\/www.pharmacie-de-la-croisette.fr\/pharmacie\/wp-content\/uploads\/2024\/10\/Fibre-Select.jpg","width":768,"height":768},{"@type":"BreadcrumbList","@id":"https:\/\/www.pharmacie-de-la-croisette.fr\/pharmacie\/supp\/fibre-select\/#breadcrumb","itemListElement":[{"@type":"ListItem","position":1,"name":"Strona g\u0142\u00f3wna","item":"https:\/\/www.pharmacie-de-la-croisette.fr\/pharmacie\/"},{"@type":"ListItem","position":2,"name":"farmaci","item":"https:\/\/www.pharmacie-de-la-croisette.fr\/pharmacie\/"},{"@type":"ListItem","position":3,"name":"Fibre Select"}]},{"@type":"WebSite","@id":"https:\/\/www.pharmacie-de-la-croisette.fr\/pharmacie\/#website","url":"https:\/\/www.pharmacie-de-la-croisette.fr\/pharmacie\/","name":"Pharmacie de la Croisette","description":"","potentialAction":[{"@type":"SearchAction","target":{"@type":"EntryPoint","urlTemplate":"https:\/\/www.pharmacie-de-la-croisette.fr\/pharmacie\/?s={search_term_string}"},"query-input":{"@type":"PropertyValueSpecification","valueRequired":true,"valueName":"search_term_string"}}],"inLanguage":"fr-FR"}]}},"_links":{"self":[{"href":"https:\/\/www.pharmacie-de-la-croisette.fr\/pharmacie\/wp-json\/wp\/v2\/product\/4548","targetHints":{"allow":["GET"]}}],"collection":[{"href":"https:\/\/www.pharmacie-de-la-croisette.fr\/pharmacie\/wp-json\/wp\/v2\/product"}],"about":[{"href":"https:\/\/www.pharmacie-de-la-croisette.fr\/pharmacie\/wp-json\/wp\/v2\/types\/product"}],"replies":[{"embeddable":true,"href":"https:\/\/www.pharmacie-de-la-croisette.fr\/pharmacie\/wp-json\/wp\/v2\/comments?post=4548"}],"wp:featuredmedia":[{"embeddable":true,"href":"https:\/\/www.pharmacie-de-la-croisette.fr\/pharmacie\/wp-json\/wp\/v2\/media\/4569"}],"wp:attachment":[{"href":"https:\/\/www.pharmacie-de-la-croisette.fr\/pharmacie\/wp-json\/wp\/v2\/media?parent=4548"}],"wp:term":[{"taxonomy":"product_brand","embeddable":true,"href":"https:\/\/www.pharmacie-de-la-croisette.fr\/pharmacie\/wp-json\/wp\/v2\/product_brand?post=4548"},{"taxonomy":"product_cat","embeddable":true,"href":"https:\/\/www.pharmacie-de-la-croisette.fr\/pharmacie\/wp-json\/wp\/v2\/product_cat?post=4548"},{"taxonomy":"product_tag","embeddable":true,"href":"https:\/\/www.pharmacie-de-la-croisette.fr\/pharmacie\/wp-json\/wp\/v2\/product_tag?post=4548"}],"curies":[{"name":"wp","href":"https:\/\/api.w.org\/{rel}","templated":true}]}}