{"id":4540,"date":"2024-10-18T19:46:25","date_gmt":"2024-10-18T19:46:25","guid":{"rendered":"https:\/\/chirurgie-orthopedie-vannes.fr\/pharmacie\/?post_type=product&#038;p=4540"},"modified":"2025-10-30T15:55:05","modified_gmt":"2025-10-30T15:55:05","slug":"dentolan","status":"publish","type":"product","link":"https:\/\/www.pharmacie-de-la-croisette.fr\/pharmacie\/supp\/dentolan\/","title":{"rendered":"Dentolan"},"content":{"rendered":"<h2 class=\"wp-block-heading\">Qu&rsquo;est-ce que Dentolan et comment fonctionne-t-il ?<\/h2>\n\n\n<p><b>Dentolan<\/b> est un <b>compl\u00e9ment alimentaire<\/b> qui vise \u00e0 favoriser une microflore buccale saine. Son <b>action<\/b> se concentre sur l&rsquo;\u00e9limination des odeurs d\u00e9sagr\u00e9ables, ce qui est particuli\u00e8rement important pour les personnes souffrant d&rsquo;halitose. La formule contient des probiotiques, qui contribuent \u00e0 maintenir l&rsquo;\u00e9quilibre de la flore bact\u00e9rienne. Gr\u00e2ce \u00e0 eux, il est possible de cr\u00e9er des conditions favorables au d\u00e9veloppement d&rsquo;une microflore saine, qui influence les <b>effets de l&rsquo;<\/b> haleine fra\u00eeche.<\/p>\n\n\n<p>Dentolan <b>contient<\/b> \u00e9galement <b>des<\/b> enzymes qui d\u00e9composent efficacement les compos\u00e9s sulfur\u00e9s responsables de l&rsquo;halitose. Ce type d&rsquo;<b>action<\/b> permet d&rsquo;\u00e9viter le probl\u00e8me des odeurs et contribue \u00e0 une interaction quotidienne plus confortable. Les extraits de plantes contenus dans le produit rafra\u00eechissent en outre l&rsquo;haleine, apportant un soutien important \u00e0 la <b>sant\u00e9 bucco-dentaire<\/b>.<\/p>\n\n\n<h2 class=\"wp-block-heading\">Effets du dentolan<\/h2>\n\n\n<p>L&rsquo;<b>utilisation<\/b> <b>r\u00e9guli\u00e8re<\/b> <b>de<\/b> Dentolan a des <b>effets<\/b> significatifs sur la fra\u00eecheur de l&rsquo;haleine. <b>Les utilisateurs de ce<\/b> compl\u00e9ment constatent que leur haleine reste fra\u00eeche jusqu&rsquo;\u00e0 12 heures. La dur\u00e9e d&rsquo;<b>action<\/b> prolong\u00e9e a un effet b\u00e9n\u00e9fique sur le <b>confort<\/b> lors des conversations et sur la confiance en compagnie, en \u00e9liminant le probl\u00e8me de l&rsquo;halitose.<\/p>\n\n\n<p>En outre, Dentolan favorise la <b>sant\u00e9 bucco-dentaire<\/b> en am\u00e9liorant l&rsquo;\u00e9quilibre de la flore bact\u00e9rienne. L&rsquo;<b>effet<\/b> anti-inflammatoire <b>du<\/b> produit contribue \u00e0 la sant\u00e9 globale de la cavit\u00e9 buccale, ce qui se traduit par un meilleur bien-\u00eatre. L&rsquo;<b>utilisation<\/b> <b>r\u00e9guli\u00e8re<\/b> <b>de<\/b> Dentolan peut donc contribuer \u00e0 un meilleur \u00e9tat de l&rsquo;ensemble du syst\u00e8me digestif.<\/p>\n\n\n<figure class=\"wp-block-table\"><table class=\"has-fixed-layout\"><tbody><tr><th>Effets<\/th><th>Description<\/th><\/tr><tr><td><b>Fra\u00eecheur de l&rsquo;haleine<\/b><\/td><td>Il dure jusqu&rsquo;\u00e0 12 heures.<\/td><\/tr><tr><td><b>Confort<\/b> pendant les appels<\/td><td>Augmentation de la confiance en soi gr\u00e2ce \u00e0 l&rsquo;\u00e9limination de l&rsquo;halitose.<\/td><\/tr><tr><td><b>Sant\u00e9 bucco-dentaire<\/b><\/td><td>Am\u00e9lioration de l&rsquo;\u00e9quilibre de la flore bact\u00e9rienne et action anti-inflammatoire.<\/td><\/tr><tr><td><b>Sant\u00e9<\/b> gastro-intestinale<\/td><td>Am\u00e9lioration de la sant\u00e9 du corps entier gr\u00e2ce au soutien de la sant\u00e9 bucco-dentaire.<\/td><\/tr><\/tbody><\/table><\/figure>\n\n\n<h2 class=\"wp-block-heading\">Comment utiliser Dentolan ? &#8211; Dosage et recommandations<\/h2>\n\n\n<p>L&rsquo;utilisation de Dentolan n\u00e9cessite le respect de plusieurs principes importants qui garantissent des <b>effets de<\/b> suppl\u00e9mentation maximaux. La <b>posologie<\/b> recommand\u00e9e est d&rsquo;un comprim\u00e9 par jour, \u00e0 prendre de pr\u00e9f\u00e9rence au cours d&rsquo;un repas. Ce mode de prise favorise une meilleure absorption des principes actifs contenus dans le compl\u00e9ment.<\/p>\n\n\n<p>Outre le dosage, l&rsquo;hygi\u00e8ne bucco-dentaire est \u00e9galement importante. Des soins <b>bucco-dentaires<\/b> r\u00e9guliers combin\u00e9s \u00e0 l&rsquo;utilisation de Dentolan augmentent consid\u00e9rablement les effets. Il est utile de rappeler que les r\u00e9sultats ne sont visibles qu&rsquo;apr\u00e8s quelques semaines d&rsquo;utilisation, d&rsquo;o\u00f9 l&rsquo;int\u00e9r\u00eat d&rsquo;\u00eatre patient et constant.<\/p>\n\n\n<figure class=\"wp-block-table\"><table class=\"has-fixed-layout\"><tbody><tr><th>Aspect<\/th><th>Dosage<\/th><th>Recommandations<\/th><\/tr><tr><td>Comprim\u00e9 par jour<\/td><td>1 comprim\u00e9<\/td><td>A prendre au cours du repas<\/td><\/tr><tr><td>Respect de l&rsquo;hygi\u00e8ne<\/td><td>&#8211;<\/td><td>Brossage r\u00e9gulier des dents<\/td><\/tr><tr><td>Date de la demande<\/td><td>Min. 4 semaines<\/td><td>En attendant les effets complets<\/td><\/tr><\/tbody><\/table><\/figure>\n\n\n<p>En suivant ces recommandations, vous pourrez profiter pleinement des avantages de Dentolan. Une utilisation r\u00e9guli\u00e8re et un <b>dosage<\/b> appropri\u00e9 contribuent de mani\u00e8re significative \u00e0 l&rsquo;am\u00e9lioration de l&rsquo;haleine et de la sant\u00e9 bucco-dentaire en g\u00e9n\u00e9ral.<\/p>\n\n\n<h2 class=\"wp-block-heading\">Critiques et opinions sur Dentolan<\/h2>\n\n\n<p><b>Les commentaires des<\/b> utilisateurs sur Dentolan sont tr\u00e8s positifs. Les clients soulignent l&rsquo;<b>efficacit\u00e9<\/b> du produit pour am\u00e9liorer la fra\u00eecheur de leur haleine. De nombreux commentaires contiennent des <b>exp\u00e9riences<\/b> sp\u00e9cifiques qui illustrent le fonctionnement du produit.<\/p>\n\n\n<p>De nombreux utilisateurs remarquent une am\u00e9lioration significative apr\u00e8s seulement quelques jours d&rsquo;utilisation. Ils parlent d&rsquo;une augmentation de la confiance en soi dans les situations sociales et professionnelles. Ces <b>commentaires<\/b> confirment que Dentolan est devenu un soutien pr\u00e9cieux pour les personnes qui luttent contre l&rsquo;halitose.<\/p>\n\n\n<p>Il convient de noter la diversit\u00e9 des exp\u00e9riences. <b>Les utilisateurs<\/b> font part de leurs observations positives et neutres. Cette diversit\u00e9 signifie que chacun peut trouver des informations ad\u00e9quates sur l&rsquo;efficacit\u00e9 de Dentolan pour lui-m\u00eame.<\/p>\n\n\n<h2 class=\"wp-block-heading\">Composition du dentolan &#8211; Que contient-il ?<\/h2>\n\n\n<p><b>La composition de<\/b> Dentolan est bas\u00e9e sur des ingr\u00e9dients actifs uniques qui soutiennent la <b>sant\u00e9<\/b> bucco-dentaire. Les probiotiques, tels que DigeZyme\u00ae et LactoSpore\u00ae, jouent un r\u00f4le cl\u00e9 dans l&rsquo;am\u00e9lioration de la microflore et l&rsquo;\u00e9limination des mauvaises odeurs. Les enzymes contenues dans la formule contribuent \u00e0 une digestion efficace et soutiennent le syst\u00e8me digestif.<\/p>\n\n\n<p>La formulation comprend \u00e9galement de la chlorophylline de cuivre, qui a un effet d\u00e9toxifiant et favorise une <b>haleine fra\u00eeche<\/b>. L&rsquo;extrait de graines de fenouil et l&rsquo;extrait de menthe poivr\u00e9e n&rsquo;ajoutent pas seulement de la saveur, mais renforcent \u00e9galement l&rsquo;effet du compl\u00e9ment dans son ensemble, en aidant \u00e0 r\u00e9duire les bact\u00e9ries responsables des mauvaises odeurs.<\/p>\n\n\n<p>Sans oublier la vitamine C, qui soutient le syst\u00e8me immunitaire et agit comme un antioxydant. L&rsquo;utilisation r\u00e9guli\u00e8re de Dentolan, gr\u00e2ce \u00e0 l&rsquo;action synergique de ces ingr\u00e9dients, permet d&rsquo;obtenir des r\u00e9sultats visibles en peu de temps, g\u00e9n\u00e9ralement dans les 10 \u00e0 14 jours.<\/p>\n\n\n<h2 class=\"wp-block-heading\">O\u00f9 acheter Dentolan &#8211; prix<\/h2>\n\n\n<p>Dentolan n&rsquo;est disponible que sur le site officiel du fabricant, ce qui garantit que les clients re\u00e7oivent le produit original. L&rsquo;<b>achat en ligne<\/b> est la seule fa\u00e7on d&rsquo;acheter le suppl\u00e9ment, car Dentolan ne peut pas \u00eatre trouv\u00e9 dans les pharmacies stationnaires. Cette forme d&rsquo;achat garantit non seulement <b>la<\/b> commodit\u00e9, mais aussi <b>la s\u00e9curit\u00e9 de la<\/b> transaction.<\/p>\n\n\n<p>Il convient de noter le <em>prix du<\/em> Dentolan, qui peut varier en fonction des promotions en cours. Afin de trouver les meilleures offres, il est recommand\u00e9 de consulter r\u00e9guli\u00e8rement le site officiel du fabricant. Cela permet aux clients de b\u00e9n\u00e9ficier de r\u00e9ductions int\u00e9ressantes et d&rsquo;offres sp\u00e9ciales.<\/p>\n\n\n<p>Les <b>achats en ligne<\/b> sont pratiques et permettent de profiter des meilleures affaires, alors n&rsquo;oubliez pas de consulter Dentolan.<\/p>\n\n\n<h2 class=\"wp-block-heading\">Effets secondaires potentiels et contre-indications de Dentolan<\/h2>\n\n\n<p>Dentolan est g\u00e9n\u00e9ralement consid\u00e9r\u00e9 comme un <b>compl\u00e9ment alimentaire<\/b> pr\u00e9sentant un niveau \u00e9lev\u00e9 de s\u00e9curit\u00e9 et une bonne tol\u00e9rance par la plupart des utilisateurs. N\u00e9anmoins, comme pour tout compl\u00e9ment alimentaire, il peut y avoir des <b>effets secondaires<\/b> dont il faut tenir compte. Certaines personnes pr\u00e9sentent des r\u00e9actions allergiques ou des troubles gastriques, ce qui peut \u00eatre une indication pour arr\u00eater l&rsquo;utilisation du produit.<\/p>\n\n\n<p>En particulier, les personnes ayant un syst\u00e8me digestif sensible ou des probl\u00e8mes de sant\u00e9 existants devraient demander l&rsquo;avis d&rsquo;un sp\u00e9cialiste avant de commencer \u00e0 prendre des suppl\u00e9ments de Dentolan. La compr\u00e9hension des contre-indications est essentielle pour garantir la s\u00e9curit\u00e9 et la sant\u00e9 des utilisateurs. En cas d&rsquo;apparition de sympt\u00f4mes tels que des r\u00e9actions cutan\u00e9es irr\u00e9guli\u00e8res, il est recommand\u00e9 d&rsquo;arr\u00eater imm\u00e9diatement l&rsquo;utilisation et de consulter un m\u00e9decin.<\/p>\n\n\n<p>Lorsque vous prenez soin de votre sant\u00e9, il est utile de surveiller la r\u00e9action de votre corps \u00e0 un nouveau suppl\u00e9ment. La connaissance des effets secondaires potentiels et des contre-indications vous permet de mieux utiliser Dentolan, de minimiser le risque d&rsquo;effets ind\u00e9sirables et de b\u00e9n\u00e9ficier de ses propri\u00e9t\u00e9s b\u00e9n\u00e9fiques.<\/p>\n","protected":false},"excerpt":{"rendered":"<p><strong>[date_countdown]<\/strong><\/p>\n<p><img decoding=\"async\" class=\"alignnone wp-image-8427\" src=\"https:\/\/www.pharmacie-de-la-croisette.fr\/pharmacie\/wp-content\/uploads\/2024\/10\/SAFE-PAY-300x88-1.png\" alt=\"SAFE-PAY-300x88\" width=\"164\" height=\"48\" \/><\/p>\n","protected":false},"featured_media":4367,"comment_status":"open","ping_status":"closed","template":"","meta":{"neve_meta_sidebar":"","neve_meta_container":"","neve_meta_enable_content_width":"","neve_meta_content_width":0,"neve_meta_title_alignment":"","neve_meta_author_avatar":"","neve_post_elements_order":"","neve_meta_disable_header":"","neve_meta_disable_footer":"","neve_meta_disable_title":"","neve_meta_reading_time":""},"product_brand":[],"product_cat":[18],"product_tag":[],"class_list":{"0":"post-4540","1":"product","2":"type-product","3":"status-publish","4":"has-post-thumbnail","6":"product_cat-sante","8":"first","9":"instock","10":"sale","11":"shipping-taxable","12":"product-type-external"},"yoast_head":"<!-- This site is optimized with the Yoast SEO plugin v27.4 - https:\/\/yoast.com\/product\/yoast-seo-wordpress\/ -->\n<title>Dentolan - Avis, Pharmacie, Forum, Prix, Effets | -50%<\/title>\n<meta name=\"robots\" content=\"index, follow, max-snippet:-1, max-image-preview:large, max-video-preview:-1\" \/>\n<link rel=\"canonical\" href=\"https:\/\/www.pharmacie-de-la-croisette.fr\/pharmacie\/supp\/dentolan\/\" \/>\n<meta property=\"og:locale\" content=\"fr_FR\" \/>\n<meta property=\"og:type\" content=\"article\" \/>\n<meta property=\"og:title\" content=\"Dentolan - Avis, Pharmacie, Forum, Prix, Effets | -50%\" \/>\n<meta property=\"og:url\" content=\"https:\/\/www.pharmacie-de-la-croisette.fr\/pharmacie\/supp\/dentolan\/\" \/>\n<meta property=\"og:site_name\" content=\"Pharmacie de la Croisette\" \/>\n<meta property=\"article:modified_time\" content=\"2025-10-30T15:55:05+00:00\" \/>\n<meta property=\"og:image\" content=\"https:\/\/www.pharmacie-de-la-croisette.fr\/pharmacie\/wp-content\/uploads\/2024\/10\/Dentolan.jpg\" \/>\n\t<meta property=\"og:image:width\" content=\"768\" \/>\n\t<meta property=\"og:image:height\" content=\"768\" \/>\n\t<meta property=\"og:image:type\" content=\"image\/jpeg\" \/>\n<meta name=\"twitter:card\" content=\"summary_large_image\" \/>\n<meta name=\"twitter:description\" content=\"[date_countdown]\" \/>\n<meta name=\"twitter:label1\" content=\"Dur\u00e9e de lecture estim\u00e9e\" \/>\n\t<meta name=\"twitter:data1\" content=\"1 minute\" \/>\n<script type=\"application\/ld+json\" class=\"yoast-schema-graph\">{\"@context\":\"https:\\\/\\\/schema.org\",\"@graph\":[{\"@type\":\"WebPage\",\"@id\":\"https:\\\/\\\/www.pharmacie-de-la-croisette.fr\\\/pharmacie\\\/supp\\\/dentolan\\\/\",\"url\":\"https:\\\/\\\/www.pharmacie-de-la-croisette.fr\\\/pharmacie\\\/supp\\\/dentolan\\\/\",\"name\":\"Dentolan - Avis, Pharmacie, Forum, Prix, Effets | -50%\",\"isPartOf\":{\"@id\":\"https:\\\/\\\/www.pharmacie-de-la-croisette.fr\\\/pharmacie\\\/#website\"},\"primaryImageOfPage\":{\"@id\":\"https:\\\/\\\/www.pharmacie-de-la-croisette.fr\\\/pharmacie\\\/supp\\\/dentolan\\\/#primaryimage\"},\"image\":{\"@id\":\"https:\\\/\\\/www.pharmacie-de-la-croisette.fr\\\/pharmacie\\\/supp\\\/dentolan\\\/#primaryimage\"},\"thumbnailUrl\":\"https:\\\/\\\/www.pharmacie-de-la-croisette.fr\\\/pharmacie\\\/wp-content\\\/uploads\\\/2024\\\/10\\\/Dentolan.jpg\",\"datePublished\":\"2024-10-18T19:46:25+00:00\",\"dateModified\":\"2025-10-30T15:55:05+00:00\",\"breadcrumb\":{\"@id\":\"https:\\\/\\\/www.pharmacie-de-la-croisette.fr\\\/pharmacie\\\/supp\\\/dentolan\\\/#breadcrumb\"},\"inLanguage\":\"fr-FR\",\"potentialAction\":[{\"@type\":\"ReadAction\",\"target\":[\"https:\\\/\\\/www.pharmacie-de-la-croisette.fr\\\/pharmacie\\\/supp\\\/dentolan\\\/\"]}]},{\"@type\":\"ImageObject\",\"inLanguage\":\"fr-FR\",\"@id\":\"https:\\\/\\\/www.pharmacie-de-la-croisette.fr\\\/pharmacie\\\/supp\\\/dentolan\\\/#primaryimage\",\"url\":\"https:\\\/\\\/www.pharmacie-de-la-croisette.fr\\\/pharmacie\\\/wp-content\\\/uploads\\\/2024\\\/10\\\/Dentolan.jpg\",\"contentUrl\":\"https:\\\/\\\/www.pharmacie-de-la-croisette.fr\\\/pharmacie\\\/wp-content\\\/uploads\\\/2024\\\/10\\\/Dentolan.jpg\",\"width\":768,\"height\":768},{\"@type\":\"BreadcrumbList\",\"@id\":\"https:\\\/\\\/www.pharmacie-de-la-croisette.fr\\\/pharmacie\\\/supp\\\/dentolan\\\/#breadcrumb\",\"itemListElement\":[{\"@type\":\"ListItem\",\"position\":1,\"name\":\"Strona g\u0142\u00f3wna\",\"item\":\"https:\\\/\\\/www.pharmacie-de-la-croisette.fr\\\/pharmacie\\\/\"},{\"@type\":\"ListItem\",\"position\":2,\"name\":\"farmaci\",\"item\":\"https:\\\/\\\/www.pharmacie-de-la-croisette.fr\\\/pharmacie\\\/\"},{\"@type\":\"ListItem\",\"position\":3,\"name\":\"Dentolan\"}]},{\"@type\":\"WebSite\",\"@id\":\"https:\\\/\\\/www.pharmacie-de-la-croisette.fr\\\/pharmacie\\\/#website\",\"url\":\"https:\\\/\\\/www.pharmacie-de-la-croisette.fr\\\/pharmacie\\\/\",\"name\":\"Pharmacie de la Croisette\",\"description\":\"\",\"potentialAction\":[{\"@type\":\"SearchAction\",\"target\":{\"@type\":\"EntryPoint\",\"urlTemplate\":\"https:\\\/\\\/www.pharmacie-de-la-croisette.fr\\\/pharmacie\\\/?s={search_term_string}\"},\"query-input\":{\"@type\":\"PropertyValueSpecification\",\"valueRequired\":true,\"valueName\":\"search_term_string\"}}],\"inLanguage\":\"fr-FR\"}]}<\/script>\n<!-- \/ Yoast SEO plugin. -->","yoast_head_json":{"title":"Dentolan - Avis, Pharmacie, Forum, Prix, Effets | -50%","robots":{"index":"index","follow":"follow","max-snippet":"max-snippet:-1","max-image-preview":"max-image-preview:large","max-video-preview":"max-video-preview:-1"},"canonical":"https:\/\/www.pharmacie-de-la-croisette.fr\/pharmacie\/supp\/dentolan\/","og_locale":"fr_FR","og_type":"article","og_title":"Dentolan - Avis, Pharmacie, Forum, Prix, Effets | -50%","og_url":"https:\/\/www.pharmacie-de-la-croisette.fr\/pharmacie\/supp\/dentolan\/","og_site_name":"Pharmacie de la Croisette","article_modified_time":"2025-10-30T15:55:05+00:00","og_image":[{"width":768,"height":768,"url":"https:\/\/www.pharmacie-de-la-croisette.fr\/pharmacie\/wp-content\/uploads\/2024\/10\/Dentolan.jpg","type":"image\/jpeg"}],"twitter_card":"summary_large_image","twitter_description":"[date_countdown]","twitter_misc":{"Dur\u00e9e de lecture estim\u00e9e":"1 minute"},"schema":{"@context":"https:\/\/schema.org","@graph":[{"@type":"WebPage","@id":"https:\/\/www.pharmacie-de-la-croisette.fr\/pharmacie\/supp\/dentolan\/","url":"https:\/\/www.pharmacie-de-la-croisette.fr\/pharmacie\/supp\/dentolan\/","name":"Dentolan - Avis, Pharmacie, Forum, Prix, Effets | -50%","isPartOf":{"@id":"https:\/\/www.pharmacie-de-la-croisette.fr\/pharmacie\/#website"},"primaryImageOfPage":{"@id":"https:\/\/www.pharmacie-de-la-croisette.fr\/pharmacie\/supp\/dentolan\/#primaryimage"},"image":{"@id":"https:\/\/www.pharmacie-de-la-croisette.fr\/pharmacie\/supp\/dentolan\/#primaryimage"},"thumbnailUrl":"https:\/\/www.pharmacie-de-la-croisette.fr\/pharmacie\/wp-content\/uploads\/2024\/10\/Dentolan.jpg","datePublished":"2024-10-18T19:46:25+00:00","dateModified":"2025-10-30T15:55:05+00:00","breadcrumb":{"@id":"https:\/\/www.pharmacie-de-la-croisette.fr\/pharmacie\/supp\/dentolan\/#breadcrumb"},"inLanguage":"fr-FR","potentialAction":[{"@type":"ReadAction","target":["https:\/\/www.pharmacie-de-la-croisette.fr\/pharmacie\/supp\/dentolan\/"]}]},{"@type":"ImageObject","inLanguage":"fr-FR","@id":"https:\/\/www.pharmacie-de-la-croisette.fr\/pharmacie\/supp\/dentolan\/#primaryimage","url":"https:\/\/www.pharmacie-de-la-croisette.fr\/pharmacie\/wp-content\/uploads\/2024\/10\/Dentolan.jpg","contentUrl":"https:\/\/www.pharmacie-de-la-croisette.fr\/pharmacie\/wp-content\/uploads\/2024\/10\/Dentolan.jpg","width":768,"height":768},{"@type":"BreadcrumbList","@id":"https:\/\/www.pharmacie-de-la-croisette.fr\/pharmacie\/supp\/dentolan\/#breadcrumb","itemListElement":[{"@type":"ListItem","position":1,"name":"Strona g\u0142\u00f3wna","item":"https:\/\/www.pharmacie-de-la-croisette.fr\/pharmacie\/"},{"@type":"ListItem","position":2,"name":"farmaci","item":"https:\/\/www.pharmacie-de-la-croisette.fr\/pharmacie\/"},{"@type":"ListItem","position":3,"name":"Dentolan"}]},{"@type":"WebSite","@id":"https:\/\/www.pharmacie-de-la-croisette.fr\/pharmacie\/#website","url":"https:\/\/www.pharmacie-de-la-croisette.fr\/pharmacie\/","name":"Pharmacie de la Croisette","description":"","potentialAction":[{"@type":"SearchAction","target":{"@type":"EntryPoint","urlTemplate":"https:\/\/www.pharmacie-de-la-croisette.fr\/pharmacie\/?s={search_term_string}"},"query-input":{"@type":"PropertyValueSpecification","valueRequired":true,"valueName":"search_term_string"}}],"inLanguage":"fr-FR"}]}},"_links":{"self":[{"href":"https:\/\/www.pharmacie-de-la-croisette.fr\/pharmacie\/wp-json\/wp\/v2\/product\/4540","targetHints":{"allow":["GET"]}}],"collection":[{"href":"https:\/\/www.pharmacie-de-la-croisette.fr\/pharmacie\/wp-json\/wp\/v2\/product"}],"about":[{"href":"https:\/\/www.pharmacie-de-la-croisette.fr\/pharmacie\/wp-json\/wp\/v2\/types\/product"}],"replies":[{"embeddable":true,"href":"https:\/\/www.pharmacie-de-la-croisette.fr\/pharmacie\/wp-json\/wp\/v2\/comments?post=4540"}],"wp:featuredmedia":[{"embeddable":true,"href":"https:\/\/www.pharmacie-de-la-croisette.fr\/pharmacie\/wp-json\/wp\/v2\/media\/4367"}],"wp:attachment":[{"href":"https:\/\/www.pharmacie-de-la-croisette.fr\/pharmacie\/wp-json\/wp\/v2\/media?parent=4540"}],"wp:term":[{"taxonomy":"product_brand","embeddable":true,"href":"https:\/\/www.pharmacie-de-la-croisette.fr\/pharmacie\/wp-json\/wp\/v2\/product_brand?post=4540"},{"taxonomy":"product_cat","embeddable":true,"href":"https:\/\/www.pharmacie-de-la-croisette.fr\/pharmacie\/wp-json\/wp\/v2\/product_cat?post=4540"},{"taxonomy":"product_tag","embeddable":true,"href":"https:\/\/www.pharmacie-de-la-croisette.fr\/pharmacie\/wp-json\/wp\/v2\/product_tag?post=4540"}],"curies":[{"name":"wp","href":"https:\/\/api.w.org\/{rel}","templated":true}]}}