{"id":4465,"date":"2024-10-18T19:46:04","date_gmt":"2024-10-18T19:46:04","guid":{"rendered":"https:\/\/chirurgie-orthopedie-vannes.fr\/pharmacie\/?post_type=product&#038;p=4465"},"modified":"2025-10-30T13:58:30","modified_gmt":"2025-10-30T13:58:30","slug":"derminax","status":"publish","type":"product","link":"https:\/\/www.pharmacie-de-la-croisette.fr\/pharmacie\/supp\/derminax\/","title":{"rendered":"Derminax"},"content":{"rendered":"<h2 class=\"wp-block-heading\">Qu&rsquo;est-ce que Derminax et comment fonctionne-t-il ?<\/h2>\n\n\n<p><b>Derminax<\/b> est un <b>compl\u00e9ment alimentaire<\/b> innovant con\u00e7u pour les personnes souffrant d&rsquo;acn\u00e9. Son <em>action<\/em> est bas\u00e9e sur l&rsquo;\u00e9limination des causes des l\u00e9sions cutan\u00e9es, ce qui en fait un soutien efficace pour un teint sain. La formule se caract\u00e9rise par sa <em>composition<\/em> naturelle, qui utilise des <b>ingr\u00e9dients<\/b> tels que l&rsquo;ortie, la pr\u00eale des champs, le zinc et le cuivre dans son action.<\/p>\n\n\n<p>Les substances actives utilis\u00e9es soutiennent l&rsquo;organisme dans les processus de nettoyage et de r\u00e9gulation de la s\u00e9cr\u00e9tion de s\u00e9bum, et leur <b>action<\/b> synergique contribue \u00e0 lisser la peau et \u00e0 r\u00e9duire l&rsquo;apparence des boutons. L&rsquo;<b>utilisation<\/b> r\u00e9guli\u00e8re <b>de<\/b> Derminax soulage l&rsquo;inflammation et favorise l&rsquo;\u00e9quilibre hormonal, ce qui est essentiel dans la lutte contre l&rsquo;acn\u00e9.<\/p>\n\n\n<p>Il convient de souligner que Derminax n&rsquo;est pas un simple <b>compl\u00e9ment alimentaire<\/b>, mais une approche globale des soins de la peau qui vise \u00e0 am\u00e9liorer l&rsquo;\u00e9tat de la peau et \u00e0 r\u00e9duire durablement les probl\u00e8mes cutan\u00e9s.<\/p>\n\n\n<h2 class=\"wp-block-heading\">Quels sont les effets de l&rsquo;utilisation de Derminax ?<\/h2>\n\n\n<p><b>L&rsquo;utilisation de<\/b> Derminax apporte des <b>r\u00e9sultats<\/b> visibles dans la lutte contre l&rsquo;acn\u00e9. Les <b>utilisateurs<\/b> rapportent que les premiers changements dans l&rsquo;apparence de la peau peuvent \u00eatre observ\u00e9s apr\u00e8s seulement deux semaines d&rsquo;<b>utilisation<\/b>. Les <b>effets<\/b> comprennent une r\u00e9duction du nombre d&rsquo;imperfections, ce qui am\u00e9liore consid\u00e9rablement l&rsquo;\u00e9tat g\u00e9n\u00e9ral de la peau.<\/p>\n\n\n<p>Des am\u00e9liorations sont \u00e9galement observ\u00e9es dans la r\u00e9duction des cicatrices et des d\u00e9colorations, rendant la peau plus uniforme. Derminax favorise le processus de gu\u00e9rison des l\u00e9sions cutan\u00e9es et le teint devient plus lisse. L&rsquo;<b>utilisation<\/b> r\u00e9guli\u00e8re <b>du<\/b> compl\u00e9ment entra\u00eene des am\u00e9liorations durables de l&rsquo;\u00e9tat de la peau, ce qui est confirm\u00e9 par les commentaires positifs des utilisateurs.<\/p>\n\n\n<h2 class=\"wp-block-heading\">Comment utiliser Derminax ? &#8211; Dosage et recommandations<\/h2>\n\n\n<p>Il est recommand\u00e9 de prendre le compl\u00e9ment alimentaire Derminax d&rsquo;une mani\u00e8re sp\u00e9cifique afin d&rsquo;obtenir les meilleurs <b>r\u00e9sultats<\/b>. Le <b>dosage<\/b> optimal est de deux comprim\u00e9s par jour, \u00e0 prendre de pr\u00e9f\u00e9rence pendant les repas. Avec une utilisation r\u00e9guli\u00e8re de cette formule, les <b>utilisateurs<\/b> peuvent constater des changements notables dans l&rsquo;\u00e9tat de leur peau.<\/p>\n\n\n<p>Il est important de ne pas d\u00e9passer la dose recommand\u00e9e. Les fabricants sugg\u00e8rent d&rsquo;utiliser Derminax pendant au moins trois mois. Cette dur\u00e9e permet aux principes actifs d&rsquo;agir pleinement, ce qui se traduit par des r\u00e9sultats mesurables.<\/p>\n\n\n<p>Avant de commencer \u00e0 prendre Derminax, il est conseill\u00e9 de consulter un m\u00e9decin, en particulier pour ceux qui ont des ant\u00e9c\u00e9dents m\u00e9dicaux ou qui prennent d&rsquo;autres m\u00e9dicaments. Cela permettra d&rsquo;\u00e9viter les interactions possibles et de s&rsquo;assurer que l&rsquo;utilisation <b>est s\u00fbre<\/b> et efficace.<\/p>\n\n\n<h2 class=\"wp-block-heading\">Derminax &#8211; Avis des utilisateurs, forum &#8211; Que disent les utilisateurs ?<\/h2>\n\n\n<p><b>Les avis<\/b> Derminax recueillis sur les forums en ligne t\u00e9moignent de l&rsquo;exp\u00e9rience positive de nombreux utilisateurs. Ceux qui utilisent ce compl\u00e9ment soulignent des r\u00e9sultats significatifs dans l&rsquo;am\u00e9lioration de leur teint. De nombreux t\u00e9moignages font \u00e9tat de la disparition des boutons et d&rsquo;une am\u00e9lioration globale de l&rsquo;\u00e9tat de la peau.<\/p>\n\n\n<p><b>Les utilisateurs<\/b> louent Derminax pour son efficacit\u00e9 mais aussi pour l&rsquo;am\u00e9lioration de leur bien-\u00eatre. Sur de nombreux forums, vous pouvez trouver des messages dans lesquels les gens partagent leurs sentiments apr\u00e8s avoir commenc\u00e9 le traitement. Les effets de Derminax d\u00e9passent souvent les attentes, ce qui devient une source d&rsquo;inspiration pour d&rsquo;autres personnes \u00e0 la recherche d&rsquo;une solution \u00e0 leurs probl\u00e8mes de peau.<\/p>\n\n\n\n<blockquote class=\"wp-block-quote is-layout-flow wp-block-quote-is-layout-flow\"><p>\u00ab\u00a0Mon teint s&rsquo;est nettement am\u00e9lior\u00e9 depuis que j&rsquo;utilise Derminax. Je me sens plus confiante et plus \u00e0 l&rsquo;aise avec mon apparence. &#8211; <b>commentaires d&rsquo;<\/b> utilisateurs populaires.<\/p>\n<\/blockquote>\n\n\n<p>Les d\u00e9clarations sur les <b>forums<\/b> refl\u00e8tent un sentiment commun de r\u00e9duction de l&rsquo;acn\u00e9 et d&rsquo;am\u00e9lioration de l&rsquo;aspect g\u00e9n\u00e9ral de la peau. Les utilisateurs ont exp\u00e9riment\u00e9 diff\u00e9rents produits et Derminax s&rsquo;est av\u00e9r\u00e9 \u00eatre une solution efficace avec des r\u00e9sultats notables.<\/p>\n\n\n<h2 class=\"wp-block-heading\">Derminax &#8211; Composition<\/h2>\n\n\n<p><b>La composition de<\/b> Derminax est bas\u00e9e sur des ingr\u00e9dients naturels et efficaces, ce qui en fait un compl\u00e9ment alimentaire exceptionnel dans la lutte contre l&rsquo;acn\u00e9. La formule contient des <b>ingr\u00e9dients<\/b> tels que :<\/p>\n\n\n\n<ul class=\"wp-block-list\">\n<li>Ortie<\/li>\n\n\n\n<li>Cuivre<\/li>\n\n\n\n<li>Pr\u00eale des champs<\/li>\n\n\n\n<li>Zinc<\/li>\n\n\n\n<li>M\u00e9lange de vitamines B2, C et E<\/li>\n<\/ul>\n\n\n<p>Chacun des ingr\u00e9dients de Derminax agit en synergie, ce qui renforce leur <b>action<\/b> dans l&rsquo;organisme. Le zinc joue un r\u00f4le cl\u00e9 dans la r\u00e9gulation des glandes s\u00e9bac\u00e9es, ce qui r\u00e9duit la s\u00e9cr\u00e9tion de s\u00e9bum. La vitamine C a un r\u00f4le antioxydant, neutralisant les radicaux libres, et la pr\u00eale des champs favorise la r\u00e9g\u00e9n\u00e9ration de la peau, ce qui contribue \u00e0 une apparence saine.<\/p>\n\n\n<p>Tous ces <b>ingr\u00e9dients<\/b> font de Derminax l&rsquo;un des compl\u00e9ments alimentaires les plus efficaces pour aider \u00e0 lutter contre les imperfections de la peau.<\/p>\n\n\n<h2 class=\"wp-block-heading\">O\u00f9 acheter et combien co\u00fbte Derminax &#8211; prix<\/h2>\n\n\n<p>Derminax est uniquement disponible \u00e0 la vente en ligne, ce qui signifie qu&rsquo;il n&rsquo;est pas possible de l&rsquo;acheter dans les pharmacies stationnaires. Le meilleur endroit pour savoir <em>o\u00f9 acheter<\/em> Derminax est le site officiel du <em>fabricant<\/em>. Ce site offre les informations les plus r\u00e9centes sur les prix et les <em>promotions<\/em>, ce qui peut r\u00e9duire consid\u00e9rablement le co\u00fbt d&rsquo;achat.<\/p>\n\n\n<p><b>Le prix de<\/b> Derminax peut varier en fonction des offres en cours. Il est donc utile de consulter r\u00e9guli\u00e8rement le site web du fabricant pour y trouver des offres avantageuses. Ces promotions rendent le suppl\u00e9ment encore plus abordable.<\/p>\n\n\n<p>Cela vaut la peine d&rsquo;investir dans Derminax, surtout si vous pouvez profiter des <em>promotions<\/em> attrayantes propos\u00e9es par le <em>fabricant<\/em> officiel. Cela peut rendre le compl\u00e9ment plus accessible aux personnes qui luttent contre des probl\u00e8mes de peau.<\/p>\n\n\n<h2 class=\"wp-block-heading\">Derminax &#8211; Effets secondaires et contre-indications &#8211; S\u00e9curit\u00e9 d&#8217;emploi<\/h2>\n\n\n<p>Derminax est g\u00e9n\u00e9ralement consid\u00e9r\u00e9 comme un compl\u00e9ment alimentaire s\u00fbr, mais il convient d&rsquo;\u00eatre conscient des effets secondaires possibles. Parmi les sympt\u00f4mes les plus fr\u00e9quemment signal\u00e9s figurent de l\u00e9gers probl\u00e8mes d&rsquo;estomac, qui peuvent survenir au cours de la phase initiale d&rsquo;utilisation. Les r\u00e9actions allergiques \u00e0 certains ingr\u00e9dients sont moins fr\u00e9quentes, mais doivent \u00e9galement \u00eatre prises en compte.<\/p>\n\n\n<p>Avant de commencer un traitement avec Derminax, il est important de comprendre les contre-indications qui peuvent affecter sa <b>s\u00e9curit\u00e9<\/b>. Les personnes hypersensibles aux ingr\u00e9dients du compl\u00e9ment, ainsi que les femmes enceintes et allaitantes, doivent \u00e9viter de l&rsquo;utiliser. En outre, les personnes qui prennent des anticoagulants peuvent rencontrer certains risques, il est donc toujours conseill\u00e9 de consulter votre m\u00e9decin.<\/p>\n\n\n<p>La <b>s\u00e9curit\u00e9 de<\/b> Derminax peut \u00eatre augment\u00e9e en suivant les recommandations ci-dessus et en surveillant votre bien-\u00eatre pendant le traitement. En cas de sympt\u00f4mes inqui\u00e9tants, consultez imm\u00e9diatement un sp\u00e9cialiste. L&rsquo;information sur les effets secondaires possibles est importante pour b\u00e9n\u00e9ficier pleinement des avantages de ce compl\u00e9ment alimentaire.<\/p>\n","protected":false},"excerpt":{"rendered":"<p><strong>[date_countdown]<\/strong><\/p>\n<p><img decoding=\"async\" class=\"alignnone  wp-image-8427\" src=\"https:\/\/www.pharmacie-de-la-croisette.fr\/pharmacie\/wp-content\/uploads\/2024\/10\/SAFE-PAY-300x88-1.png\" alt=\"SAFE-PAY-300x88\" width=\"164\" height=\"48\" \/><\/p>\n","protected":false},"featured_media":3882,"comment_status":"open","ping_status":"closed","template":"","meta":{"neve_meta_sidebar":"","neve_meta_container":"","neve_meta_enable_content_width":"","neve_meta_content_width":0,"neve_meta_title_alignment":"","neve_meta_author_avatar":"","neve_post_elements_order":"","neve_meta_disable_header":"","neve_meta_disable_footer":"","neve_meta_disable_title":"","neve_meta_reading_time":""},"product_brand":[],"product_cat":[17],"product_tag":[],"class_list":{"0":"post-4465","1":"product","2":"type-product","3":"status-publish","4":"has-post-thumbnail","6":"product_cat-beaute","8":"first","9":"instock","10":"sale","11":"shipping-taxable","12":"product-type-external"},"yoast_head":"<!-- This site is optimized with the Yoast SEO plugin v27.4 - https:\/\/yoast.com\/product\/yoast-seo-wordpress\/ -->\n<title>Derminax - Avis, Pharmacie, Forum, Prix, Effets | -50%<\/title>\n<meta name=\"robots\" content=\"index, follow, max-snippet:-1, max-image-preview:large, max-video-preview:-1\" \/>\n<link rel=\"canonical\" href=\"https:\/\/www.pharmacie-de-la-croisette.fr\/pharmacie\/supp\/derminax\/\" \/>\n<meta property=\"og:locale\" content=\"fr_FR\" \/>\n<meta property=\"og:type\" content=\"article\" \/>\n<meta property=\"og:title\" content=\"Derminax - Avis, Pharmacie, Forum, Prix, Effets | -50%\" \/>\n<meta property=\"og:url\" content=\"https:\/\/www.pharmacie-de-la-croisette.fr\/pharmacie\/supp\/derminax\/\" \/>\n<meta property=\"og:site_name\" content=\"Pharmacie de la Croisette\" \/>\n<meta property=\"article:modified_time\" content=\"2025-10-30T13:58:30+00:00\" \/>\n<meta property=\"og:image\" content=\"https:\/\/www.pharmacie-de-la-croisette.fr\/pharmacie\/wp-content\/uploads\/2024\/10\/Derminax.jpg\" \/>\n\t<meta property=\"og:image:width\" content=\"768\" \/>\n\t<meta property=\"og:image:height\" content=\"768\" \/>\n\t<meta property=\"og:image:type\" content=\"image\/jpeg\" \/>\n<meta name=\"twitter:card\" content=\"summary_large_image\" \/>\n<meta name=\"twitter:description\" content=\"[date_countdown]\" \/>\n<meta name=\"twitter:label1\" content=\"Dur\u00e9e de lecture estim\u00e9e\" \/>\n\t<meta name=\"twitter:data1\" content=\"7 minutes\" \/>\n<script type=\"application\/ld+json\" class=\"yoast-schema-graph\">{\"@context\":\"https:\\\/\\\/schema.org\",\"@graph\":[{\"@type\":\"WebPage\",\"@id\":\"https:\\\/\\\/www.pharmacie-de-la-croisette.fr\\\/pharmacie\\\/supp\\\/derminax\\\/\",\"url\":\"https:\\\/\\\/www.pharmacie-de-la-croisette.fr\\\/pharmacie\\\/supp\\\/derminax\\\/\",\"name\":\"Derminax - Avis, Pharmacie, Forum, Prix, Effets | -50%\",\"isPartOf\":{\"@id\":\"https:\\\/\\\/www.pharmacie-de-la-croisette.fr\\\/pharmacie\\\/#website\"},\"primaryImageOfPage\":{\"@id\":\"https:\\\/\\\/www.pharmacie-de-la-croisette.fr\\\/pharmacie\\\/supp\\\/derminax\\\/#primaryimage\"},\"image\":{\"@id\":\"https:\\\/\\\/www.pharmacie-de-la-croisette.fr\\\/pharmacie\\\/supp\\\/derminax\\\/#primaryimage\"},\"thumbnailUrl\":\"https:\\\/\\\/www.pharmacie-de-la-croisette.fr\\\/pharmacie\\\/wp-content\\\/uploads\\\/2024\\\/10\\\/Derminax.jpg\",\"datePublished\":\"2024-10-18T19:46:04+00:00\",\"dateModified\":\"2025-10-30T13:58:30+00:00\",\"breadcrumb\":{\"@id\":\"https:\\\/\\\/www.pharmacie-de-la-croisette.fr\\\/pharmacie\\\/supp\\\/derminax\\\/#breadcrumb\"},\"inLanguage\":\"fr-FR\",\"potentialAction\":[{\"@type\":\"ReadAction\",\"target\":[\"https:\\\/\\\/www.pharmacie-de-la-croisette.fr\\\/pharmacie\\\/supp\\\/derminax\\\/\"]}]},{\"@type\":\"ImageObject\",\"inLanguage\":\"fr-FR\",\"@id\":\"https:\\\/\\\/www.pharmacie-de-la-croisette.fr\\\/pharmacie\\\/supp\\\/derminax\\\/#primaryimage\",\"url\":\"https:\\\/\\\/www.pharmacie-de-la-croisette.fr\\\/pharmacie\\\/wp-content\\\/uploads\\\/2024\\\/10\\\/Derminax.jpg\",\"contentUrl\":\"https:\\\/\\\/www.pharmacie-de-la-croisette.fr\\\/pharmacie\\\/wp-content\\\/uploads\\\/2024\\\/10\\\/Derminax.jpg\",\"width\":768,\"height\":768},{\"@type\":\"BreadcrumbList\",\"@id\":\"https:\\\/\\\/www.pharmacie-de-la-croisette.fr\\\/pharmacie\\\/supp\\\/derminax\\\/#breadcrumb\",\"itemListElement\":[{\"@type\":\"ListItem\",\"position\":1,\"name\":\"Strona g\u0142\u00f3wna\",\"item\":\"https:\\\/\\\/www.pharmacie-de-la-croisette.fr\\\/pharmacie\\\/\"},{\"@type\":\"ListItem\",\"position\":2,\"name\":\"farmaci\",\"item\":\"https:\\\/\\\/www.pharmacie-de-la-croisette.fr\\\/pharmacie\\\/\"},{\"@type\":\"ListItem\",\"position\":3,\"name\":\"Derminax\"}]},{\"@type\":\"WebSite\",\"@id\":\"https:\\\/\\\/www.pharmacie-de-la-croisette.fr\\\/pharmacie\\\/#website\",\"url\":\"https:\\\/\\\/www.pharmacie-de-la-croisette.fr\\\/pharmacie\\\/\",\"name\":\"Pharmacie de la Croisette\",\"description\":\"\",\"potentialAction\":[{\"@type\":\"SearchAction\",\"target\":{\"@type\":\"EntryPoint\",\"urlTemplate\":\"https:\\\/\\\/www.pharmacie-de-la-croisette.fr\\\/pharmacie\\\/?s={search_term_string}\"},\"query-input\":{\"@type\":\"PropertyValueSpecification\",\"valueRequired\":true,\"valueName\":\"search_term_string\"}}],\"inLanguage\":\"fr-FR\"}]}<\/script>\n<!-- \/ Yoast SEO plugin. -->","yoast_head_json":{"title":"Derminax - Avis, Pharmacie, Forum, Prix, Effets | -50%","robots":{"index":"index","follow":"follow","max-snippet":"max-snippet:-1","max-image-preview":"max-image-preview:large","max-video-preview":"max-video-preview:-1"},"canonical":"https:\/\/www.pharmacie-de-la-croisette.fr\/pharmacie\/supp\/derminax\/","og_locale":"fr_FR","og_type":"article","og_title":"Derminax - Avis, Pharmacie, Forum, Prix, Effets | -50%","og_url":"https:\/\/www.pharmacie-de-la-croisette.fr\/pharmacie\/supp\/derminax\/","og_site_name":"Pharmacie de la Croisette","article_modified_time":"2025-10-30T13:58:30+00:00","og_image":[{"width":768,"height":768,"url":"https:\/\/www.pharmacie-de-la-croisette.fr\/pharmacie\/wp-content\/uploads\/2024\/10\/Derminax.jpg","type":"image\/jpeg"}],"twitter_card":"summary_large_image","twitter_description":"[date_countdown]","twitter_misc":{"Dur\u00e9e de lecture estim\u00e9e":"7 minutes"},"schema":{"@context":"https:\/\/schema.org","@graph":[{"@type":"WebPage","@id":"https:\/\/www.pharmacie-de-la-croisette.fr\/pharmacie\/supp\/derminax\/","url":"https:\/\/www.pharmacie-de-la-croisette.fr\/pharmacie\/supp\/derminax\/","name":"Derminax - Avis, Pharmacie, Forum, Prix, Effets | -50%","isPartOf":{"@id":"https:\/\/www.pharmacie-de-la-croisette.fr\/pharmacie\/#website"},"primaryImageOfPage":{"@id":"https:\/\/www.pharmacie-de-la-croisette.fr\/pharmacie\/supp\/derminax\/#primaryimage"},"image":{"@id":"https:\/\/www.pharmacie-de-la-croisette.fr\/pharmacie\/supp\/derminax\/#primaryimage"},"thumbnailUrl":"https:\/\/www.pharmacie-de-la-croisette.fr\/pharmacie\/wp-content\/uploads\/2024\/10\/Derminax.jpg","datePublished":"2024-10-18T19:46:04+00:00","dateModified":"2025-10-30T13:58:30+00:00","breadcrumb":{"@id":"https:\/\/www.pharmacie-de-la-croisette.fr\/pharmacie\/supp\/derminax\/#breadcrumb"},"inLanguage":"fr-FR","potentialAction":[{"@type":"ReadAction","target":["https:\/\/www.pharmacie-de-la-croisette.fr\/pharmacie\/supp\/derminax\/"]}]},{"@type":"ImageObject","inLanguage":"fr-FR","@id":"https:\/\/www.pharmacie-de-la-croisette.fr\/pharmacie\/supp\/derminax\/#primaryimage","url":"https:\/\/www.pharmacie-de-la-croisette.fr\/pharmacie\/wp-content\/uploads\/2024\/10\/Derminax.jpg","contentUrl":"https:\/\/www.pharmacie-de-la-croisette.fr\/pharmacie\/wp-content\/uploads\/2024\/10\/Derminax.jpg","width":768,"height":768},{"@type":"BreadcrumbList","@id":"https:\/\/www.pharmacie-de-la-croisette.fr\/pharmacie\/supp\/derminax\/#breadcrumb","itemListElement":[{"@type":"ListItem","position":1,"name":"Strona g\u0142\u00f3wna","item":"https:\/\/www.pharmacie-de-la-croisette.fr\/pharmacie\/"},{"@type":"ListItem","position":2,"name":"farmaci","item":"https:\/\/www.pharmacie-de-la-croisette.fr\/pharmacie\/"},{"@type":"ListItem","position":3,"name":"Derminax"}]},{"@type":"WebSite","@id":"https:\/\/www.pharmacie-de-la-croisette.fr\/pharmacie\/#website","url":"https:\/\/www.pharmacie-de-la-croisette.fr\/pharmacie\/","name":"Pharmacie de la Croisette","description":"","potentialAction":[{"@type":"SearchAction","target":{"@type":"EntryPoint","urlTemplate":"https:\/\/www.pharmacie-de-la-croisette.fr\/pharmacie\/?s={search_term_string}"},"query-input":{"@type":"PropertyValueSpecification","valueRequired":true,"valueName":"search_term_string"}}],"inLanguage":"fr-FR"}]}},"_links":{"self":[{"href":"https:\/\/www.pharmacie-de-la-croisette.fr\/pharmacie\/wp-json\/wp\/v2\/product\/4465","targetHints":{"allow":["GET"]}}],"collection":[{"href":"https:\/\/www.pharmacie-de-la-croisette.fr\/pharmacie\/wp-json\/wp\/v2\/product"}],"about":[{"href":"https:\/\/www.pharmacie-de-la-croisette.fr\/pharmacie\/wp-json\/wp\/v2\/types\/product"}],"replies":[{"embeddable":true,"href":"https:\/\/www.pharmacie-de-la-croisette.fr\/pharmacie\/wp-json\/wp\/v2\/comments?post=4465"}],"wp:featuredmedia":[{"embeddable":true,"href":"https:\/\/www.pharmacie-de-la-croisette.fr\/pharmacie\/wp-json\/wp\/v2\/media\/3882"}],"wp:attachment":[{"href":"https:\/\/www.pharmacie-de-la-croisette.fr\/pharmacie\/wp-json\/wp\/v2\/media?parent=4465"}],"wp:term":[{"taxonomy":"product_brand","embeddable":true,"href":"https:\/\/www.pharmacie-de-la-croisette.fr\/pharmacie\/wp-json\/wp\/v2\/product_brand?post=4465"},{"taxonomy":"product_cat","embeddable":true,"href":"https:\/\/www.pharmacie-de-la-croisette.fr\/pharmacie\/wp-json\/wp\/v2\/product_cat?post=4465"},{"taxonomy":"product_tag","embeddable":true,"href":"https:\/\/www.pharmacie-de-la-croisette.fr\/pharmacie\/wp-json\/wp\/v2\/product_tag?post=4465"}],"curies":[{"name":"wp","href":"https:\/\/api.w.org\/{rel}","templated":true}]}}