{"id":4461,"date":"2024-10-18T19:46:01","date_gmt":"2024-10-18T19:46:01","guid":{"rendered":"https:\/\/chirurgie-orthopedie-vannes.fr\/pharmacie\/?post_type=product&#038;p=4461"},"modified":"2025-10-30T15:54:40","modified_gmt":"2025-10-30T15:54:40","slug":"breast-fast","status":"publish","type":"product","link":"https:\/\/www.pharmacie-de-la-croisette.fr\/pharmacie\/supp\/breast-fast\/","title":{"rendered":"Breast Fast"},"content":{"rendered":"<h2 class=\"wp-block-heading\">Qu&rsquo;est-ce que Breast Fast et comment fonctionne-t-il ?<\/h2>\n\n\n<p><b>Breast Fast<\/b> est un <b>compl\u00e9ment alimentaire<\/b> qui favorise l&rsquo;<b>augmentation naturelle des seins<\/b>. Son action se concentre sur la stimulation du tissu mammaire et l&rsquo;am\u00e9lioration de sa fermet\u00e9. Les principaux <em>ingr\u00e9dients actifs<\/em> contenus dans le compl\u00e9ment, tels que le ginseng et le fenugrec, ont un effet positif sur les processus hormonaux de l&rsquo;organisme, notamment sur l&rsquo;augmentation des niveaux d&rsquo;\u0153strog\u00e8nes. Ces changements hormonaux favorisent l&rsquo;augmentation du volume des seins, ce qui peut \u00eatre d&rsquo;un grand secours pour les femmes qui souhaitent am\u00e9liorer l&rsquo;aspect de leur poitrine.<\/p>\n\n\n<p>L&rsquo;utilisation r\u00e9guli\u00e8re de ce compl\u00e9ment alimentaire peut contribuer \u00e0 rendre les seins plus fermes et plus volumineux. Les effets peuvent \u00eatre observ\u00e9s apr\u00e8s seulement deux semaines d&rsquo;utilisation, ce qui fait de Breast Fast un choix populaire parmi les femmes qui recherchent des moyens naturels d&rsquo;am\u00e9liorer leur apparence. Le compl\u00e9ment agit en stimulant les r\u00e9cepteurs hormonaux, ce qui se traduit par une peau des seins rajeunie et plus ferme. Pour des r\u00e9sultats optimaux, il est important de suivre les recommandations de dosage et d&rsquo;\u00eatre syst\u00e9matique.<\/p>\n\n\n<p>Le compl\u00e9ment contient des ingr\u00e9dients naturels qui non seulement soutiennent l&rsquo;\u00e9quilibre hormonal, mais peuvent \u00e9galement am\u00e9liorer l&rsquo;\u00e9lasticit\u00e9 et la fermet\u00e9 du tissu mammaire. Breast Fast est uniquement disponible sur le site officiel du fabricant, ce qui garantit l&rsquo;originalit\u00e9 et l&rsquo;efficacit\u00e9 du produit.<\/p>\n\n\n<h2 class=\"wp-block-heading\">Quels sont les effets du je\u00fbne mammaire ?<\/h2>\n\n\n<p>Le compl\u00e9ment Breast Fast promet des r\u00e9sultats notables dans l&rsquo;am\u00e9lioration de l&rsquo;apparence de la poitrine apr\u00e8s seulement trois semaines d&rsquo;utilisation. Une prise r\u00e9guli\u00e8re contribue \u00e0 augmenter le volume du buste et \u00e0 am\u00e9liorer la fermet\u00e9 et l&rsquo;\u00e9lasticit\u00e9 du tissu mammaire. De nombreuses utilisatrices font \u00e9tat de <em>r\u00e9sultats positifs<\/em>, qui se traduisent par un sentiment accru d&rsquo;attractivit\u00e9 et de confiance en soi.<\/p>\n\n\n<p><b>Les commentaires des utilisateurs<\/b> confirment qu&rsquo;une <b>am\u00e9lioration de l&rsquo;apparence du buste<\/b> est visible \u00e0 la suite de la prise r\u00e9guli\u00e8re du compl\u00e9ment. La formulation contient des ingr\u00e9dients tels que l&rsquo;extrait de palmier sabal et l&rsquo;ang\u00e9lique, qui ont un effet b\u00e9n\u00e9fique sur l&rsquo;\u00e9tat de la poitrine. Une utilisation r\u00e9guli\u00e8re sur une p\u00e9riode prolong\u00e9e peut entra\u00eener des effets stables, dont l&rsquo;intensit\u00e9 peut varier en fonction de la r\u00e9action de l&rsquo;organisme.<\/p>\n\n\n<figure class=\"wp-block-table\"><table class=\"has-fixed-layout\"><tbody><tr><th>Effet<\/th><th>D\u00e9lai de r\u00e9alisation<\/th><th>Fr\u00e9quence d&rsquo;application<\/th><\/tr><tr><td>Augmentation du volume du buste<\/td><td>3 semaines<\/td><td>3 comprim\u00e9s par jour<\/td><\/tr><tr><td>Am\u00e9lioration de la fermet\u00e9 et de l&rsquo;\u00e9lasticit\u00e9<\/td><td>3 mois<\/td><td>3 comprim\u00e9s par jour<\/td><\/tr><tr><td>Lisser la peau<\/td><td>Individuel<\/td><td>3 comprim\u00e9s par jour<\/td><\/tr><\/tbody><\/table><\/figure>\n\n\n<p>La prise r\u00e9guli\u00e8re de Breast Fast est la cl\u00e9 pour obtenir des r\u00e9sultats optimaux. Il convient de noter que l&rsquo;efficacit\u00e9 du produit est confirm\u00e9e par plus de 4 millions de femmes dans le monde, ce qui prouve sa grande popularit\u00e9 et la confiance qu&rsquo;il inspire aux utilisateurs. <b>Les effets de Breast Fast<\/b> peuvent am\u00e9liorer de mani\u00e8re significative le bien-\u00eatre psychologique associ\u00e9 \u00e0 l&rsquo;am\u00e9lioration de l&rsquo;apparence de la poitrine.<\/p>\n\n\n<h2 class=\"wp-block-heading\">Dosage de Breast Fast &#8211; Comment l&rsquo;utiliser ?<\/h2>\n\n\n<p>Le <b>dosage de Breast Fast<\/b> est crucial pour obtenir des r\u00e9sultats optimaux. Ce compl\u00e9ment contient des ingr\u00e9dients qui favorisent l&rsquo;<b>augmentation naturelle de la taille des seins<\/b>, c&rsquo;est pourquoi <b>les doses recommand\u00e9es<\/b> sont r\u00e9fl\u00e9chies. Pour profiter pleinement des avantages, prenez une capsule deux fois par jour.<\/p>\n\n\n<p><b>Comment utiliser<\/b> Breast Fast ? Il est pr\u00e9f\u00e9rable de le prendre pendant les repas, en buvant beaucoup d&rsquo;eau. Une utilisation r\u00e9guli\u00e8re est extr\u00eamement importante pour que les effets soient visibles. Les <b>portions recommand\u00e9es<\/b> doivent \u00eatre respect\u00e9es et leur d\u00e9passement peut entra\u00eener des effets ind\u00e9sirables.<\/p>\n\n\n<p>Il est toujours pr\u00e9f\u00e9rable de consulter votre m\u00e9decin avant de commencer \u00e0 prendre des compl\u00e9ments alimentaires, en particulier si vous avez des probl\u00e8mes de sant\u00e9. N&rsquo;oubliez pas que les effets peuvent varier en fonction de votre m\u00e9tabolisme et d&rsquo;autres facteurs, d&rsquo;o\u00f9 l&rsquo;importance de faire preuve de patience lors de l&rsquo;utilisation d&rsquo;un suppl\u00e9ment.<\/p>\n\n\n<h2 class=\"wp-block-heading\">Exp\u00e9riences et commentaires des utilisateurs de Breast Fast &#8211; quels sont les commentaires ?<\/h2>\n\n\n<p>Les <b>commentaires des utilisateurs de<\/b> Breast Fast sont extr\u00eamement positifs et confirment son efficacit\u00e9. De nombreuses femmes remarquent une am\u00e9lioration significative de l&rsquo;apparence de leurs seins et de leur bien-\u00eatre g\u00e9n\u00e9ral. Par exemple, certains <b>avis sur Breast Fast<\/b> indiquent qu&rsquo;apr\u00e8s une utilisation r\u00e9guli\u00e8re de ce compl\u00e9ment, les seins sont devenus plus volumineux et la peau plus ferme.<\/p>\n\n\n<p>Les utilisatrices font souvent part de leur exp\u00e9rience. Beaucoup d&rsquo;entre elles soulignent que les effets sont visibles apr\u00e8s seulement quelques semaines de prise r\u00e9guli\u00e8re des pilules. D&rsquo;apr\u00e8s les t\u00e9moignages, 85% des utilisatrices per\u00e7oivent une augmentation du volume du buste apr\u00e8s 2 \u00e0 3 semaines. En outre, 90 % indiquent une am\u00e9lioration de la fermet\u00e9 du buste apr\u00e8s seulement un mois d&rsquo;utilisation.<\/p>\n\n\n<p><b>Les commentaires des utilisateurs<\/b> sugg\u00e8rent qu&rsquo;il vaut la peine d&rsquo;utiliser le compl\u00e9ment pendant au moins trois mois pour obtenir les meilleurs r\u00e9sultats. Certaines personnes d\u00e9clarent avoir remarqu\u00e9 une augmentation de la taille de leur poitrine de A \u00e0 B apr\u00e8s cette p\u00e9riode. En m\u00eame temps, les femmes qui ont essay\u00e9 Breast Fast indiquent souvent des changements positifs dans leur bien-\u00eatre g\u00e9n\u00e9ral.<\/p>\n\n\n\n<blockquote class=\"wp-block-quote is-layout-flow wp-block-quote-is-layout-flow\"><p>\u00ab\u00a0Breast Fast s&rsquo;est av\u00e9r\u00e9 \u00eatre la solution parfaite pour moi. Lorsque j&rsquo;ai commenc\u00e9 \u00e0 remarquer des changements, j&rsquo;ai \u00e9t\u00e9 stup\u00e9faite ! Je le recommande \u00e0 toute femme qui souhaite am\u00e9liorer sa poitrine de mani\u00e8re naturelle.\u00a0\u00bb<\/p>\n<\/blockquote>\n\n\n<p>N\u00e9anmoins, les <b>exp\u00e9riences de<\/b> certains utilisateurs varient. Certaines personnes n&rsquo;ont pas remarqu\u00e9 d&rsquo;effets, m\u00eame apr\u00e8s une utilisation prolong\u00e9e. Il convient donc de rappeler que les r\u00e9sultats peuvent \u00eatre individuels et d\u00e9pendre du corps de chaque femme.<\/p>\n\n\n<h2 class=\"wp-block-heading\">Composition du Fast mammaire &#8211; Analyse des ingr\u00e9dients<\/h2>\n\n\n<p><b>La composition de Breast Fast<\/b> est bas\u00e9e sur des ingr\u00e9dients naturels, ce qui garantit une utilisation s\u00fbre. Les principaux <b>ingr\u00e9dients actifs<\/b> favorisent la croissance et la fermet\u00e9 des seins, ce qui attire de nombreuses femmes souhaitant am\u00e9liorer leur apparence. Ces ingr\u00e9dients sont les suivants<\/p>\n\n\n\n<ul class=\"wp-block-list\">\n<li><em>Sabal palm<\/em> &#8211; favorise l&rsquo;\u00e9quilibre hormonal.<\/li>\n\n\n\n<li><em>Fenugrec<\/em> &#8211; a un effet raffermissant et stimule la croissance du tissu mammaire gr\u00e2ce aux phytoestrog\u00e8nes pr\u00e9sents.<\/li>\n\n\n\n<li><em>Graines d&rsquo;aneth<\/em> &#8211; contiennent de l&rsquo;an\u00e9thole, qui augmente les niveaux de prolactine, ce qui favorise le d\u00e9veloppement des glandes mammaires.<\/li>\n\n\n\n<li><em>L-tyrosine<\/em> &#8211; acide amin\u00e9 ayant un effet positif sur le d\u00e9veloppement des tissus.<\/li>\n\n\n\n<li><em>Extrait de pissenlit<\/em> &#8211; riche en vitamines et en min\u00e9raux pour favoriser la sant\u00e9 des seins.<\/li>\n\n\n\n<li><em>Racine de DongQuai<\/em> &#8211; r\u00e9gule les hormones et am\u00e9liore la circulation sanguine.<\/li>\n<\/ul>\n\n\n<p>Ces ingr\u00e9dients forment une formule synergique qui b\u00e9n\u00e9ficie non seulement \u00e0 l&rsquo;apparence du buste, mais aussi \u00e0 l&rsquo;\u00e9tat g\u00e9n\u00e9ral de l&rsquo;organisme. En outre, un certain nombre de <em>compl\u00e9ments alimentaires<\/em> contenant ces <b>ingr\u00e9dients actifs<\/b> sont con\u00e7us pour soutenir un mode de vie sain et maintenir un poids sant\u00e9.<\/p>\n\n\n<figure class=\"wp-block-table\"><table class=\"has-fixed-layout\"><tbody><tr><th>Composant<\/th><th>Fonction<\/th><\/tr><tr><td>Palmier sabal<\/td><td>R\u00e9gulation des hormones<\/td><\/tr><tr><td>Fenugrec<\/td><td>Stimulation de la croissance du tissu mammaire<\/td><\/tr><tr><td>Graines d&rsquo;aneth<\/td><td>Hypertrophie des glandes mammaires<\/td><\/tr><tr><td>L-tyrosine<\/td><td>Croissance des tissus<\/td><\/tr><tr><td>Extrait de pissenlit<\/td><td>Renforcer la sant\u00e9 du sein<\/td><\/tr><tr><td>Racine de DongQuai<\/td><td>Am\u00e9lioration de la circulation sanguine<\/td><\/tr><\/tbody><\/table><\/figure>\n\n\n<p>Gr\u00e2ce \u00e0 ses ingr\u00e9dients soigneusement s\u00e9lectionn\u00e9s, <b>la formulation de Breast Fast<\/b> se distingue des autres produits du march\u00e9, offrant efficacit\u00e9 et s\u00e9curit\u00e9 dans le processus d&rsquo;augmentation mammaire.<\/p>\n\n\n<h2 class=\"wp-block-heading\">Breast Fast price &#8211; O\u00f9 acheter ?<\/h2>\n\n\n<p>Ce n&rsquo;est qu&rsquo;en achetant sur le site officiel du fabricant que vous avez la garantie de recevoir l&rsquo;original Breast Fast au meilleur prix. Le fabricant propose r\u00e9guli\u00e8rement des promotions permettant de r\u00e9duire le prix jusqu&rsquo;\u00e0 50 %, ce qui rend le produit accessible \u00e0 un grand nombre de clients.<\/p>\n\n\n<p>Il est inutile de chercher Breast Fast ailleurs, car vous ne le trouverez pas dans les pharmacies ou les papeteries. Le fabricant ne vend qu&rsquo;en ligne, vous pouvez donc \u00eatre s\u00fbr d&rsquo;acheter un produit authentique en provenance directe de la source.<\/p>\n\n\n<p>Les effets des g\u00e9lules sont visibles au bout de quelques semaines. Les ingr\u00e9dients naturels contenus dans la formule soutiennent la sant\u00e9 et l&rsquo;apparence du buste. Il vaut donc la peine d&rsquo;envisager un achat sur le <em>site officiel du fabricant<\/em> afin de b\u00e9n\u00e9ficier de tout le potentiel de Breast Fast.<\/p>\n\n\n<h2 class=\"wp-block-heading\">Breast Fast &#8211; Effets secondaires potentiels et contre-indications d&rsquo;utilisation<\/h2>\n\n\n<p>Bien que Breast Fast contienne des ingr\u00e9dients d&rsquo;origine naturelle, certaines personnes peuvent ressentir des effets secondaires lors de son utilisation. Les plus courants sont les r\u00e9actions allergiques, qui peuvent inclure des \u00e9ruptions cutan\u00e9es ou d&rsquo;autres probl\u00e8mes dermatologiques. En outre, les utilisateurs signalent souvent des troubles gastriques, tels que des douleurs abdominales ou des naus\u00e9es, qui peuvent survenir \u00e0 la suite de la prise du compl\u00e9ment.<\/p>\n\n\n<p>Les personnes souffrant de troubles hormonaux et les femmes enceintes doivent pr\u00eater une attention particuli\u00e8re aux <b>contre-indications de Breast Fast.<\/b> Il est conseill\u00e9 de consulter un m\u00e9decin avant de commencer la suppl\u00e9mentation afin de s&rsquo;assurer de la s\u00e9curit\u00e9 d&rsquo;utilisation. Les recommandations en mati\u00e8re de dosage sont essentielles pour minimiser le risque d&rsquo;effets ind\u00e9sirables ; un exc\u00e8s peut entra\u00eener des effets n\u00e9fastes pour la sant\u00e9.<\/p>\n\n\n<p>Il est extr\u00eamement important de surveiller les r\u00e9actions de l&rsquo;organisme pendant l&rsquo;utilisation de Breast Fast. Des observations r\u00e9guli\u00e8res peuvent aider \u00e0 d\u00e9tecter d&rsquo;\u00e9ventuelles allergies et r\u00e9actions ind\u00e9sirables. En cas de sympt\u00f4mes inqui\u00e9tants, il est conseill\u00e9 d&rsquo;arr\u00eater la suppl\u00e9mentation et de consulter un m\u00e9decin pour d\u00e9terminer les \u00e9tapes suivantes.<\/p>\n","protected":false},"excerpt":{"rendered":"<p><strong>[date_countdown]<\/strong><\/p>\n<p><img decoding=\"async\" class=\"alignnone wp-image-8427\" src=\"https:\/\/www.pharmacie-de-la-croisette.fr\/pharmacie\/wp-content\/uploads\/2024\/10\/SAFE-PAY-300x88-1.png\" alt=\"SAFE-PAY-300x88\" width=\"164\" height=\"48\" \/><\/p>\n","protected":false},"featured_media":3879,"comment_status":"open","ping_status":"closed","template":"","meta":{"neve_meta_sidebar":"","neve_meta_container":"","neve_meta_enable_content_width":"","neve_meta_content_width":0,"neve_meta_title_alignment":"","neve_meta_author_avatar":"","neve_post_elements_order":"","neve_meta_disable_header":"","neve_meta_disable_footer":"","neve_meta_disable_title":"","neve_meta_reading_time":""},"product_brand":[],"product_cat":[18],"product_tag":[],"class_list":{"0":"post-4461","1":"product","2":"type-product","3":"status-publish","4":"has-post-thumbnail","6":"product_cat-sante","8":"first","9":"instock","10":"sale","11":"shipping-taxable","12":"product-type-external"},"yoast_head":"<!-- This site is optimized with the Yoast SEO plugin v27.4 - https:\/\/yoast.com\/product\/yoast-seo-wordpress\/ -->\n<title>Breast Fast - Avis, Pharmacie, Forum, Prix, Effets | -50%<\/title>\n<meta name=\"robots\" content=\"index, follow, max-snippet:-1, max-image-preview:large, max-video-preview:-1\" \/>\n<link rel=\"canonical\" href=\"https:\/\/www.pharmacie-de-la-croisette.fr\/pharmacie\/supp\/breast-fast\/\" \/>\n<meta property=\"og:locale\" content=\"fr_FR\" \/>\n<meta property=\"og:type\" content=\"article\" \/>\n<meta property=\"og:title\" content=\"Breast Fast - Avis, Pharmacie, Forum, Prix, Effets | -50%\" \/>\n<meta property=\"og:url\" content=\"https:\/\/www.pharmacie-de-la-croisette.fr\/pharmacie\/supp\/breast-fast\/\" \/>\n<meta property=\"og:site_name\" content=\"Pharmacie de la Croisette\" \/>\n<meta property=\"article:modified_time\" content=\"2025-10-30T15:54:40+00:00\" \/>\n<meta property=\"og:image\" content=\"https:\/\/www.pharmacie-de-la-croisette.fr\/pharmacie\/wp-content\/uploads\/2024\/10\/Breast-Fast.jpg\" \/>\n\t<meta property=\"og:image:width\" content=\"768\" \/>\n\t<meta property=\"og:image:height\" content=\"768\" \/>\n\t<meta property=\"og:image:type\" content=\"image\/jpeg\" \/>\n<meta name=\"twitter:card\" content=\"summary_large_image\" \/>\n<meta name=\"twitter:description\" content=\"[date_countdown]\" \/>\n<meta name=\"twitter:label1\" content=\"Dur\u00e9e de lecture estim\u00e9e\" \/>\n\t<meta name=\"twitter:data1\" content=\"1 minute\" \/>\n<script type=\"application\/ld+json\" class=\"yoast-schema-graph\">{\"@context\":\"https:\\\/\\\/schema.org\",\"@graph\":[{\"@type\":\"WebPage\",\"@id\":\"https:\\\/\\\/www.pharmacie-de-la-croisette.fr\\\/pharmacie\\\/supp\\\/breast-fast\\\/\",\"url\":\"https:\\\/\\\/www.pharmacie-de-la-croisette.fr\\\/pharmacie\\\/supp\\\/breast-fast\\\/\",\"name\":\"Breast Fast - Avis, Pharmacie, Forum, Prix, Effets | -50%\",\"isPartOf\":{\"@id\":\"https:\\\/\\\/www.pharmacie-de-la-croisette.fr\\\/pharmacie\\\/#website\"},\"primaryImageOfPage\":{\"@id\":\"https:\\\/\\\/www.pharmacie-de-la-croisette.fr\\\/pharmacie\\\/supp\\\/breast-fast\\\/#primaryimage\"},\"image\":{\"@id\":\"https:\\\/\\\/www.pharmacie-de-la-croisette.fr\\\/pharmacie\\\/supp\\\/breast-fast\\\/#primaryimage\"},\"thumbnailUrl\":\"https:\\\/\\\/www.pharmacie-de-la-croisette.fr\\\/pharmacie\\\/wp-content\\\/uploads\\\/2024\\\/10\\\/Breast-Fast.jpg\",\"datePublished\":\"2024-10-18T19:46:01+00:00\",\"dateModified\":\"2025-10-30T15:54:40+00:00\",\"breadcrumb\":{\"@id\":\"https:\\\/\\\/www.pharmacie-de-la-croisette.fr\\\/pharmacie\\\/supp\\\/breast-fast\\\/#breadcrumb\"},\"inLanguage\":\"fr-FR\",\"potentialAction\":[{\"@type\":\"ReadAction\",\"target\":[\"https:\\\/\\\/www.pharmacie-de-la-croisette.fr\\\/pharmacie\\\/supp\\\/breast-fast\\\/\"]}]},{\"@type\":\"ImageObject\",\"inLanguage\":\"fr-FR\",\"@id\":\"https:\\\/\\\/www.pharmacie-de-la-croisette.fr\\\/pharmacie\\\/supp\\\/breast-fast\\\/#primaryimage\",\"url\":\"https:\\\/\\\/www.pharmacie-de-la-croisette.fr\\\/pharmacie\\\/wp-content\\\/uploads\\\/2024\\\/10\\\/Breast-Fast.jpg\",\"contentUrl\":\"https:\\\/\\\/www.pharmacie-de-la-croisette.fr\\\/pharmacie\\\/wp-content\\\/uploads\\\/2024\\\/10\\\/Breast-Fast.jpg\",\"width\":768,\"height\":768},{\"@type\":\"BreadcrumbList\",\"@id\":\"https:\\\/\\\/www.pharmacie-de-la-croisette.fr\\\/pharmacie\\\/supp\\\/breast-fast\\\/#breadcrumb\",\"itemListElement\":[{\"@type\":\"ListItem\",\"position\":1,\"name\":\"Strona g\u0142\u00f3wna\",\"item\":\"https:\\\/\\\/www.pharmacie-de-la-croisette.fr\\\/pharmacie\\\/\"},{\"@type\":\"ListItem\",\"position\":2,\"name\":\"farmaci\",\"item\":\"https:\\\/\\\/www.pharmacie-de-la-croisette.fr\\\/pharmacie\\\/\"},{\"@type\":\"ListItem\",\"position\":3,\"name\":\"Breast Fast\"}]},{\"@type\":\"WebSite\",\"@id\":\"https:\\\/\\\/www.pharmacie-de-la-croisette.fr\\\/pharmacie\\\/#website\",\"url\":\"https:\\\/\\\/www.pharmacie-de-la-croisette.fr\\\/pharmacie\\\/\",\"name\":\"Pharmacie de la Croisette\",\"description\":\"\",\"potentialAction\":[{\"@type\":\"SearchAction\",\"target\":{\"@type\":\"EntryPoint\",\"urlTemplate\":\"https:\\\/\\\/www.pharmacie-de-la-croisette.fr\\\/pharmacie\\\/?s={search_term_string}\"},\"query-input\":{\"@type\":\"PropertyValueSpecification\",\"valueRequired\":true,\"valueName\":\"search_term_string\"}}],\"inLanguage\":\"fr-FR\"}]}<\/script>\n<!-- \/ Yoast SEO plugin. -->","yoast_head_json":{"title":"Breast Fast - Avis, Pharmacie, Forum, Prix, Effets | -50%","robots":{"index":"index","follow":"follow","max-snippet":"max-snippet:-1","max-image-preview":"max-image-preview:large","max-video-preview":"max-video-preview:-1"},"canonical":"https:\/\/www.pharmacie-de-la-croisette.fr\/pharmacie\/supp\/breast-fast\/","og_locale":"fr_FR","og_type":"article","og_title":"Breast Fast - Avis, Pharmacie, Forum, Prix, Effets | -50%","og_url":"https:\/\/www.pharmacie-de-la-croisette.fr\/pharmacie\/supp\/breast-fast\/","og_site_name":"Pharmacie de la Croisette","article_modified_time":"2025-10-30T15:54:40+00:00","og_image":[{"width":768,"height":768,"url":"https:\/\/www.pharmacie-de-la-croisette.fr\/pharmacie\/wp-content\/uploads\/2024\/10\/Breast-Fast.jpg","type":"image\/jpeg"}],"twitter_card":"summary_large_image","twitter_description":"[date_countdown]","twitter_misc":{"Dur\u00e9e de lecture estim\u00e9e":"1 minute"},"schema":{"@context":"https:\/\/schema.org","@graph":[{"@type":"WebPage","@id":"https:\/\/www.pharmacie-de-la-croisette.fr\/pharmacie\/supp\/breast-fast\/","url":"https:\/\/www.pharmacie-de-la-croisette.fr\/pharmacie\/supp\/breast-fast\/","name":"Breast Fast - Avis, Pharmacie, Forum, Prix, Effets | -50%","isPartOf":{"@id":"https:\/\/www.pharmacie-de-la-croisette.fr\/pharmacie\/#website"},"primaryImageOfPage":{"@id":"https:\/\/www.pharmacie-de-la-croisette.fr\/pharmacie\/supp\/breast-fast\/#primaryimage"},"image":{"@id":"https:\/\/www.pharmacie-de-la-croisette.fr\/pharmacie\/supp\/breast-fast\/#primaryimage"},"thumbnailUrl":"https:\/\/www.pharmacie-de-la-croisette.fr\/pharmacie\/wp-content\/uploads\/2024\/10\/Breast-Fast.jpg","datePublished":"2024-10-18T19:46:01+00:00","dateModified":"2025-10-30T15:54:40+00:00","breadcrumb":{"@id":"https:\/\/www.pharmacie-de-la-croisette.fr\/pharmacie\/supp\/breast-fast\/#breadcrumb"},"inLanguage":"fr-FR","potentialAction":[{"@type":"ReadAction","target":["https:\/\/www.pharmacie-de-la-croisette.fr\/pharmacie\/supp\/breast-fast\/"]}]},{"@type":"ImageObject","inLanguage":"fr-FR","@id":"https:\/\/www.pharmacie-de-la-croisette.fr\/pharmacie\/supp\/breast-fast\/#primaryimage","url":"https:\/\/www.pharmacie-de-la-croisette.fr\/pharmacie\/wp-content\/uploads\/2024\/10\/Breast-Fast.jpg","contentUrl":"https:\/\/www.pharmacie-de-la-croisette.fr\/pharmacie\/wp-content\/uploads\/2024\/10\/Breast-Fast.jpg","width":768,"height":768},{"@type":"BreadcrumbList","@id":"https:\/\/www.pharmacie-de-la-croisette.fr\/pharmacie\/supp\/breast-fast\/#breadcrumb","itemListElement":[{"@type":"ListItem","position":1,"name":"Strona g\u0142\u00f3wna","item":"https:\/\/www.pharmacie-de-la-croisette.fr\/pharmacie\/"},{"@type":"ListItem","position":2,"name":"farmaci","item":"https:\/\/www.pharmacie-de-la-croisette.fr\/pharmacie\/"},{"@type":"ListItem","position":3,"name":"Breast Fast"}]},{"@type":"WebSite","@id":"https:\/\/www.pharmacie-de-la-croisette.fr\/pharmacie\/#website","url":"https:\/\/www.pharmacie-de-la-croisette.fr\/pharmacie\/","name":"Pharmacie de la Croisette","description":"","potentialAction":[{"@type":"SearchAction","target":{"@type":"EntryPoint","urlTemplate":"https:\/\/www.pharmacie-de-la-croisette.fr\/pharmacie\/?s={search_term_string}"},"query-input":{"@type":"PropertyValueSpecification","valueRequired":true,"valueName":"search_term_string"}}],"inLanguage":"fr-FR"}]}},"_links":{"self":[{"href":"https:\/\/www.pharmacie-de-la-croisette.fr\/pharmacie\/wp-json\/wp\/v2\/product\/4461","targetHints":{"allow":["GET"]}}],"collection":[{"href":"https:\/\/www.pharmacie-de-la-croisette.fr\/pharmacie\/wp-json\/wp\/v2\/product"}],"about":[{"href":"https:\/\/www.pharmacie-de-la-croisette.fr\/pharmacie\/wp-json\/wp\/v2\/types\/product"}],"replies":[{"embeddable":true,"href":"https:\/\/www.pharmacie-de-la-croisette.fr\/pharmacie\/wp-json\/wp\/v2\/comments?post=4461"}],"wp:featuredmedia":[{"embeddable":true,"href":"https:\/\/www.pharmacie-de-la-croisette.fr\/pharmacie\/wp-json\/wp\/v2\/media\/3879"}],"wp:attachment":[{"href":"https:\/\/www.pharmacie-de-la-croisette.fr\/pharmacie\/wp-json\/wp\/v2\/media?parent=4461"}],"wp:term":[{"taxonomy":"product_brand","embeddable":true,"href":"https:\/\/www.pharmacie-de-la-croisette.fr\/pharmacie\/wp-json\/wp\/v2\/product_brand?post=4461"},{"taxonomy":"product_cat","embeddable":true,"href":"https:\/\/www.pharmacie-de-la-croisette.fr\/pharmacie\/wp-json\/wp\/v2\/product_cat?post=4461"},{"taxonomy":"product_tag","embeddable":true,"href":"https:\/\/www.pharmacie-de-la-croisette.fr\/pharmacie\/wp-json\/wp\/v2\/product_tag?post=4461"}],"curies":[{"name":"wp","href":"https:\/\/api.w.org\/{rel}","templated":true}]}}